{"id":156366,"date":"2024-04-12T15:01:28","date_gmt":"2024-04-12T13:01:28","guid":{"rendered":"https:\/\/wave-lovers.com\/?post_type=product&#038;p=156366"},"modified":"2024-04-12T15:21:41","modified_gmt":"2024-04-12T13:21:41","slug":"red-shark-bikes-gym-kit","status":"publish","type":"product","link":"https:\/\/wave-lovers.com\/de\/red-shark-bikes-gym-kit\/","title":{"rendered":"Red Shark Bikes Gym Kit"},"content":{"rendered":"<h2>Red Shark Bikes Gym Kit - INFORMATION<\/h2>\n<p><img fetchpriority=\"high\" decoding=\"async\" class=\"alignright wp-image-155779 size-full\" src=\"https:\/\/wave-lovers.com\/wp-content\/uploads\/2024\/04\/redsharkbikes-modular-6in1-concept.webp\" alt=\"\" width=\"493\" height=\"318\" srcset=\"https:\/\/wave-lovers.com\/wp-content\/uploads\/2024\/04\/redsharkbikes-modular-6in1-concept.webp 493w, https:\/\/wave-lovers.com\/wp-content\/uploads\/2024\/04\/redsharkbikes-modular-6in1-concept-300x194.webp 300w\" sizes=\"(max-width: 493px) 100vw, 493px\" \/><\/p>\n<p>Sport steht bei Red Shark Bikes eindeutig im Mittelpunkt. Sie bieten nicht nur professionelle Wasserfahrr\u00e4der an, die speziell f\u00fcr Fitnesszwecke konzipiert sind, sondern auch das Gym Kit als Erweiterung f\u00fcr Ihr Board. Bei Sonnenaufgang dem Horizont entgegenpaddeln und anhalten, wo immer man will. Das Upgrade Kit macht es m\u00f6glich. F\u00fcr einen kleinen Preis kann man das Board mit vielen n\u00fctzlichen Accessoires aufr\u00fcsten.<\/p>\n<p><strong>Alle Produkte von Red Shark Bikes lassen sich problemlos erweitern, um dir ein m\u00f6glichst breites Einsatzspektrum zu bieten. Auch nach dem Kauf k\u00f6nnen Sie noch entscheiden, ob Sie das Ger\u00e4t zum Wasserfahrrad umbauen, als E-Scooter nutzen oder einfach zum SUP umfunktionieren wollen. Ihrer Phantasie sind keine Grenzen gesetzt.<\/strong><\/p>\n<h3>Lieferumfang<\/h3>\n<p><img decoding=\"async\" class=\"alignright wp-image-156374 size-thumbnail\" src=\"https:\/\/wave-lovers.com\/wp-content\/uploads\/2024\/04\/red-shark-bikes-gym-kit-scope-of-delivery-150x150.webp\" alt=\"\" width=\"150\" height=\"150\" srcset=\"https:\/\/wave-lovers.com\/wp-content\/uploads\/2024\/04\/red-shark-bikes-gym-kit-scope-of-delivery-150x150.webp 150w, https:\/\/wave-lovers.com\/wp-content\/uploads\/2024\/04\/red-shark-bikes-gym-kit-scope-of-delivery-300x300.webp 300w, https:\/\/wave-lovers.com\/wp-content\/uploads\/2024\/04\/red-shark-bikes-gym-kit-scope-of-delivery-100x100.webp 100w, https:\/\/wave-lovers.com\/wp-content\/uploads\/2024\/04\/red-shark-bikes-gym-kit-scope-of-delivery-32x32.webp 32w, https:\/\/wave-lovers.com\/wp-content\/uploads\/2024\/04\/red-shark-bikes-gym-kit-scope-of-delivery.webp 400w\" sizes=\"(max-width: 150px) 100vw, 150px\" \/>Das Kit erweitert Ihr Bike Surf \/ Scooter Surf Komplettset. Das Board ist daher nicht im Lieferumfang enthalten. Das Upgrade-Kit beinhaltet ein Paddel mit Leine, eine wasserdichte Tasche, einen Anker und Abdeckungen f\u00fcr das Board.<\/p>\n","protected":false},"excerpt":{"rendered":"<p>Paddeln Sie bei Sonnenaufgang dem Horizont entgegen und halten Sie an, wo immer Sie wollen. Das Upgrade \"Gym Kit\" macht es m\u00f6glich.<\/p>\n<p><strong>Achtung! Bei dieser Upgrade-Option ist kein Board im Lieferumfang enthalten.<\/strong><\/p>\n","protected":false},"featured_media":156369,"comment_status":"open","ping_status":"closed","template":"","meta":{"_acf_changed":false,"_editorskit_title_hidden":false,"_editorskit_reading_time":0,"_editorskit_is_block_options_detached":false,"_editorskit_block_options_position":"{}","site-sidebar-layout":"default","site-content-layout":"default","ast-site-content-layout":"default","site-content-style":"default","site-sidebar-style":"default","ast-global-header-display":"","ast-banner-title-visibility":"","ast-main-header-display":"","ast-hfb-above-header-display":"","ast-hfb-below-header-display":"","ast-hfb-mobile-header-display":"","site-post-title":"disabled","ast-breadcrumbs-content":"","ast-featured-img":"","footer-sml-layout":"","ast-disable-related-posts":"","theme-transparent-header-meta":"default","adv-header-id-meta":"","stick-header-meta":"","header-above-stick-meta":"","header-main-stick-meta":"","header-below-stick-meta":"","astra-migrate-meta-layouts":"set","ast-page-background-enabled":"default","ast-page-background-meta":{"desktop":{"background-color":"","background-image":"","background-repeat":"repeat","background-position":"center center","background-size":"auto","background-attachment":"scroll","background-type":"","background-media":"","overlay-type":"","overlay-color":"","overlay-opacity":"","overlay-gradient":""},"tablet":{"background-color":"","background-image":"","background-repeat":"repeat","background-position":"center center","background-size":"auto","background-attachment":"scroll","background-type":"","background-media":"","overlay-type":"","overlay-color":"","overlay-opacity":"","overlay-gradient":""},"mobile":{"background-color":"","background-image":"","background-repeat":"repeat","background-position":"center center","background-size":"auto","background-attachment":"scroll","background-type":"","background-media":"","overlay-type":"","overlay-color":"","overlay-opacity":"","overlay-gradient":""}},"ast-content-background-meta":{"desktop":{"background-color":"var(--ast-global-color-5)","background-image":"","background-repeat":"repeat","background-position":"center center","background-size":"auto","background-attachment":"scroll","background-type":"","background-media":"","overlay-type":"","overlay-color":"","overlay-opacity":"","overlay-gradient":""},"tablet":{"background-color":"var(--ast-global-color-5)","background-image":"","background-repeat":"repeat","background-position":"center center","background-size":"auto","background-attachment":"scroll","background-type":"","background-media":"","overlay-type":"","overlay-color":"","overlay-opacity":"","overlay-gradient":""},"mobile":{"background-color":"var(--ast-global-color-5)","background-image":"","background-repeat":"repeat","background-position":"center center","background-size":"auto","background-attachment":"scroll","background-type":"","background-media":"","overlay-type":"","overlay-color":"","overlay-opacity":"","overlay-gradient":""}},"_jf_save_progress":""},"product_brand":[],"product_cat":[111,571,562],"product_tag":[],"class_list":{"0":"post-156366","1":"product","2":"type-product","3":"status-publish","4":"has-post-thumbnail","6":"product_cat-verkauf","7":"product_cat-zubehoer-de","8":"product_cat-aufblasbar-de","9":"product_shipping_class-m-de","10":"desktop-align-center","11":"tablet-align-center","12":"mobile-align-center","13":"ast-product-gallery-layout-horizontal","14":"ast-magnify-disabled","15":"ast-product-tabs-layout-horizontal","17":"first","18":"instock","19":"taxable","20":"shipping-taxable","21":"purchasable","22":"product-type-simple"},"acf":[],"brizy_media":[{"id":394,"url":"https:\/\/wave-lovers.com\/wp-content\/uploads\/2021\/01\/E-Foil-Surf-in-Fuerteventura.png","name":"E-Foil-Surf-in-Fuerteventura.png","meta":{"brizy_attachment_uid":"wp-94c9cce8d679a7c3867d56ce02984e39.png","brizy_post_uid":["036f3c858f7493a96f1ecf6bf97c3739","a9cb51fc18b3a0e5c20b367b123782f1","4d07bf27702d9e74ca4c3511c74110e4","57a9f74eb861a76ebdbcd0ca0523c138"]}}],"_links":{"self":[{"href":"https:\/\/wave-lovers.com\/de\/wp-json\/wp\/v2\/product\/156366","targetHints":{"allow":["GET"]}}],"collection":[{"href":"https:\/\/wave-lovers.com\/de\/wp-json\/wp\/v2\/product"}],"about":[{"href":"https:\/\/wave-lovers.com\/de\/wp-json\/wp\/v2\/types\/product"}],"replies":[{"embeddable":true,"href":"https:\/\/wave-lovers.com\/de\/wp-json\/wp\/v2\/comments?post=156366"}],"wp:featuredmedia":[{"embeddable":true,"href":"https:\/\/wave-lovers.com\/de\/wp-json\/wp\/v2\/media\/156369"}],"wp:attachment":[{"href":"https:\/\/wave-lovers.com\/de\/wp-json\/wp\/v2\/media?parent=156366"}],"wp:term":[{"taxonomy":"product_brand","embeddable":true,"href":"https:\/\/wave-lovers.com\/de\/wp-json\/wp\/v2\/product_brand?post=156366"},{"taxonomy":"product_cat","embeddable":true,"href":"https:\/\/wave-lovers.com\/de\/wp-json\/wp\/v2\/product_cat?post=156366"},{"taxonomy":"product_tag","embeddable":true,"href":"https:\/\/wave-lovers.com\/de\/wp-json\/wp\/v2\/product_tag?post=156366"}],"curies":[{"name":"wp","href":"https:\/\/api.w.org\/{rel}","templated":true}]}}