{"id":156097,"date":"2024-04-12T12:21:16","date_gmt":"2024-04-12T10:21:16","guid":{"rendered":"https:\/\/wave-lovers.com\/?post_type=product&#038;p=156097"},"modified":"2024-04-12T13:47:35","modified_gmt":"2024-04-12T11:47:35","slug":"red-shark-bikes-scooter-surf","status":"publish","type":"product","link":"https:\/\/wave-lovers.com\/de\/red-shark-bikes-scooter-surf\/","title":{"rendered":"Red Shark Bikes Scooter Surf"},"content":{"rendered":"<h2>Red Shark Bikes Scooter Surf - INFORMATION<\/h2>\n<p><img fetchpriority=\"high\" decoding=\"async\" class=\"alignright wp-image-155779 size-full\" src=\"https:\/\/wave-lovers.com\/wp-content\/uploads\/2024\/04\/redsharkbikes-modular-6in1-concept.webp\" alt=\"\" width=\"493\" height=\"318\" srcset=\"https:\/\/wave-lovers.com\/wp-content\/uploads\/2024\/04\/redsharkbikes-modular-6in1-concept.webp 493w, https:\/\/wave-lovers.com\/wp-content\/uploads\/2024\/04\/redsharkbikes-modular-6in1-concept-300x194.webp 300w\" sizes=\"(max-width: 493px) 100vw, 493px\" \/><\/p>\n<p>Als Produktdesigner von au\u00dfergew\u00f6hnlichen Innovationen kann Josep Robau (Gr\u00fcnder von Red Shark Bikes) stolz sein: Sein Deb\u00fct in der Wassersportbranche ist ein voller Erfolg. Die extrem vielseitigen Boards bieten dem Fahrer eine unglaubliche Bandbreite an M\u00f6glichkeiten. Sie k\u00f6nnen mit nur einem Board bis zu 6 verschiedene Einsatzbereiche abdecken und es innerghalb weniger Minuten umbauen. Und das Beste: Das Preis-Leistungs-Verh\u00e4ltnis ist hervorragend!<\/p>\n<p><strong>Das Red Shark Bikes Scooter Surf ist das einzige Komplettset mit Elektroantrieb.<\/strong> Im Gegensatz zu den Fahrradsets m\u00fcssen Sie nicht in die Pedale treten und k\u00f6nnen ganz entspannt \u00fcber das Wasser gleiten. Der Lenker sorgt daf\u00fcr, dass man nicht das Gleichgewicht verliert und macht das Man\u00f6vrieren super einfach. Wie gewohnt ist die Ausstattung sehr umfangreich, so dass Sie bei Ihrem n\u00e4chsten Ausflug sofort loslegen k\u00f6nnen. Besser geht's nicht!<\/p>\n<hr \/>\n<h3>Technische Spezifikationen &amp; Funktionen<\/h3>\n<p><img decoding=\"async\" class=\"wp-image-156270 size-thumbnail alignright\" src=\"https:\/\/wave-lovers.com\/wp-content\/uploads\/2024\/04\/red-shark-bikes-scooter-surf-product-150x150.webp\" alt=\"\" width=\"150\" height=\"150\" srcset=\"https:\/\/wave-lovers.com\/wp-content\/uploads\/2024\/04\/red-shark-bikes-scooter-surf-product-150x150.webp 150w, https:\/\/wave-lovers.com\/wp-content\/uploads\/2024\/04\/red-shark-bikes-scooter-surf-product-300x300.webp 300w, https:\/\/wave-lovers.com\/wp-content\/uploads\/2024\/04\/red-shark-bikes-scooter-surf-product-100x100.webp 100w, https:\/\/wave-lovers.com\/wp-content\/uploads\/2024\/04\/red-shark-bikes-scooter-surf-product-32x32.webp 32w, https:\/\/wave-lovers.com\/wp-content\/uploads\/2024\/04\/red-shark-bikes-scooter-surf-product.webp 400w\" sizes=\"(max-width: 150px) 100vw, 150px\" \/>Der Antrieb des Scooter Surf ist voll elektrisch. Mit einem 450W-Motor erreicht das Board zwar keine au\u00dfergew\u00f6hnlichen Geschwindigkeiten, aber es macht trotzdem viel Spa\u00df. Daf\u00fcr sorgen auch die 13 G\u00e4nge, von denen 3 r\u00fcckw\u00e4rts beschleunigen. Der Akku hat eine Kapazit\u00e4t von 333 Wh und erreicht eine unglaubliche Laufzeit von bis zu 7 Stunden bei niedriger Leistung. Bei H\u00f6chstgeschwindigkeit l\u00e4uft der Motor etwas \u00fcber eine Stunde, was f\u00fcr die meisten Abenteuer mehr als ausreichend ist. Auch an die Sicherheit wurde gedacht: Alle Teile sind komplett wasserdicht und einige schwimmen sogar, so dass Sie nichts verlieren k\u00f6nnen. Au\u00dferdem gibt es einen magnetischen Kill-Switch, der daf\u00fcr sorgt, dass das Board automatisch stoppt, wenn man ins Wasser springt.<\/p>\n<h3>Lieferumfang<\/h3>\n<p><img decoding=\"async\" class=\"alignright wp-image-156273 size-thumbnail\" src=\"https:\/\/wave-lovers.com\/wp-content\/uploads\/2024\/04\/red-shark-bikes-scooter-surf-scope-of-delivery-150x150.webp\" alt=\"\" width=\"150\" height=\"150\" srcset=\"https:\/\/wave-lovers.com\/wp-content\/uploads\/2024\/04\/red-shark-bikes-scooter-surf-scope-of-delivery-150x150.webp 150w, https:\/\/wave-lovers.com\/wp-content\/uploads\/2024\/04\/red-shark-bikes-scooter-surf-scope-of-delivery-300x300.webp 300w, https:\/\/wave-lovers.com\/wp-content\/uploads\/2024\/04\/red-shark-bikes-scooter-surf-scope-of-delivery-100x100.webp 100w, https:\/\/wave-lovers.com\/wp-content\/uploads\/2024\/04\/red-shark-bikes-scooter-surf-scope-of-delivery-32x32.webp 32w, https:\/\/wave-lovers.com\/wp-content\/uploads\/2024\/04\/red-shark-bikes-scooter-surf-scope-of-delivery.webp 400w\" sizes=\"(max-width: 150px) 100vw, 150px\" \/>Neben dem Board, der Lenkstange und dem E-Antrieb gibt es trotz des niedrigen Preises \u00fcberraschend viele Extras. So gibt es zum Beispiel eine Luftpumpe, ein Reparaturset, ein Multi-Tool, eine Wasserflasche und abnehmbare Finnen. Der E-Antrieb ist in das Ruder integriert und wird mit dem dazugeh\u00f6rigen Akku, einem magnetischen Abschaltknopf, einer Fernbedienung und einem Ladeger\u00e4t geliefert.<\/p>\n<h2>Red Shark Bikes Scooter Surf - DETAILS<\/h2>\n<p>Gewicht Rahmen: 3 kg<br \/>\nPower Pack &amp; Antrieb Gewicht: 4.1kg<br \/>\nAkku: 25,9V \/ 15.600mAh \/ 333 Wh (inkl. 5V &amp; 12V Outlet - bis zu 3A)<br \/>\nLaufzeit: 7h (Slow Mode) \/ 1.15h (MAX Speed)<br \/>\nLadezeit: 4-5h<\/p>\n<h2>Red Shark Bikes Scooter Surf - HIGHLIGHTS<\/h2>\n<p>- modulares 6-in-1-Konzept mit vielen Aufr\u00fcstm\u00f6glichkeiten<br \/>\n- umweltfreundlich dank elektrischem Antriebssystem<br \/>\n- leicht zu transportieren und einfach zu warten<\/p>\n","protected":false},"excerpt":{"rendered":"<p>Das Red Shark Bikes Scooter Surf ist das <strong>einzige Komplettset mit elektrischem Antrieb<\/strong>. Im Gegensatz zu den Fahrradsets m\u00fcssen Sie nicht in die Pedale treten und k\u00f6nnen ganz entspannt \u00fcber das Wasser gleiten.<\/p>\n","protected":false},"featured_media":156250,"comment_status":"open","ping_status":"closed","template":"","meta":{"_acf_changed":false,"_editorskit_title_hidden":false,"_editorskit_reading_time":0,"_editorskit_is_block_options_detached":false,"_editorskit_block_options_position":"{}","site-sidebar-layout":"default","site-content-layout":null,"ast-site-content-layout":"default","site-content-style":"default","site-sidebar-style":"default","ast-global-header-display":"","ast-banner-title-visibility":"","ast-main-header-display":"","ast-hfb-above-header-display":"","ast-hfb-below-header-display":null,"ast-hfb-mobile-header-display":"","site-post-title":"disabled","ast-breadcrumbs-content":"","ast-featured-img":"","footer-sml-layout":"","ast-disable-related-posts":"","theme-transparent-header-meta":"default","adv-header-id-meta":null,"stick-header-meta":null,"header-above-stick-meta":null,"header-main-stick-meta":null,"header-below-stick-meta":null,"astra-migrate-meta-layouts":"set","ast-page-background-enabled":"default","ast-page-background-meta":{"desktop":{"background-color":"","background-image":"","background-repeat":"repeat","background-position":"center center","background-size":"auto","background-attachment":"scroll","background-type":"","background-media":"","overlay-type":"","overlay-color":"","overlay-opacity":"","overlay-gradient":""},"tablet":{"background-color":"","background-image":"","background-repeat":"repeat","background-position":"center center","background-size":"auto","background-attachment":"scroll","background-type":"","background-media":"","overlay-type":"","overlay-color":"","overlay-opacity":"","overlay-gradient":""},"mobile":{"background-color":"","background-image":"","background-repeat":"repeat","background-position":"center center","background-size":"auto","background-attachment":"scroll","background-type":"","background-media":"","overlay-type":"","overlay-color":"","overlay-opacity":"","overlay-gradient":""}},"ast-content-background-meta":{"desktop":{"background-color":"var(--ast-global-color-5)","background-image":"","background-repeat":"repeat","background-position":"center center","background-size":"auto","background-attachment":"scroll","background-type":"","background-media":"","overlay-type":"","overlay-color":"","overlay-opacity":"","overlay-gradient":""},"tablet":{"background-color":"var(--ast-global-color-5)","background-image":"","background-repeat":"repeat","background-position":"center center","background-size":"auto","background-attachment":"scroll","background-type":"","background-media":"","overlay-type":"","overlay-color":"","overlay-opacity":"","overlay-gradient":""},"mobile":{"background-color":"var(--ast-global-color-5)","background-image":"","background-repeat":"repeat","background-position":"center center","background-size":"auto","background-attachment":"scroll","background-type":"","background-media":"","overlay-type":"","overlay-color":"","overlay-opacity":"","overlay-gradient":""}},"_jf_save_progress":""},"product_brand":[],"product_cat":[111,562,128,60,37,499],"product_tag":[],"class_list":{"0":"post-156097","1":"product","2":"type-product","3":"status-publish","4":"has-post-thumbnail","6":"product_cat-verkauf","7":"product_cat-aufblasbar-de","8":"product_cat-inflatable","9":"product_cat-buy","10":"product_cat-electric-stand-up-paddle-board","11":"product_cat-electric-stand-up-paddle-board-de","12":"product_shipping_class-mg-de","13":"desktop-align-center","14":"tablet-align-center","15":"mobile-align-center","16":"ast-product-gallery-layout-horizontal","17":"ast-magnify-disabled","18":"ast-product-tabs-layout-horizontal","20":"first","21":"instock","22":"taxable","23":"shipping-taxable","24":"purchasable","25":"product-type-simple"},"acf":[],"brizy_media":[{"id":394,"url":"https:\/\/wave-lovers.com\/wp-content\/uploads\/2021\/01\/E-Foil-Surf-in-Fuerteventura.png","name":"E-Foil-Surf-in-Fuerteventura.png","meta":{"brizy_attachment_uid":"wp-94c9cce8d679a7c3867d56ce02984e39.png","brizy_post_uid":["036f3c858f7493a96f1ecf6bf97c3739","a9cb51fc18b3a0e5c20b367b123782f1","4d07bf27702d9e74ca4c3511c74110e4","57a9f74eb861a76ebdbcd0ca0523c138"]}}],"_links":{"self":[{"href":"https:\/\/wave-lovers.com\/de\/wp-json\/wp\/v2\/product\/156097","targetHints":{"allow":["GET"]}}],"collection":[{"href":"https:\/\/wave-lovers.com\/de\/wp-json\/wp\/v2\/product"}],"about":[{"href":"https:\/\/wave-lovers.com\/de\/wp-json\/wp\/v2\/types\/product"}],"replies":[{"embeddable":true,"href":"https:\/\/wave-lovers.com\/de\/wp-json\/wp\/v2\/comments?post=156097"}],"wp:featuredmedia":[{"embeddable":true,"href":"https:\/\/wave-lovers.com\/de\/wp-json\/wp\/v2\/media\/156250"}],"wp:attachment":[{"href":"https:\/\/wave-lovers.com\/de\/wp-json\/wp\/v2\/media?parent=156097"}],"wp:term":[{"taxonomy":"product_brand","embeddable":true,"href":"https:\/\/wave-lovers.com\/de\/wp-json\/wp\/v2\/product_brand?post=156097"},{"taxonomy":"product_cat","embeddable":true,"href":"https:\/\/wave-lovers.com\/de\/wp-json\/wp\/v2\/product_cat?post=156097"},{"taxonomy":"product_tag","embeddable":true,"href":"https:\/\/wave-lovers.com\/de\/wp-json\/wp\/v2\/product_tag?post=156097"}],"curies":[{"name":"wp","href":"https:\/\/api.w.org\/{rel}","templated":true}]}}