{"id":155937,"date":"2024-04-12T10:30:39","date_gmt":"2024-04-12T08:30:39","guid":{"rendered":"https:\/\/wave-lovers.com\/?post_type=product&#038;p=155937"},"modified":"2024-04-12T11:39:23","modified_gmt":"2024-04-12T09:39:23","slug":"red-shark-bikes-bike-surf-adventure","status":"publish","type":"product","link":"https:\/\/wave-lovers.com\/de\/red-shark-bikes-bike-surf-adventure\/","title":{"rendered":"Red Shark Bikes Bike Surf Adventure"},"content":{"rendered":"<h2>Red Shark Bikes Bike Surf Adventure - INFORMATION<\/h2>\n<p><img fetchpriority=\"high\" decoding=\"async\" class=\"alignright wp-image-155779 size-full\" src=\"https:\/\/wave-lovers.com\/wp-content\/uploads\/2024\/04\/redsharkbikes-modular-6in1-concept.webp\" alt=\"\" width=\"493\" height=\"318\" srcset=\"https:\/\/wave-lovers.com\/wp-content\/uploads\/2024\/04\/redsharkbikes-modular-6in1-concept.webp 493w, https:\/\/wave-lovers.com\/wp-content\/uploads\/2024\/04\/redsharkbikes-modular-6in1-concept-300x194.webp 300w\" sizes=\"(max-width: 493px) 100vw, 493px\" \/><\/p>\n<p>Um Platz, Gewicht und Geld zu sparen, bieten einige Wassersporthersteller inzwischen Produkte an, die dank ihres modularen Aufbaus auf vielf\u00e4ltige Weise genutzt werden k\u00f6nnen. Dies ist auch bei Red Shark Bikes der Fall. Der Gr\u00fcnder Josep Robau nutzt seine Erfahrung als Ingenieur in der Automobilindustrie, um unglaubliche Designs zu entwickeln, die den Markt revolutionieren. Die neuen Bike Surf-Modelle sind vielseitig, praktisch und werden nach den h\u00f6chsten europ\u00e4ischen Standards hergestellt. Entdecken Sie die vielen M\u00f6glichkeiten, die Sie mit Ihrem Red Shark Bike erleben k\u00f6nnen und lassen Sie sich \u00fcberraschen.<\/p>\n<p>Grunds\u00e4tzlich gibt es drei Versionen des Bike Surf: das komfortable Bike Surf Enjoy, das sportliche Bike Surf Fitness und das Entdeckermodell Bike Surf Adventure. <strong>Das Bike Surf Adventure bietet maximale Funktionalit\u00e4t dank der vielen Taschen und Halterungen, die in das Board integriert wurden.<\/strong> So k\u00f6nnen Angler oder Entdecker alles mitnehmen, was sie auf ihrer Tour brauchen. Anbauteile wie Sattel und Lenker \u00e4hneln dem Modell Bike Surf Enjoy und sind daher auf maximalen Komfort ausgelegt. Im Gegensatz zum Fitness-Modell gibt es jedoch weniger Auswahlm\u00f6glichkeiten bei den Propellern. Das bedeutet, dass die \u00dcbersetzung langsamer ist, was aber f\u00fcr den Fahrer von Vorteil ist, wenn er Gep\u00e4ck dabei hat.<\/p>\n<p><strong>Alle Red Shark Bikes Produkte lassen sich problemlos erweitern, um Ihnen ein m\u00f6glichst breites Einsatzspektrum zu bieten. Auch nach dem Kauf k\u00f6nnen Sie noch entscheiden, ob Sie das Ger\u00e4t zum Kajak umbauen, als E-Scooter nutzen oder einfach zum SUP umfunktionieren wollen. Ihrer Fantasie sind keine Grenzen gesetzt.<\/strong><\/p>\n<hr \/>\n<h3>Charakteristika<\/h3>\n<p><img decoding=\"async\" class=\"wp-image-155960 size-thumbnail alignright\" src=\"https:\/\/wave-lovers.com\/wp-content\/uploads\/2024\/04\/red-shark-bikes-bike-surf-adventure-product-150x150.webp\" alt=\"\" width=\"150\" height=\"150\" srcset=\"https:\/\/wave-lovers.com\/wp-content\/uploads\/2024\/04\/red-shark-bikes-bike-surf-adventure-product-150x150.webp 150w, https:\/\/wave-lovers.com\/wp-content\/uploads\/2024\/04\/red-shark-bikes-bike-surf-adventure-product-300x300.webp 300w, https:\/\/wave-lovers.com\/wp-content\/uploads\/2024\/04\/red-shark-bikes-bike-surf-adventure-product-100x100.webp 100w, https:\/\/wave-lovers.com\/wp-content\/uploads\/2024\/04\/red-shark-bikes-bike-surf-adventure-product-32x32.webp 32w, https:\/\/wave-lovers.com\/wp-content\/uploads\/2024\/04\/red-shark-bikes-bike-surf-adventure-product.webp 400w\" sizes=\"(max-width: 150px) 100vw, 150px\" \/>Der leuchtend gr\u00fcne Rahmen setzt definitiv ein Zeichen und hilft, die n\u00f6tige Aufmerksamkeit auf dem Wasser zu erlangen. Mit 4 Netzen, 5 wasserdichten Taschen und einem Handy-\/Angelrutenhalter wird es Ihnen bei Ihrem n\u00e4chsten Abenteuer sicher an nichts fehlen. Nat\u00fcrlich ist auch eine Wasserflasche mit Halterung dabei. 99% Funktionalit\u00e4t, 78% Vielseitigkeit und 88% Ausdauer. So lautet die Aussage des Herstellers f\u00fcr dieses Modell und viel besser kann man es auch nicht beschreiben.<\/p>\n<h3>Lieferumfang<\/h3>\n<p><img decoding=\"async\" class=\"wp-image-155963 size-thumbnail alignright\" src=\"https:\/\/wave-lovers.com\/wp-content\/uploads\/2024\/04\/red-shark-bikes-bike-surf-adventure-scope-of-delivery-150x150.webp\" alt=\"\" width=\"150\" height=\"150\" srcset=\"https:\/\/wave-lovers.com\/wp-content\/uploads\/2024\/04\/red-shark-bikes-bike-surf-adventure-scope-of-delivery-150x150.webp 150w, https:\/\/wave-lovers.com\/wp-content\/uploads\/2024\/04\/red-shark-bikes-bike-surf-adventure-scope-of-delivery-300x300.webp 300w, https:\/\/wave-lovers.com\/wp-content\/uploads\/2024\/04\/red-shark-bikes-bike-surf-adventure-scope-of-delivery-100x100.webp 100w, https:\/\/wave-lovers.com\/wp-content\/uploads\/2024\/04\/red-shark-bikes-bike-surf-adventure-scope-of-delivery-32x32.webp 32w, https:\/\/wave-lovers.com\/wp-content\/uploads\/2024\/04\/red-shark-bikes-bike-surf-adventure-scope-of-delivery.webp 400w\" sizes=\"(max-width: 150px) 100vw, 150px\" \/>Wie bereits erw\u00e4hnt, l\u00e4sst die Ausstattung des Bike Surf Adventure keine W\u00fcnsche offen. Zwei Netze am Board, zwei am Rahmen, zwei Drybags, eine Handytasche und -halterung, Lenker- und Satteltasche und sogar ein Angelrutenhalter sprechen f\u00fcr sich. Hinzu kommen der salzwasserfeste Rahmen in der Farbe Green Chlorophyl und das praktische Board, das sich im Handumdrehen in ein SUP oder \u00e4hnliches verwandeln l\u00e4sst. Mit dem praktischen Riserbar-Lenker und dem angenehmen Gel-Sattel l\u00e4sst sich jedes Ziel bequem erreichen. Alle Teile sind abnehmbar und somit leicht austauschbar, wie zum Beispiel die Flossen, das Ruder oder die Propeller, von denen zwei im Lieferumfang enthalten sind. Zubeh\u00f6r wie eine Luftpumpe f\u00fcr das Board, ein Reparaturset, ein Multi-Tool und eine Trinkflasche mit Halterung werden mitgeliefert. Es ist also wirklich an alles gedacht worden.<\/p>\n<h2>Red Shark Bikes Bike Surf Adventure - DETAILS<\/h2>\n<p>Gewicht (Rahmen): 8 kg<br \/>\nLeistungsbeschreibung: 150 watt (Propeller B), 180 watt (Propeller A)<\/p>\n<h2>Red Shark Bikes Bike Surf Adventure - HIGHLIGHTS<\/h2>\n<p>- modulares 6-in-1-Konzept mit vielen Erweiterungsm\u00f6glichkeiten<br \/>\n- enorme Ausstattung mit vielen Taschen f\u00fcr zus\u00e4tzlichen Stauraum<br \/>\n- umweltfreundlich dank emissionsfreiem Antriebssystem<br \/>\n- leicht zu transportieren und einfach aufzustellen<\/p>\n","protected":false},"excerpt":{"rendered":"<p>Das Bike Surf Adventure bietet <strong>maximale Funktionalit\u00e4t dank der vielen Taschen und Halterungen<\/strong>, die in das Board integriert wurden. So k\u00f6nnen Angler oder Entdecker alles mitnehmen, was sie auf ihrer Reise brauchen.<\/p>\n","protected":false},"featured_media":155940,"comment_status":"open","ping_status":"closed","template":"","meta":{"_acf_changed":false,"_editorskit_title_hidden":false,"_editorskit_reading_time":0,"_editorskit_is_block_options_detached":false,"_editorskit_block_options_position":"{}","site-sidebar-layout":"default","site-content-layout":null,"ast-site-content-layout":"default","site-content-style":"default","site-sidebar-style":"default","ast-global-header-display":"","ast-banner-title-visibility":"","ast-main-header-display":"","ast-hfb-above-header-display":"","ast-hfb-below-header-display":null,"ast-hfb-mobile-header-display":"","site-post-title":"disabled","ast-breadcrumbs-content":"","ast-featured-img":"","footer-sml-layout":"","ast-disable-related-posts":"","theme-transparent-header-meta":"default","adv-header-id-meta":null,"stick-header-meta":null,"header-above-stick-meta":null,"header-main-stick-meta":null,"header-below-stick-meta":null,"astra-migrate-meta-layouts":"set","ast-page-background-enabled":"default","ast-page-background-meta":{"desktop":{"background-color":"","background-image":"","background-repeat":"repeat","background-position":"center center","background-size":"auto","background-attachment":"scroll","background-type":"","background-media":"","overlay-type":"","overlay-color":"","overlay-opacity":"","overlay-gradient":""},"tablet":{"background-color":"","background-image":"","background-repeat":"repeat","background-position":"center center","background-size":"auto","background-attachment":"scroll","background-type":"","background-media":"","overlay-type":"","overlay-color":"","overlay-opacity":"","overlay-gradient":""},"mobile":{"background-color":"","background-image":"","background-repeat":"repeat","background-position":"center center","background-size":"auto","background-attachment":"scroll","background-type":"","background-media":"","overlay-type":"","overlay-color":"","overlay-opacity":"","overlay-gradient":""}},"ast-content-background-meta":{"desktop":{"background-color":"var(--ast-global-color-5)","background-image":"","background-repeat":"repeat","background-position":"center center","background-size":"auto","background-attachment":"scroll","background-type":"","background-media":"","overlay-type":"","overlay-color":"","overlay-opacity":"","overlay-gradient":""},"tablet":{"background-color":"var(--ast-global-color-5)","background-image":"","background-repeat":"repeat","background-position":"center center","background-size":"auto","background-attachment":"scroll","background-type":"","background-media":"","overlay-type":"","overlay-color":"","overlay-opacity":"","overlay-gradient":""},"mobile":{"background-color":"var(--ast-global-color-5)","background-image":"","background-repeat":"repeat","background-position":"center center","background-size":"auto","background-attachment":"scroll","background-type":"","background-media":"","overlay-type":"","overlay-color":"","overlay-opacity":"","overlay-gradient":""}},"_jf_save_progress":""},"product_brand":[],"product_cat":[111,562,128,60],"product_tag":[],"class_list":{"0":"post-155937","1":"product","2":"type-product","3":"status-publish","4":"has-post-thumbnail","6":"product_cat-verkauf","7":"product_cat-aufblasbar-de","8":"product_cat-inflatable","9":"product_cat-buy","10":"product_shipping_class-m-de","11":"desktop-align-center","12":"tablet-align-center","13":"mobile-align-center","14":"ast-product-gallery-layout-horizontal","15":"ast-magnify-disabled","16":"ast-product-tabs-layout-horizontal","18":"first","19":"instock","20":"taxable","21":"shipping-taxable","22":"purchasable","23":"product-type-simple"},"acf":[],"brizy_media":[{"id":394,"url":"https:\/\/wave-lovers.com\/wp-content\/uploads\/2021\/01\/E-Foil-Surf-in-Fuerteventura.png","name":"E-Foil-Surf-in-Fuerteventura.png","meta":{"brizy_attachment_uid":"wp-94c9cce8d679a7c3867d56ce02984e39.png","brizy_post_uid":["036f3c858f7493a96f1ecf6bf97c3739","a9cb51fc18b3a0e5c20b367b123782f1","4d07bf27702d9e74ca4c3511c74110e4","57a9f74eb861a76ebdbcd0ca0523c138"]}}],"_links":{"self":[{"href":"https:\/\/wave-lovers.com\/de\/wp-json\/wp\/v2\/product\/155937","targetHints":{"allow":["GET"]}}],"collection":[{"href":"https:\/\/wave-lovers.com\/de\/wp-json\/wp\/v2\/product"}],"about":[{"href":"https:\/\/wave-lovers.com\/de\/wp-json\/wp\/v2\/types\/product"}],"replies":[{"embeddable":true,"href":"https:\/\/wave-lovers.com\/de\/wp-json\/wp\/v2\/comments?post=155937"}],"wp:featuredmedia":[{"embeddable":true,"href":"https:\/\/wave-lovers.com\/de\/wp-json\/wp\/v2\/media\/155940"}],"wp:attachment":[{"href":"https:\/\/wave-lovers.com\/de\/wp-json\/wp\/v2\/media?parent=155937"}],"wp:term":[{"taxonomy":"product_brand","embeddable":true,"href":"https:\/\/wave-lovers.com\/de\/wp-json\/wp\/v2\/product_brand?post=155937"},{"taxonomy":"product_cat","embeddable":true,"href":"https:\/\/wave-lovers.com\/de\/wp-json\/wp\/v2\/product_cat?post=155937"},{"taxonomy":"product_tag","embeddable":true,"href":"https:\/\/wave-lovers.com\/de\/wp-json\/wp\/v2\/product_tag?post=155937"}],"curies":[{"name":"wp","href":"https:\/\/api.w.org\/{rel}","templated":true}]}}