{"id":155783,"date":"2024-04-11T16:06:06","date_gmt":"2024-04-11T14:06:06","guid":{"rendered":"https:\/\/wave-lovers.com\/?post_type=product&#038;p=155783"},"modified":"2024-04-12T12:22:49","modified_gmt":"2024-04-12T10:22:49","slug":"red-shark-bikes-bike-surf-fitness","status":"publish","type":"product","link":"https:\/\/wave-lovers.com\/de\/red-shark-bikes-bike-surf-fitness\/","title":{"rendered":"Red Shark Bikes Bike Surf Fitness"},"content":{"rendered":"<h2>Red Shark Bikes Bike Surf Fitness - INFORMATION<\/h2>\n<p><img fetchpriority=\"high\" decoding=\"async\" class=\"alignright wp-image-155779 size-full\" src=\"https:\/\/wave-lovers.com\/wp-content\/uploads\/2024\/04\/redsharkbikes-modular-6in1-concept.webp\" alt=\"\" width=\"493\" height=\"318\" srcset=\"https:\/\/wave-lovers.com\/wp-content\/uploads\/2024\/04\/redsharkbikes-modular-6in1-concept.webp 493w, https:\/\/wave-lovers.com\/wp-content\/uploads\/2024\/04\/redsharkbikes-modular-6in1-concept-300x194.webp 300w\" sizes=\"(max-width: 493px) 100vw, 493px\" \/><\/p>\n<p>Sportliches Design ist f\u00fcr Red Shark Bikes kein Fremdwort. Schon vor der Gr\u00fcndung des Unternehmens schuf Josep Rubau exzellente und innovative Meisterwerke, die in Sachen Aerodynamik und Agilit\u00e4t ihresgleichen suchen. Diese Prinzipien finden sich auch in den brandneuen Wasserr\u00e4dern wieder und \u00fcberzeugen selbst die sch\u00e4rfsten Kritiker. Probieren Sie sie aus und lassen Sie sich beeindrucken!<\/p>\n<p>Grunds\u00e4tzlich gibt es drei Versionen des Bike Surf: das komfortable Bike Surf Enjoy, das sportliche Bike Surf Fitness und das Entdeckermodell Bike Surf Adventure. <strong>Das Bike Surf Fitness bietet dem Fahrer sportliche Fahreigenschaften dank austauschbarer Propeller.<\/strong> Zur Auswahl stehen 4 mitgelieferte Modelle (COMFORT \/ TRAINING \/ WORKOUT \/ SPORT-PRO), die aufgrund ihrer unterschiedlichen Gr\u00f6\u00dfe mehr oder weniger Antriebsleistung ben\u00f6tigen. Dies ist vergleichbar mit der Schaltung eines herk\u00f6mmlichen Fahrrads. Ein sportlicher Sattel sowie ein Lenker mit Armlehne runden das durchdachte Paket perfekt ab.<\/p>\n<p><strong>Alle Red Shark Bikes Produkte lassen sich problemlos erweitern, um Ihnen ein m\u00f6glichst breites Einsatzspektrum zu bieten. Auch nach dem Kauf k\u00f6nnen Sie noch entscheiden, wann Sie das Ger\u00e4t in ein Kajak umbauen, als E-Scooter nutzen oder einfach zum SUP umfunktionieren wollen. Ihrer Fantasie sind keine Grenzen gesetzt.<\/strong><\/p>\n<hr \/>\n<h3>Charakteristika<\/h3>\n<p><img decoding=\"async\" class=\"wp-image-155809 size-thumbnail alignright\" src=\"https:\/\/wave-lovers.com\/wp-content\/uploads\/2024\/04\/red-shark-bikes-bike-surf-fitness-product-150x150.webp\" alt=\"\" width=\"150\" height=\"150\" srcset=\"https:\/\/wave-lovers.com\/wp-content\/uploads\/2024\/04\/red-shark-bikes-bike-surf-fitness-product-150x150.webp 150w, https:\/\/wave-lovers.com\/wp-content\/uploads\/2024\/04\/red-shark-bikes-bike-surf-fitness-product-300x300.webp 300w, https:\/\/wave-lovers.com\/wp-content\/uploads\/2024\/04\/red-shark-bikes-bike-surf-fitness-product-100x100.webp 100w, https:\/\/wave-lovers.com\/wp-content\/uploads\/2024\/04\/red-shark-bikes-bike-surf-fitness-product-32x32.webp 32w, https:\/\/wave-lovers.com\/wp-content\/uploads\/2024\/04\/red-shark-bikes-bike-surf-fitness-product.webp 400w\" sizes=\"(max-width: 150px) 100vw, 150px\" \/>Das Surf Fitness Bike ist das Fahrrad mit den individuellsten Fahreigenschaften. Dank der 4 verschiedenen Propeller kann das Rad schnell und einfach an den eigenen Fahrstil angepasst werden. Mit den sportlichen Anbauteilen, wie Sattel und Lenker, ist Fahrspa\u00df garantiert. 100% Sport, 82% Power und 72% Fahrspa\u00df machen das Surf Fitness Bike zu einem absoluten Kraftpaket und bieten dem ambitionierten Fahrer alles was er braucht.<\/p>\n<h3>Lieferumfang<\/h3>\n<p><img decoding=\"async\" class=\"wp-image-155812 size-thumbnail alignright\" src=\"https:\/\/wave-lovers.com\/wp-content\/uploads\/2024\/04\/red-shark-bikes-bike-surf-fitness-scope-of-delivery-150x150.webp\" alt=\"\" width=\"150\" height=\"150\" srcset=\"https:\/\/wave-lovers.com\/wp-content\/uploads\/2024\/04\/red-shark-bikes-bike-surf-fitness-scope-of-delivery-150x150.webp 150w, https:\/\/wave-lovers.com\/wp-content\/uploads\/2024\/04\/red-shark-bikes-bike-surf-fitness-scope-of-delivery-300x300.webp 300w, https:\/\/wave-lovers.com\/wp-content\/uploads\/2024\/04\/red-shark-bikes-bike-surf-fitness-scope-of-delivery-100x100.webp 100w, https:\/\/wave-lovers.com\/wp-content\/uploads\/2024\/04\/red-shark-bikes-bike-surf-fitness-scope-of-delivery-32x32.webp 32w, https:\/\/wave-lovers.com\/wp-content\/uploads\/2024\/04\/red-shark-bikes-bike-surf-fitness-scope-of-delivery.webp 400w\" sizes=\"(max-width: 150px) 100vw, 150px\" \/>Das aufblasbare Board ist mit erstklassigen Ventilen ausgestattet. Der robuste Rahmen rostet nicht und h\u00e4lt auch den schwierigsten Bedingungen stand. Das Fitnessmodell verf\u00fcgt \u00fcber einen Aluminiumlenker mit Dropbars und sportlichen Griffen. Der Sattel ist f\u00fcr einen leistungsorientierten Fahrstil ausgelegt und wird mit einer Schutzh\u00fclle geliefert. Au\u00dferdem gibt es eine Dry Bag und eine elastische Tasche am Rahmen, in der zus\u00e4tzliches Gep\u00e4ck verstaut werden kann. Ansonsten ist das Zubeh\u00f6r \u00e4hnlich wie bei den anderen Modellen: Luftpumpe, abnehmbare Flossen, Reparaturset, Multi-Tool und Ruder. Alles was Sie brauchen.<\/p>\n<h2>Red Shark Bikes Bike Surf Fitness - DETAILS<\/h2>\n<p>Gewicht (Rahmen): 8 kg<br \/>\nLeistungsbeschreibung: 150 watts (Propeller B), 180 watts (Propeller A), 200 watts (Propeller C) &amp; 250 watts (Propeller D)<\/p>\n<h2>Red Shark Bikes Bike Surf Fitness - HIGHLIGHTS<\/h2>\n<p>- modulares 6-in-1-Konzept mit vielen Aufr\u00fcstm\u00f6glichkeiten<br \/>\n- sportliche Fahreigenschaften mit genau dem richtigen Ma\u00df an Balance und Leistung<br \/>\n- umweltfreundlich dank emissionsfreiem Antriebssystem<br \/>\n- leicht zu transportieren<\/p>\n","protected":false},"excerpt":{"rendered":"<p>Das Bike Surf Fitness bietet dem Fahrer <strong>sportliche Fahreigenschaften dank der austauschbaren Propeller<\/strong>. Ein eleganter Sattel sowie ein Lenker mit Armlehne runden das durchdachte Paket perfekt ab.<\/p>\n","protected":false},"featured_media":155786,"comment_status":"open","ping_status":"closed","template":"","meta":{"_acf_changed":false,"_editorskit_title_hidden":false,"_editorskit_reading_time":0,"_editorskit_is_block_options_detached":false,"_editorskit_block_options_position":"{}","site-sidebar-layout":"default","site-content-layout":"default","ast-site-content-layout":"default","site-content-style":"default","site-sidebar-style":"default","ast-global-header-display":"","ast-banner-title-visibility":"","ast-main-header-display":"","ast-hfb-above-header-display":"","ast-hfb-below-header-display":"","ast-hfb-mobile-header-display":"","site-post-title":"disabled","ast-breadcrumbs-content":"","ast-featured-img":"","footer-sml-layout":"","ast-disable-related-posts":"","theme-transparent-header-meta":"default","adv-header-id-meta":"","stick-header-meta":"","header-above-stick-meta":"","header-main-stick-meta":"","header-below-stick-meta":"","astra-migrate-meta-layouts":"set","ast-page-background-enabled":"default","ast-page-background-meta":{"desktop":{"background-color":"","background-image":"","background-repeat":"repeat","background-position":"center center","background-size":"auto","background-attachment":"scroll","background-type":"","background-media":"","overlay-type":"","overlay-color":"","overlay-opacity":"","overlay-gradient":""},"tablet":{"background-color":"","background-image":"","background-repeat":"repeat","background-position":"center center","background-size":"auto","background-attachment":"scroll","background-type":"","background-media":"","overlay-type":"","overlay-color":"","overlay-opacity":"","overlay-gradient":""},"mobile":{"background-color":"","background-image":"","background-repeat":"repeat","background-position":"center center","background-size":"auto","background-attachment":"scroll","background-type":"","background-media":"","overlay-type":"","overlay-color":"","overlay-opacity":"","overlay-gradient":""}},"ast-content-background-meta":{"desktop":{"background-color":"var(--ast-global-color-5)","background-image":"","background-repeat":"repeat","background-position":"center center","background-size":"auto","background-attachment":"scroll","background-type":"","background-media":"","overlay-type":"","overlay-color":"","overlay-opacity":"","overlay-gradient":""},"tablet":{"background-color":"var(--ast-global-color-5)","background-image":"","background-repeat":"repeat","background-position":"center center","background-size":"auto","background-attachment":"scroll","background-type":"","background-media":"","overlay-type":"","overlay-color":"","overlay-opacity":"","overlay-gradient":""},"mobile":{"background-color":"var(--ast-global-color-5)","background-image":"","background-repeat":"repeat","background-position":"center center","background-size":"auto","background-attachment":"scroll","background-type":"","background-media":"","overlay-type":"","overlay-color":"","overlay-opacity":"","overlay-gradient":""}},"_jf_save_progress":""},"product_brand":[],"product_cat":[111,562,128,60],"product_tag":[],"class_list":{"0":"post-155783","1":"product","2":"type-product","3":"status-publish","4":"has-post-thumbnail","6":"product_cat-verkauf","7":"product_cat-aufblasbar-de","8":"product_cat-inflatable","9":"product_cat-buy","10":"product_shipping_class-l-de","11":"desktop-align-center","12":"tablet-align-center","13":"mobile-align-center","14":"ast-product-gallery-layout-horizontal","15":"ast-magnify-disabled","16":"ast-product-tabs-layout-horizontal","18":"first","19":"instock","20":"taxable","21":"shipping-taxable","22":"purchasable","23":"product-type-simple"},"acf":[],"brizy_media":[{"id":394,"url":"https:\/\/wave-lovers.com\/wp-content\/uploads\/2021\/01\/E-Foil-Surf-in-Fuerteventura.png","name":"E-Foil-Surf-in-Fuerteventura.png","meta":{"brizy_attachment_uid":"wp-94c9cce8d679a7c3867d56ce02984e39.png","brizy_post_uid":["036f3c858f7493a96f1ecf6bf97c3739","a9cb51fc18b3a0e5c20b367b123782f1","4d07bf27702d9e74ca4c3511c74110e4","57a9f74eb861a76ebdbcd0ca0523c138"]}}],"_links":{"self":[{"href":"https:\/\/wave-lovers.com\/de\/wp-json\/wp\/v2\/product\/155783","targetHints":{"allow":["GET"]}}],"collection":[{"href":"https:\/\/wave-lovers.com\/de\/wp-json\/wp\/v2\/product"}],"about":[{"href":"https:\/\/wave-lovers.com\/de\/wp-json\/wp\/v2\/types\/product"}],"replies":[{"embeddable":true,"href":"https:\/\/wave-lovers.com\/de\/wp-json\/wp\/v2\/comments?post=155783"}],"wp:featuredmedia":[{"embeddable":true,"href":"https:\/\/wave-lovers.com\/de\/wp-json\/wp\/v2\/media\/155786"}],"wp:attachment":[{"href":"https:\/\/wave-lovers.com\/de\/wp-json\/wp\/v2\/media?parent=155783"}],"wp:term":[{"taxonomy":"product_brand","embeddable":true,"href":"https:\/\/wave-lovers.com\/de\/wp-json\/wp\/v2\/product_brand?post=155783"},{"taxonomy":"product_cat","embeddable":true,"href":"https:\/\/wave-lovers.com\/de\/wp-json\/wp\/v2\/product_cat?post=155783"},{"taxonomy":"product_tag","embeddable":true,"href":"https:\/\/wave-lovers.com\/de\/wp-json\/wp\/v2\/product_tag?post=155783"}],"curies":[{"name":"wp","href":"https:\/\/api.w.org\/{rel}","templated":true}]}}