{"id":155715,"date":"2024-04-11T13:13:13","date_gmt":"2024-04-11T11:13:13","guid":{"rendered":"https:\/\/wave-lovers.com\/?post_type=product&#038;p=155715"},"modified":"2024-04-11T15:51:46","modified_gmt":"2024-04-11T13:51:46","slug":"red-shark-bikes-bike-surf-enjoy","status":"publish","type":"product","link":"https:\/\/wave-lovers.com\/de\/red-shark-bikes-bike-surf-enjoy\/","title":{"rendered":"Red Shark Bikes Bike Surf Enjoy"},"content":{"rendered":"<h2>Red Shark Bikes Bike Surf Enjoy - INFORMATION<\/h2>\n<p><img fetchpriority=\"high\" decoding=\"async\" class=\"alignright wp-image-155778 size-full\" src=\"https:\/\/wave-lovers.com\/wp-content\/uploads\/2024\/04\/redsharkbikes-modular-6in1-concept.webp\" alt=\"\" width=\"493\" height=\"318\" srcset=\"https:\/\/wave-lovers.com\/wp-content\/uploads\/2024\/04\/redsharkbikes-modular-6in1-concept.webp 493w, https:\/\/wave-lovers.com\/wp-content\/uploads\/2024\/04\/redsharkbikes-modular-6in1-concept-300x194.webp 300w\" sizes=\"(max-width: 493px) 100vw, 493px\" \/><\/p>\n<p>Motiviert durch seine Erfolge in der Automobilindustrie, gibt Firmengr\u00fcnder Josep Rubau sein vielversprechendes Deb\u00fct in der Wassersportbranche. Das europ\u00e4ische Unternehmen Red Shark Bikes mit Sitz in Spanien wei\u00df, worauf es ankommt. Hohe Qualit\u00e4tsstandards, ambitionierte Innovationen und clevere Designprinzipien zeichnen das Unternehmen aus und spiegeln sich in den erstklassigen Produkten wider. Ideenreichtum, Praxisn\u00e4he und hochwertige Verarbeitung sprechen f\u00fcr sich. Das sollten Sie sich nicht entgehen lassen.<\/p>\n<p>Grunds\u00e4tzlich gibt es das Bike Surf in drei Varianten: das komfortable Bike Surf Enjoy, das sportliche Bike Surf Fitness und das Entdeckermodell Bike Surf Adventure. <strong>Das Bike Surf Enjoy punktet vor allem durch seine komfortable Sitzposition, die vor allem durch den h\u00f6heren Lenker erreicht wird. Au\u00dferdem gibt es einen gepolsterten Gel-Sattel, der deutlich komfortabler ist als beim Fitness-Modell.<\/strong> Allerdings ist nur der COMFORT-Propeller erh\u00e4ltlich, der zwar angenehm zu fahren ist, aber in Sachen Geschwindigkeit hinter den Propeller-Versionen des Bike Surf Fitness zur\u00fcckbleibt.<\/p>\n<p><strong>Alle Red Shark Bikes Produkte lassen sich problemlos erweitern, um Ihnen ein m\u00f6glichst breites Einsatzspektrum zu bieten. Auch nach dem Kauf k\u00f6nnen Sie noch entscheiden, wann Sie das Ger\u00e4t zum Kajak umbauen, als E-Scooter nutzen oder einfach zum SUP umfunktionieren wollen. Ihrer Fantasie sind keine Grenzen gesetzt.<\/strong><\/p>\n<hr \/>\n<h3>Charakteristika<\/h3>\n<p><img decoding=\"async\" class=\"wp-image-155744 size-thumbnail alignright\" src=\"https:\/\/wave-lovers.com\/wp-content\/uploads\/2024\/04\/red-shark-bikes-bike-surf-enjoy-product-150x150.webp\" alt=\"\" width=\"150\" height=\"150\" srcset=\"https:\/\/wave-lovers.com\/wp-content\/uploads\/2024\/04\/red-shark-bikes-bike-surf-enjoy-product-150x150.webp 150w, https:\/\/wave-lovers.com\/wp-content\/uploads\/2024\/04\/red-shark-bikes-bike-surf-enjoy-product-300x300.webp 300w, https:\/\/wave-lovers.com\/wp-content\/uploads\/2024\/04\/red-shark-bikes-bike-surf-enjoy-product-100x100.webp 100w, https:\/\/wave-lovers.com\/wp-content\/uploads\/2024\/04\/red-shark-bikes-bike-surf-enjoy-product-32x32.webp 32w, https:\/\/wave-lovers.com\/wp-content\/uploads\/2024\/04\/red-shark-bikes-bike-surf-enjoy-product.webp 400w\" sizes=\"(max-width: 150px) 100vw, 150px\" \/>Das Bike Surf Enjoy l\u00e4sst erraten, dass das Hauptaugenmerk auf der komfortablen Fahrweise liegt. Die Firma selbst beschreibt die Aufteilung der Eigenschaften als 97% Komfort, 72% Ergonomie und 85% Stabilit\u00e4t. Dies wird vorallem durch den Lenker und den Sattel erreicht, die sich von den anderen Versionen unterscheiden. Au\u00dferdem wird ein kleinerer Propeller mitgeliefert, der weniger Wasserwiderstand erf\u00e4hrt und somit leichter zu bedienen ist. Das Modell ist in der Farbe White Coral erh\u00e4ltlich und gl\u00e4nzt mit einem eleganten Design.<\/p>\n<h3>Lieferumfang<\/h3>\n<p><img decoding=\"async\" class=\"wp-image-155747 size-thumbnail alignright\" src=\"https:\/\/wave-lovers.com\/wp-content\/uploads\/2024\/04\/red-shark-bikes-bike-surf-enjoy-scope-of-delivery-150x150.webp\" alt=\"\" width=\"150\" height=\"150\" srcset=\"https:\/\/wave-lovers.com\/wp-content\/uploads\/2024\/04\/red-shark-bikes-bike-surf-enjoy-scope-of-delivery-150x150.webp 150w, https:\/\/wave-lovers.com\/wp-content\/uploads\/2024\/04\/red-shark-bikes-bike-surf-enjoy-scope-of-delivery-300x300.webp 300w, https:\/\/wave-lovers.com\/wp-content\/uploads\/2024\/04\/red-shark-bikes-bike-surf-enjoy-scope-of-delivery-100x100.webp 100w, https:\/\/wave-lovers.com\/wp-content\/uploads\/2024\/04\/red-shark-bikes-bike-surf-enjoy-scope-of-delivery-32x32.webp 32w, https:\/\/wave-lovers.com\/wp-content\/uploads\/2024\/04\/red-shark-bikes-bike-surf-enjoy-scope-of-delivery.webp 400w\" sizes=\"(max-width: 150px) 100vw, 150px\" \/>Zus\u00e4tzlich zu dem aufblasbaren Board und dem salzwasserresistentem Rahmen gibt es viele verschiedene Extras. Darunter befinden sich die Riser Bar Lenkerstange mit ergonomischen Griffen, das multifunktionale Ruder, abnehmbare Flossen, ein Multi-Tool Werkzeug f\u00fcr den schnellen Aufbau, ein Reparaturkit, einen komfortablen Sattel und einen leichtg\u00e4ngigen Propeller f\u00fcr entspanntes Fahren. Au\u00dferdem erhalten Sie eine Luftpumpe sowie eine Trinkflasche mit zugeh\u00f6rigem Flaschenhalter. So steht Ihrem n\u00e4chsten Abenteuer nichts mehr im Wege.<\/p>\n<h2>Red Shark Bikes Bike Surf Enjoy - DETAILS<\/h2>\n<p>Gewicht (Rahmen): 8 kg<br \/>\nLeistungsbeschreibung: 150 watts (Propeller B)<\/p>\n<h2>Red Shark Bikes Bike Surf Enjoy - HIGHLIGHTS<\/h2>\n<p>- modulares 6-in-1 Koncept mit vielen Upgradem\u00f6glichkeiten<br \/>\n- sensationelle Fahreigenschaften mit Bedacht auf maximalem Komfort<br \/>\n- leicht zu transportieren und platzsparend zu lagern<br \/>\n- umweltfreundlich dank emissionsfreiem Antrieb<\/p>\n","protected":false},"excerpt":{"rendered":"<p>Das Bike Surf Enjoy punktet durch seine <strong>komfortablen Fahreigenschaften<\/strong>, die vor allem durch den h\u00f6heren Lenker und den gepolsterten Gel-Sattel erreicht werden. <strong>Hochwertige Materialien und europ\u00e4ische Produktionsstandards<\/strong> machen es zu einer wunderbaren Option f\u00fcr jeden entspannten Wassersportler.<\/p>\n","protected":false},"featured_media":155751,"comment_status":"open","ping_status":"closed","template":"","meta":{"_acf_changed":false,"_editorskit_title_hidden":false,"_editorskit_reading_time":0,"_editorskit_is_block_options_detached":false,"_editorskit_block_options_position":"{}","site-sidebar-layout":"default","site-content-layout":"default","ast-site-content-layout":"default","site-content-style":"default","site-sidebar-style":"default","ast-global-header-display":"","ast-banner-title-visibility":"","ast-main-header-display":"","ast-hfb-above-header-display":"","ast-hfb-below-header-display":"","ast-hfb-mobile-header-display":"","site-post-title":"disabled","ast-breadcrumbs-content":"","ast-featured-img":"","footer-sml-layout":"","ast-disable-related-posts":"","theme-transparent-header-meta":"default","adv-header-id-meta":"","stick-header-meta":"","header-above-stick-meta":"","header-main-stick-meta":"","header-below-stick-meta":"","astra-migrate-meta-layouts":"set","ast-page-background-enabled":"default","ast-page-background-meta":{"desktop":{"background-color":"","background-image":"","background-repeat":"repeat","background-position":"center center","background-size":"auto","background-attachment":"scroll","background-type":"","background-media":"","overlay-type":"","overlay-color":"","overlay-opacity":"","overlay-gradient":""},"tablet":{"background-color":"","background-image":"","background-repeat":"repeat","background-position":"center center","background-size":"auto","background-attachment":"scroll","background-type":"","background-media":"","overlay-type":"","overlay-color":"","overlay-opacity":"","overlay-gradient":""},"mobile":{"background-color":"","background-image":"","background-repeat":"repeat","background-position":"center center","background-size":"auto","background-attachment":"scroll","background-type":"","background-media":"","overlay-type":"","overlay-color":"","overlay-opacity":"","overlay-gradient":""}},"ast-content-background-meta":{"desktop":{"background-color":"var(--ast-global-color-5)","background-image":"","background-repeat":"repeat","background-position":"center center","background-size":"auto","background-attachment":"scroll","background-type":"","background-media":"","overlay-type":"","overlay-color":"","overlay-opacity":"","overlay-gradient":""},"tablet":{"background-color":"var(--ast-global-color-5)","background-image":"","background-repeat":"repeat","background-position":"center center","background-size":"auto","background-attachment":"scroll","background-type":"","background-media":"","overlay-type":"","overlay-color":"","overlay-opacity":"","overlay-gradient":""},"mobile":{"background-color":"var(--ast-global-color-5)","background-image":"","background-repeat":"repeat","background-position":"center center","background-size":"auto","background-attachment":"scroll","background-type":"","background-media":"","overlay-type":"","overlay-color":"","overlay-opacity":"","overlay-gradient":""}},"_jf_save_progress":""},"product_brand":[],"product_cat":[111,562,128,60],"product_tag":[],"class_list":{"0":"post-155715","1":"product","2":"type-product","3":"status-publish","4":"has-post-thumbnail","6":"product_cat-verkauf","7":"product_cat-aufblasbar-de","8":"product_cat-inflatable","9":"product_cat-buy","10":"product_shipping_class-l-de","11":"desktop-align-center","12":"tablet-align-center","13":"mobile-align-center","14":"ast-product-gallery-layout-horizontal","15":"ast-magnify-disabled","16":"ast-product-tabs-layout-horizontal","18":"first","19":"instock","20":"taxable","21":"shipping-taxable","22":"purchasable","23":"product-type-simple"},"acf":[],"brizy_media":[{"id":394,"url":"https:\/\/wave-lovers.com\/wp-content\/uploads\/2021\/01\/E-Foil-Surf-in-Fuerteventura.png","name":"E-Foil-Surf-in-Fuerteventura.png","meta":{"brizy_attachment_uid":"wp-94c9cce8d679a7c3867d56ce02984e39.png","brizy_post_uid":["036f3c858f7493a96f1ecf6bf97c3739","a9cb51fc18b3a0e5c20b367b123782f1","4d07bf27702d9e74ca4c3511c74110e4","57a9f74eb861a76ebdbcd0ca0523c138"]}}],"_links":{"self":[{"href":"https:\/\/wave-lovers.com\/de\/wp-json\/wp\/v2\/product\/155715","targetHints":{"allow":["GET"]}}],"collection":[{"href":"https:\/\/wave-lovers.com\/de\/wp-json\/wp\/v2\/product"}],"about":[{"href":"https:\/\/wave-lovers.com\/de\/wp-json\/wp\/v2\/types\/product"}],"replies":[{"embeddable":true,"href":"https:\/\/wave-lovers.com\/de\/wp-json\/wp\/v2\/comments?post=155715"}],"wp:featuredmedia":[{"embeddable":true,"href":"https:\/\/wave-lovers.com\/de\/wp-json\/wp\/v2\/media\/155751"}],"wp:attachment":[{"href":"https:\/\/wave-lovers.com\/de\/wp-json\/wp\/v2\/media?parent=155715"}],"wp:term":[{"taxonomy":"product_brand","embeddable":true,"href":"https:\/\/wave-lovers.com\/de\/wp-json\/wp\/v2\/product_brand?post=155715"},{"taxonomy":"product_cat","embeddable":true,"href":"https:\/\/wave-lovers.com\/de\/wp-json\/wp\/v2\/product_cat?post=155715"},{"taxonomy":"product_tag","embeddable":true,"href":"https:\/\/wave-lovers.com\/de\/wp-json\/wp\/v2\/product_tag?post=155715"}],"curies":[{"name":"wp","href":"https:\/\/api.w.org\/{rel}","templated":true}]}}