{"id":154182,"date":"2024-03-26T12:42:54","date_gmt":"2024-03-26T11:42:54","guid":{"rendered":"https:\/\/wave-lovers.com\/?post_type=product&#038;p=154182"},"modified":"2025-03-11T19:12:53","modified_gmt":"2025-03-11T18:12:53","slug":"waydoo-flyer-evo-pro-pro-plus","status":"publish","type":"product","link":"https:\/\/wave-lovers.com\/de\/waydoo-flyer-evo-pro-pro-plus\/","title":{"rendered":"Waydoo Flyer EVO PRO \/ PRO Plus"},"content":{"rendered":"<h2>Waydoo Flyer EVO PRO \/ PRO Plus - INFORMATION<\/h2>\n<p>Die neuen Boards von Waydoo sind da! Sie \u00fcberzeugen mit vielen interessanten Neuerungen, wie z.B. der \u00fcberarbeiteten Performance, zus\u00e4tzlich erh\u00e4ltliche Plug&amp;Play-Rollen f\u00fcr den einfachen Transport und einer unglaublichen Bandbreite an Individualisierungsm\u00f6glichkeiten. Die herausragende Leistung, das futuristische Design und der gewohnt g\u00fcnstige Preis von Waydoo machen die neue Serie zu einem echten Traum f\u00fcr alle E-Foil-Experten. Es sind 2 vorkonfigurierte Sets verf\u00fcgbar:<\/p>\n<ul>\n<li>EVO PRO set \"Entry\": Standard Antrieb<\/li>\n<li>EVO PRO set \"Performance\": Performance Antrieb<\/li>\n<\/ul>\n<p><strong>Das langlebige EPP-Material des EVO PRO ist eine kosteng\u00fcnstige Wahl und erh\u00f6ht die Sicherheit, da es St\u00f6\u00dfe perfekt absorbiert. Die PRO Plus Version bietet zus\u00e4tzliche Smart-Features durch den Einsatz interner Sensoren f\u00fcr eine verbesserte Kontrolle (Waydoo Flight Management System).<\/strong><\/p>\n<hr \/>\n<h2>Antrieb - Evolution trifft Vielf\u00e4ltigkeit<\/h2>\n<p><img decoding=\"async\" class=\"size-thumbnail wp-image-154215 alignright\" src=\"https:\/\/wave-lovers.com\/wp-content\/uploads\/2024\/03\/waydoo-flyer-evo-propulsion-150x150.webp\" alt=\"\" width=\"120\" height=\"120\" srcset=\"https:\/\/wave-lovers.com\/wp-content\/uploads\/2024\/03\/waydoo-flyer-evo-propulsion-150x150.webp 150w, https:\/\/wave-lovers.com\/wp-content\/uploads\/2024\/03\/waydoo-flyer-evo-propulsion-300x300.webp 300w, https:\/\/wave-lovers.com\/wp-content\/uploads\/2024\/03\/waydoo-flyer-evo-propulsion-100x100.webp 100w, https:\/\/wave-lovers.com\/wp-content\/uploads\/2024\/03\/waydoo-flyer-evo-propulsion-32x32.webp 32w, https:\/\/wave-lovers.com\/wp-content\/uploads\/2024\/03\/waydoo-flyer-evo-propulsion.webp 400w\" sizes=\"(max-width: 120px) 100vw, 120px\" \/>Der Waydoo Flyer EVO hat drei Antriebsvarianten mit einer Leistung von 6KW (Performance) und 4KW (Standard). Die Performance Unit bietet ausreichend Leistung f\u00fcr Fahrer bis 170 kg und erreicht eine Geschwindigkeit von bis zu 45 km\/h. Die Elite Version erreicht die gleiche Leistung, wurde jedoch CNC-gefr\u00e4st, wodurch die Verarbeitungsqualit\u00e4t verbessert werden konnte und das Produkt noch edler wirken l\u00e4sst. Die kleine Standard Version ist f\u00fcr eine Kapazit\u00e4t von bis zu 130kg ausgelegt.<\/p>\n<p>Alle Systeme zeichnen sich durch eine branchenweit einzigartige modulare Bauweise aus, die eine einfache Demontage vom Mast erm\u00f6glicht, was die Anpassungsf\u00e4higkeit, Mobilit\u00e4t und Sicherheit erh\u00f6ht und gleichzeitig die Wartungskosten niedrig h\u00e4lt. Die Flyer EVO-Antriebseinheit vereint Leistung, Vielseitigkeit und benutzerfreundliche Wartung in einem bahnbrechenden Design.<\/p>\n<h2>Akku - Agilit\u00e4t vs. Ausdauer<\/h2>\n<p><img decoding=\"async\" class=\"size-thumbnail wp-image-154200 alignright\" src=\"https:\/\/wave-lovers.com\/wp-content\/uploads\/2024\/03\/waydoo-flyer-evo-battery-150x150.webp\" alt=\"\" width=\"120\" height=\"120\" srcset=\"https:\/\/wave-lovers.com\/wp-content\/uploads\/2024\/03\/waydoo-flyer-evo-battery-150x150.webp 150w, https:\/\/wave-lovers.com\/wp-content\/uploads\/2024\/03\/waydoo-flyer-evo-battery-300x300.webp 300w, https:\/\/wave-lovers.com\/wp-content\/uploads\/2024\/03\/waydoo-flyer-evo-battery-100x100.webp 100w, https:\/\/wave-lovers.com\/wp-content\/uploads\/2024\/03\/waydoo-flyer-evo-battery-32x32.webp 32w, https:\/\/wave-lovers.com\/wp-content\/uploads\/2024\/03\/waydoo-flyer-evo-battery.webp 400w\" sizes=\"(max-width: 120px) 100vw, 120px\" \/>Der Powerflight-Akku des Waydoo Flyer EVO, ist mit 36Ah und 45Ah Kapazit\u00e4t erh\u00e4ltlich. Sie ist in einer langlebigen Aluminiumlegierung untergebracht und kann daher schweren Lasten standhalten. Bei der 36Ah-Option steht die Gewichtsreduzierung im Vordergrund, was die Man\u00f6vrierf\u00e4higkeit verbessert, w\u00e4hrend die 45Ah-Variante f\u00fcr l\u00e4ngere Abenteuer mit einer Fahrzeit von bis zu 135 Minuten ausgelegt ist.<\/p>\n<p>Beide Batterien verf\u00fcgen \u00fcber ein einzigartiges LCD-Display zur intuitiven Statusanzeige und sind nach IP68 wasserdicht. Die leichte Signal\u00fcbertragung vereinfacht den Anschlussprozess. Sicherheitsvorkehrungen, effizientes W\u00e4rmemanagement und dynamische Ladeanpassung sorgen f\u00fcr Schutz, Langlebigkeit und ein optimiertes Nutzererlebnis.<\/p>\n<h2>Mast - 3 Gr\u00f6\u00dfen zur Auswahl<\/h2>\n<p><img decoding=\"async\" class=\"size-thumbnail wp-image-154203 alignright\" src=\"https:\/\/wave-lovers.com\/wp-content\/uploads\/2024\/03\/waydoo-flyer-evo-mast-150x150.webp\" alt=\"\" width=\"120\" height=\"120\" srcset=\"https:\/\/wave-lovers.com\/wp-content\/uploads\/2024\/03\/waydoo-flyer-evo-mast-150x150.webp 150w, https:\/\/wave-lovers.com\/wp-content\/uploads\/2024\/03\/waydoo-flyer-evo-mast-300x300.webp 300w, https:\/\/wave-lovers.com\/wp-content\/uploads\/2024\/03\/waydoo-flyer-evo-mast-100x100.webp 100w, https:\/\/wave-lovers.com\/wp-content\/uploads\/2024\/03\/waydoo-flyer-evo-mast-32x32.webp 32w, https:\/\/wave-lovers.com\/wp-content\/uploads\/2024\/03\/waydoo-flyer-evo-mast.webp 400w\" sizes=\"(max-width: 120px) 100vw, 120px\" \/>Der Waydoo Flyer EVO bietet drei Mastl\u00e4ngen: 69cm und 89cm aus Aluminiumlegierung und die 79cm Version aus robustem und leichtem Carbon. Je k\u00fcrzer der Mast, desto mehr Kontrolle und Stabilit\u00e4t bietet er. Die gro\u00dfen Modelle eignen sich f\u00fcr Experten, die in rauen Wellen surfen wollen und maximale Agilit\u00e4t w\u00fcnschen.<\/p>\n<p>Ein bahnbrechendes modulares Design trennt den Mast von der Antriebseinheit, was die Portabilit\u00e4t und Wartungsfreundlichkeit deutlich verbessert. Im oberen Teil des Mastes ist ein programmierbares Farb-LED-Licht integriert, das vor allem bei Nachtfahrten f\u00fcr ein optisches Highlight sorgt.<\/p>\n<p><strong>Achtung! Wenn Sie die Antriebseinheit mit dem Waydoo Au\u00dfenbordmotor-Adapter verwenden m\u00f6chten, empfehlen wir, einen l\u00e4ngeren Mast zu w\u00e4hlen!<\/strong><\/p>\n<h2>Upgrade-Features - Grenzenlose M\u00f6glichkeiten<\/h2>\n<p><img loading=\"lazy\" decoding=\"async\" class=\"size-thumbnail wp-image-154218 alignright\" src=\"https:\/\/wave-lovers.com\/wp-content\/uploads\/2024\/03\/waydoo-flyer-evo-trolley-150x150.webp\" alt=\"\" width=\"120\" height=\"120\" srcset=\"https:\/\/wave-lovers.com\/wp-content\/uploads\/2024\/03\/waydoo-flyer-evo-trolley-150x150.webp 150w, https:\/\/wave-lovers.com\/wp-content\/uploads\/2024\/03\/waydoo-flyer-evo-trolley-300x300.webp 300w, https:\/\/wave-lovers.com\/wp-content\/uploads\/2024\/03\/waydoo-flyer-evo-trolley-100x100.webp 100w, https:\/\/wave-lovers.com\/wp-content\/uploads\/2024\/03\/waydoo-flyer-evo-trolley-32x32.webp 32w, https:\/\/wave-lovers.com\/wp-content\/uploads\/2024\/03\/waydoo-flyer-evo-trolley.webp 400w\" sizes=\"(max-width: 120px) 100vw, 120px\" \/>Ob ansteckbare Transportr\u00e4der, Au\u00dfenbordmotorhalterungen f\u00fcr Ihr Schlauchboot oder sogar ein 1500-Watt-Wechselrichter f\u00fcr alle Ihre Ger\u00e4te. Waydoo hat viele interessante Optionen, um Ihnen das bestm\u00f6gliche Erlebnis zu bieten.<\/p>\n<p>Verwandeln Sie Ihr E-Foil in ein Antriebssystem und nutzen Sie es, wann immer Sie in Meeresn\u00e4he sind. Trotzen Sie jeder Situation und haben Sie auch bei rauem Wetter eine Menge Spa\u00df. Mit den Upgrade-Optionen sind Ihnen keine Grenzen gesetzt.<\/p>\n<hr \/>\n<h2>Wing Optionen - W\u00e4hlen Sie Ihr Equipment<\/h2>\n<p>Die verf\u00fcgbaren Fl\u00fcgel sind das wichtigste Auswahlkriterium in Bezug auf die Fahreigenschaften. W\u00e4hrend gro\u00dfe und breite Modelle eine bessere Kontrolle bieten und f\u00fcr Anf\u00e4nger und Lernende geeignet sind, sind die kleineren Modelle wendiger und anspruchsvoller.<\/p>\n<p>Wenn Sie noch unentschlossen sind, empfehlen wir Ihnen den Voyager C1500. Als Allrounder bietet er maximale Kontrolle bei guter Man\u00f6vrierbarkeit.<\/p>\n<p><img loading=\"lazy\" decoding=\"async\" class=\"alignnone wp-image-154236 size-full\" src=\"https:\/\/wave-lovers.com\/wp-content\/uploads\/2024\/03\/voyager-g1500-front-wing.webp\" alt=\"\" width=\"300\" height=\"300\" srcset=\"https:\/\/wave-lovers.com\/wp-content\/uploads\/2024\/03\/voyager-g1500-front-wing.webp 400w, https:\/\/wave-lovers.com\/wp-content\/uploads\/2024\/03\/voyager-g1500-front-wing-300x300.webp 300w, https:\/\/wave-lovers.com\/wp-content\/uploads\/2024\/03\/voyager-g1500-front-wing-150x150.webp 150w, https:\/\/wave-lovers.com\/wp-content\/uploads\/2024\/03\/voyager-g1500-front-wing-100x100.webp 100w, https:\/\/wave-lovers.com\/wp-content\/uploads\/2024\/03\/voyager-g1500-front-wing-32x32.webp 32w\" sizes=\"(max-width: 300px) 100vw, 300px\" \/><img loading=\"lazy\" decoding=\"async\" class=\"alignnone wp-image-154227 size-full\" src=\"https:\/\/wave-lovers.com\/wp-content\/uploads\/2024\/03\/gliding-g1500-front-wing.webp\" alt=\"\" width=\"300\" height=\"300\" srcset=\"https:\/\/wave-lovers.com\/wp-content\/uploads\/2024\/03\/gliding-g1500-front-wing.webp 400w, https:\/\/wave-lovers.com\/wp-content\/uploads\/2024\/03\/gliding-g1500-front-wing-300x300.webp 300w, https:\/\/wave-lovers.com\/wp-content\/uploads\/2024\/03\/gliding-g1500-front-wing-150x150.webp 150w, https:\/\/wave-lovers.com\/wp-content\/uploads\/2024\/03\/gliding-g1500-front-wing-100x100.webp 100w, https:\/\/wave-lovers.com\/wp-content\/uploads\/2024\/03\/gliding-g1500-front-wing-32x32.webp 32w\" sizes=\"(max-width: 300px) 100vw, 300px\" \/><img loading=\"lazy\" decoding=\"async\" class=\"alignnone wp-image-154224 size-full\" src=\"https:\/\/wave-lovers.com\/wp-content\/uploads\/2024\/03\/gliding-g1100-front-wing.webp\" alt=\"\" width=\"300\" height=\"300\" srcset=\"https:\/\/wave-lovers.com\/wp-content\/uploads\/2024\/03\/gliding-g1100-front-wing.webp 400w, https:\/\/wave-lovers.com\/wp-content\/uploads\/2024\/03\/gliding-g1100-front-wing-300x300.webp 300w, https:\/\/wave-lovers.com\/wp-content\/uploads\/2024\/03\/gliding-g1100-front-wing-150x150.webp 150w, https:\/\/wave-lovers.com\/wp-content\/uploads\/2024\/03\/gliding-g1100-front-wing-100x100.webp 100w, https:\/\/wave-lovers.com\/wp-content\/uploads\/2024\/03\/gliding-g1100-front-wing-32x32.webp 32w\" sizes=\"(max-width: 300px) 100vw, 300px\" \/><\/p>\n<p><img loading=\"lazy\" decoding=\"async\" class=\"alignnone wp-image-154233 size-full\" src=\"https:\/\/wave-lovers.com\/wp-content\/uploads\/2024\/03\/voyager-c1500-front-wing.webp\" alt=\"\" width=\"300\" height=\"300\" srcset=\"https:\/\/wave-lovers.com\/wp-content\/uploads\/2024\/03\/voyager-c1500-front-wing.webp 400w, https:\/\/wave-lovers.com\/wp-content\/uploads\/2024\/03\/voyager-c1500-front-wing-300x300.webp 300w, https:\/\/wave-lovers.com\/wp-content\/uploads\/2024\/03\/voyager-c1500-front-wing-150x150.webp 150w, https:\/\/wave-lovers.com\/wp-content\/uploads\/2024\/03\/voyager-c1500-front-wing-100x100.webp 100w, https:\/\/wave-lovers.com\/wp-content\/uploads\/2024\/03\/voyager-c1500-front-wing-32x32.webp 32w\" sizes=\"(max-width: 300px) 100vw, 300px\" \/><img loading=\"lazy\" decoding=\"async\" class=\"alignnone wp-image-154221 size-full\" src=\"https:\/\/wave-lovers.com\/wp-content\/uploads\/2024\/03\/gliding-c1500-front-wing.webp\" alt=\"\" width=\"300\" height=\"300\" srcset=\"https:\/\/wave-lovers.com\/wp-content\/uploads\/2024\/03\/gliding-c1500-front-wing.webp 400w, https:\/\/wave-lovers.com\/wp-content\/uploads\/2024\/03\/gliding-c1500-front-wing-300x300.webp 300w, https:\/\/wave-lovers.com\/wp-content\/uploads\/2024\/03\/gliding-c1500-front-wing-150x150.webp 150w, https:\/\/wave-lovers.com\/wp-content\/uploads\/2024\/03\/gliding-c1500-front-wing-100x100.webp 100w, https:\/\/wave-lovers.com\/wp-content\/uploads\/2024\/03\/gliding-c1500-front-wing-32x32.webp 32w\" sizes=\"(max-width: 300px) 100vw, 300px\" \/><img loading=\"lazy\" decoding=\"async\" class=\"alignnone wp-image-154230 size-full\" src=\"https:\/\/wave-lovers.com\/wp-content\/uploads\/2024\/03\/voyager-c1100-front-wing.webp\" alt=\"\" width=\"300\" height=\"300\" srcset=\"https:\/\/wave-lovers.com\/wp-content\/uploads\/2024\/03\/voyager-c1100-front-wing.webp 400w, https:\/\/wave-lovers.com\/wp-content\/uploads\/2024\/03\/voyager-c1100-front-wing-300x300.webp 300w, https:\/\/wave-lovers.com\/wp-content\/uploads\/2024\/03\/voyager-c1100-front-wing-150x150.webp 150w, https:\/\/wave-lovers.com\/wp-content\/uploads\/2024\/03\/voyager-c1100-front-wing-100x100.webp 100w, https:\/\/wave-lovers.com\/wp-content\/uploads\/2024\/03\/voyager-c1100-front-wing-32x32.webp 32w\" sizes=\"(max-width: 300px) 100vw, 300px\" \/><\/p>\n<h2>Waydoo Flyer EVO PRO \/ PRO Plus - DETAILS<\/h2>\n<table>\n<tbody>\n<tr>\n<td>Model<\/td>\n<td><strong>EVO PRO \/ PRO Plus*<\/strong><\/td>\n<td>EVO MAX \/ MAX Plus*<\/td>\n<td>EVO Master Plus*<\/td>\n<\/tr>\n<tr>\n<td>Volume<\/td>\n<td>90 l<\/td>\n<td>130 l<\/td>\n<td>75 l<\/td>\n<\/tr>\n<tr>\n<td>Material<\/td>\n<td>EPP<\/td>\n<td>EPP<\/td>\n<td>Carbon<\/td>\n<\/tr>\n<tr>\n<td>Color<\/td>\n<td>Cerulean Blue<\/td>\n<td>Surging Grey<\/td>\n<td>Dawn \/ Onyx Black<\/td>\n<\/tr>\n<tr>\n<td>Size<\/td>\n<td>154 x 67 x 15cm<\/td>\n<td>177 x 75 x 16cm<\/td>\n<td>144 x 62 x 15cm<\/td>\n<\/tr>\n<tr>\n<td>Sensors<\/td>\n<td>X \/ <strong>\u2713<\/strong><\/td>\n<td><strong>\u2713<\/strong><\/td>\n<td><strong>\u2713<\/strong><\/td>\n<\/tr>\n<tr>\n<td>GPS<\/td>\n<td>X \/ <strong>\u2713<\/strong><\/td>\n<td><strong>\u2713<\/strong><\/td>\n<td><strong>\u2713<\/strong><\/td>\n<\/tr>\n<\/tbody>\n<\/table>\n<p>*Die Plus-Modelle (EVO Master Plus, EVO PRO Plus und EVO MAX Plus) verf\u00fcgen \u00fcber zus\u00e4tzliche Sensoren, die eine Balance- \/ Starthilfe, Geo-Fencing und Wipe-Out-Schutz realisieren.<\/p>\n","protected":false},"excerpt":{"rendered":"<p>Die neuen Boards von Waydoo sind da - EVO PRO ist eine kosteng\u00fcnstige Wahl und erh\u00f6ht die Sicherheit, da es St\u00f6\u00dfe perfekt absorbiert. Die PRO Plus-Version bietet zus\u00e4tzliche intelligente Funktionen durch den Einsatz von internen Sensoren f\u00fcr eine verbesserte Kontrolle.<\/p>\n","protected":false},"featured_media":170482,"comment_status":"open","ping_status":"closed","template":"","meta":{"_acf_changed":false,"_editorskit_title_hidden":false,"_editorskit_reading_time":0,"_editorskit_is_block_options_detached":false,"_editorskit_block_options_position":"{}","site-sidebar-layout":"default","site-content-layout":"default","ast-site-content-layout":"default","site-content-style":"default","site-sidebar-style":"default","ast-global-header-display":"","ast-banner-title-visibility":"","ast-main-header-display":"","ast-hfb-above-header-display":"","ast-hfb-below-header-display":"","ast-hfb-mobile-header-display":"","site-post-title":"disabled","ast-breadcrumbs-content":"","ast-featured-img":"","footer-sml-layout":"","ast-disable-related-posts":"","theme-transparent-header-meta":"default","adv-header-id-meta":"","stick-header-meta":"","header-above-stick-meta":"","header-main-stick-meta":"","header-below-stick-meta":"","astra-migrate-meta-layouts":"set","ast-page-background-enabled":"default","ast-page-background-meta":{"desktop":{"background-color":"","background-image":"","background-repeat":"repeat","background-position":"center center","background-size":"auto","background-attachment":"scroll","background-type":"","background-media":"","overlay-type":"","overlay-color":"","overlay-opacity":"","overlay-gradient":""},"tablet":{"background-color":"","background-image":"","background-repeat":"repeat","background-position":"center center","background-size":"auto","background-attachment":"scroll","background-type":"","background-media":"","overlay-type":"","overlay-color":"","overlay-opacity":"","overlay-gradient":""},"mobile":{"background-color":"","background-image":"","background-repeat":"repeat","background-position":"center center","background-size":"auto","background-attachment":"scroll","background-type":"","background-media":"","overlay-type":"","overlay-color":"","overlay-opacity":"","overlay-gradient":""}},"ast-content-background-meta":{"desktop":{"background-color":"var(--ast-global-color-5)","background-image":"","background-repeat":"repeat","background-position":"center center","background-size":"auto","background-attachment":"scroll","background-type":"","background-media":"","overlay-type":"","overlay-color":"","overlay-opacity":"","overlay-gradient":""},"tablet":{"background-color":"var(--ast-global-color-5)","background-image":"","background-repeat":"repeat","background-position":"center center","background-size":"auto","background-attachment":"scroll","background-type":"","background-media":"","overlay-type":"","overlay-color":"","overlay-opacity":"","overlay-gradient":""},"mobile":{"background-color":"var(--ast-global-color-5)","background-image":"","background-repeat":"repeat","background-position":"center center","background-size":"auto","background-attachment":"scroll","background-type":"","background-media":"","overlay-type":"","overlay-color":"","overlay-opacity":"","overlay-gradient":""}},"_jf_save_progress":""},"product_brand":[],"product_cat":[111,60,18,92,112,40],"product_tag":[],"class_list":{"0":"post-154182","1":"product","2":"type-product","3":"status-publish","4":"has-post-thumbnail","6":"product_cat-verkauf","7":"product_cat-buy","8":"product_cat-electric-hydrofoil-surfboard","9":"product_cat-e-foil-de","10":"product_cat-try-and-buy-de","11":"product_cat-try-and-buy","12":"product_shipping_class-lg-de","13":"desktop-align-center","14":"tablet-align-center","15":"mobile-align-center","16":"ast-product-gallery-layout-horizontal","17":"ast-magnify-disabled","18":"ast-product-single-variable","19":"ast-product-tabs-layout-horizontal","21":"first","22":"instock","23":"taxable","24":"shipping-taxable","25":"purchasable","26":"product-type-variable"},"acf":[],"brizy_media":[{"id":394,"url":"https:\/\/wave-lovers.com\/wp-content\/uploads\/2021\/01\/E-Foil-Surf-in-Fuerteventura.png","name":"E-Foil-Surf-in-Fuerteventura.png","meta":{"brizy_attachment_uid":"wp-94c9cce8d679a7c3867d56ce02984e39.png","brizy_post_uid":["036f3c858f7493a96f1ecf6bf97c3739","a9cb51fc18b3a0e5c20b367b123782f1","4d07bf27702d9e74ca4c3511c74110e4","57a9f74eb861a76ebdbcd0ca0523c138"]}}],"_links":{"self":[{"href":"https:\/\/wave-lovers.com\/de\/wp-json\/wp\/v2\/product\/154182","targetHints":{"allow":["GET"]}}],"collection":[{"href":"https:\/\/wave-lovers.com\/de\/wp-json\/wp\/v2\/product"}],"about":[{"href":"https:\/\/wave-lovers.com\/de\/wp-json\/wp\/v2\/types\/product"}],"replies":[{"embeddable":true,"href":"https:\/\/wave-lovers.com\/de\/wp-json\/wp\/v2\/comments?post=154182"}],"wp:featuredmedia":[{"embeddable":true,"href":"https:\/\/wave-lovers.com\/de\/wp-json\/wp\/v2\/media\/170482"}],"wp:attachment":[{"href":"https:\/\/wave-lovers.com\/de\/wp-json\/wp\/v2\/media?parent=154182"}],"wp:term":[{"taxonomy":"product_brand","embeddable":true,"href":"https:\/\/wave-lovers.com\/de\/wp-json\/wp\/v2\/product_brand?post=154182"},{"taxonomy":"product_cat","embeddable":true,"href":"https:\/\/wave-lovers.com\/de\/wp-json\/wp\/v2\/product_cat?post=154182"},{"taxonomy":"product_tag","embeddable":true,"href":"https:\/\/wave-lovers.com\/de\/wp-json\/wp\/v2\/product_tag?post=154182"}],"curies":[{"name":"wp","href":"https:\/\/api.w.org\/{rel}","templated":true}]}}