{"id":148601,"date":"2024-03-01T16:33:17","date_gmt":"2024-03-01T15:33:17","guid":{"rendered":"https:\/\/wave-lovers.com\/?post_type=product&#038;p=148601"},"modified":"2024-12-04T23:00:05","modified_gmt":"2024-12-04T22:00:05","slug":"seanxt-elite-tauchscooter","status":"publish","type":"product","link":"https:\/\/wave-lovers.com\/de\/seanxt-elite-tauchscooter\/","title":{"rendered":"SeaNXT Elite Tauchscooter"},"content":{"rendered":"<h2>SeaNXT Elite Tauchscooter - INFORMATION<\/h2>\n<p><img decoding=\"async\" class=\"size-thumbnail wp-image-148605 alignright\" src=\"https:\/\/wave-lovers.com\/wp-content\/uploads\/2024\/03\/seanxt-elite-underwater-scooter-product-150x150.webp\" alt=\"\" width=\"150\" height=\"150\" srcset=\"https:\/\/wave-lovers.com\/wp-content\/uploads\/2024\/03\/seanxt-elite-underwater-scooter-product-150x150.webp 150w, https:\/\/wave-lovers.com\/wp-content\/uploads\/2024\/03\/seanxt-elite-underwater-scooter-product-300x300.webp 300w, https:\/\/wave-lovers.com\/wp-content\/uploads\/2024\/03\/seanxt-elite-underwater-scooter-product-100x100.webp 100w, https:\/\/wave-lovers.com\/wp-content\/uploads\/2024\/03\/seanxt-elite-underwater-scooter-product-32x32.webp 32w, https:\/\/wave-lovers.com\/wp-content\/uploads\/2024\/03\/seanxt-elite-underwater-scooter-product.webp 600w\" sizes=\"(max-width: 150px) 100vw, 150px\" \/><\/p>\n<p>Der SeaNXT Elite vereint Luxus und Leistung bis ins kleinste Detail und ist der einzige Unterwasserscooter auf dem Markt, der komplett aus Carbon gefertigt ist.<\/p>\n<p>Er verf\u00fcgt \u00fcber eine einzigartige Verbindungstechnologie, die es erm\u00f6glicht, die Steuergriffe in den Oberk\u00f6rper zu integrieren.<br \/>\nDie Kohlefaser des T-3000-Moduls bietet nicht nur ein einzigartiges High-End-Finish, sondern auch ein extrem niedriges Gewicht von 22 kg, eine hohe Steifigkeit, um mechanische Sch\u00e4den zu vermeiden, und einen echten franz\u00f6sischen Stil, der auf diesem Markt lange Zeit gefehlt hat.<\/p>\n<p>Das Carbon ist in 4 verschiedenen Farben erh\u00e4ltlich, um ein unverwechselbares und einzigartiges Finish zu erzielen.<\/p>\n<h3>DESIGN &amp; HYDRODYNAMIK<\/h3>\n<p><img decoding=\"async\" class=\"size-thumbnail wp-image-148614 alignright\" src=\"https:\/\/wave-lovers.com\/wp-content\/uploads\/2024\/03\/seanxt-elite-underwater-scooter-design-150x150.webp\" alt=\"\" width=\"100\" height=\"100\" srcset=\"https:\/\/wave-lovers.com\/wp-content\/uploads\/2024\/03\/seanxt-elite-underwater-scooter-design-150x150.webp 150w, https:\/\/wave-lovers.com\/wp-content\/uploads\/2024\/03\/seanxt-elite-underwater-scooter-design-300x300.webp 300w, https:\/\/wave-lovers.com\/wp-content\/uploads\/2024\/03\/seanxt-elite-underwater-scooter-design-100x100.webp 100w, https:\/\/wave-lovers.com\/wp-content\/uploads\/2024\/03\/seanxt-elite-underwater-scooter-design-32x32.webp 32w, https:\/\/wave-lovers.com\/wp-content\/uploads\/2024\/03\/seanxt-elite-underwater-scooter-design.webp 600w\" sizes=\"(max-width: 100px) 100vw, 100px\" \/>Nach Pr\u00fcfung aller auf dem Markt erh\u00e4tlichen Produkte stellte das Sea NXT\u00ae-Entwicklungsteam einen gro\u00dfen Mangel fest: Die Umwandlung von Leistung in lineare Geschwindigkeit war gering, da die Nase w\u00e4hrend der Benutzung immer nach oben zeigt. Dies war f\u00fcr den Benutzer unangenehm und f\u00fchrte zu einem erheblichen Leistungsverlust. Mit diesen Informationen im Hinterkopf schuf das Entwicklungsteam ein herausragendes neues Design, das in Bezug auf Hydrodynamik, Gesamtaussehen und Leistung un\u00fcbertroffen ist.<\/p>\n<p><strong>Einfach gro\u00dfartig!<\/strong><\/p>\n<h3>LIVE GPS NAVIGATION<\/h3>\n<p><img decoding=\"async\" class=\"size-thumbnail wp-image-148611 alignright\" src=\"https:\/\/wave-lovers.com\/wp-content\/uploads\/2024\/03\/seanxt-elite-underwater-scooter-navigation-150x150.webp\" alt=\"\" width=\"100\" height=\"100\" srcset=\"https:\/\/wave-lovers.com\/wp-content\/uploads\/2024\/03\/seanxt-elite-underwater-scooter-navigation-150x150.webp 150w, https:\/\/wave-lovers.com\/wp-content\/uploads\/2024\/03\/seanxt-elite-underwater-scooter-navigation-300x300.webp 300w, https:\/\/wave-lovers.com\/wp-content\/uploads\/2024\/03\/seanxt-elite-underwater-scooter-navigation-100x100.webp 100w, https:\/\/wave-lovers.com\/wp-content\/uploads\/2024\/03\/seanxt-elite-underwater-scooter-navigation-32x32.webp 32w, https:\/\/wave-lovers.com\/wp-content\/uploads\/2024\/03\/seanxt-elite-underwater-scooter-navigation.webp 600w\" sizes=\"(max-width: 100px) 100vw, 100px\" \/>Das SeaNXT-Team hat das erste Offline-Kartennavigationssystem eingef\u00fchrt, das auf dem Startbildschirm der Benutzeroberfl\u00e4che sichtbar ist.<\/p>\n<p>Wenn Sie Ihren Elite-Scooter benutzen, sehen Sie immer Ihre Position auf der Karte sowie die Startposition, an der das Ger\u00e4t gerade eingeschaltet wurde, so dass Sie sich nie verfahren k\u00f6nnen.<\/p>\n<h3>ADJUSTABLE CHARGER<\/h3>\n<p><img loading=\"lazy\" decoding=\"async\" class=\"size-thumbnail wp-image-148608 alignright\" src=\"https:\/\/wave-lovers.com\/wp-content\/uploads\/2024\/03\/seanxt-elite-underwater-scooter-charger-150x150.webp\" alt=\"\" width=\"100\" height=\"100\" srcset=\"https:\/\/wave-lovers.com\/wp-content\/uploads\/2024\/03\/seanxt-elite-underwater-scooter-charger-150x150.webp 150w, https:\/\/wave-lovers.com\/wp-content\/uploads\/2024\/03\/seanxt-elite-underwater-scooter-charger-300x300.webp 300w, https:\/\/wave-lovers.com\/wp-content\/uploads\/2024\/03\/seanxt-elite-underwater-scooter-charger-100x100.webp 100w, https:\/\/wave-lovers.com\/wp-content\/uploads\/2024\/03\/seanxt-elite-underwater-scooter-charger-32x32.webp 32w, https:\/\/wave-lovers.com\/wp-content\/uploads\/2024\/03\/seanxt-elite-underwater-scooter-charger.webp 600w\" sizes=\"(max-width: 100px) 100vw, 100px\" \/>Das SeaNXT-Ladeger\u00e4t bietet eine einstellbare Leistung zwischen 1 A und 15 A. Vergessen Sie optionale Schnellladeger\u00e4te als zus\u00e4tzliches Zubeh\u00f6r. Stellen Sie einfach den Kipphebel ein und Sie sehen den ge\u00e4nderten Ausgangsstrom auf dem Bildschirm.<\/p>\n<h2>SeaNXT Elite Tauchscooter - DETAILS<\/h2>\n<p>Material: Vollkarbon<br \/>\nMotor: Doppelmotor 2.2kw x2<br \/>\nAkku-Typ: Lithium (24Ah)<br \/>\nGewicht der Batterie: 8kg<br \/>\nMax. Schubkraft: 670N<br \/>\nH\u00f6chstgeschwindigkeit: 21 km\/h (im Shark-Modus)<br \/>\nTauchtiefe: 40m (kann stufenweise eingestellt werden)<br \/>\nAuftrieb: +3kg<br \/>\nAnzeige: LCD HD 5,5\" 13cm<br \/>\nModi: 4 (Hai, Sport, Kreuzfahrt, Eco)<br \/>\nMinimale Laufzeit: 37 min (20min im Shark-Modus + 17min im Eco-Modus)<br \/>\nMaximale Laufzeit: 120min (im ECO-Modus)<br \/>\nAufladezeit: 96min<br \/>\nLichter: Voll-LED-Signatur<br \/>\nLadeger\u00e4t: Variables Ladeger\u00e4t (Langsam-, Standard- und Schnellladung)<br \/>\nProduktgr\u00f6\u00dfe: 98x50x28 cm<br \/>\nGewicht: 23kg<br \/>\nGesamtgewicht: 38kg<\/p>\n<h2>SeaNXT Elite Tauchscooter - HIGHLIGHTS<\/h2>\n<p>- Vollkohlefaser-Karosserie, die ihm Steifigkeit, Z\u00e4higkeit und Anmut verleiht und gleichzeitig das Gewicht auf branchenf\u00fchrende 22 kg reduziert<br \/>\n- Doppelmotorantrieb f\u00fcr optimale Hydrodynamik und eine H\u00f6chstgeschwindigkeit von \u00fcber 21 km\/h<br \/>\n- 24-Ah-Akku f\u00fcr \u00fcber 2 Stunden Dauerbetrieb (im ECO-Modus)<br \/>\n- GPS-Navigation mit Live-Kartenanzeige auf dem Bildschirm<br \/>\n- einstellbares Ladeger\u00e4t von langsam bis schnell zum Schutz der Batterie<br \/>\n- feuerfeste Verpackung f\u00fcr die Sicherheit der Lithium-Batterie<\/p>\n","protected":false},"excerpt":{"rendered":"<p>Der weltweit erste Unterwasserscooter aus Vollcarbon besticht durch seinen au\u00dfergew\u00f6hnlichen High-End-Look, seine hervorragende Leistung und sein geringes Gewicht von nur 22 kg!<\/p>\n","protected":false},"featured_media":148632,"comment_status":"open","ping_status":"closed","template":"","meta":{"_acf_changed":false,"_editorskit_title_hidden":false,"_editorskit_reading_time":0,"_editorskit_is_block_options_detached":false,"_editorskit_block_options_position":"{}","site-sidebar-layout":"default","site-content-layout":"default","ast-site-content-layout":"default","site-content-style":"default","site-sidebar-style":"default","ast-global-header-display":"","ast-banner-title-visibility":"","ast-main-header-display":"","ast-hfb-above-header-display":"","ast-hfb-below-header-display":"","ast-hfb-mobile-header-display":"","site-post-title":"","ast-breadcrumbs-content":"","ast-featured-img":"","footer-sml-layout":"","ast-disable-related-posts":"","theme-transparent-header-meta":"default","adv-header-id-meta":"","stick-header-meta":"","header-above-stick-meta":"","header-main-stick-meta":"","header-below-stick-meta":"","astra-migrate-meta-layouts":"set","ast-page-background-enabled":"default","ast-page-background-meta":{"desktop":{"background-color":"","background-image":"","background-repeat":"repeat","background-position":"center center","background-size":"auto","background-attachment":"scroll","background-type":"","background-media":"","overlay-type":"","overlay-color":"","overlay-opacity":"","overlay-gradient":""},"tablet":{"background-color":"","background-image":"","background-repeat":"repeat","background-position":"center center","background-size":"auto","background-attachment":"scroll","background-type":"","background-media":"","overlay-type":"","overlay-color":"","overlay-opacity":"","overlay-gradient":""},"mobile":{"background-color":"","background-image":"","background-repeat":"repeat","background-position":"center center","background-size":"auto","background-attachment":"scroll","background-type":"","background-media":"","overlay-type":"","overlay-color":"","overlay-opacity":"","overlay-gradient":""}},"ast-content-background-meta":{"desktop":{"background-color":"var(--ast-global-color-5)","background-image":"","background-repeat":"repeat","background-position":"center center","background-size":"auto","background-attachment":"scroll","background-type":"","background-media":"","overlay-type":"","overlay-color":"","overlay-opacity":"","overlay-gradient":""},"tablet":{"background-color":"var(--ast-global-color-5)","background-image":"","background-repeat":"repeat","background-position":"center center","background-size":"auto","background-attachment":"scroll","background-type":"","background-media":"","overlay-type":"","overlay-color":"","overlay-opacity":"","overlay-gradient":""},"mobile":{"background-color":"var(--ast-global-color-5)","background-image":"","background-repeat":"repeat","background-position":"center center","background-size":"auto","background-attachment":"scroll","background-type":"","background-media":"","overlay-type":"","overlay-color":"","overlay-opacity":"","overlay-gradient":""}},"_jf_save_progress":""},"product_brand":[],"product_cat":[111,121],"product_tag":[],"class_list":{"0":"post-148601","1":"product","2":"type-product","3":"status-publish","4":"has-post-thumbnail","6":"product_cat-verkauf","7":"product_cat-unterwasser-scooter-de","8":"product_shipping_class-lg-de","9":"desktop-align-center","10":"tablet-align-center","11":"mobile-align-center","12":"ast-product-gallery-layout-horizontal","13":"ast-magnify-disabled","14":"ast-product-single-variable","15":"ast-product-tabs-layout-horizontal","17":"first","18":"instock","19":"taxable","20":"shipping-taxable","21":"purchasable","22":"product-type-variable"},"acf":[],"brizy_media":[],"_links":{"self":[{"href":"https:\/\/wave-lovers.com\/de\/wp-json\/wp\/v2\/product\/148601","targetHints":{"allow":["GET"]}}],"collection":[{"href":"https:\/\/wave-lovers.com\/de\/wp-json\/wp\/v2\/product"}],"about":[{"href":"https:\/\/wave-lovers.com\/de\/wp-json\/wp\/v2\/types\/product"}],"replies":[{"embeddable":true,"href":"https:\/\/wave-lovers.com\/de\/wp-json\/wp\/v2\/comments?post=148601"}],"wp:featuredmedia":[{"embeddable":true,"href":"https:\/\/wave-lovers.com\/de\/wp-json\/wp\/v2\/media\/148632"}],"wp:attachment":[{"href":"https:\/\/wave-lovers.com\/de\/wp-json\/wp\/v2\/media?parent=148601"}],"wp:term":[{"taxonomy":"product_brand","embeddable":true,"href":"https:\/\/wave-lovers.com\/de\/wp-json\/wp\/v2\/product_brand?post=148601"},{"taxonomy":"product_cat","embeddable":true,"href":"https:\/\/wave-lovers.com\/de\/wp-json\/wp\/v2\/product_cat?post=148601"},{"taxonomy":"product_tag","embeddable":true,"href":"https:\/\/wave-lovers.com\/de\/wp-json\/wp\/v2\/product_tag?post=148601"}],"curies":[{"name":"wp","href":"https:\/\/api.w.org\/{rel}","templated":true}]}}