{"id":133624,"date":"2021-04-29T12:23:07","date_gmt":"2021-04-29T10:23:07","guid":{"rendered":"https:\/\/wave-lovers.com\/try-buy\/"},"modified":"2024-03-11T15:31:41","modified_gmt":"2024-03-11T14:31:41","slug":"try-buy","status":"publish","type":"product","link":"https:\/\/wave-lovers.com\/de\/try-buy\/","title":{"rendered":"TRY &#038; BUY Option"},"content":{"rendered":"<p>Sie m\u00f6chten Ihr Wassersportger\u00e4t erst einmal ausprobieren und dann entscheiden, welches Sie kaufen m\u00f6chten? Kein Problem! Die Try &amp; Buy-Option ist f\u00fcr viele unserer Produkte verf\u00fcgbar. Sie zahlen 250 \u20ac und erhalten einen 250 \u20ac Gutschein f\u00fcr Ihren n\u00e4chsten Einkauf.<\/p>\n<p>Sobald Sie die Try &amp; Buy-Option f\u00fcr Ihr favorisiertes Produkt gebucht haben, organisieren wir Ihr pers\u00f6nliches und exklusives TEST EVENT! W\u00e4hrend dieses Events k\u00f6nnen Sie Ihr Produkt unter unserer Anleitung ausgiebig und hochprofessionell testen! Sie erhalten detaillierte Informationen \u00fcber das Produkt und seine Eigenschaften. Sie lernen, Ihr Wassersportger\u00e4t selbst LIVE im Meer zu benutzen und so das Beste aus Ihrer Zeit zu machen! Ob Sie alleine zu Ihrem pers\u00f6nlichen Testevent kommen oder mit der ganzen Familie, Sie werden gemeinsam eine tolle Zeit haben.<\/p>\n<p><strong>Was ist enthalten?<\/strong><br \/>\n- Testveranstaltung (ca. 1,5h)<br \/>\n- Professionelle Produkterkl\u00e4rung<br \/>\n- Instruktor<br \/>\n- 250 \u20ac Gutschein<br \/>\n- Positive Vibes \ud83d\ude09<\/p>\n<p><strong>Was nicht enthalten ist:<\/strong><br \/>\n- Ihre Reisezeit und -kosten<\/p>\n<p><strong>Wo findet Ihr pers\u00f6nliches Test-Event statt?<\/strong><br \/>\nNach Ihrer Bestellung werden wir Sie per Telefon oder Whatsapp kontaktieren. Gemeinsam vereinbaren wir die beste Zeit und den besten Ort f\u00fcr Ihr Testevent.<\/p>\n<p><strong>Wie funktioniert der Gutschein?<\/strong><br \/>\nSobald Sie die Try &amp; Buy-Option von 250 \u20ac bezahlt haben, erhalten Sie eine Rechnung per E-Mail. Bei Vorlage dieser Rechnung erhalten Sie einen Rabatt von 250 \u20ac auf den Kauf eines unserer entsprechend gekennzeichneten Produkte. Wenn Sie das Produkt und die entsprechende Try &amp; Buy-Option gleichzeitig kaufen, geben wir Ihnen den Rabatt von 250 \u20ac sofort auf der Rechnung, die Sie von uns f\u00fcr Ihr ausgew\u00e4hltes Produkt erhalten.<\/p>\n<p><strong>Wichtiger Hinweis:<\/strong><br \/>\nEine Weitergabe an Dritte ist nicht m\u00f6glich. Ihr Try &amp; Buy-Gutschein kann nur zum Einl\u00f6sen desselben Produkts verwendet werden. D.h. ein Try &amp; Buy-Gutschein f\u00fcr einen Waydoo Flyer One kann nicht f\u00fcr den Kauf eines iAQUA-Wasserscooters verwendet werden und umgekehrt. Pro Kauf eines Produktes, das Sie getestet haben, kann nur ein Gutschein eingel\u00f6st werden. Der Gutschein verf\u00e4llt 3 Monate, nachdem Sie das Produkt getestet haben.<\/p>\n","protected":false},"excerpt":{"rendered":"<p>Sie zahlen 250 \u20ac und erhalten einen Gutschein im Wert von 250 \u20ac f\u00fcr den Kauf des von Ihnen ausgew\u00e4hlten Produkts. (Gilt nur f\u00fcr die Balearischen Inseln und Umgebung).<\/p>\n","protected":false},"featured_media":95251,"comment_status":"open","ping_status":"closed","template":"","meta":{"_acf_changed":false,"_editorskit_title_hidden":false,"_editorskit_reading_time":0,"_editorskit_is_block_options_detached":false,"_editorskit_block_options_position":"{}","site-sidebar-layout":"default","site-content-layout":"default","ast-site-content-layout":"default","site-content-style":"default","site-sidebar-style":"default","ast-global-header-display":"","ast-banner-title-visibility":"","ast-main-header-display":"","ast-hfb-above-header-display":"","ast-hfb-below-header-display":"","ast-hfb-mobile-header-display":"","site-post-title":"","ast-breadcrumbs-content":"","ast-featured-img":"","footer-sml-layout":"","ast-disable-related-posts":"","theme-transparent-header-meta":"default","adv-header-id-meta":"","stick-header-meta":"","header-above-stick-meta":"","header-main-stick-meta":"","header-below-stick-meta":"","astra-migrate-meta-layouts":"set","ast-page-background-enabled":"default","ast-page-background-meta":{"desktop":{"background-color":"","background-image":"","background-repeat":"repeat","background-position":"center center","background-size":"auto","background-attachment":"scroll","background-type":"","background-media":"","overlay-type":"","overlay-color":"","overlay-opacity":"","overlay-gradient":""},"tablet":{"background-color":"","background-image":"","background-repeat":"repeat","background-position":"center center","background-size":"auto","background-attachment":"scroll","background-type":"","background-media":"","overlay-type":"","overlay-color":"","overlay-opacity":"","overlay-gradient":""},"mobile":{"background-color":"","background-image":"","background-repeat":"repeat","background-position":"center center","background-size":"auto","background-attachment":"scroll","background-type":"","background-media":"","overlay-type":"","overlay-color":"","overlay-opacity":"","overlay-gradient":""}},"ast-content-background-meta":{"desktop":{"background-color":"var(--ast-global-color-5)","background-image":"","background-repeat":"repeat","background-position":"center center","background-size":"auto","background-attachment":"scroll","background-type":"","background-media":"","overlay-type":"","overlay-color":"","overlay-opacity":"","overlay-gradient":""},"tablet":{"background-color":"var(--ast-global-color-5)","background-image":"","background-repeat":"repeat","background-position":"center center","background-size":"auto","background-attachment":"scroll","background-type":"","background-media":"","overlay-type":"","overlay-color":"","overlay-opacity":"","overlay-gradient":""},"mobile":{"background-color":"var(--ast-global-color-5)","background-image":"","background-repeat":"repeat","background-position":"center center","background-size":"auto","background-attachment":"scroll","background-type":"","background-media":"","overlay-type":"","overlay-color":"","overlay-opacity":"","overlay-gradient":""}},"_jf_save_progress":""},"product_brand":[],"product_cat":[112,60,111,40],"product_tag":[],"class_list":{"0":"post-133624","1":"product","2":"type-product","3":"status-publish","4":"has-post-thumbnail","6":"product_cat-try-and-buy-de","7":"product_cat-buy","8":"product_cat-verkauf","9":"product_cat-try-and-buy","10":"desktop-align-center","11":"tablet-align-center","12":"mobile-align-center","13":"ast-product-gallery-layout-horizontal","14":"ast-product-gallery-with-no-image","15":"ast-magnify-disabled","16":"ast-product-single-variable","17":"ast-product-tabs-layout-horizontal","19":"first","20":"instock","21":"taxable","22":"shipping-taxable","23":"purchasable","24":"product-type-variable"},"acf":[],"brizy_media":[],"_links":{"self":[{"href":"https:\/\/wave-lovers.com\/de\/wp-json\/wp\/v2\/product\/133624","targetHints":{"allow":["GET"]}}],"collection":[{"href":"https:\/\/wave-lovers.com\/de\/wp-json\/wp\/v2\/product"}],"about":[{"href":"https:\/\/wave-lovers.com\/de\/wp-json\/wp\/v2\/types\/product"}],"replies":[{"embeddable":true,"href":"https:\/\/wave-lovers.com\/de\/wp-json\/wp\/v2\/comments?post=133624"}],"wp:featuredmedia":[{"embeddable":true,"href":"https:\/\/wave-lovers.com\/de\/wp-json\/wp\/v2\/media\/95251"}],"wp:attachment":[{"href":"https:\/\/wave-lovers.com\/de\/wp-json\/wp\/v2\/media?parent=133624"}],"wp:term":[{"taxonomy":"product_brand","embeddable":true,"href":"https:\/\/wave-lovers.com\/de\/wp-json\/wp\/v2\/product_brand?post=133624"},{"taxonomy":"product_cat","embeddable":true,"href":"https:\/\/wave-lovers.com\/de\/wp-json\/wp\/v2\/product_cat?post=133624"},{"taxonomy":"product_tag","embeddable":true,"href":"https:\/\/wave-lovers.com\/de\/wp-json\/wp\/v2\/product_tag?post=133624"}],"curies":[{"name":"wp","href":"https:\/\/api.w.org\/{rel}","templated":true}]}}