{"id":133374,"date":"2024-01-24T11:02:25","date_gmt":"2024-01-24T10:02:25","guid":{"rendered":"https:\/\/wave-lovers.com\/?post_type=product&#038;p=133374"},"modified":"2024-02-04T11:53:49","modified_gmt":"2024-02-04T10:53:49","slug":"paarflug-menorca","status":"publish","type":"product","link":"https:\/\/wave-lovers.com\/de\/paarflug-menorca\/","title":{"rendered":"Paarflug Menorca"},"content":{"rendered":"<h2><strong>E-FOIL AKADEMIE MENORCA | Paarflug<\/strong><\/h2>\n<p>Lerne mit deinem Partner, deinem Freund oder deiner Freundin gemeinsam das E-Foil Surfen \u00fcber den Wellen Mallorcas. Jeder erh\u00e4lt dabei ein eigenes E-Foil Surfbrett und beide Teilnehmer lernen das Surfen gleichzeitig. Ein erfahrener Instrukteur begleitet euch und gibt euch permanent wertvolle Hinweise auf dem Meer.<\/p>\n<h3><strong>ANFORDERUNGEN:<\/strong><\/h3>\n<ul>\n<li>Personalausweis\/Reisepass<\/li>\n<li>Heimat-\/lokale Adresse (z. B. Hotel)<\/li>\n<\/ul>\n<p><strong>INBEGRIFFEN:<\/strong> Privatunterricht mit professionellen E-Foil-Instruktoren, Mindest. 1 Stunde Unterricht pro Person (effektiv) auf dem Wasser, 2 Efoil-Surfbretter, Schwimmweste, voll geladener Akku, Videos &amp; Bilder inklusive.<\/p>\n<p><strong>NICHT ENTHALTEN: <\/strong>Zus\u00e4tzliche Batterie<\/p>\n<p><strong>WAS ZU BRINGEN: <\/strong>Sonnencreme, Getr\u00e4nke, positive Stimmung<\/p>\n<p><strong>TREFFPUNKT:<\/strong> Da wir dir das beste E-Foil-Erlebnis bieten m\u00f6chten, findet deine Session in den sch\u00f6nsten Buchten in deiner N\u00e4he statt. Aber aufgrund der Wetterbedingungen kann sich dieser Ort kurzfristig \u00e4ndern. Bitte trete daher sp\u00e4testens innerhalb von 24 Stunden vor dem vereinbarten Termin mit uns in Kontakt. Vielen Dank!<\/p>\n<p>Austragungsort (sofern nicht anders vereinbart): <a href=\"https:\/\/maps.app.goo.gl\/S7iAt66GzND2jxnh6\" rel=\"noopener\">Bah\u00eda de Fornells<\/a><\/p>\n<p><strong>ZEITEN: <\/strong>100% Flexibel. Bitte buche deinen e-foil Academy Kurs direkt online.<\/p>\n<p><strong>STORNIERUNG:<\/strong> Wenn die Sitzung aufgrund schlechter Wetterbedingungen nicht stattfinden kann, erh\u00e4lt der Teilnehmer eine 100%ige R\u00fcckerstattung der Zahlung ODER hat die M\u00f6glichkeit, den Tag des E-Foiling-Erlebnisses zu \u00e4ndern<\/p>\n","protected":false},"excerpt":{"rendered":"<p><strong><u>INKLUSIVE<\/u><\/strong><\/p>\n<ul>\n<li><strong>1 Std. Kurs + 1 Std. Surfzeit<\/strong> (pro Person)<\/li>\n<li><strong>2 E-FOIL Surfbretter<\/strong><\/li>\n<li>Start an einem Strand in der N\u00e4he<\/li>\n<li>Bilder &amp; Videos<\/li>\n<\/ul>\n","protected":false},"featured_media":95512,"comment_status":"open","ping_status":"closed","template":"","meta":{"_acf_changed":false,"_editorskit_title_hidden":false,"_editorskit_reading_time":0,"_editorskit_is_block_options_detached":false,"_editorskit_block_options_position":"{}","site-sidebar-layout":"default","site-content-layout":"default","ast-site-content-layout":"default","site-content-style":"default","site-sidebar-style":"default","ast-global-header-display":"","ast-banner-title-visibility":"","ast-main-header-display":"","ast-hfb-above-header-display":"","ast-hfb-below-header-display":"","ast-hfb-mobile-header-display":"","site-post-title":"","ast-breadcrumbs-content":"","ast-featured-img":"","footer-sml-layout":"","ast-disable-related-posts":"","theme-transparent-header-meta":"default","adv-header-id-meta":"","stick-header-meta":"","header-above-stick-meta":"","header-main-stick-meta":"","header-below-stick-meta":"","astra-migrate-meta-layouts":"set","ast-page-background-enabled":"default","ast-page-background-meta":{"desktop":{"background-color":"","background-image":"","background-repeat":"repeat","background-position":"center center","background-size":"auto","background-attachment":"scroll","background-type":"","background-media":"","overlay-type":"","overlay-color":"","overlay-opacity":"","overlay-gradient":""},"tablet":{"background-color":"","background-image":"","background-repeat":"repeat","background-position":"center center","background-size":"auto","background-attachment":"scroll","background-type":"","background-media":"","overlay-type":"","overlay-color":"","overlay-opacity":"","overlay-gradient":""},"mobile":{"background-color":"","background-image":"","background-repeat":"repeat","background-position":"center center","background-size":"auto","background-attachment":"scroll","background-type":"","background-media":"","overlay-type":"","overlay-color":"","overlay-opacity":"","overlay-gradient":""}},"ast-content-background-meta":{"desktop":{"background-color":"var(--ast-global-color-5)","background-image":"","background-repeat":"repeat","background-position":"center center","background-size":"auto","background-attachment":"scroll","background-type":"","background-media":"","overlay-type":"","overlay-color":"","overlay-opacity":"","overlay-gradient":""},"tablet":{"background-color":"var(--ast-global-color-5)","background-image":"","background-repeat":"repeat","background-position":"center center","background-size":"auto","background-attachment":"scroll","background-type":"","background-media":"","overlay-type":"","overlay-color":"","overlay-opacity":"","overlay-gradient":""},"mobile":{"background-color":"var(--ast-global-color-5)","background-image":"","background-repeat":"repeat","background-position":"center center","background-size":"auto","background-attachment":"scroll","background-type":"","background-media":"","overlay-type":"","overlay-color":"","overlay-opacity":"","overlay-gradient":""}},"_jf_save_progress":""},"product_brand":[],"product_cat":[68,66,3901,4087],"product_tag":[],"class_list":{"0":"post-133374","1":"product","2":"type-product","3":"status-publish","4":"has-post-thumbnail","6":"product_cat-e-foil-akademie-de","7":"product_cat-efoil-academy","8":"product_cat-menorca","10":"desktop-align-center","11":"tablet-align-center","12":"mobile-align-center","13":"ast-product-gallery-layout-horizontal","14":"ast-magnify-disabled","15":"ast-product-tabs-layout-horizontal","17":"first","18":"instock","19":"virtual","20":"taxable","21":"purchasable","22":"product-type-simple"},"acf":[],"brizy_media":[],"_links":{"self":[{"href":"https:\/\/wave-lovers.com\/de\/wp-json\/wp\/v2\/product\/133374","targetHints":{"allow":["GET"]}}],"collection":[{"href":"https:\/\/wave-lovers.com\/de\/wp-json\/wp\/v2\/product"}],"about":[{"href":"https:\/\/wave-lovers.com\/de\/wp-json\/wp\/v2\/types\/product"}],"replies":[{"embeddable":true,"href":"https:\/\/wave-lovers.com\/de\/wp-json\/wp\/v2\/comments?post=133374"}],"wp:featuredmedia":[{"embeddable":true,"href":"https:\/\/wave-lovers.com\/de\/wp-json\/wp\/v2\/media\/95512"}],"wp:attachment":[{"href":"https:\/\/wave-lovers.com\/de\/wp-json\/wp\/v2\/media?parent=133374"}],"wp:term":[{"taxonomy":"product_brand","embeddable":true,"href":"https:\/\/wave-lovers.com\/de\/wp-json\/wp\/v2\/product_brand?post=133374"},{"taxonomy":"product_cat","embeddable":true,"href":"https:\/\/wave-lovers.com\/de\/wp-json\/wp\/v2\/product_cat?post=133374"},{"taxonomy":"product_tag","embeddable":true,"href":"https:\/\/wave-lovers.com\/de\/wp-json\/wp\/v2\/product_tag?post=133374"}],"curies":[{"name":"wp","href":"https:\/\/api.w.org\/{rel}","templated":true}]}}