{"id":129623,"date":"2023-03-02T20:15:58","date_gmt":"2023-03-02T19:15:58","guid":{"rendered":"https:\/\/wave-lovers.com\/asap-wave-jam-91-electric-jetboard\/"},"modified":"2024-03-11T15:31:41","modified_gmt":"2024-03-11T14:31:41","slug":"asap-wave-jam-91-elektrisches-jetboard","status":"publish","type":"product","link":"https:\/\/wave-lovers.com\/de\/asap-wave-jam-91-elektrisches-jetboard\/","title":{"rendered":"ASAP Wave Jam 91 Elektrisches Jetboard"},"content":{"rendered":"<h2><strong>ASAP Wave Jam 91 Elektrisches Jetboard<br \/>\n<\/strong><\/h2>\n<p>Das Wave Jam 91 Elektro-Jetboard von ASAP Water Crafts bietet Ihnen mehr als genug Fahrzeit, um das Vergn\u00fcgen des Elektro-Bodyboardens zu erleben.<\/p>\n<p>Wave Jam ist f\u00fcr den puren Nervenkitzel im Wasser konzipiert. Das ultimative Familien-Jetboard, mit dem Sie durch das Wasser sausen oder Schlauchboote ziehen k\u00f6nnen. Sie m\u00fcssen nur wissen, ob Sie sich f\u00fcr die gro\u00dfe Batterie 156 mit verl\u00e4ngerter Laufzeit oder die leichtere 91er-Batterieoption entscheiden.<\/p>\n<h3>A NEW WAY TO DISCOVER<\/h3>\n<p>Elektrisch! Vergessen Sie Fahrten zur Tankstelle, Umweltverschmutzung oder stinkende Abgase.<br \/>\nLeistungsstark! Klein und doch m\u00e4chtig. Die Boards sind dank ihres beeindruckenden Verh\u00e4ltnisses von Drehmoment und Leistung hervorragend zum Schleppen geeignet.<br \/>\n\u00dcberall starten! Dank des geringen Gewichts k\u00f6nnen Sie fast \u00fcberall starten und das Board einfach auf dem R\u00fccken zum Wasser tragen.<br \/>\nHochwertige Batterie! Es werden die neuesten Akkuzellen verwendet, um die beste Laufzeit zu bieten. Das effiziente elektronische Design sorgt daf\u00fcr, dass Ihr Akku gesund bleibt und lange h\u00e4lt.<br \/>\nLeise! Genie\u00dfen Sie das Ger\u00e4usch des Wassers und der Natur, nicht das eines lauten Motors.<br \/>\nFamilienfreundlich: Aufspringen, Gas geben und losfahren. Intuitiv zu fahren, so dass keine Fahrstunden erforderlich sind und das Boot f\u00fcr die ganze Familie geeignet ist.<br \/>\nKeine Wartung! Verbringen Sie mehr Zeit auf dem Wasser und weniger Zeit damit, Dinge zu reparieren. Mit nur einem beweglichen Teil ist unser elektrischer Antrieb nahezu wartungsfrei. Einfach mit frischem Wasser absp\u00fclen und entspannen.<br \/>\nZubeh\u00f6r! Von Transportkoffern \u00fcber superschnelle Ladeger\u00e4te bis hin zu R\u00e4dern - Es gibt eine Reihe von Zubeh\u00f6rteilen, mit denen Sie das Beste aus Ihrem Jetboard herausholen k\u00f6nnen.<\/p>\n<h3><strong>WAS GEH\u00d6RT ZUM LIEFERUMFANG?<\/strong><\/h3>\n<ul>\n<li>Bodyboard<\/li>\n<li>9 A Standard Ladeger\u00e4t<\/li>\n<\/ul>\n<h3><strong>TECHNISCHE DETAILS<\/strong><\/h3>\n<ul>\n<li>Gewicht: 20kgs<\/li>\n<li>Top Speed: 16km\/h<\/li>\n<li>Power: 5kW Spitze<\/li>\n<li>Laufzeit: 30-40min<\/li>\n<li>Schnellladen (0-100%): 60mins<\/li>\n<li>Standard (0-100%): 4hrs<\/li>\n<li>Ma\u00dfe: 145x60x28cm<\/li>\n<li>Akku: 50V Lithium-ion, 0,73kWh, 15,6 Ah<\/li>\n<li>Farben: Blau\/Orange<\/li>\n<li>G\u00e4nge: 3<\/li>\n<li>Motor performance: 5kW\/5000rpm<\/li>\n<li>Body: fester Schaumstoff<\/li>\n<li>LED display<\/li>\n<\/ul>\n","protected":false},"excerpt":{"rendered":"<p>Dieses Jetboard ist die leichteste Version der Produktpalette und bietet eine Laufzeit von ca. 30-40 min.<\/p>\n","protected":false},"featured_media":95872,"comment_status":"open","ping_status":"closed","template":"","meta":{"_acf_changed":false,"_editorskit_title_hidden":false,"_editorskit_reading_time":0,"_editorskit_is_block_options_detached":false,"_editorskit_block_options_position":"{}","site-sidebar-layout":"default","site-content-layout":"default","ast-site-content-layout":"default","site-content-style":"default","site-sidebar-style":"default","ast-global-header-display":"","ast-banner-title-visibility":"","ast-main-header-display":"","ast-hfb-above-header-display":"","ast-hfb-below-header-display":"","ast-hfb-mobile-header-display":"","site-post-title":"disabled","ast-breadcrumbs-content":"","ast-featured-img":"","footer-sml-layout":"","ast-disable-related-posts":"","theme-transparent-header-meta":"default","adv-header-id-meta":"","stick-header-meta":"","header-above-stick-meta":"","header-main-stick-meta":"","header-below-stick-meta":"","astra-migrate-meta-layouts":"set","ast-page-background-enabled":"default","ast-page-background-meta":{"desktop":{"background-color":"","background-image":"","background-repeat":"repeat","background-position":"center center","background-size":"auto","background-attachment":"scroll","background-type":"","background-media":"","overlay-type":"","overlay-color":"","overlay-opacity":"","overlay-gradient":""},"tablet":{"background-color":"","background-image":"","background-repeat":"repeat","background-position":"center center","background-size":"auto","background-attachment":"scroll","background-type":"","background-media":"","overlay-type":"","overlay-color":"","overlay-opacity":"","overlay-gradient":""},"mobile":{"background-color":"","background-image":"","background-repeat":"repeat","background-position":"center center","background-size":"auto","background-attachment":"scroll","background-type":"","background-media":"","overlay-type":"","overlay-color":"","overlay-opacity":"","overlay-gradient":""}},"ast-content-background-meta":{"desktop":{"background-color":"var(--ast-global-color-5)","background-image":"","background-repeat":"repeat","background-position":"center center","background-size":"auto","background-attachment":"scroll","background-type":"","background-media":"","overlay-type":"","overlay-color":"","overlay-opacity":"","overlay-gradient":""},"tablet":{"background-color":"var(--ast-global-color-5)","background-image":"","background-repeat":"repeat","background-position":"center center","background-size":"auto","background-attachment":"scroll","background-type":"","background-media":"","overlay-type":"","overlay-color":"","overlay-opacity":"","overlay-gradient":""},"mobile":{"background-color":"var(--ast-global-color-5)","background-image":"","background-repeat":"repeat","background-position":"center center","background-size":"auto","background-attachment":"scroll","background-type":"","background-media":"","overlay-type":"","overlay-color":"","overlay-opacity":"","overlay-gradient":""}},"_jf_save_progress":""},"product_brand":[],"product_cat":[559,22],"product_tag":[],"class_list":{"0":"post-129623","1":"product","2":"type-product","3":"status-publish","4":"has-post-thumbnail","6":"product_cat-e-jet-de","7":"product_cat-electric-jet-surfboard","8":"product_shipping_class-lg-de","9":"desktop-align-center","10":"tablet-align-center","11":"mobile-align-center","12":"ast-product-gallery-layout-horizontal","13":"ast-magnify-disabled","14":"ast-product-tabs-layout-horizontal","16":"first","17":"instock","18":"taxable","19":"shipping-taxable","20":"purchasable","21":"product-type-simple"},"acf":[],"brizy_media":[],"_links":{"self":[{"href":"https:\/\/wave-lovers.com\/de\/wp-json\/wp\/v2\/product\/129623","targetHints":{"allow":["GET"]}}],"collection":[{"href":"https:\/\/wave-lovers.com\/de\/wp-json\/wp\/v2\/product"}],"about":[{"href":"https:\/\/wave-lovers.com\/de\/wp-json\/wp\/v2\/types\/product"}],"replies":[{"embeddable":true,"href":"https:\/\/wave-lovers.com\/de\/wp-json\/wp\/v2\/comments?post=129623"}],"wp:featuredmedia":[{"embeddable":true,"href":"https:\/\/wave-lovers.com\/de\/wp-json\/wp\/v2\/media\/95872"}],"wp:attachment":[{"href":"https:\/\/wave-lovers.com\/de\/wp-json\/wp\/v2\/media?parent=129623"}],"wp:term":[{"taxonomy":"product_brand","embeddable":true,"href":"https:\/\/wave-lovers.com\/de\/wp-json\/wp\/v2\/product_brand?post=129623"},{"taxonomy":"product_cat","embeddable":true,"href":"https:\/\/wave-lovers.com\/de\/wp-json\/wp\/v2\/product_cat?post=129623"},{"taxonomy":"product_tag","embeddable":true,"href":"https:\/\/wave-lovers.com\/de\/wp-json\/wp\/v2\/product_tag?post=129623"}],"curies":[{"name":"wp","href":"https:\/\/api.w.org\/{rel}","templated":true}]}}