{"id":129591,"date":"2021-03-22T17:04:49","date_gmt":"2021-03-22T16:04:49","guid":{"rendered":"https:\/\/wave-lovers.com\/sipaboards-drive-tourer\/"},"modified":"2024-03-11T15:31:41","modified_gmt":"2024-03-11T14:31:41","slug":"sipaboards-drive-tourer","status":"publish","type":"product","link":"https:\/\/wave-lovers.com\/de\/sipaboards-drive-tourer\/","title":{"rendered":"Sipaboards Drive Tourer"},"content":{"rendered":"<h2>SIPABOARD Drive Tourer Elektrische Stand Up Paddle Boards (E-SUPs)<\/h2>\n<p>Das Sipaboard Drive Tourer ist ein selbstaufblasendes, elektrisches Stand Up Paddle Board, das daf\u00fcr gemacht ist, Sie auf die l\u00e4ngsten Fahrten mitzunehmen, egal auf welchem Wasser Sie unterwegs sind. Steif und wendig mit einer scharfen Nase, schneidet es durch das Wasser und treibt Sie mit Geschwindigkeit und Stabilit\u00e4t an. Das SipaBoard Drive Tourer ist ein Board, das f\u00fcr mehr gebaut ist: schneller, leichter und l\u00e4nger als andere Drive Sipaboard Modelle. Das Sipa Drive Tourer erreicht eine Geschwindigkeit von bis zu 7 Stundenkilometern und bietet noch mehr Leistung, so dass deine Fahrten zu echten Erkundungstouren werden und du die geheimen Orte \u00fcberall entdecken kannst. Willkommen bei der neuen Technologiemarke, die die besten selbstaufblasenden elektrischen Stand Up Paddle Boards bauen konnte.<\/p>\n<hr \/>\n<h3 data-collapsible=\"on\"><strong>WAS IST DABEI wenn Sie ein elektrisches Paddelboard von SIPABOARD kaufen?<\/strong><\/h3>\n<p>Sipaboard Paddel Carbon enthalten (normalerweise ist der Preis 299\u20ac)<br \/>\n12\u2032 MSL aufblasbares Standup-Paddle-Board mit Dropstitch<br \/>\nVollst\u00e4ndig integriertes Strahltriebwerk und eingebauter Kompressor - der Sipa Drive<br \/>\nKabellose Paddel-Mount-Fernbedienung<br \/>\nAkkupack f\u00fcr den Sipa Drive und Ladekabel<br \/>\nDeluxe-Tragerucksack<br \/>\nTragegurt f\u00fcr das Board<br \/>\nVordere und hintere Tragegriffe<br \/>\n10' aufgewickelte Sicherheitsleine<br \/>\nKostenlose Mobile App<\/p>\n<hr \/>\n<h3>SPEZIFIKATIONEN<\/h3>\n<p>&nbsp;<\/p>\n<p><strong>Ma\u00dfe<\/strong><\/p>\n<p>L\u00e4nge: 12 Fu\u00df (3,65 m)<br \/>\nBreite: 32,2 Zoll (82 cm)<br \/>\nDicke: 6 Zoll (15 cm)<br \/>\nVolumen: 320 l<\/p>\n<p><strong>Gewicht<\/strong><\/p>\n<p>Gewicht des Boards mit Motor: 12,95 kg<br \/>\nGewicht des Boards ohne Motor: 8,7 kg<\/p>\n<p><strong>Weiteres<\/strong><\/p>\n<p>Reichweite: Bietet ca. 3 Stunden Hilfe beim Paddeln mit einer Reisegeschwindigkeit von 2 Knoten<br \/>\nGewicht Fahrer: Ideal f\u00fcr unter 200 lbs, aber leicht beherbergt Paddelboarder bis zu 225<br \/>\nlbs (2 Personen an Bord)<\/p>\n<hr \/>\n<h3><strong>WEITERE INFORMATION <\/strong><\/h3>\n<p>Gebaut f\u00fcr Geschwindigkeit, Touren und die Erkundung der K\u00fcstenlinie. Das Tourer ist ein schlankes 12'0\" Board mit Speerspitze, das mit Lastriemen, zwei seitlich angebrachten D-Ringen und einem hinten angebrachten D-Ring ausgestattet ist.<\/p>\n<p>Sipaboards sind so konzipiert, dass sie ein sicheres und verbessertes Fahrerlebnis mit zus\u00e4tzlicher Kontrolle \u00fcber das Board bieten, um dem Fahrer die ultimative Kontrolle bei unterschiedlichen Paddelbedingungen zu gew\u00e4hrleisten. Der eingebaute Kompressor bl\u00e4st das Board in 5-7 Minuten auf den optimalen Druck auf. In Verbindung mit einer Bluetooth-Fernbedienung, die an jedem Paddel angebracht werden kann, kann der Fahrer den Aufblaszyklus starten, die Geschwindigkeit seines Boards regulieren und die LED-Lichter ein- und ausschalten, um ein einzigartiges Paddelerlebnis bei Nacht zu erm\u00f6glichen.<\/p>\n<p>Die Sipa Drive Boards werden von einer 144-Wh-Batterie in einem wasserdichten Geh\u00e4use angetrieben und bieten 1-4 Stunden Betriebszeit und Geschwindigkeiten bis zu 7 km\/h.<\/p>\n<p>Die Sipaboard Drive Tourer (Electric Stand Up Paddle Boards) werden Ihre besten selbstaufblasenden elektrischen Stand Up Paddle Boards sein, um die besten versteckten Orte zu erkunden und lange Stunden \u00fcberall zu fahren.<\/p>\n<p><strong>LED LICHT READY<\/strong><br \/>\nBei allen SipaDrives wird die Option geboten, LEDs an der Unterseite anzubringen. Diese werden mit der gleichen Fernbedienung wie der Motor gesteuert und werden Ihnen bei Ihren abendlichen Paddeltouren den Weg leuchten.<\/p>\n<p><strong>SMARTER TRAGERUCKSACK<\/strong><br \/>\nDer SipaBoards Tragerucksack ist eine ma\u00dfgeschneiderte Tasche, die perfekt auf die Gr\u00f6\u00dfe deines Boards zugeschnitten wurde. Mit speziellen F\u00e4chern f\u00fcr dein SipaDrive und das Akku-Ladekabel ist alles, was du auf dem Wasser brauchst, an einem Ort untergebracht. Die zus\u00e4tzlichen N\u00e4hte an den Tr\u00e4gern machen ihn robust genug, um ihn \u00fcber die Schultern zu tragen, und dank seiner geringen Gr\u00f6\u00dfe passt er leicht in den Kofferraum oder auf die R\u00fcckbank.<\/p>\n<p><strong>WERKZEUGLOSE BEDIENBARKEIT<\/strong><br \/>\nDurch die runde Bauform des Geh\u00e4uses waren keine Schrauben oder zus\u00e4tzlichen Teile erforderlich, da der Druck des Boards das Geh\u00e4use in Position h\u00e4lt. Wenn die Luft entweicht, gleitet das Sipaboard Fisherman Drive einfach heraus.<\/p>\n<p><strong>SIPABOARD APP<\/strong><br \/>\nDie Sipa App ist ein gro\u00dfartiges Werkzeug, um noch sicherer unterwegs zu sein. Das Sipa Drive ist Bluetooth-f\u00e4hig und die App hilft Paddlern, alles \u00fcber ihre Session zu kontrollieren und zu \u00fcberwachen. Wichtig ist, dass die Software des SipaDrive \u00fcber die App aktualisiert werden kann, was sie zu einer unsch\u00e4tzbaren Ressource f\u00fcr alle SipaBoards macht.<\/p>\n<p><strong>SCHWEIZER QUALIT\u00c4TSKONTROLLE<\/strong><br \/>\nWir wollten kein Risiko eingehen, was die Qualit\u00e4t anbelangt. Deshalb verlassen wir uns auf einen Schweizer Produktionspartner, der unsere Boards herstellt und daf\u00fcr sorgt, dass alles so ist, wie es sein soll.<\/p>\n<p><strong>SELBST-AUFBLASEND<\/strong><br \/>\nEin SUP aufzupumpen ist wohl der schlimmste Teil der ganzen Reise, ganz zu schweigen davon, was man mit der Pumpe macht, wenn man fertig ist. Jetzt \u00fcbernimmt der SIPABOARD Fisherman die harte Arbeit f\u00fcr dich und pumpt dein Board in nur wenigen Minuten auf, w\u00e4hrend du dich auf die wichtigen Dinge konzentrierst - wie die herrliche Landschaft oder die Tiere, die im Hintergrund herumschwimmen...<\/p>\n<p><strong>FERNBEDIENUNG AM PADDEL<\/strong><br \/>\nDer Motor wird ganz einfach \u00fcber drahtlose Bedienelemente am Griff des Paddels gesteuert. 4 Tasten steuern alle Funktionen, sowohl f\u00fcr verschiedene Geschwindigkeiten, als auch f\u00fcr die Schnellabschaltung, das Aufpumpen und die LED-Beleuchtung. Der Motor schaltet sich auch automatisch ab, wenn das Paddel ins Wasser f\u00e4llt oder wenn Paddel und Motor mehr als ein paar Meter voneinander entfernt sind.<\/p>\n<p>&nbsp;<\/p>\n<div id='gallery-1' class='gallery galleryid-129591 gallery-columns-1 gallery-size-medium'><figure class='gallery-item'>\n\t\t\t<div class='gallery-icon landscape'>\n\t\t\t\t<img fetchpriority=\"high\" decoding=\"async\" width=\"300\" height=\"210\" src=\"https:\/\/wave-lovers.com\/wp-content\/uploads\/2021\/03\/all-rounder-drive-sipa.png\" class=\"attachment-medium size-medium\" alt=\"\" srcset=\"https:\/\/wave-lovers.com\/wp-content\/uploads\/2021\/03\/all-rounder-drive-sipa.png 740w, https:\/\/wave-lovers.com\/wp-content\/uploads\/2021\/03\/all-rounder-drive-sipa-600x419.png 600w\" sizes=\"(max-width: 300px) 100vw, 300px\" \/>\n\t\t\t<\/div><\/figure><figure class='gallery-item'>\n\t\t\t<div class='gallery-icon portrait'>\n\t\t\t\t<img decoding=\"async\" width=\"275\" height=\"300\" src=\"https:\/\/wave-lovers.com\/wp-content\/uploads\/2021\/03\/sipa-boards.png\" class=\"attachment-medium size-medium\" alt=\"\" \/>\n\t\t\t<\/div><\/figure><figure class='gallery-item'>\n\t\t\t<div class='gallery-icon portrait'>\n\t\t\t\t<img decoding=\"async\" width=\"231\" height=\"300\" src=\"https:\/\/wave-lovers.com\/wp-content\/uploads\/2021\/03\/all-rounder-drive-sipa-board.png\" class=\"attachment-medium size-medium\" alt=\"\" \/>\n\t\t\t<\/div><\/figure>\n\t\t<\/div>\n\n<h3>Warum sind selbstaufblasende elektrische Stand Up Paddle Boards der neue Trend des Jahres 2024?<\/h3>\n<h3><\/h3>\n<p>Nun, es ist bekannt als die neue SUP-Revolution, da es das weltweit erste selbstaufblasende elektrische Stand Up Paddle Board auf dem Markt ist und Ihnen bis zu 3 Stunden, je nach Modell, das Sie w\u00e4hlen, erm\u00f6glicht.<\/p>\n","protected":false},"excerpt":{"rendered":"<p>Ob leichte Fahrt oder hartes Training, der Cruiser ist ein Erlebnis auf dem Meer, Fl\u00fcssen und Seen. Mit den LEDs leuchtet die Welt unter Ihrem Brett, so dass Sie bis tief in die Nacht hinein paddeln k\u00f6nnen.<\/p>\n","protected":false},"featured_media":95248,"comment_status":"open","ping_status":"closed","template":"","meta":{"_acf_changed":false,"_editorskit_title_hidden":false,"_editorskit_reading_time":0,"_editorskit_is_block_options_detached":false,"_editorskit_block_options_position":"{}","site-sidebar-layout":"default","site-content-layout":"default","ast-site-content-layout":"default","site-content-style":"default","site-sidebar-style":"default","ast-global-header-display":"","ast-banner-title-visibility":"","ast-main-header-display":"","ast-hfb-above-header-display":"","ast-hfb-below-header-display":"","ast-hfb-mobile-header-display":"","site-post-title":"disabled","ast-breadcrumbs-content":"","ast-featured-img":"","footer-sml-layout":"","ast-disable-related-posts":"","theme-transparent-header-meta":"default","adv-header-id-meta":"","stick-header-meta":"","header-above-stick-meta":"","header-main-stick-meta":"","header-below-stick-meta":"","astra-migrate-meta-layouts":"set","ast-page-background-enabled":"default","ast-page-background-meta":{"desktop":{"background-color":"","background-image":"","background-repeat":"repeat","background-position":"center center","background-size":"auto","background-attachment":"scroll","background-type":"","background-media":"","overlay-type":"","overlay-color":"","overlay-opacity":"","overlay-gradient":""},"tablet":{"background-color":"","background-image":"","background-repeat":"repeat","background-position":"center center","background-size":"auto","background-attachment":"scroll","background-type":"","background-media":"","overlay-type":"","overlay-color":"","overlay-opacity":"","overlay-gradient":""},"mobile":{"background-color":"","background-image":"","background-repeat":"repeat","background-position":"center center","background-size":"auto","background-attachment":"scroll","background-type":"","background-media":"","overlay-type":"","overlay-color":"","overlay-opacity":"","overlay-gradient":""}},"ast-content-background-meta":{"desktop":{"background-color":"var(--ast-global-color-5)","background-image":"","background-repeat":"repeat","background-position":"center center","background-size":"auto","background-attachment":"scroll","background-type":"","background-media":"","overlay-type":"","overlay-color":"","overlay-opacity":"","overlay-gradient":""},"tablet":{"background-color":"var(--ast-global-color-5)","background-image":"","background-repeat":"repeat","background-position":"center center","background-size":"auto","background-attachment":"scroll","background-type":"","background-media":"","overlay-type":"","overlay-color":"","overlay-opacity":"","overlay-gradient":""},"mobile":{"background-color":"var(--ast-global-color-5)","background-image":"","background-repeat":"repeat","background-position":"center center","background-size":"auto","background-attachment":"scroll","background-type":"","background-media":"","overlay-type":"","overlay-color":"","overlay-opacity":"","overlay-gradient":""}},"_jf_save_progress":""},"product_brand":[],"product_cat":[111,562,128,60,37,499],"product_tag":[],"class_list":{"0":"post-129591","1":"product","2":"type-product","3":"status-publish","4":"has-post-thumbnail","6":"product_cat-verkauf","7":"product_cat-aufblasbar-de","8":"product_cat-inflatable","9":"product_cat-buy","10":"product_cat-electric-stand-up-paddle-board","11":"product_cat-electric-stand-up-paddle-board-de","12":"product_shipping_class-mg-de","13":"desktop-align-center","14":"tablet-align-center","15":"mobile-align-center","16":"ast-product-gallery-layout-horizontal","17":"ast-magnify-disabled","18":"ast-product-tabs-layout-horizontal","20":"first","21":"outofstock","22":"taxable","23":"shipping-taxable","24":"purchasable","25":"product-type-simple"},"acf":[],"brizy_media":[],"_links":{"self":[{"href":"https:\/\/wave-lovers.com\/de\/wp-json\/wp\/v2\/product\/129591","targetHints":{"allow":["GET"]}}],"collection":[{"href":"https:\/\/wave-lovers.com\/de\/wp-json\/wp\/v2\/product"}],"about":[{"href":"https:\/\/wave-lovers.com\/de\/wp-json\/wp\/v2\/types\/product"}],"replies":[{"embeddable":true,"href":"https:\/\/wave-lovers.com\/de\/wp-json\/wp\/v2\/comments?post=129591"}],"wp:featuredmedia":[{"embeddable":true,"href":"https:\/\/wave-lovers.com\/de\/wp-json\/wp\/v2\/media\/95248"}],"wp:attachment":[{"href":"https:\/\/wave-lovers.com\/de\/wp-json\/wp\/v2\/media?parent=129591"}],"wp:term":[{"taxonomy":"product_brand","embeddable":true,"href":"https:\/\/wave-lovers.com\/de\/wp-json\/wp\/v2\/product_brand?post=129591"},{"taxonomy":"product_cat","embeddable":true,"href":"https:\/\/wave-lovers.com\/de\/wp-json\/wp\/v2\/product_cat?post=129591"},{"taxonomy":"product_tag","embeddable":true,"href":"https:\/\/wave-lovers.com\/de\/wp-json\/wp\/v2\/product_tag?post=129591"}],"curies":[{"name":"wp","href":"https:\/\/api.w.org\/{rel}","templated":true}]}}