{"id":129590,"date":"2021-03-18T21:47:29","date_gmt":"2021-03-18T20:47:29","guid":{"rendered":"https:\/\/wave-lovers.com\/sipaboard-allrounder-drive\/"},"modified":"2024-03-11T15:31:41","modified_gmt":"2024-03-11T14:31:41","slug":"sipaboard-allrounder-drive","status":"publish","type":"product","link":"https:\/\/wave-lovers.com\/de\/sipaboard-allrounder-drive\/","title":{"rendered":"Sipaboards Drive All Rounder"},"content":{"rendered":"<h2>SIPABOARD AllRounder Drive<\/h2>\n<p>Das starke und robuste Design des SIPABOARDs AllRounder Drive macht es zu einem gro\u00dfartigen Board f\u00fcr Familien, Anf\u00e4nger und diejenigen, die einfach nur zum Spa\u00df paddeln wollen. Es ist perfekt f\u00fcr alle Altersgruppen und Erfahrungsstufen und ist gro\u00df genug, um einen Hund, ein oder zwei Kinder oder sogar eine K\u00fchlbox f\u00fcr Tagesausfl\u00fcge unterzubringen.<\/p>\n<hr \/>\n<h3><strong>WAS IST DABEI?\u00a0\u00a0<\/strong><\/h3>\n<p>Inklusive Sipaboard Paddel Carbon (der Preis betr\u00e4gt normalerweise 299\u20ac)<br \/>\n11'0\" doppellagiges aufblasbares Standup-Paddle-Board mit Steppn\u00e4hten<br \/>\nVollst\u00e4ndig integrierter D\u00fcsenantrieb und eingebauter Kompressor - der SIPABOARDS AllRounder Drive<br \/>\nKabellose Paddle-Mount-Fernbedienung<br \/>\nAkkupack f\u00fcr den SIPABOARDS Allrounder Drive und Ladekabel<br \/>\nDeluxe-Tragerucksack<br \/>\nSicherheitsleine<br \/>\nKostenlose Mobile App<\/p>\n<hr \/>\n<h3>SPEZIFIKATIONEN<\/h3>\n<p><strong>Aufgeblasene Abmessungen:<\/strong><br \/>\nL\u00e4nge: 11 Fu\u00df (3,35 m)<br \/>\nBreite: 31 Zoll (80 cm)<br \/>\nDicke: 5,5 Zoll (14 cm)<br \/>\n<strong>Abmessungen ohne Luft:<\/strong><br \/>\nL\u00e4nge: ca. 100 cm (3 Fu\u00df)<br \/>\nBreite: 1,5 Fu\u00df (50 cm)<br \/>\nDicke: 1 Fu\u00df (30 cm)<br \/>\n<strong>Gesamtgewicht:<\/strong><br \/>\nBrett 9,75 kg (21,5 lbs)<br \/>\nSIPA BOARD Allrounder Antrieb 3,85 kg (8,5 lbs)<br \/>\nPaddel mit Fernbedienung 26 ounces (0,75 kg)<br \/>\nReichweite: Bietet ca. 3 Stunden Hilfe, wenn mit einer Reisegeschwindigkeit von 2 Knoten gepaddelt wird<br \/>\nGewicht Fahrer: Ideal f\u00fcr unter 200 lbs, aber leicht untergebracht Paddelboarder bis zu 225<br \/>\nlbs (2 Personen an Bord)<br \/>\n<strong>Angaben zu Antrieb und Aufblasvorrichtung:<\/strong><br \/>\nmax. Leistungsabgabe w\u00e4hrend der Fahrt 160 Watt<br \/>\nmax. Leistungsabgabe beim Aufblasen 250 Watt<br \/>\n3 Geschwindigkeitsstufen bis zu 3,5 Knoten<br \/>\nLuftdruck typisch 1 bar\/15 psi, maximal 1,2 bar\/18 psi<br \/>\nAufblaszeit ca. 5 Minuten<br \/>\nselbstregulierender Manometer-Thermostat zur Vermeidung von \u00dcberhitzung<br \/>\ndie gesamte Elektronik ist fest integriert und versiegelt, korrosions- und kondensationsbest\u00e4ndige Teile und Materialien<br \/>\nniedrige und sichere Spannungspegel<br \/>\nBluetooth 4.0 Konnektivit\u00e4t<br \/>\n<strong>Spezifikationen des Akkupacks:<\/strong><br \/>\nleicht auswechselbarer Akku<br \/>\nca. 90 Minuten Ladezeit<br \/>\nbis zu 1.000 Akkuladezyklen<br \/>\nca. 3 Stunden Betriebsdauer bei Reisegeschwindigkeit<\/p>\n<hr \/>\n<h3><strong>WEITERE INFORMATION SIPABOARDs Allrounder Drive\u00a0<\/strong><\/h3>\n<p>Das SIPABOARDs Allrounder Drive ist genau das Richtige f\u00fcr einen lustigen Tag auf dem Wasser. Die Sonne scheint, die Leute paddeln, schwimmen, bespritzen sich gegenseitig mit Wasser. Paddeln Sie hinaus ins tiefe Wasser und nutzen Sie Ihr SUP als Ihr pers\u00f6nliches Sprungbrett. Paddeln Sie zur\u00fcck und drehen Sie eine Runde mit Ihrem Hund. Wiederholen Sie das den ganzen Tag lang.<\/p>\n<p>Die starke und robuste Konstruktion des SIPABOARD All-rounder Drive macht es zu einem gro\u00dfartigen Board f\u00fcr Familien, Anf\u00e4nger und diejenigen, die einfach nur zum Spa\u00df paddeln wollen. Es ist perfekt f\u00fcr alle Altersgruppen und Erfahrungsstufen und ist gro\u00df genug f\u00fcr einen Hund, ein oder zwei Kinder oder eine gro\u00dfe K\u00fchlbox f\u00fcr Tagesausfl\u00fcge.<\/p>\n<p><strong>LED LICHT READY<\/strong><br \/>\nBei allen SipaDrives wird die Option geboten, LEDs an der Unterseite anzubringen. Diese werden mit der gleichen Fernbedienung wie der Motor gesteuert und werden Ihnen bei Ihren abendlichen Paddeltouren den Weg leuchten.<\/p>\n<p><strong>SMARTER TRAGERUCKSACK<\/strong><br \/>\nDer SipaBoards Tragerucksack ist eine ma\u00dfgeschneiderte Tasche, die perfekt auf die Gr\u00f6\u00dfe deines Boards zugeschnitten wurde. Mit speziellen F\u00e4chern f\u00fcr dein SipaDrive und das Akku-Ladekabel ist alles, was du auf dem Wasser brauchst, an einem Ort untergebracht. Die zus\u00e4tzlichen N\u00e4hte an den Tr\u00e4gern machen ihn robust genug, um ihn \u00fcber die Schultern zu tragen, und dank seiner geringen Gr\u00f6\u00dfe passt er leicht in den Kofferraum oder auf die R\u00fcckbank.<\/p>\n<p><strong>WERKZEUGLOSE BEDIENBARKEIT<\/strong><br \/>\nDurch die runde Bauform des Geh\u00e4uses waren keine Schrauben oder zus\u00e4tzlichen Teile erforderlich, da der Druck des Boards das Geh\u00e4use in Position h\u00e4lt. Wenn die Luft entweicht, gleitet das Sipaboard Fisherman Drive einfach heraus.<\/p>\n<p><strong>SIPABOARD APP<\/strong><br \/>\nDie Sipa App ist ein gro\u00dfartiges Werkzeug, um noch sicherer unterwegs zu sein. Das Sipa Drive ist Bluetooth-f\u00e4hig und die App hilft Paddlern, alles \u00fcber ihre Session zu kontrollieren und zu \u00fcberwachen. Wichtig ist, dass die Software des SipaDrive \u00fcber die App aktualisiert werden kann, was sie zu einer unsch\u00e4tzbaren Ressource f\u00fcr alle SipaBoards macht.<\/p>\n<p><strong>SCHWEIZER QUALIT\u00c4TSKONTROLLE<\/strong><br \/>\nWir wollten kein Risiko eingehen, was die Qualit\u00e4t anbelangt. Deshalb verlassen wir uns auf einen Schweizer Produktionspartner, der unsere Boards herstellt und daf\u00fcr sorgt, dass alles so ist, wie es sein soll.<\/p>\n<p><strong>SELBST-AUFBLASEND<\/strong><br \/>\nEin SUP aufzupumpen ist wohl der schlimmste Teil der ganzen Reise, ganz zu schweigen davon, was man mit der Pumpe macht, wenn man fertig ist. Jetzt \u00fcbernimmt der SIPABOARD Fisherman die harte Arbeit f\u00fcr dich und pumpt dein Board in nur wenigen Minuten auf, w\u00e4hrend du dich auf die wichtigen Dinge konzentrierst - wie die herrliche Landschaft oder die Tiere, die im Hintergrund herumschwimmen...<\/p>\n<p><strong>FERNBEDIENUNG AM PADDEL<\/strong><br \/>\nDer Motor wird ganz einfach \u00fcber drahtlose Bedienelemente am Griff des Paddels gesteuert. 4 Tasten steuern alle Funktionen, sowohl f\u00fcr verschiedene Geschwindigkeiten, als auch f\u00fcr die Schnellabschaltung, das Aufpumpen und die LED-Beleuchtung. Der Motor schaltet sich auch automatisch ab, wenn das Paddel ins Wasser f\u00e4llt oder wenn Paddel und Motor mehr als ein paar Meter voneinander entfernt sind.<\/p>\n","protected":false},"excerpt":{"rendered":"<p>Durch seine Vielseitigkeit bietet dieses Board h\u00f6chste Stabilit\u00e4t - ein Favorit f\u00fcr Einsteiger und diejenigen, die ultimativen Spa\u00df auf dem Wasser suchen.<\/p>\n","protected":false},"featured_media":95212,"comment_status":"open","ping_status":"closed","template":"","meta":{"_acf_changed":false,"_editorskit_title_hidden":false,"_editorskit_reading_time":0,"_editorskit_is_block_options_detached":false,"_editorskit_block_options_position":"{}","site-sidebar-layout":"default","site-content-layout":"default","ast-site-content-layout":"default","site-content-style":"default","site-sidebar-style":"default","ast-global-header-display":"","ast-banner-title-visibility":"","ast-main-header-display":"","ast-hfb-above-header-display":"","ast-hfb-below-header-display":"","ast-hfb-mobile-header-display":"","site-post-title":"disabled","ast-breadcrumbs-content":"","ast-featured-img":"","footer-sml-layout":"","ast-disable-related-posts":"","theme-transparent-header-meta":"default","adv-header-id-meta":"","stick-header-meta":"","header-above-stick-meta":"","header-main-stick-meta":"","header-below-stick-meta":"","astra-migrate-meta-layouts":"set","ast-page-background-enabled":"default","ast-page-background-meta":{"desktop":{"background-color":"","background-image":"","background-repeat":"repeat","background-position":"center center","background-size":"auto","background-attachment":"scroll","background-type":"","background-media":"","overlay-type":"","overlay-color":"","overlay-opacity":"","overlay-gradient":""},"tablet":{"background-color":"","background-image":"","background-repeat":"repeat","background-position":"center center","background-size":"auto","background-attachment":"scroll","background-type":"","background-media":"","overlay-type":"","overlay-color":"","overlay-opacity":"","overlay-gradient":""},"mobile":{"background-color":"","background-image":"","background-repeat":"repeat","background-position":"center center","background-size":"auto","background-attachment":"scroll","background-type":"","background-media":"","overlay-type":"","overlay-color":"","overlay-opacity":"","overlay-gradient":""}},"ast-content-background-meta":{"desktop":{"background-color":"var(--ast-global-color-5)","background-image":"","background-repeat":"repeat","background-position":"center center","background-size":"auto","background-attachment":"scroll","background-type":"","background-media":"","overlay-type":"","overlay-color":"","overlay-opacity":"","overlay-gradient":""},"tablet":{"background-color":"var(--ast-global-color-5)","background-image":"","background-repeat":"repeat","background-position":"center center","background-size":"auto","background-attachment":"scroll","background-type":"","background-media":"","overlay-type":"","overlay-color":"","overlay-opacity":"","overlay-gradient":""},"mobile":{"background-color":"var(--ast-global-color-5)","background-image":"","background-repeat":"repeat","background-position":"center center","background-size":"auto","background-attachment":"scroll","background-type":"","background-media":"","overlay-type":"","overlay-color":"","overlay-opacity":"","overlay-gradient":""}},"_jf_save_progress":""},"product_brand":[],"product_cat":[111,562,128,60,37,499],"product_tag":[],"class_list":{"0":"post-129590","1":"product","2":"type-product","3":"status-publish","4":"has-post-thumbnail","6":"product_cat-verkauf","7":"product_cat-aufblasbar-de","8":"product_cat-inflatable","9":"product_cat-buy","10":"product_cat-electric-stand-up-paddle-board","11":"product_cat-electric-stand-up-paddle-board-de","12":"product_shipping_class-mg-de","13":"desktop-align-center","14":"tablet-align-center","15":"mobile-align-center","16":"ast-product-gallery-layout-horizontal","17":"ast-magnify-disabled","18":"ast-product-tabs-layout-horizontal","20":"first","21":"outofstock","22":"taxable","23":"shipping-taxable","24":"purchasable","25":"product-type-simple"},"acf":[],"brizy_media":[],"_links":{"self":[{"href":"https:\/\/wave-lovers.com\/de\/wp-json\/wp\/v2\/product\/129590","targetHints":{"allow":["GET"]}}],"collection":[{"href":"https:\/\/wave-lovers.com\/de\/wp-json\/wp\/v2\/product"}],"about":[{"href":"https:\/\/wave-lovers.com\/de\/wp-json\/wp\/v2\/types\/product"}],"replies":[{"embeddable":true,"href":"https:\/\/wave-lovers.com\/de\/wp-json\/wp\/v2\/comments?post=129590"}],"wp:featuredmedia":[{"embeddable":true,"href":"https:\/\/wave-lovers.com\/de\/wp-json\/wp\/v2\/media\/95212"}],"wp:attachment":[{"href":"https:\/\/wave-lovers.com\/de\/wp-json\/wp\/v2\/media?parent=129590"}],"wp:term":[{"taxonomy":"product_brand","embeddable":true,"href":"https:\/\/wave-lovers.com\/de\/wp-json\/wp\/v2\/product_brand?post=129590"},{"taxonomy":"product_cat","embeddable":true,"href":"https:\/\/wave-lovers.com\/de\/wp-json\/wp\/v2\/product_cat?post=129590"},{"taxonomy":"product_tag","embeddable":true,"href":"https:\/\/wave-lovers.com\/de\/wp-json\/wp\/v2\/product_tag?post=129590"}],"curies":[{"name":"wp","href":"https:\/\/api.w.org\/{rel}","templated":true}]}}