{"id":129568,"date":"2021-05-13T20:31:47","date_gmt":"2021-05-13T18:31:47","guid":{"rendered":"https:\/\/wave-lovers.com\/sipaboard-fisherman-drive\/"},"modified":"2024-03-11T15:31:41","modified_gmt":"2024-03-11T14:31:41","slug":"sipaboard-fisherman-drive","status":"publish","type":"product","link":"https:\/\/wave-lovers.com\/de\/sipaboard-fisherman-drive\/","title":{"rendered":"SipaBoards Drive Fisherman"},"content":{"rendered":"<h2>SIPABOARDS Drive Fisherman<\/h2>\n<p>Der \u00fcbergro\u00dfe K\u00f6rper bietet erstklassige Stabilit\u00e4t und erm\u00f6glicht es Ihnen dennoch, mit Leichtigkeit und Ruhe in jedes versteckte Versteck zu man\u00f6vrieren. Das SipaBoard Fisherman wurde mit und f\u00fcr Angler entwickelt, ist mit Haken f\u00fcr mehrere Add-Ons ausgestattet und verf\u00fcgt \u00fcber einen ger\u00e4uschlosen SipaDrive-D\u00fcsenantrieb - das beste SUP zum Angeln auf dem Markt.<\/p>\n<hr \/>\n<h3><strong>WAS IST DABEI?\u00a0\u00a0<\/strong><\/h3>\n<p>- inklusive Sipaboard Paddel Carbon (kostet normalerweise 299\u20ac)<br \/>\n- 11'0\" doppellagiges, aufblasbares Standup-Paddle-Board mit Tropfenstich<br \/>\n- vollst\u00e4ndig integriertes Strahltriebwerk und eingebauter Kompressor<br \/>\n- kabellose Paddel-Mount-Fernbedienung<br \/>\n- Akkupack f\u00fcr das SIPABOARD Fisherman und Ladekabel<br \/>\n- Deluxe-Tragerucksack<br \/>\n- Sicherheitsleine<br \/>\n- kostenlose Smartphone App<\/p>\n<hr \/>\n<h3><strong>SPEZIFIKATIONEN<\/strong><\/h3>\n<p><strong>Ma\u00dfe (aufgeblasen)<\/strong><br \/>\nL\u00e4nge: 3.35 m<br \/>\nBreite: 90 cm<br \/>\nH\u00f6he: 15 cm<\/p>\n<p><strong>Ma\u00dfe (leer)<\/strong><br \/>\nL\u00e4nge: 100 cm<br \/>\nBreite: 50 cm<br \/>\nH\u00f6he: 30 cm<\/p>\n<p><strong>Gewicht<\/strong><br \/>\nBoard: 9.75 kg<br \/>\nSIPA BOARD Fisherman: 3.85 kg<br \/>\nPaddel mit Bedienung: 0.75 kg<\/p>\n<p><strong>Reichweite<\/strong><br \/>\nca. 3 h (mit paddeln bei Geschw. von 2 Knoten)<\/p>\n<p><strong>Belastbarkeit<\/strong><br \/>\nbis zu 100kg<\/p>\n<p><strong>Angaben zu Antrieb und Aufblasvorrichtung<\/strong><br \/>\nmax. Leistungsabgabe w\u00e4hrend der Fahrt 160 Watt<br \/>\nmax. Leistungsabgabe beim Aufblasen 250 Watt<br \/>\n3 Geschwindigkeitsstufen bis zu 3,5 Knoten<br \/>\nAufblasdruck typisch 1 bar\/15 psi, maximal 1,2 bar\/18 psi<br \/>\nAufblaszeit ca. 5 Minuten<br \/>\nselbstregulierender Manometer-Thermostat zur Vermeidung von \u00dcberhitzung<br \/>\ndie gesamte Elektronik ist fest integriert und versiegelt, korrosions- und kondensationsbest\u00e4ndige Teile und Materialien<br \/>\nniedrige und sichere Spannungspegel<br \/>\nBluetooth 4,0-Konnektivit\u00e4t<\/p>\n<p><strong>Spezifikationen des Akkupacks<\/strong><br \/>\nleicht auswechselbarer Akku<br \/>\nca. 90 Minuten Ladezeit<br \/>\nbis zu 1.000 Akkuladezyklen<br \/>\nca. 3 Stunden Betriebsdauer bei Reisegeschwindigkeit<\/p>\n<hr \/>\n<h3><strong>WEITERE INFORMATIONEN SIPABOARDs Fisherman<\/strong><\/h3>\n<p>Das SipaBoard Fisherman ist ein strapazierf\u00e4higes Board mit viel Platz f\u00fcr eine K\u00fchlbox und eine Angelkiste. Der Motor l\u00e4uft leise genug, um die Fische nicht zu erschrecken, und schnell genug, um Sie beim Schleppangeln zu unterst\u00fctzen. Spezielle Ringe dienen zum Abwerfen von Ankern, zum Befestigen von Netzen und zum Festmachen aller anderen Accessoires, die Outdoor-Fans ben\u00f6tigen.<\/p>\n<p>Es ist das Board, das Sie dorthin bringt, wo die Fische bei\u00dfen. Sie werden den ganzen Tag in Ihrem Element sein, wenn Sie werfen und angeln. Um gr\u00f6\u00dfere Fische zu fangen, schalten Sie den Motor ein und paddeln, wobei Sie Ihre Angelrute befestigen, um sie auf Ihrem Weg hinter sich herzuziehen.<\/p>\n<p>Wir haben ausgiebig mit Angel- und Paddelboarding-Profis zusammengearbeitet, um ihnen genau das SUP zu bieten, das sie sich gew\u00fcnscht haben. <strong>Das SipaBoard Fisherman ist ES!<\/strong><\/p>\n<p><strong>LED LICHT READY<\/strong><br \/>\nBei allen SipaDrives wird die Option geboten, LEDs an der Unterseite anzubringen. Diese werden mit der gleichen Fernbedienung wie der Motor gesteuert und werden Ihnen bei Ihren abendlichen Paddeltouren den Weg leuchten.<\/p>\n<p><strong>SMARTER TRAGERUCKSACK<\/strong><br \/>\nDer SipaBoards Tragerucksack ist eine ma\u00dfgeschneiderte Tasche, die perfekt auf die Gr\u00f6\u00dfe deines Boards zugeschnitten wurde. Mit speziellen F\u00e4chern f\u00fcr dein SipaDrive und das Akku-Ladekabel ist alles, was du auf dem Wasser brauchst, an einem Ort untergebracht. Die zus\u00e4tzlichen N\u00e4hte an den Tr\u00e4gern machen ihn robust genug, um ihn \u00fcber die Schultern zu tragen, und dank seiner geringen Gr\u00f6\u00dfe passt er leicht in den Kofferraum oder auf die R\u00fcckbank.<\/p>\n<p><strong>WERKZEUGLOSE BEDIENBARKEIT<\/strong><br \/>\nDurch die runde Bauform des Geh\u00e4uses waren keine Schrauben oder zus\u00e4tzlichen Teile erforderlich, da der Druck des Boards das Geh\u00e4use in Position h\u00e4lt. Wenn die Luft entweicht, gleitet das Sipaboard Fisherman Drive einfach heraus.<\/p>\n<p><strong>SIPABOARD APP<\/strong><br \/>\nDie Sipa App ist ein gro\u00dfartiges Werkzeug, um noch sicherer unterwegs zu sein. Das Sipa Drive ist Bluetooth-f\u00e4hig und die App hilft Paddlern, alles \u00fcber ihre Session zu kontrollieren und zu \u00fcberwachen. Wichtig ist, dass die Software des SipaDrive \u00fcber die App aktualisiert werden kann, was sie zu einer unsch\u00e4tzbaren Ressource f\u00fcr alle SipaBoards macht.<\/p>\n<p><strong>SCHWEIZER QUALIT\u00c4TSKONTROLLE<\/strong><br \/>\nWir wollten kein Risiko eingehen, was die Qualit\u00e4t anbelangt. Deshalb verlassen wir uns auf einen Schweizer Produktionspartner, der unsere Boards herstellt und daf\u00fcr sorgt, dass alles so ist, wie es sein soll.<\/p>\n<p><strong>SELBST-AUFBLASEND<\/strong><br \/>\nEin SUP aufzupumpen ist wohl der schlimmste Teil der ganzen Reise, ganz zu schweigen davon, was man mit der Pumpe macht, wenn man fertig ist. Jetzt \u00fcbernimmt der SIPABOARD Fisherman die harte Arbeit f\u00fcr dich und pumpt dein Board in nur wenigen Minuten auf, w\u00e4hrend du dich auf die wichtigen Dinge konzentrierst - wie die herrliche Landschaft oder die Tiere, die im Hintergrund herumschwimmen...<\/p>\n<p><strong>FERBEDIENUNG AM PADDEL<\/strong><br \/>\nDer Motor wird ganz einfach \u00fcber drahtlose Bedienelemente am Griff des Paddels gesteuert. 4 Tasten steuern alle Funktionen, sowohl f\u00fcr verschiedene Geschwindigkeiten, als auch f\u00fcr die Schnellabschaltung, das Aufpumpen und die LED-Beleuchtung. Der Motor schaltet sich auch automatisch ab, wenn das Paddel ins Wasser f\u00e4llt oder wenn Paddel und Motor mehr als ein paar Meter voneinander entfernt sind.<\/p>\n","protected":false},"excerpt":{"rendered":"<p>Das SIPABOARDS Fisherman ist breit und stabil, l\u00e4sst sich aber auch bei wechselnden Bedingungen leicht handhaben und hilft Ihnen, die abgelegensten Orte mit Leichtigkeit zu erreichen.<\/p>\n","protected":false},"featured_media":95332,"comment_status":"open","ping_status":"closed","template":"","meta":{"_acf_changed":false,"_editorskit_title_hidden":false,"_editorskit_reading_time":0,"_editorskit_is_block_options_detached":false,"_editorskit_block_options_position":"{}","site-sidebar-layout":"default","site-content-layout":"default","ast-site-content-layout":"default","site-content-style":"default","site-sidebar-style":"default","ast-global-header-display":"","ast-banner-title-visibility":"","ast-main-header-display":"","ast-hfb-above-header-display":"","ast-hfb-below-header-display":"","ast-hfb-mobile-header-display":"","site-post-title":"disabled","ast-breadcrumbs-content":"","ast-featured-img":"","footer-sml-layout":"","ast-disable-related-posts":"","theme-transparent-header-meta":"default","adv-header-id-meta":"","stick-header-meta":"","header-above-stick-meta":"","header-main-stick-meta":"","header-below-stick-meta":"","astra-migrate-meta-layouts":"set","ast-page-background-enabled":"default","ast-page-background-meta":{"desktop":{"background-color":"","background-image":"","background-repeat":"repeat","background-position":"center center","background-size":"auto","background-attachment":"scroll","background-type":"","background-media":"","overlay-type":"","overlay-color":"","overlay-opacity":"","overlay-gradient":""},"tablet":{"background-color":"","background-image":"","background-repeat":"repeat","background-position":"center center","background-size":"auto","background-attachment":"scroll","background-type":"","background-media":"","overlay-type":"","overlay-color":"","overlay-opacity":"","overlay-gradient":""},"mobile":{"background-color":"","background-image":"","background-repeat":"repeat","background-position":"center center","background-size":"auto","background-attachment":"scroll","background-type":"","background-media":"","overlay-type":"","overlay-color":"","overlay-opacity":"","overlay-gradient":""}},"ast-content-background-meta":{"desktop":{"background-color":"var(--ast-global-color-5)","background-image":"","background-repeat":"repeat","background-position":"center center","background-size":"auto","background-attachment":"scroll","background-type":"","background-media":"","overlay-type":"","overlay-color":"","overlay-opacity":"","overlay-gradient":""},"tablet":{"background-color":"var(--ast-global-color-5)","background-image":"","background-repeat":"repeat","background-position":"center center","background-size":"auto","background-attachment":"scroll","background-type":"","background-media":"","overlay-type":"","overlay-color":"","overlay-opacity":"","overlay-gradient":""},"mobile":{"background-color":"var(--ast-global-color-5)","background-image":"","background-repeat":"repeat","background-position":"center center","background-size":"auto","background-attachment":"scroll","background-type":"","background-media":"","overlay-type":"","overlay-color":"","overlay-opacity":"","overlay-gradient":""}},"_jf_save_progress":""},"product_brand":[],"product_cat":[111,562,128,60,37,499],"product_tag":[],"class_list":{"0":"post-129568","1":"product","2":"type-product","3":"status-publish","4":"has-post-thumbnail","6":"product_cat-verkauf","7":"product_cat-aufblasbar-de","8":"product_cat-inflatable","9":"product_cat-buy","10":"product_cat-electric-stand-up-paddle-board","11":"product_cat-electric-stand-up-paddle-board-de","12":"product_shipping_class-mg-de","13":"desktop-align-center","14":"tablet-align-center","15":"mobile-align-center","16":"ast-product-gallery-layout-horizontal","17":"ast-magnify-disabled","18":"ast-product-tabs-layout-horizontal","20":"first","21":"outofstock","22":"taxable","23":"shipping-taxable","24":"purchasable","25":"product-type-simple"},"acf":[],"brizy_media":[],"_links":{"self":[{"href":"https:\/\/wave-lovers.com\/de\/wp-json\/wp\/v2\/product\/129568","targetHints":{"allow":["GET"]}}],"collection":[{"href":"https:\/\/wave-lovers.com\/de\/wp-json\/wp\/v2\/product"}],"about":[{"href":"https:\/\/wave-lovers.com\/de\/wp-json\/wp\/v2\/types\/product"}],"replies":[{"embeddable":true,"href":"https:\/\/wave-lovers.com\/de\/wp-json\/wp\/v2\/comments?post=129568"}],"wp:featuredmedia":[{"embeddable":true,"href":"https:\/\/wave-lovers.com\/de\/wp-json\/wp\/v2\/media\/95332"}],"wp:attachment":[{"href":"https:\/\/wave-lovers.com\/de\/wp-json\/wp\/v2\/media?parent=129568"}],"wp:term":[{"taxonomy":"product_brand","embeddable":true,"href":"https:\/\/wave-lovers.com\/de\/wp-json\/wp\/v2\/product_brand?post=129568"},{"taxonomy":"product_cat","embeddable":true,"href":"https:\/\/wave-lovers.com\/de\/wp-json\/wp\/v2\/product_cat?post=129568"},{"taxonomy":"product_tag","embeddable":true,"href":"https:\/\/wave-lovers.com\/de\/wp-json\/wp\/v2\/product_tag?post=129568"}],"curies":[{"name":"wp","href":"https:\/\/api.w.org\/{rel}","templated":true}]}}