{"id":129494,"date":"2021-02-22T16:36:51","date_gmt":"2021-02-22T15:36:51","guid":{"rendered":"https:\/\/wave-lovers.com\/waydoo-efoil-adapter-electric-outboard-motor\/"},"modified":"2024-09-12T11:04:26","modified_gmt":"2024-09-12T09:04:26","slug":"waydoo-aussenborder-motor-adapter","status":"publish","type":"product","link":"https:\/\/wave-lovers.com\/de\/waydoo-aussenborder-motor-adapter\/","title":{"rendered":"Waydoo Flyer One Au\u00dfenborder Motor Adapter"},"content":{"rendered":"<h2>Waydoo Flyer One Au\u00dfenborder Motor Adapter - INFORMATION<img decoding=\"async\" class=\"alignright wp-image-95208 size-full\" src=\"https:\/\/wave-lovers.com\/wp-content\/uploads\/2023\/06\/outboat-motor-accesory-waydoo.png\" alt=\"\" width=\"183\" height=\"108\" \/><\/h2>\n<p>Mit dem Au\u00dfenbordmotor-Konverter bietet Waydoo eine innovative L\u00f6sung, die derzeit kein anderer Hersteller im Portfolio hat. Im Handumdrehen kann das Antriebssystem des E-Foil Waydoo Flyer ONE plus als elektrischer Heckantrieb f\u00fcr ein kleines Boot genutzt werden. Die Halterung ist sowohl f\u00fcr die \u00e4ltere Flyer One Serie als auch f\u00fcr die Flyer One Plus Serie geeignet. Bitte beachten Sie, dass nur der l\u00e4ngere Mast (85cm) f\u00fcr die meisten Schlauchboote geeignet ist.<\/p>\n<h2>Waydoo Flyer One Au\u00dfenborder Motor Adapter - DETAILS<\/h2>\n<p><strong>Gewicht:<\/strong> 5KG (11LBS)<\/p>\n","protected":false},"excerpt":{"rendered":"<p>Mit dem Au\u00dfenbordmotor-Konverter bietet Waydoo eine innovative L\u00f6sung, die als elektrischer Heckantrieb f\u00fcr ein kleines Boot verwendet werden kann. Die meisten Schlauchboote k\u00f6nnen nur den l\u00e4ngeren Mast (85 cm) aufnehmen.<\/p>\n","protected":false},"featured_media":129489,"comment_status":"open","ping_status":"closed","template":"","meta":{"_acf_changed":false,"_editorskit_title_hidden":false,"_editorskit_reading_time":0,"_editorskit_is_block_options_detached":false,"_editorskit_block_options_position":"{}","site-sidebar-layout":"default","site-content-layout":"default","ast-site-content-layout":"default","site-content-style":"default","site-sidebar-style":"default","ast-global-header-display":"","ast-banner-title-visibility":"","ast-main-header-display":"","ast-hfb-above-header-display":"","ast-hfb-below-header-display":"","ast-hfb-mobile-header-display":"","site-post-title":"disabled","ast-breadcrumbs-content":"","ast-featured-img":"","footer-sml-layout":"","ast-disable-related-posts":"","theme-transparent-header-meta":"default","adv-header-id-meta":"","stick-header-meta":"","header-above-stick-meta":"","header-main-stick-meta":"","header-below-stick-meta":"","astra-migrate-meta-layouts":"set","ast-page-background-enabled":"default","ast-page-background-meta":{"desktop":{"background-color":"","background-image":"","background-repeat":"repeat","background-position":"center center","background-size":"auto","background-attachment":"scroll","background-type":"","background-media":"","overlay-type":"","overlay-color":"","overlay-opacity":"","overlay-gradient":""},"tablet":{"background-color":"","background-image":"","background-repeat":"repeat","background-position":"center center","background-size":"auto","background-attachment":"scroll","background-type":"","background-media":"","overlay-type":"","overlay-color":"","overlay-opacity":"","overlay-gradient":""},"mobile":{"background-color":"","background-image":"","background-repeat":"repeat","background-position":"center center","background-size":"auto","background-attachment":"scroll","background-type":"","background-media":"","overlay-type":"","overlay-color":"","overlay-opacity":"","overlay-gradient":""}},"ast-content-background-meta":{"desktop":{"background-color":"var(--ast-global-color-5)","background-image":"","background-repeat":"repeat","background-position":"center center","background-size":"auto","background-attachment":"scroll","background-type":"","background-media":"","overlay-type":"","overlay-color":"","overlay-opacity":"","overlay-gradient":""},"tablet":{"background-color":"var(--ast-global-color-5)","background-image":"","background-repeat":"repeat","background-position":"center center","background-size":"auto","background-attachment":"scroll","background-type":"","background-media":"","overlay-type":"","overlay-color":"","overlay-opacity":"","overlay-gradient":""},"mobile":{"background-color":"var(--ast-global-color-5)","background-image":"","background-repeat":"repeat","background-position":"center center","background-size":"auto","background-attachment":"scroll","background-type":"","background-media":"","overlay-type":"","overlay-color":"","overlay-opacity":"","overlay-gradient":""}},"_jf_save_progress":""},"product_brand":[],"product_cat":[571,558,60,111,570,536,506,24],"product_tag":[],"class_list":{"0":"post-129494","1":"product","2":"type-product","3":"status-publish","4":"has-post-thumbnail","6":"product_cat-zubehoer-de","7":"product_cat-accessoires","8":"product_cat-buy","9":"product_cat-verkauf","10":"product_cat-e-foil-ersatzteile-de","11":"product_cat-e-foil-spare-parts","12":"product_cat-ersatzteile-de","13":"product_cat-spare-parts","14":"product_shipping_class-m-de","15":"desktop-align-center","16":"tablet-align-center","17":"mobile-align-center","18":"ast-product-gallery-layout-horizontal","19":"ast-magnify-disabled","20":"ast-product-tabs-layout-horizontal","22":"first","23":"instock","24":"taxable","25":"shipping-taxable","26":"purchasable","27":"product-type-simple"},"acf":[],"brizy_media":[],"_links":{"self":[{"href":"https:\/\/wave-lovers.com\/de\/wp-json\/wp\/v2\/product\/129494","targetHints":{"allow":["GET"]}}],"collection":[{"href":"https:\/\/wave-lovers.com\/de\/wp-json\/wp\/v2\/product"}],"about":[{"href":"https:\/\/wave-lovers.com\/de\/wp-json\/wp\/v2\/types\/product"}],"replies":[{"embeddable":true,"href":"https:\/\/wave-lovers.com\/de\/wp-json\/wp\/v2\/comments?post=129494"}],"wp:featuredmedia":[{"embeddable":true,"href":"https:\/\/wave-lovers.com\/de\/wp-json\/wp\/v2\/media\/129489"}],"wp:attachment":[{"href":"https:\/\/wave-lovers.com\/de\/wp-json\/wp\/v2\/media?parent=129494"}],"wp:term":[{"taxonomy":"product_brand","embeddable":true,"href":"https:\/\/wave-lovers.com\/de\/wp-json\/wp\/v2\/product_brand?post=129494"},{"taxonomy":"product_cat","embeddable":true,"href":"https:\/\/wave-lovers.com\/de\/wp-json\/wp\/v2\/product_cat?post=129494"},{"taxonomy":"product_tag","embeddable":true,"href":"https:\/\/wave-lovers.com\/de\/wp-json\/wp\/v2\/product_tag?post=129494"}],"curies":[{"name":"wp","href":"https:\/\/api.w.org\/{rel}","templated":true}]}}