{"id":129484,"date":"2021-06-08T11:30:22","date_gmt":"2021-06-08T09:30:22","guid":{"rendered":"https:\/\/wave-lovers.com\/waydoo-battery\/"},"modified":"2024-09-09T10:36:32","modified_gmt":"2024-09-09T08:36:32","slug":"waydoo-powerflight-cell-akku","status":"publish","type":"product","link":"https:\/\/wave-lovers.com\/de\/waydoo-powerflight-cell-akku\/","title":{"rendered":"Waydoo Flyer One PowerFlight Cell Akku"},"content":{"rendered":"<h2>Waydoo PowerFlight Cell Akku - INFORMATION<img decoding=\"async\" class=\"alignright wp-image-95334\" src=\"https:\/\/wave-lovers.com\/wp-content\/uploads\/2023\/06\/Power-Battery-Waydoo-Pict.png\" alt=\"\" width=\"208\" height=\"150\" srcset=\"https:\/\/wave-lovers.com\/wp-content\/uploads\/2023\/06\/Power-Battery-Waydoo-Pict.png 429w, https:\/\/wave-lovers.com\/wp-content\/uploads\/2023\/06\/Power-Battery-Waydoo-Pict-300x217.png 300w\" sizes=\"(max-width: 208px) 100vw, 208px\" \/><\/h2>\n<p>Der Akku PowerFlight Cell von Waydoo wurde entwickelt, um so bequem und effizient wie m\u00f6glich zu sein. Gefertigt aus langlebigen, hochwertigen Materialien erreicht der Akku eine Leistung auf Spitzenniveau. Au\u00dferdem ben\u00f6tigt er nur 2 Stunden, um wieder vollst\u00e4ndig aufgeladen zu werden und z\u00e4hlt damit zu den besten Ger\u00e4ten auf dem Markt. Er verf\u00fcgt \u00fcber ein bahnbrechendes kabelloses Plug-and-Play-System, bei dem die bei \u00e4hnlichen Produkten \u00fcblichen Kabel komplett entfallen. Einfach einstecken und los geht's. Der PowerFlight Cell-Akku ist mit zahlreichen Sicherheitsmerkmalen ausgestattet und mit dem Flyer One \/ Plus Board kompatibel.<\/p>\n<h2>Waydoo PowerFlight Cell Akku - DETAILS<\/h2>\n<ul>\n<li><strong>Akkutyp:\u00a0 <\/strong>Lithium-ion<\/li>\n<li><strong>Ladezeit: <\/strong>2 h Max<\/li>\n<li><strong>Ma\u00dfe (LxBxH): <\/strong>19.9 x 13 x 3.4 inches \/ 50.5 x 33 x 8.5 cm<\/li>\n<li><strong>Gewicht: <\/strong>13.7KG (30.2LBS)<\/li>\n<li><strong>Standardspannung: <\/strong>14S \/ 51.8V<\/li>\n<li><strong>Kapazit\u00e4t: <\/strong>32.500 mAH \/ 1.683 WH<\/li>\n<li><strong>Wasserschutzklasse: <\/strong>IP67<\/li>\n<li><strong>Sicherheitsvorrichtungen:<\/strong> \u00dcberhitzung, \u00dcberstrom, \u00dcberspannung, \u00dcberladung, Kurzschluss<\/li>\n<\/ul>\n","protected":false},"excerpt":{"rendered":"<p>Der PowerFlight Cell Akku von Waydoo wurde entwickelt, um so bequem und effizient wie m\u00f6glich zu sein. Aus langlebigen, hochwertigen Materialien gefertigt, erreicht der Akku eine Leistung auf h\u00f6chstem Niveau.<\/p>\n","protected":false},"featured_media":129478,"comment_status":"open","ping_status":"closed","template":"","meta":{"_acf_changed":false,"_editorskit_title_hidden":false,"_editorskit_reading_time":0,"_editorskit_is_block_options_detached":false,"_editorskit_block_options_position":"{}","site-sidebar-layout":"default","site-content-layout":"default","ast-site-content-layout":"default","site-content-style":"default","site-sidebar-style":"default","ast-global-header-display":"","ast-banner-title-visibility":"","ast-main-header-display":"","ast-hfb-above-header-display":"","ast-hfb-below-header-display":"","ast-hfb-mobile-header-display":"","site-post-title":"","ast-breadcrumbs-content":"","ast-featured-img":"","footer-sml-layout":"","ast-disable-related-posts":"","theme-transparent-header-meta":"default","adv-header-id-meta":"","stick-header-meta":"","header-above-stick-meta":"","header-main-stick-meta":"","header-below-stick-meta":"","astra-migrate-meta-layouts":"set","ast-page-background-enabled":"default","ast-page-background-meta":{"desktop":{"background-color":"","background-image":"","background-repeat":"repeat","background-position":"center center","background-size":"auto","background-attachment":"scroll","background-type":"","background-media":"","overlay-type":"","overlay-color":"","overlay-opacity":"","overlay-gradient":""},"tablet":{"background-color":"","background-image":"","background-repeat":"repeat","background-position":"center center","background-size":"auto","background-attachment":"scroll","background-type":"","background-media":"","overlay-type":"","overlay-color":"","overlay-opacity":"","overlay-gradient":""},"mobile":{"background-color":"","background-image":"","background-repeat":"repeat","background-position":"center center","background-size":"auto","background-attachment":"scroll","background-type":"","background-media":"","overlay-type":"","overlay-color":"","overlay-opacity":"","overlay-gradient":""}},"ast-content-background-meta":{"desktop":{"background-color":"var(--ast-global-color-5)","background-image":"","background-repeat":"repeat","background-position":"center center","background-size":"auto","background-attachment":"scroll","background-type":"","background-media":"","overlay-type":"","overlay-color":"","overlay-opacity":"","overlay-gradient":""},"tablet":{"background-color":"var(--ast-global-color-5)","background-image":"","background-repeat":"repeat","background-position":"center center","background-size":"auto","background-attachment":"scroll","background-type":"","background-media":"","overlay-type":"","overlay-color":"","overlay-opacity":"","overlay-gradient":""},"mobile":{"background-color":"var(--ast-global-color-5)","background-image":"","background-repeat":"repeat","background-position":"center center","background-size":"auto","background-attachment":"scroll","background-type":"","background-media":"","overlay-type":"","overlay-color":"","overlay-opacity":"","overlay-gradient":""}},"_jf_save_progress":""},"product_brand":[],"product_cat":[111,60,570,536,506,24],"product_tag":[],"class_list":{"0":"post-129484","1":"product","2":"type-product","3":"status-publish","4":"has-post-thumbnail","6":"product_cat-verkauf","7":"product_cat-buy","8":"product_cat-e-foil-ersatzteile-de","9":"product_cat-e-foil-spare-parts","10":"product_cat-ersatzteile-de","11":"product_cat-spare-parts","12":"product_shipping_class-mg-de","13":"desktop-align-center","14":"tablet-align-center","15":"mobile-align-center","16":"ast-product-gallery-layout-horizontal","17":"ast-magnify-disabled","18":"ast-product-tabs-layout-horizontal","20":"first","21":"instock","22":"taxable","23":"shipping-taxable","24":"purchasable","25":"product-type-simple"},"acf":[],"brizy_media":[],"_links":{"self":[{"href":"https:\/\/wave-lovers.com\/de\/wp-json\/wp\/v2\/product\/129484","targetHints":{"allow":["GET"]}}],"collection":[{"href":"https:\/\/wave-lovers.com\/de\/wp-json\/wp\/v2\/product"}],"about":[{"href":"https:\/\/wave-lovers.com\/de\/wp-json\/wp\/v2\/types\/product"}],"replies":[{"embeddable":true,"href":"https:\/\/wave-lovers.com\/de\/wp-json\/wp\/v2\/comments?post=129484"}],"wp:featuredmedia":[{"embeddable":true,"href":"https:\/\/wave-lovers.com\/de\/wp-json\/wp\/v2\/media\/129478"}],"wp:attachment":[{"href":"https:\/\/wave-lovers.com\/de\/wp-json\/wp\/v2\/media?parent=129484"}],"wp:term":[{"taxonomy":"product_brand","embeddable":true,"href":"https:\/\/wave-lovers.com\/de\/wp-json\/wp\/v2\/product_brand?post=129484"},{"taxonomy":"product_cat","embeddable":true,"href":"https:\/\/wave-lovers.com\/de\/wp-json\/wp\/v2\/product_cat?post=129484"},{"taxonomy":"product_tag","embeddable":true,"href":"https:\/\/wave-lovers.com\/de\/wp-json\/wp\/v2\/product_tag?post=129484"}],"curies":[{"name":"wp","href":"https:\/\/api.w.org\/{rel}","templated":true}]}}