{"id":129472,"date":"2021-11-18T21:31:44","date_gmt":"2021-11-18T20:31:44","guid":{"rendered":"https:\/\/wave-lovers.com\/waydoo-explorer-mast-and-power-assembly\/"},"modified":"2024-09-09T10:56:33","modified_gmt":"2024-09-09T08:56:33","slug":"waydoo-mast-antriebseinheit","status":"publish","type":"product","link":"https:\/\/wave-lovers.com\/de\/waydoo-mast-antriebseinheit\/","title":{"rendered":"Waydoo Flyer One Mast &#038; Antriebseinheit"},"content":{"rendered":"<h2>Waydoo Waydoo Mast &amp; Antriebseinheit - INFORMATION<img decoding=\"async\" class=\"size-thumbnail wp-image-50792 alignright\" src=\"https:\/\/wave-lovers.com\/wp-content\/uploads\/2021\/11\/e-foil-waydoo-flyer-one-power-assembly-electric-outboard-motor-1-150x150.jpg\" alt=\"e-foil-waydoo-flyer-one-power-assembly-electric-outboard-motor\" width=\"150\" height=\"150\" srcset=\"https:\/\/wave-lovers.com\/wp-content\/uploads\/2021\/11\/e-foil-waydoo-flyer-one-power-assembly-electric-outboard-motor-1-150x150.jpg 150w, https:\/\/wave-lovers.com\/wp-content\/uploads\/2021\/11\/e-foil-waydoo-flyer-one-power-assembly-electric-outboard-motor-1-100x100.jpg 100w, https:\/\/wave-lovers.com\/wp-content\/uploads\/2021\/11\/e-foil-waydoo-flyer-one-power-assembly-electric-outboard-motor-1-600x600.jpg 600w, https:\/\/wave-lovers.com\/wp-content\/uploads\/2021\/11\/e-foil-waydoo-flyer-one-power-assembly-electric-outboard-motor-1-300x300.jpg 300w, https:\/\/wave-lovers.com\/wp-content\/uploads\/2021\/11\/e-foil-waydoo-flyer-one-power-assembly-electric-outboard-motor-1-1024x1024.jpg 1024w, https:\/\/wave-lovers.com\/wp-content\/uploads\/2021\/11\/e-foil-waydoo-flyer-one-power-assembly-electric-outboard-motor-1-768x768.jpg 768w, https:\/\/wave-lovers.com\/wp-content\/uploads\/2021\/11\/e-foil-waydoo-flyer-one-power-assembly-electric-outboard-motor-1-1536x1536.jpg 1536w, https:\/\/wave-lovers.com\/wp-content\/uploads\/2021\/11\/e-foil-waydoo-flyer-one-power-assembly-electric-outboard-motor-1-500x500.jpg 500w, https:\/\/wave-lovers.com\/wp-content\/uploads\/2021\/11\/e-foil-waydoo-flyer-one-power-assembly-electric-outboard-motor-1.jpg 1800w\" sizes=\"(max-width: 150px) 100vw, 150px\" \/><\/h2>\n<p>Mast &amp; Antriebsinheit ist die Kombination aus Mast, Rumpf und dem leistungsstarken Antriebssystem. Das Produkt ist in zwei verschiedenen L\u00e4ngen erh\u00e4ltlich (65 \/ 85cm). Die k\u00fcrzere Version erm\u00f6glicht eine bessere Carving- und Man\u00f6vrierf\u00e4higkeit, w\u00e4hrend die l\u00e4ngere Version sich hervorragend f\u00fcr gr\u00f6\u00dfere Wellen und raueren Seegang eignet. Die Antriebseinheit ist mit allen Flyer One E-Foils von Waydoo kompatibel.<\/p>\n<h2>Waydoo Mast &amp; Antriebseinheit - DETAILS<\/h2>\n<ul>\n<li><strong>Gewicht: <\/strong>15.5KG (34LBS) \/ 16.1KG (35.4 lbs)<\/li>\n<li><strong>Mast Material: <\/strong>eloxierte Aluminiumlegierung in Luftfahrtqualit\u00e4t<\/li>\n<li><strong>Mast L\u00e4nge: <\/strong>65cm \/ 85cm<\/li>\n<li><strong>Motor Typ: <\/strong>B\u00fcrstenlos<\/li>\n<li><strong>Motor Power Output: <\/strong>6000W<\/li>\n<li><strong>Motor Speed:<\/strong> 6000RPM<\/li>\n<li><strong>Schutz:<\/strong> Propellergeh\u00e4use und -schutz, \u00dcberhitzung, \u00dcberstrom, blockierter Rotor<\/li>\n<\/ul>\n","protected":false},"excerpt":{"rendered":"<p>Mast &amp; Antriebsinheit ist die Kombination aus Mast, Rumpf und dem leistungsstarken Antriebssystem. Das Produkt ist in zwei verschiedenen L\u00e4ngen erh\u00e4ltlich (65 \/ 85cm) und mit allen Flyer One E-Foils von Waydoo kompatibel.<\/p>\n","protected":false},"featured_media":129462,"comment_status":"open","ping_status":"closed","template":"","meta":{"_acf_changed":false,"_editorskit_title_hidden":false,"_editorskit_reading_time":0,"_editorskit_is_block_options_detached":false,"_editorskit_block_options_position":"{}","site-sidebar-layout":"default","site-content-layout":"default","ast-site-content-layout":"default","site-content-style":"default","site-sidebar-style":"default","ast-global-header-display":"","ast-banner-title-visibility":"","ast-main-header-display":"","ast-hfb-above-header-display":"","ast-hfb-below-header-display":"","ast-hfb-mobile-header-display":"","site-post-title":"","ast-breadcrumbs-content":"","ast-featured-img":"","footer-sml-layout":"","ast-disable-related-posts":"","theme-transparent-header-meta":"default","adv-header-id-meta":"","stick-header-meta":"","header-above-stick-meta":"","header-main-stick-meta":"","header-below-stick-meta":"","astra-migrate-meta-layouts":"set","ast-page-background-enabled":"default","ast-page-background-meta":{"desktop":{"background-color":"","background-image":"","background-repeat":"repeat","background-position":"center center","background-size":"auto","background-attachment":"scroll","background-type":"","background-media":"","overlay-type":"","overlay-color":"","overlay-opacity":"","overlay-gradient":""},"tablet":{"background-color":"","background-image":"","background-repeat":"repeat","background-position":"center center","background-size":"auto","background-attachment":"scroll","background-type":"","background-media":"","overlay-type":"","overlay-color":"","overlay-opacity":"","overlay-gradient":""},"mobile":{"background-color":"","background-image":"","background-repeat":"repeat","background-position":"center center","background-size":"auto","background-attachment":"scroll","background-type":"","background-media":"","overlay-type":"","overlay-color":"","overlay-opacity":"","overlay-gradient":""}},"ast-content-background-meta":{"desktop":{"background-color":"var(--ast-global-color-5)","background-image":"","background-repeat":"repeat","background-position":"center center","background-size":"auto","background-attachment":"scroll","background-type":"","background-media":"","overlay-type":"","overlay-color":"","overlay-opacity":"","overlay-gradient":""},"tablet":{"background-color":"var(--ast-global-color-5)","background-image":"","background-repeat":"repeat","background-position":"center center","background-size":"auto","background-attachment":"scroll","background-type":"","background-media":"","overlay-type":"","overlay-color":"","overlay-opacity":"","overlay-gradient":""},"mobile":{"background-color":"var(--ast-global-color-5)","background-image":"","background-repeat":"repeat","background-position":"center center","background-size":"auto","background-attachment":"scroll","background-type":"","background-media":"","overlay-type":"","overlay-color":"","overlay-opacity":"","overlay-gradient":""}},"_jf_save_progress":""},"product_brand":[],"product_cat":[111,570,506],"product_tag":[],"class_list":{"0":"post-129472","1":"product","2":"type-product","3":"status-publish","4":"has-post-thumbnail","6":"product_cat-verkauf","7":"product_cat-e-foil-ersatzteile-de","8":"product_cat-ersatzteile-de","9":"product_shipping_class-m-de","10":"desktop-align-center","11":"tablet-align-center","12":"mobile-align-center","13":"ast-product-gallery-layout-horizontal","14":"ast-magnify-disabled","15":"ast-product-single-variable","16":"ast-product-tabs-layout-horizontal","18":"first","19":"instock","20":"taxable","21":"shipping-taxable","22":"purchasable","23":"product-type-variable"},"acf":[],"brizy_media":[],"_links":{"self":[{"href":"https:\/\/wave-lovers.com\/de\/wp-json\/wp\/v2\/product\/129472","targetHints":{"allow":["GET"]}}],"collection":[{"href":"https:\/\/wave-lovers.com\/de\/wp-json\/wp\/v2\/product"}],"about":[{"href":"https:\/\/wave-lovers.com\/de\/wp-json\/wp\/v2\/types\/product"}],"replies":[{"embeddable":true,"href":"https:\/\/wave-lovers.com\/de\/wp-json\/wp\/v2\/comments?post=129472"}],"wp:featuredmedia":[{"embeddable":true,"href":"https:\/\/wave-lovers.com\/de\/wp-json\/wp\/v2\/media\/129462"}],"wp:attachment":[{"href":"https:\/\/wave-lovers.com\/de\/wp-json\/wp\/v2\/media?parent=129472"}],"wp:term":[{"taxonomy":"product_brand","embeddable":true,"href":"https:\/\/wave-lovers.com\/de\/wp-json\/wp\/v2\/product_brand?post=129472"},{"taxonomy":"product_cat","embeddable":true,"href":"https:\/\/wave-lovers.com\/de\/wp-json\/wp\/v2\/product_cat?post=129472"},{"taxonomy":"product_tag","embeddable":true,"href":"https:\/\/wave-lovers.com\/de\/wp-json\/wp\/v2\/product_tag?post=129472"}],"curies":[{"name":"wp","href":"https:\/\/api.w.org\/{rel}","templated":true}]}}