{"id":129457,"date":"2021-11-20T21:15:27","date_gmt":"2021-11-20T20:15:27","guid":{"rendered":"https:\/\/wave-lovers.com\/waydoo-hydrofoil-surfboard-flyer-one-epp-board-edition\/"},"modified":"2024-09-09T10:52:47","modified_gmt":"2024-09-09T08:52:47","slug":"waydoo-board-only-epp-edition","status":"publish","type":"product","link":"https:\/\/wave-lovers.com\/de\/waydoo-board-only-epp-edition\/","title":{"rendered":"Waydoo Flyer One Board Only EPP Edition"},"content":{"rendered":"<h2>Waydoo Board Only EPP Edition - INFORMATION<img decoding=\"async\" class=\"size-thumbnail wp-image-95346 alignright\" src=\"https:\/\/wave-lovers.com\/wp-content\/uploads\/2023\/06\/e-foil-waydoo-flyer-one-epp-board-150x150.jpg\" alt=\"\" width=\"150\" height=\"150\" srcset=\"https:\/\/wave-lovers.com\/wp-content\/uploads\/2023\/06\/e-foil-waydoo-flyer-one-epp-board-150x150.jpg 150w, https:\/\/wave-lovers.com\/wp-content\/uploads\/2023\/06\/e-foil-waydoo-flyer-one-epp-board-300x300.jpg 300w, https:\/\/wave-lovers.com\/wp-content\/uploads\/2023\/06\/e-foil-waydoo-flyer-one-epp-board-1024x1024.jpg 1024w, https:\/\/wave-lovers.com\/wp-content\/uploads\/2023\/06\/e-foil-waydoo-flyer-one-epp-board-768x768.jpg 768w, https:\/\/wave-lovers.com\/wp-content\/uploads\/2023\/06\/e-foil-waydoo-flyer-one-epp-board-1536x1536.jpg 1536w, https:\/\/wave-lovers.com\/wp-content\/uploads\/2023\/06\/e-foil-waydoo-flyer-one-epp-board-600x600.jpg 600w, https:\/\/wave-lovers.com\/wp-content\/uploads\/2023\/06\/e-foil-waydoo-flyer-one-epp-board-100x100.jpg 100w, https:\/\/wave-lovers.com\/wp-content\/uploads\/2023\/06\/e-foil-waydoo-flyer-one-epp-board-32x32.jpg 32w, https:\/\/wave-lovers.com\/wp-content\/uploads\/2023\/06\/e-foil-waydoo-flyer-one-epp-board.jpg 1800w\" sizes=\"(max-width: 150px) 100vw, 150px\" \/><\/h2>\n<p>Der Akku wird von oben in das Brett geschoben und mit zwei Schrauben an der Seite befestigt. Von der anderen Seite wird der Mast von unten in die \u00d6ffnung im Brett gesteckt und mit dem Surfbrett verschraubt. Durch dieses einfache \"Plug and Play\"-Konzept sind keine Kabelverbindungen notwendig. Das Surfbrett ist aufgrund seiner geringen Abmessungen leicht zu verstauen. Auch wenn man es ohne die dazugeh\u00f6rige Tasche verstauen m\u00f6chte, hat das einige Vorteile. Zum Beispiel wird ein empfindlicher Boden durch das weiche Material des Surfbretts nicht zerkratzt. Sollten Sie auf das Brett fallen, verletzen Sie sich nicht. Beim Einsatz auf dem Meer saugt sich das Brett ein wenig mit Wasser voll. Nach dem Gebrauch sollten Sie es daher trocknen lassen, bevor Sie es einlagern.<\/p>\n<h2>Waydoo Board Only EPP Edition - DETAILS<\/h2>\n<ul>\n<li><strong>Material:<\/strong> EPP Schaum mit einem verst\u00e4rkten Aluminiumrahmen<\/li>\n<li><strong>Volumen:<\/strong> 110L<\/li>\n<li><strong>Gewicht:<\/strong> 9.8KG (27.8LBS)<\/li>\n<li><strong>Gr\u00f6\u00dfe:<\/strong> 1671 cm x 73 cm x 16 cm (65.8\" x 28.7\" x 6.3\")<\/li>\n<\/ul>\n","protected":false},"excerpt":{"rendered":"<p>Ersatzboard f\u00fcr das Waydoo Flyer One plus E-Foil. Diese \u00fcberarbeitete Version ist 3,6 kg leichter und bis zu 60% widerstandf\u00e4higer.<\/p>\n","protected":false},"featured_media":129452,"comment_status":"open","ping_status":"closed","template":"","meta":{"_acf_changed":false,"_editorskit_title_hidden":false,"_editorskit_reading_time":0,"_editorskit_is_block_options_detached":false,"_editorskit_block_options_position":"{}","site-sidebar-layout":"default","site-content-layout":"default","ast-site-content-layout":"default","site-content-style":"default","site-sidebar-style":"default","ast-global-header-display":"","ast-banner-title-visibility":"","ast-main-header-display":"","ast-hfb-above-header-display":"","ast-hfb-below-header-display":"","ast-hfb-mobile-header-display":"","site-post-title":"","ast-breadcrumbs-content":"","ast-featured-img":"","footer-sml-layout":"","ast-disable-related-posts":"","theme-transparent-header-meta":"default","adv-header-id-meta":"","stick-header-meta":"","header-above-stick-meta":"","header-main-stick-meta":"","header-below-stick-meta":"","astra-migrate-meta-layouts":"set","ast-page-background-enabled":"default","ast-page-background-meta":{"desktop":{"background-color":"","background-image":"","background-repeat":"repeat","background-position":"center center","background-size":"auto","background-attachment":"scroll","background-type":"","background-media":"","overlay-type":"","overlay-color":"","overlay-opacity":"","overlay-gradient":""},"tablet":{"background-color":"","background-image":"","background-repeat":"repeat","background-position":"center center","background-size":"auto","background-attachment":"scroll","background-type":"","background-media":"","overlay-type":"","overlay-color":"","overlay-opacity":"","overlay-gradient":""},"mobile":{"background-color":"","background-image":"","background-repeat":"repeat","background-position":"center center","background-size":"auto","background-attachment":"scroll","background-type":"","background-media":"","overlay-type":"","overlay-color":"","overlay-opacity":"","overlay-gradient":""}},"ast-content-background-meta":{"desktop":{"background-color":"var(--ast-global-color-5)","background-image":"","background-repeat":"repeat","background-position":"center center","background-size":"auto","background-attachment":"scroll","background-type":"","background-media":"","overlay-type":"","overlay-color":"","overlay-opacity":"","overlay-gradient":""},"tablet":{"background-color":"var(--ast-global-color-5)","background-image":"","background-repeat":"repeat","background-position":"center center","background-size":"auto","background-attachment":"scroll","background-type":"","background-media":"","overlay-type":"","overlay-color":"","overlay-opacity":"","overlay-gradient":""},"mobile":{"background-color":"var(--ast-global-color-5)","background-image":"","background-repeat":"repeat","background-position":"center center","background-size":"auto","background-attachment":"scroll","background-type":"","background-media":"","overlay-type":"","overlay-color":"","overlay-opacity":"","overlay-gradient":""}},"_jf_save_progress":""},"product_brand":[],"product_cat":[111,60,570,536,506,24],"product_tag":[],"class_list":{"0":"post-129457","1":"product","2":"type-product","3":"status-publish","4":"has-post-thumbnail","6":"product_cat-verkauf","7":"product_cat-buy","8":"product_cat-e-foil-ersatzteile-de","9":"product_cat-e-foil-spare-parts","10":"product_cat-ersatzteile-de","11":"product_cat-spare-parts","12":"product_shipping_class-lg-de","13":"desktop-align-center","14":"tablet-align-center","15":"mobile-align-center","16":"ast-product-gallery-layout-horizontal","17":"ast-magnify-disabled","18":"ast-product-tabs-layout-horizontal","20":"first","21":"instock","22":"taxable","23":"shipping-taxable","24":"purchasable","25":"product-type-simple"},"acf":[],"brizy_media":[],"_links":{"self":[{"href":"https:\/\/wave-lovers.com\/de\/wp-json\/wp\/v2\/product\/129457","targetHints":{"allow":["GET"]}}],"collection":[{"href":"https:\/\/wave-lovers.com\/de\/wp-json\/wp\/v2\/product"}],"about":[{"href":"https:\/\/wave-lovers.com\/de\/wp-json\/wp\/v2\/types\/product"}],"replies":[{"embeddable":true,"href":"https:\/\/wave-lovers.com\/de\/wp-json\/wp\/v2\/comments?post=129457"}],"wp:featuredmedia":[{"embeddable":true,"href":"https:\/\/wave-lovers.com\/de\/wp-json\/wp\/v2\/media\/129452"}],"wp:attachment":[{"href":"https:\/\/wave-lovers.com\/de\/wp-json\/wp\/v2\/media?parent=129457"}],"wp:term":[{"taxonomy":"product_brand","embeddable":true,"href":"https:\/\/wave-lovers.com\/de\/wp-json\/wp\/v2\/product_brand?post=129457"},{"taxonomy":"product_cat","embeddable":true,"href":"https:\/\/wave-lovers.com\/de\/wp-json\/wp\/v2\/product_cat?post=129457"},{"taxonomy":"product_tag","embeddable":true,"href":"https:\/\/wave-lovers.com\/de\/wp-json\/wp\/v2\/product_tag?post=129457"}],"curies":[{"name":"wp","href":"https:\/\/api.w.org\/{rel}","templated":true}]}}