{"id":129430,"date":"2021-11-20T22:43:17","date_gmt":"2021-11-20T21:43:17","guid":{"rendered":"https:\/\/wave-lovers.com\/waydoo-e-foil-flyer-one-fast-charger\/"},"modified":"2024-09-09T10:46:21","modified_gmt":"2024-09-09T08:46:21","slug":"waydoo-e-foil-flyer-one-schnellladegeraet","status":"publish","type":"product","link":"https:\/\/wave-lovers.com\/de\/waydoo-e-foil-flyer-one-schnellladegeraet\/","title":{"rendered":"Waydoo Flyer One Schnellladeger\u00e4t"},"content":{"rendered":"<h2>Waydoo Schnellladeger\u00e4t - INFORMATION<img decoding=\"async\" class=\"size-thumbnail wp-image-129427 alignright\" src=\"https:\/\/wave-lovers.com\/wp-content\/uploads\/2021\/11\/waydoo-fast-charger-150x150.jpg\" alt=\"\" width=\"150\" height=\"150\" srcset=\"https:\/\/wave-lovers.com\/wp-content\/uploads\/2021\/11\/waydoo-fast-charger-150x150.jpg 150w, https:\/\/wave-lovers.com\/wp-content\/uploads\/2021\/11\/waydoo-fast-charger-300x300.jpg 300w, https:\/\/wave-lovers.com\/wp-content\/uploads\/2021\/11\/waydoo-fast-charger-600x600.jpg 600w, https:\/\/wave-lovers.com\/wp-content\/uploads\/2021\/11\/waydoo-fast-charger-100x100.jpg 100w, https:\/\/wave-lovers.com\/wp-content\/uploads\/2021\/11\/waydoo-fast-charger-32x32.jpg 32w, https:\/\/wave-lovers.com\/wp-content\/uploads\/2021\/11\/waydoo-fast-charger.jpg 697w\" sizes=\"(max-width: 150px) 100vw, 150px\" \/><\/h2>\n<p>Mit dem Original Waydoo Schnellladeger\u00e4t ist Ihr E-Foil-Akku nach 1,5 - 2 Stunden wieder voll geladen. Ein zweites Ladeger\u00e4t ist die optimale Erg\u00e4nzung, wenn Sie mehrere E-Foil-Akkus parallel laden wollen. Das Schnellladeger\u00e4t ist Bestandteil des Waydoo Flyer One plus Angebots.<\/p>\n<h2>Waydoo Schnellladeger\u00e4t - DETAILS<\/h2>\n<ul>\n<li><strong>Ladezeit:<\/strong> unter 2h<\/li>\n<li><strong>Sicherheit:<\/strong> IP65 wasserdicht<\/li>\n<li><strong>Eingangsspannung:<\/strong> AC 90 - 260 V<\/li>\n<li><strong>Gewicht:<\/strong> 7.18KG (15.8LBS)<\/li>\n<li><strong>Power:<\/strong> 1270W max.<\/li>\n<li><strong>Ladestrom:<\/strong> 16-18 A<\/li>\n<li><strong>Betriebstemperatur:<\/strong> -5~40\u00b0C (23~104\u00b0F)<\/li>\n<\/ul>\n","protected":false},"excerpt":{"rendered":"<p>Mit dem original Waydoo Schnellladeger\u00e4t ist Ihre E-Foil-Batterie nach 1,5 - 2 Stunden wieder voll geladen. Ein zweites Ladeger\u00e4t ist die ideale Erg\u00e4nzung, wenn Sie mehrere E-Foil-Batterien parallel laden m\u00f6chten.<\/p>\n","protected":false},"featured_media":95353,"comment_status":"open","ping_status":"closed","template":"","meta":{"_acf_changed":false,"_editorskit_title_hidden":false,"_editorskit_reading_time":0,"_editorskit_is_block_options_detached":false,"_editorskit_block_options_position":"{}","site-sidebar-layout":"default","site-content-layout":"default","ast-site-content-layout":"default","site-content-style":"default","site-sidebar-style":"default","ast-global-header-display":"","ast-banner-title-visibility":"","ast-main-header-display":"","ast-hfb-above-header-display":"","ast-hfb-below-header-display":"","ast-hfb-mobile-header-display":"","site-post-title":"","ast-breadcrumbs-content":"","ast-featured-img":"","footer-sml-layout":"","ast-disable-related-posts":"","theme-transparent-header-meta":"default","adv-header-id-meta":"","stick-header-meta":"","header-above-stick-meta":"","header-main-stick-meta":"","header-below-stick-meta":"","astra-migrate-meta-layouts":"set","ast-page-background-enabled":"default","ast-page-background-meta":{"desktop":{"background-color":"","background-image":"","background-repeat":"repeat","background-position":"center center","background-size":"auto","background-attachment":"scroll","background-type":"","background-media":"","overlay-type":"","overlay-color":"","overlay-opacity":"","overlay-gradient":""},"tablet":{"background-color":"","background-image":"","background-repeat":"repeat","background-position":"center center","background-size":"auto","background-attachment":"scroll","background-type":"","background-media":"","overlay-type":"","overlay-color":"","overlay-opacity":"","overlay-gradient":""},"mobile":{"background-color":"","background-image":"","background-repeat":"repeat","background-position":"center center","background-size":"auto","background-attachment":"scroll","background-type":"","background-media":"","overlay-type":"","overlay-color":"","overlay-opacity":"","overlay-gradient":""}},"ast-content-background-meta":{"desktop":{"background-color":"var(--ast-global-color-5)","background-image":"","background-repeat":"repeat","background-position":"center center","background-size":"auto","background-attachment":"scroll","background-type":"","background-media":"","overlay-type":"","overlay-color":"","overlay-opacity":"","overlay-gradient":""},"tablet":{"background-color":"var(--ast-global-color-5)","background-image":"","background-repeat":"repeat","background-position":"center center","background-size":"auto","background-attachment":"scroll","background-type":"","background-media":"","overlay-type":"","overlay-color":"","overlay-opacity":"","overlay-gradient":""},"mobile":{"background-color":"var(--ast-global-color-5)","background-image":"","background-repeat":"repeat","background-position":"center center","background-size":"auto","background-attachment":"scroll","background-type":"","background-media":"","overlay-type":"","overlay-color":"","overlay-opacity":"","overlay-gradient":""}},"_jf_save_progress":""},"product_brand":[],"product_cat":[570,60,111,536,506,24],"product_tag":[],"class_list":{"0":"post-129430","1":"product","2":"type-product","3":"status-publish","4":"has-post-thumbnail","6":"product_cat-e-foil-ersatzteile-de","7":"product_cat-buy","8":"product_cat-verkauf","9":"product_cat-e-foil-spare-parts","10":"product_cat-ersatzteile-de","11":"product_cat-spare-parts","12":"product_shipping_class-m-de","13":"desktop-align-center","14":"tablet-align-center","15":"mobile-align-center","16":"ast-product-gallery-layout-horizontal","17":"ast-product-gallery-with-no-image","18":"ast-magnify-disabled","19":"ast-product-tabs-layout-horizontal","21":"first","22":"instock","23":"taxable","24":"shipping-taxable","25":"purchasable","26":"product-type-simple"},"acf":[],"brizy_media":[],"_links":{"self":[{"href":"https:\/\/wave-lovers.com\/de\/wp-json\/wp\/v2\/product\/129430","targetHints":{"allow":["GET"]}}],"collection":[{"href":"https:\/\/wave-lovers.com\/de\/wp-json\/wp\/v2\/product"}],"about":[{"href":"https:\/\/wave-lovers.com\/de\/wp-json\/wp\/v2\/types\/product"}],"replies":[{"embeddable":true,"href":"https:\/\/wave-lovers.com\/de\/wp-json\/wp\/v2\/comments?post=129430"}],"wp:featuredmedia":[{"embeddable":true,"href":"https:\/\/wave-lovers.com\/de\/wp-json\/wp\/v2\/media\/95353"}],"wp:attachment":[{"href":"https:\/\/wave-lovers.com\/de\/wp-json\/wp\/v2\/media?parent=129430"}],"wp:term":[{"taxonomy":"product_brand","embeddable":true,"href":"https:\/\/wave-lovers.com\/de\/wp-json\/wp\/v2\/product_brand?post=129430"},{"taxonomy":"product_cat","embeddable":true,"href":"https:\/\/wave-lovers.com\/de\/wp-json\/wp\/v2\/product_cat?post=129430"},{"taxonomy":"product_tag","embeddable":true,"href":"https:\/\/wave-lovers.com\/de\/wp-json\/wp\/v2\/product_tag?post=129430"}],"curies":[{"name":"wp","href":"https:\/\/api.w.org\/{rel}","templated":true}]}}