{"id":129424,"date":"2021-11-20T23:36:19","date_gmt":"2021-11-20T22:36:19","guid":{"rendered":"https:\/\/wave-lovers.com\/waydoo-flyer-one-e-foil-bluetooth-controller\/"},"modified":"2024-09-11T14:31:19","modified_gmt":"2024-09-11T12:31:19","slug":"waydoo-flyer-one-e-foil-bluetooth-controller","status":"publish","type":"product","link":"https:\/\/wave-lovers.com\/de\/waydoo-flyer-one-e-foil-bluetooth-controller\/","title":{"rendered":"Waydoo Flyer One Bluetooth Controller"},"content":{"rendered":"<h2>Waydoo Flyer One Bluetooth Controller - INFORMATION<img decoding=\"async\" class=\"size-thumbnail wp-image-95355 alignright\" src=\"https:\/\/wave-lovers.com\/wp-content\/uploads\/2023\/06\/e-foil-waydoo-flyer-one-jet-one-bluetooth-controller-1-150x150.jpg\" alt=\"\" width=\"150\" height=\"150\" srcset=\"https:\/\/wave-lovers.com\/wp-content\/uploads\/2023\/06\/e-foil-waydoo-flyer-one-jet-one-bluetooth-controller-1-150x150.jpg 150w, https:\/\/wave-lovers.com\/wp-content\/uploads\/2023\/06\/e-foil-waydoo-flyer-one-jet-one-bluetooth-controller-1-300x300.jpg 300w, https:\/\/wave-lovers.com\/wp-content\/uploads\/2023\/06\/e-foil-waydoo-flyer-one-jet-one-bluetooth-controller-1-1024x1024.jpg 1024w, https:\/\/wave-lovers.com\/wp-content\/uploads\/2023\/06\/e-foil-waydoo-flyer-one-jet-one-bluetooth-controller-1-768x768.jpg 768w, https:\/\/wave-lovers.com\/wp-content\/uploads\/2023\/06\/e-foil-waydoo-flyer-one-jet-one-bluetooth-controller-1-1536x1536.jpg 1536w, https:\/\/wave-lovers.com\/wp-content\/uploads\/2023\/06\/e-foil-waydoo-flyer-one-jet-one-bluetooth-controller-1-600x600.jpg 600w, https:\/\/wave-lovers.com\/wp-content\/uploads\/2023\/06\/e-foil-waydoo-flyer-one-jet-one-bluetooth-controller-1-100x100.jpg 100w, https:\/\/wave-lovers.com\/wp-content\/uploads\/2023\/06\/e-foil-waydoo-flyer-one-jet-one-bluetooth-controller-1-32x32.jpg 32w, https:\/\/wave-lovers.com\/wp-content\/uploads\/2023\/06\/e-foil-waydoo-flyer-one-jet-one-bluetooth-controller-1.jpg 1800w\" sizes=\"(max-width: 150px) 100vw, 150px\" \/><\/h2>\n<p>24-stufiger Bluetooth-Controller f\u00fcr Ihr WAYDOO FLYER E-Foil. Steuern Sie Ihre Geschwindigkeit ganz einfach mit der Fingerspitze. Auf dem blendfreien 1,54-Zoll-LCD-Display sehen Sie Ihre Geschwindigkeit und Ihren Gang auf einen Blick. Mit dem eingebauten GPS verfolgt der Controller Ihre Fortschritte bei jeder Sitzung. Ausl\u00f6ser f\u00fcr einfache Geschwindigkeitskontrolle. Vorprogrammierung der maximalen Fahrleistung f\u00fcr einfachere Handhabung und schnelleren Lernprozess.<\/p>\n<h2>Waydoo Flyer One Bluetooth Controller - DETAILS<\/h2>\n<ul>\n<li><strong>Gewicht:<\/strong> 0.23KG (0.55LBS)<\/li>\n<li><strong>Schutzklasse:<\/strong> IP68<\/li>\n<li><strong>Verbindung:<\/strong> Bluetooth Wireless<\/li>\n<li><strong>Features:<\/strong> Speed limiter, speed display, kann schwimmen<\/li>\n<li><strong>Akku:<\/strong> 10 h \/ 3 h Ladezeit<\/li>\n<li><strong>Update:<\/strong> Firmware kann \u00fcber die Smartphone App aktualisiert werden<\/li>\n<li><strong>Ladekabel:<\/strong> Magnetisch<\/li>\n<li><strong>Speed levels:<\/strong> 24<\/li>\n<li><strong>Display:<\/strong> OLED<\/li>\n<li><strong>Batterie:<\/strong> 1850 Li-Io cell<\/li>\n<li><strong>Control Mechanismus:<\/strong> Trigger<\/li>\n<\/ul>\n","protected":false},"excerpt":{"rendered":"<p>24-stufiger Bluetooth-Controller f\u00fcr Ihr WAYDOO E-Foil. Steuern Sie die Geschwindigkeit ganz einfach mit Ihrer Fingerspitze.<\/p>\n","protected":false},"featured_media":129420,"comment_status":"open","ping_status":"closed","template":"","meta":{"_acf_changed":false,"_editorskit_title_hidden":false,"_editorskit_reading_time":0,"_editorskit_is_block_options_detached":false,"_editorskit_block_options_position":"{}","site-sidebar-layout":"default","site-content-layout":"default","ast-site-content-layout":"default","site-content-style":"default","site-sidebar-style":"default","ast-global-header-display":"","ast-banner-title-visibility":"","ast-main-header-display":"","ast-hfb-above-header-display":"","ast-hfb-below-header-display":"","ast-hfb-mobile-header-display":"","site-post-title":"","ast-breadcrumbs-content":"","ast-featured-img":"","footer-sml-layout":"","ast-disable-related-posts":"","theme-transparent-header-meta":"default","adv-header-id-meta":"","stick-header-meta":"","header-above-stick-meta":"","header-main-stick-meta":"","header-below-stick-meta":"","astra-migrate-meta-layouts":"set","ast-page-background-enabled":"default","ast-page-background-meta":{"desktop":{"background-color":"","background-image":"","background-repeat":"repeat","background-position":"center center","background-size":"auto","background-attachment":"scroll","background-type":"","background-media":"","overlay-type":"","overlay-color":"","overlay-opacity":"","overlay-gradient":""},"tablet":{"background-color":"","background-image":"","background-repeat":"repeat","background-position":"center center","background-size":"auto","background-attachment":"scroll","background-type":"","background-media":"","overlay-type":"","overlay-color":"","overlay-opacity":"","overlay-gradient":""},"mobile":{"background-color":"","background-image":"","background-repeat":"repeat","background-position":"center center","background-size":"auto","background-attachment":"scroll","background-type":"","background-media":"","overlay-type":"","overlay-color":"","overlay-opacity":"","overlay-gradient":""}},"ast-content-background-meta":{"desktop":{"background-color":"var(--ast-global-color-5)","background-image":"","background-repeat":"repeat","background-position":"center center","background-size":"auto","background-attachment":"scroll","background-type":"","background-media":"","overlay-type":"","overlay-color":"","overlay-opacity":"","overlay-gradient":""},"tablet":{"background-color":"var(--ast-global-color-5)","background-image":"","background-repeat":"repeat","background-position":"center center","background-size":"auto","background-attachment":"scroll","background-type":"","background-media":"","overlay-type":"","overlay-color":"","overlay-opacity":"","overlay-gradient":""},"mobile":{"background-color":"var(--ast-global-color-5)","background-image":"","background-repeat":"repeat","background-position":"center center","background-size":"auto","background-attachment":"scroll","background-type":"","background-media":"","overlay-type":"","overlay-color":"","overlay-opacity":"","overlay-gradient":""}},"_jf_save_progress":""},"product_brand":[],"product_cat":[570,60,111,536,506,24],"product_tag":[],"class_list":{"0":"post-129424","1":"product","2":"type-product","3":"status-publish","4":"has-post-thumbnail","6":"product_cat-e-foil-ersatzteile-de","7":"product_cat-buy","8":"product_cat-verkauf","9":"product_cat-e-foil-spare-parts","10":"product_cat-ersatzteile-de","11":"product_cat-spare-parts","12":"product_shipping_class-s-de","13":"desktop-align-center","14":"tablet-align-center","15":"mobile-align-center","16":"ast-product-gallery-layout-horizontal","17":"ast-product-gallery-with-no-image","18":"ast-magnify-disabled","19":"ast-product-tabs-layout-horizontal","21":"first","22":"instock","23":"taxable","24":"shipping-taxable","25":"purchasable","26":"product-type-simple"},"acf":[],"brizy_media":[],"_links":{"self":[{"href":"https:\/\/wave-lovers.com\/de\/wp-json\/wp\/v2\/product\/129424","targetHints":{"allow":["GET"]}}],"collection":[{"href":"https:\/\/wave-lovers.com\/de\/wp-json\/wp\/v2\/product"}],"about":[{"href":"https:\/\/wave-lovers.com\/de\/wp-json\/wp\/v2\/types\/product"}],"replies":[{"embeddable":true,"href":"https:\/\/wave-lovers.com\/de\/wp-json\/wp\/v2\/comments?post=129424"}],"wp:featuredmedia":[{"embeddable":true,"href":"https:\/\/wave-lovers.com\/de\/wp-json\/wp\/v2\/media\/129420"}],"wp:attachment":[{"href":"https:\/\/wave-lovers.com\/de\/wp-json\/wp\/v2\/media?parent=129424"}],"wp:term":[{"taxonomy":"product_brand","embeddable":true,"href":"https:\/\/wave-lovers.com\/de\/wp-json\/wp\/v2\/product_brand?post=129424"},{"taxonomy":"product_cat","embeddable":true,"href":"https:\/\/wave-lovers.com\/de\/wp-json\/wp\/v2\/product_cat?post=129424"},{"taxonomy":"product_tag","embeddable":true,"href":"https:\/\/wave-lovers.com\/de\/wp-json\/wp\/v2\/product_tag?post=129424"}],"curies":[{"name":"wp","href":"https:\/\/api.w.org\/{rel}","templated":true}]}}