{"id":129413,"date":"2021-11-21T18:41:41","date_gmt":"2021-11-21T17:41:41","guid":{"rendered":"https:\/\/wave-lovers.com\/waydoo-wings\/"},"modified":"2024-09-11T14:32:30","modified_gmt":"2024-09-11T12:32:30","slug":"waydoo-wings","status":"publish","type":"product","link":"https:\/\/wave-lovers.com\/de\/waydoo-wings\/","title":{"rendered":"Waydoo Flyer One Wings (Vorne)"},"content":{"rendered":"<h2>Waydoo Flyer One Wings - INFORMATION<\/h2>\n<div>Die Fl\u00fcgel geh\u00f6ren zu den wesentlichen Anpassungsm\u00f6glichkeiten eines E-Foils. Gerade professionelle Surfer, die das Maximum an Performance herauskitzeln wollen, streben danach, das bestm\u00f6gliche Fahrerlebnis zu erfahren. Hier werden besonders Eigenschaften interessant, die spektakul\u00e4re Man\u00f6ver erlauben, hartes Carving f\u00f6rdern und insgesamt auf das Nonplusultra an Aerodynamik getrimmt wurden. Daher haben sich die Produktentwickler von Waydoo die Kritik ihrer Kunden zu Herzen genommen und neben den klassischen Versionen (Patroller &amp; Explorer) neue aufregende Versionen geschaffen, die eine deutlich kleinere Fl\u00e4che aufweisen und somit in jeder Situation ein optimiertes Fahrverhalten bieten.<\/div>\n<p><img fetchpriority=\"high\" decoding=\"async\" class=\"alignnone wp-image-129361 size-full\" src=\"https:\/\/wave-lovers.com\/wp-content\/uploads\/2021\/11\/waydoo-flyer-one-plus-front-wing-gliding.jpg\" alt=\"\" width=\"400\" height=\"400\" srcset=\"https:\/\/wave-lovers.com\/wp-content\/uploads\/2021\/11\/waydoo-flyer-one-plus-front-wing-gliding.jpg 400w, https:\/\/wave-lovers.com\/wp-content\/uploads\/2021\/11\/waydoo-flyer-one-plus-front-wing-gliding-300x300.jpg 300w, https:\/\/wave-lovers.com\/wp-content\/uploads\/2021\/11\/waydoo-flyer-one-plus-front-wing-gliding-150x150.jpg 150w, https:\/\/wave-lovers.com\/wp-content\/uploads\/2021\/11\/waydoo-flyer-one-plus-front-wing-gliding-100x100.jpg 100w, https:\/\/wave-lovers.com\/wp-content\/uploads\/2021\/11\/waydoo-flyer-one-plus-front-wing-gliding-32x32.jpg 32w\" sizes=\"(max-width: 400px) 100vw, 400px\" \/> <img decoding=\"async\" class=\"alignnone wp-image-129367 size-full\" src=\"https:\/\/wave-lovers.com\/wp-content\/uploads\/2021\/11\/waydoo-flyer-one-plus-front-wing-racing.jpg\" alt=\"\" width=\"400\" height=\"400\" srcset=\"https:\/\/wave-lovers.com\/wp-content\/uploads\/2021\/11\/waydoo-flyer-one-plus-front-wing-racing.jpg 400w, https:\/\/wave-lovers.com\/wp-content\/uploads\/2021\/11\/waydoo-flyer-one-plus-front-wing-racing-300x300.jpg 300w, https:\/\/wave-lovers.com\/wp-content\/uploads\/2021\/11\/waydoo-flyer-one-plus-front-wing-racing-150x150.jpg 150w, https:\/\/wave-lovers.com\/wp-content\/uploads\/2021\/11\/waydoo-flyer-one-plus-front-wing-racing-100x100.jpg 100w, https:\/\/wave-lovers.com\/wp-content\/uploads\/2021\/11\/waydoo-flyer-one-plus-front-wing-racing-32x32.jpg 32w\" sizes=\"(max-width: 400px) 100vw, 400px\" \/><\/p>\n<p><img decoding=\"async\" class=\"alignnone wp-image-129358 size-full\" src=\"https:\/\/wave-lovers.com\/wp-content\/uploads\/2021\/11\/waydoo-flyer-one-plus-front-wing-explorer.jpg\" alt=\"\" width=\"400\" height=\"400\" srcset=\"https:\/\/wave-lovers.com\/wp-content\/uploads\/2021\/11\/waydoo-flyer-one-plus-front-wing-explorer.jpg 400w, https:\/\/wave-lovers.com\/wp-content\/uploads\/2021\/11\/waydoo-flyer-one-plus-front-wing-explorer-300x300.jpg 300w, https:\/\/wave-lovers.com\/wp-content\/uploads\/2021\/11\/waydoo-flyer-one-plus-front-wing-explorer-150x150.jpg 150w, https:\/\/wave-lovers.com\/wp-content\/uploads\/2021\/11\/waydoo-flyer-one-plus-front-wing-explorer-100x100.jpg 100w, https:\/\/wave-lovers.com\/wp-content\/uploads\/2021\/11\/waydoo-flyer-one-plus-front-wing-explorer-32x32.jpg 32w\" sizes=\"(max-width: 400px) 100vw, 400px\" \/> <img loading=\"lazy\" decoding=\"async\" class=\"alignnone wp-image-129364 size-full\" src=\"https:\/\/wave-lovers.com\/wp-content\/uploads\/2021\/11\/waydoo-flyer-one-plus-front-wing-patroller.jpg\" alt=\"\" width=\"400\" height=\"400\" srcset=\"https:\/\/wave-lovers.com\/wp-content\/uploads\/2021\/11\/waydoo-flyer-one-plus-front-wing-patroller.jpg 400w, https:\/\/wave-lovers.com\/wp-content\/uploads\/2021\/11\/waydoo-flyer-one-plus-front-wing-patroller-300x300.jpg 300w, https:\/\/wave-lovers.com\/wp-content\/uploads\/2021\/11\/waydoo-flyer-one-plus-front-wing-patroller-150x150.jpg 150w, https:\/\/wave-lovers.com\/wp-content\/uploads\/2021\/11\/waydoo-flyer-one-plus-front-wing-patroller-100x100.jpg 100w, https:\/\/wave-lovers.com\/wp-content\/uploads\/2021\/11\/waydoo-flyer-one-plus-front-wing-patroller-32x32.jpg 32w\" sizes=\"(max-width: 400px) 100vw, 400px\" \/><\/p>\n<p><img loading=\"lazy\" decoding=\"async\" class=\"alignnone wp-image-129388\" src=\"https:\/\/wave-lovers.com\/wp-content\/uploads\/2021\/11\/waydoo-wings-gliding-01-1.jpg\" alt=\"\" width=\"325\" height=\"325\" srcset=\"https:\/\/wave-lovers.com\/wp-content\/uploads\/2021\/11\/waydoo-wings-gliding-01-1.jpg 600w, https:\/\/wave-lovers.com\/wp-content\/uploads\/2021\/11\/waydoo-wings-gliding-01-1-300x300.jpg 300w, https:\/\/wave-lovers.com\/wp-content\/uploads\/2021\/11\/waydoo-wings-gliding-01-1-150x150.jpg 150w, https:\/\/wave-lovers.com\/wp-content\/uploads\/2021\/11\/waydoo-wings-gliding-01-1-100x100.jpg 100w, https:\/\/wave-lovers.com\/wp-content\/uploads\/2021\/11\/waydoo-wings-gliding-01-1-32x32.jpg 32w\" sizes=\"(max-width: 325px) 100vw, 325px\" \/><img loading=\"lazy\" decoding=\"async\" class=\"alignnone wp-image-129373\" src=\"https:\/\/wave-lovers.com\/wp-content\/uploads\/2021\/11\/waydoo-wings-gliding-02.jpg\" alt=\"\" width=\"325\" height=\"325\" srcset=\"https:\/\/wave-lovers.com\/wp-content\/uploads\/2021\/11\/waydoo-wings-gliding-02.jpg 600w, https:\/\/wave-lovers.com\/wp-content\/uploads\/2021\/11\/waydoo-wings-gliding-02-300x300.jpg 300w, https:\/\/wave-lovers.com\/wp-content\/uploads\/2021\/11\/waydoo-wings-gliding-02-150x150.jpg 150w, https:\/\/wave-lovers.com\/wp-content\/uploads\/2021\/11\/waydoo-wings-gliding-02-100x100.jpg 100w, https:\/\/wave-lovers.com\/wp-content\/uploads\/2021\/11\/waydoo-wings-gliding-02-32x32.jpg 32w\" sizes=\"(max-width: 325px) 100vw, 325px\" \/><img loading=\"lazy\" decoding=\"async\" class=\"alignnone wp-image-129376\" src=\"https:\/\/wave-lovers.com\/wp-content\/uploads\/2021\/11\/waydoo-wings-gliding-03.jpg\" alt=\"\" width=\"325\" height=\"325\" srcset=\"https:\/\/wave-lovers.com\/wp-content\/uploads\/2021\/11\/waydoo-wings-gliding-03.jpg 600w, https:\/\/wave-lovers.com\/wp-content\/uploads\/2021\/11\/waydoo-wings-gliding-03-300x300.jpg 300w, https:\/\/wave-lovers.com\/wp-content\/uploads\/2021\/11\/waydoo-wings-gliding-03-150x150.jpg 150w, https:\/\/wave-lovers.com\/wp-content\/uploads\/2021\/11\/waydoo-wings-gliding-03-100x100.jpg 100w, https:\/\/wave-lovers.com\/wp-content\/uploads\/2021\/11\/waydoo-wings-gliding-03-32x32.jpg 32w\" sizes=\"(max-width: 325px) 100vw, 325px\" \/><\/p>\n<p><img loading=\"lazy\" decoding=\"async\" class=\"alignnone wp-image-129391\" src=\"https:\/\/wave-lovers.com\/wp-content\/uploads\/2021\/11\/waydoo-wings-racing-01-1.jpg\" alt=\"\" width=\"325\" height=\"325\" srcset=\"https:\/\/wave-lovers.com\/wp-content\/uploads\/2021\/11\/waydoo-wings-racing-01-1.jpg 600w, https:\/\/wave-lovers.com\/wp-content\/uploads\/2021\/11\/waydoo-wings-racing-01-1-300x300.jpg 300w, https:\/\/wave-lovers.com\/wp-content\/uploads\/2021\/11\/waydoo-wings-racing-01-1-150x150.jpg 150w, https:\/\/wave-lovers.com\/wp-content\/uploads\/2021\/11\/waydoo-wings-racing-01-1-100x100.jpg 100w, https:\/\/wave-lovers.com\/wp-content\/uploads\/2021\/11\/waydoo-wings-racing-01-1-32x32.jpg 32w\" sizes=\"(max-width: 325px) 100vw, 325px\" \/><img loading=\"lazy\" decoding=\"async\" class=\"alignnone wp-image-129382\" src=\"https:\/\/wave-lovers.com\/wp-content\/uploads\/2021\/11\/waydoo-wings-racing-02.jpg\" alt=\"\" width=\"325\" height=\"325\" srcset=\"https:\/\/wave-lovers.com\/wp-content\/uploads\/2021\/11\/waydoo-wings-racing-02.jpg 600w, https:\/\/wave-lovers.com\/wp-content\/uploads\/2021\/11\/waydoo-wings-racing-02-300x300.jpg 300w, https:\/\/wave-lovers.com\/wp-content\/uploads\/2021\/11\/waydoo-wings-racing-02-150x150.jpg 150w, https:\/\/wave-lovers.com\/wp-content\/uploads\/2021\/11\/waydoo-wings-racing-02-100x100.jpg 100w, https:\/\/wave-lovers.com\/wp-content\/uploads\/2021\/11\/waydoo-wings-racing-02-32x32.jpg 32w\" sizes=\"(max-width: 325px) 100vw, 325px\" \/><img loading=\"lazy\" decoding=\"async\" class=\"alignnone wp-image-129385\" src=\"https:\/\/wave-lovers.com\/wp-content\/uploads\/2021\/11\/waydoo-wings-racing-03.jpg\" alt=\"\" width=\"325\" height=\"325\" srcset=\"https:\/\/wave-lovers.com\/wp-content\/uploads\/2021\/11\/waydoo-wings-racing-03.jpg 600w, https:\/\/wave-lovers.com\/wp-content\/uploads\/2021\/11\/waydoo-wings-racing-03-300x300.jpg 300w, https:\/\/wave-lovers.com\/wp-content\/uploads\/2021\/11\/waydoo-wings-racing-03-150x150.jpg 150w, https:\/\/wave-lovers.com\/wp-content\/uploads\/2021\/11\/waydoo-wings-racing-03-100x100.jpg 100w, https:\/\/wave-lovers.com\/wp-content\/uploads\/2021\/11\/waydoo-wings-racing-03-32x32.jpg 32w\" sizes=\"(max-width: 325px) 100vw, 325px\" \/><\/p>\n<p data-wp-editing=\"1\"><img loading=\"lazy\" decoding=\"async\" class=\"alignnone wp-image-128869\" src=\"https:\/\/wave-lovers.com\/wp-content\/uploads\/2022\/10\/waydoo-explorer-wing-set-01-950x1024.jpg\" alt=\"\" width=\"325\" height=\"350\" srcset=\"https:\/\/wave-lovers.com\/wp-content\/uploads\/2022\/10\/waydoo-explorer-wing-set-01-950x1024.jpg 950w, https:\/\/wave-lovers.com\/wp-content\/uploads\/2022\/10\/waydoo-explorer-wing-set-01-278x300.jpg 278w, https:\/\/wave-lovers.com\/wp-content\/uploads\/2022\/10\/waydoo-explorer-wing-set-01-768x828.jpg 768w, https:\/\/wave-lovers.com\/wp-content\/uploads\/2022\/10\/waydoo-explorer-wing-set-01-600x647.jpg 600w, https:\/\/wave-lovers.com\/wp-content\/uploads\/2022\/10\/waydoo-explorer-wing-set-01.jpg 1097w\" sizes=\"(max-width: 325px) 100vw, 325px\" \/><img loading=\"lazy\" decoding=\"async\" class=\"alignnone wp-image-128872\" src=\"https:\/\/wave-lovers.com\/wp-content\/uploads\/2022\/10\/waydoo-explorer-wing-set-02.jpg\" alt=\"\" width=\"325\" height=\"350\" srcset=\"https:\/\/wave-lovers.com\/wp-content\/uploads\/2022\/10\/waydoo-explorer-wing-set-02.jpg 1097w, https:\/\/wave-lovers.com\/wp-content\/uploads\/2022\/10\/waydoo-explorer-wing-set-02-278x300.jpg 278w, https:\/\/wave-lovers.com\/wp-content\/uploads\/2022\/10\/waydoo-explorer-wing-set-02-950x1024.jpg 950w, https:\/\/wave-lovers.com\/wp-content\/uploads\/2022\/10\/waydoo-explorer-wing-set-02-768x828.jpg 768w, https:\/\/wave-lovers.com\/wp-content\/uploads\/2022\/10\/waydoo-explorer-wing-set-02-600x647.jpg 600w\" sizes=\"(max-width: 325px) 100vw, 325px\" \/><img loading=\"lazy\" decoding=\"async\" class=\"alignnone wp-image-128875\" src=\"https:\/\/wave-lovers.com\/wp-content\/uploads\/2022\/10\/waydoo-explorer-wing-set-03-950x1024.jpg\" alt=\"\" width=\"325\" height=\"350\" srcset=\"https:\/\/wave-lovers.com\/wp-content\/uploads\/2022\/10\/waydoo-explorer-wing-set-03-950x1024.jpg 950w, https:\/\/wave-lovers.com\/wp-content\/uploads\/2022\/10\/waydoo-explorer-wing-set-03-278x300.jpg 278w, https:\/\/wave-lovers.com\/wp-content\/uploads\/2022\/10\/waydoo-explorer-wing-set-03-768x828.jpg 768w, https:\/\/wave-lovers.com\/wp-content\/uploads\/2022\/10\/waydoo-explorer-wing-set-03-600x647.jpg 600w, https:\/\/wave-lovers.com\/wp-content\/uploads\/2022\/10\/waydoo-explorer-wing-set-03.jpg 1097w\" sizes=\"(max-width: 325px) 100vw, 325px\" \/><\/p>\n<p><img loading=\"lazy\" decoding=\"async\" class=\"alignnone wp-image-128887\" src=\"https:\/\/wave-lovers.com\/wp-content\/uploads\/2022\/10\/waydoo-patroller-wing-set-01-950x1024.jpg\" alt=\"\" width=\"325\" height=\"350\" srcset=\"https:\/\/wave-lovers.com\/wp-content\/uploads\/2022\/10\/waydoo-patroller-wing-set-01-950x1024.jpg 950w, https:\/\/wave-lovers.com\/wp-content\/uploads\/2022\/10\/waydoo-patroller-wing-set-01-278x300.jpg 278w, https:\/\/wave-lovers.com\/wp-content\/uploads\/2022\/10\/waydoo-patroller-wing-set-01-768x828.jpg 768w, https:\/\/wave-lovers.com\/wp-content\/uploads\/2022\/10\/waydoo-patroller-wing-set-01-600x647.jpg 600w, https:\/\/wave-lovers.com\/wp-content\/uploads\/2022\/10\/waydoo-patroller-wing-set-01.jpg 1097w\" sizes=\"(max-width: 325px) 100vw, 325px\" \/><img loading=\"lazy\" decoding=\"async\" class=\"alignnone wp-image-128890\" src=\"https:\/\/wave-lovers.com\/wp-content\/uploads\/2022\/10\/waydoo-patroller-wing-set-02.jpg\" alt=\"\" width=\"325\" height=\"350\" srcset=\"https:\/\/wave-lovers.com\/wp-content\/uploads\/2022\/10\/waydoo-patroller-wing-set-02.jpg 1097w, https:\/\/wave-lovers.com\/wp-content\/uploads\/2022\/10\/waydoo-patroller-wing-set-02-278x300.jpg 278w, https:\/\/wave-lovers.com\/wp-content\/uploads\/2022\/10\/waydoo-patroller-wing-set-02-950x1024.jpg 950w, https:\/\/wave-lovers.com\/wp-content\/uploads\/2022\/10\/waydoo-patroller-wing-set-02-768x828.jpg 768w, https:\/\/wave-lovers.com\/wp-content\/uploads\/2022\/10\/waydoo-patroller-wing-set-02-600x647.jpg 600w\" sizes=\"(max-width: 325px) 100vw, 325px\" \/><img loading=\"lazy\" decoding=\"async\" class=\"alignnone wp-image-128893\" src=\"https:\/\/wave-lovers.com\/wp-content\/uploads\/2022\/10\/waydoo-patroller-wing-set-03.jpg\" alt=\"\" width=\"325\" height=\"350\" srcset=\"https:\/\/wave-lovers.com\/wp-content\/uploads\/2022\/10\/waydoo-patroller-wing-set-03.jpg 1097w, https:\/\/wave-lovers.com\/wp-content\/uploads\/2022\/10\/waydoo-patroller-wing-set-03-278x300.jpg 278w, https:\/\/wave-lovers.com\/wp-content\/uploads\/2022\/10\/waydoo-patroller-wing-set-03-950x1024.jpg 950w, https:\/\/wave-lovers.com\/wp-content\/uploads\/2022\/10\/waydoo-patroller-wing-set-03-768x828.jpg 768w, https:\/\/wave-lovers.com\/wp-content\/uploads\/2022\/10\/waydoo-patroller-wing-set-03-600x647.jpg 600w\" sizes=\"(max-width: 325px) 100vw, 325px\" \/><\/p>\n","protected":false},"excerpt":{"rendered":"<p>Die Produktentwickler von Waydoo haben neben den klassischen Versionen (Patroller &amp; Explorer) neue, aufregende Fl\u00fcgelvarianten kreiert, die eine deutlich kleinere Fl\u00e4che haben und somit ein optimiertes Handling in jeder Situation bieten.<\/p>\n","protected":false},"featured_media":129395,"comment_status":"open","ping_status":"closed","template":"","meta":{"_acf_changed":false,"_editorskit_title_hidden":false,"_editorskit_reading_time":0,"_editorskit_is_block_options_detached":false,"_editorskit_block_options_position":"{}","site-sidebar-layout":"default","site-content-layout":"default","ast-site-content-layout":"default","site-content-style":"default","site-sidebar-style":"default","ast-global-header-display":"","ast-banner-title-visibility":"","ast-main-header-display":"","ast-hfb-above-header-display":"","ast-hfb-below-header-display":"","ast-hfb-mobile-header-display":"","site-post-title":"","ast-breadcrumbs-content":"","ast-featured-img":"","footer-sml-layout":"","ast-disable-related-posts":"","theme-transparent-header-meta":"default","adv-header-id-meta":"","stick-header-meta":"","header-above-stick-meta":"","header-main-stick-meta":"","header-below-stick-meta":"","astra-migrate-meta-layouts":"set","ast-page-background-enabled":"default","ast-page-background-meta":{"desktop":{"background-color":"","background-image":"","background-repeat":"repeat","background-position":"center center","background-size":"auto","background-attachment":"scroll","background-type":"","background-media":"","overlay-type":"","overlay-color":"","overlay-opacity":"","overlay-gradient":""},"tablet":{"background-color":"","background-image":"","background-repeat":"repeat","background-position":"center center","background-size":"auto","background-attachment":"scroll","background-type":"","background-media":"","overlay-type":"","overlay-color":"","overlay-opacity":"","overlay-gradient":""},"mobile":{"background-color":"","background-image":"","background-repeat":"repeat","background-position":"center center","background-size":"auto","background-attachment":"scroll","background-type":"","background-media":"","overlay-type":"","overlay-color":"","overlay-opacity":"","overlay-gradient":""}},"ast-content-background-meta":{"desktop":{"background-color":"var(--ast-global-color-5)","background-image":"","background-repeat":"repeat","background-position":"center center","background-size":"auto","background-attachment":"scroll","background-type":"","background-media":"","overlay-type":"","overlay-color":"","overlay-opacity":"","overlay-gradient":""},"tablet":{"background-color":"var(--ast-global-color-5)","background-image":"","background-repeat":"repeat","background-position":"center center","background-size":"auto","background-attachment":"scroll","background-type":"","background-media":"","overlay-type":"","overlay-color":"","overlay-opacity":"","overlay-gradient":""},"mobile":{"background-color":"var(--ast-global-color-5)","background-image":"","background-repeat":"repeat","background-position":"center center","background-size":"auto","background-attachment":"scroll","background-type":"","background-media":"","overlay-type":"","overlay-color":"","overlay-opacity":"","overlay-gradient":""}},"_jf_save_progress":""},"product_brand":[],"product_cat":[570,111,506],"product_tag":[],"class_list":{"0":"post-129413","1":"product","2":"type-product","3":"status-publish","4":"has-post-thumbnail","6":"product_cat-e-foil-ersatzteile-de","7":"product_cat-verkauf","8":"product_cat-ersatzteile-de","9":"product_shipping_class-m-de","10":"desktop-align-center","11":"tablet-align-center","12":"mobile-align-center","13":"ast-product-gallery-layout-horizontal","14":"ast-magnify-disabled","15":"ast-product-single-variable","16":"ast-product-tabs-layout-horizontal","18":"first","19":"instock","20":"taxable","21":"shipping-taxable","22":"purchasable","23":"product-type-variable"},"acf":[],"brizy_media":[],"_links":{"self":[{"href":"https:\/\/wave-lovers.com\/de\/wp-json\/wp\/v2\/product\/129413","targetHints":{"allow":["GET"]}}],"collection":[{"href":"https:\/\/wave-lovers.com\/de\/wp-json\/wp\/v2\/product"}],"about":[{"href":"https:\/\/wave-lovers.com\/de\/wp-json\/wp\/v2\/types\/product"}],"replies":[{"embeddable":true,"href":"https:\/\/wave-lovers.com\/de\/wp-json\/wp\/v2\/comments?post=129413"}],"wp:featuredmedia":[{"embeddable":true,"href":"https:\/\/wave-lovers.com\/de\/wp-json\/wp\/v2\/media\/129395"}],"wp:attachment":[{"href":"https:\/\/wave-lovers.com\/de\/wp-json\/wp\/v2\/media?parent=129413"}],"wp:term":[{"taxonomy":"product_brand","embeddable":true,"href":"https:\/\/wave-lovers.com\/de\/wp-json\/wp\/v2\/product_brand?post=129413"},{"taxonomy":"product_cat","embeddable":true,"href":"https:\/\/wave-lovers.com\/de\/wp-json\/wp\/v2\/product_cat?post=129413"},{"taxonomy":"product_tag","embeddable":true,"href":"https:\/\/wave-lovers.com\/de\/wp-json\/wp\/v2\/product_tag?post=129413"}],"curies":[{"name":"wp","href":"https:\/\/api.w.org\/{rel}","templated":true}]}}