{"id":129353,"date":"2021-11-21T19:02:27","date_gmt":"2021-11-21T18:02:27","guid":{"rendered":"https:\/\/wave-lovers.com\/waydoo-stabilizer-wing\/"},"modified":"2024-09-11T14:33:28","modified_gmt":"2024-09-11T12:33:28","slug":"waydoo-stabilizer-wing","status":"publish","type":"product","link":"https:\/\/wave-lovers.com\/de\/waydoo-stabilizer-wing\/","title":{"rendered":"Waydoo Flyer One Stabilizer Wings (Hinten)"},"content":{"rendered":"<h2>Waydoo Flyer One Stabilizer Wings - INFORMATION<\/h2>\n<p>Der Heckfl\u00fcgel sorgt f\u00fcr die n\u00f6tige Stabilit\u00e4t beim Fahren und muss daher besonders robust sein. Der Stabilisator ist in zwei Versionen erh\u00e4ltlich. Das alte Modell besteht aus Nylonverbundstoff, w\u00e4hrend die neuere, \u00fcberarbeitete Version \"SURFING 322\" aus Kohlefaser gefertigt ist. Sie ist wendiger und bietet ein besseres Fahrgef\u00fchl.<\/p>\n<h2>Waydoo Flyer One Stabilizer Wings - DETAILS<\/h2>\n<ul>\n<li><strong>Material:<\/strong> Nylon composite \/ Carbon fiber<\/li>\n<li><strong>Gewicht:<\/strong> 0.3KG (0.7LBS)<\/li>\n<li><strong>Wing Gr\u00f6\u00dfe:<\/strong> 45 cm x 13 cm x 3 cm\u00a0 (17.7\" x 5.1\" x 1.2\")<\/li>\n<\/ul>\n","protected":false},"excerpt":{"rendered":"<p>Der Stabilisator ist in zwei Versionen erh\u00e4ltlich. Das alte Modell besteht aus Nylonverbundstoff, w\u00e4hrend die neuere, \u00fcberarbeitete Version \"SURFING 322\" aus Kohlefaser gefertigt ist. Probieren Sie es jetzt aus!<\/p>\n","protected":false},"featured_media":129343,"comment_status":"open","ping_status":"closed","template":"","meta":{"_acf_changed":false,"_editorskit_title_hidden":false,"_editorskit_reading_time":0,"_editorskit_is_block_options_detached":false,"_editorskit_block_options_position":"{}","site-sidebar-layout":"default","site-content-layout":"default","ast-site-content-layout":"default","site-content-style":"default","site-sidebar-style":"default","ast-global-header-display":"","ast-banner-title-visibility":"","ast-main-header-display":"","ast-hfb-above-header-display":"","ast-hfb-below-header-display":"","ast-hfb-mobile-header-display":"","site-post-title":"","ast-breadcrumbs-content":"","ast-featured-img":"","footer-sml-layout":"","ast-disable-related-posts":"","theme-transparent-header-meta":"default","adv-header-id-meta":"","stick-header-meta":"","header-above-stick-meta":"","header-main-stick-meta":"","header-below-stick-meta":"","astra-migrate-meta-layouts":"set","ast-page-background-enabled":"default","ast-page-background-meta":{"desktop":{"background-color":"","background-image":"","background-repeat":"repeat","background-position":"center center","background-size":"auto","background-attachment":"scroll","background-type":"","background-media":"","overlay-type":"","overlay-color":"","overlay-opacity":"","overlay-gradient":""},"tablet":{"background-color":"","background-image":"","background-repeat":"repeat","background-position":"center center","background-size":"auto","background-attachment":"scroll","background-type":"","background-media":"","overlay-type":"","overlay-color":"","overlay-opacity":"","overlay-gradient":""},"mobile":{"background-color":"","background-image":"","background-repeat":"repeat","background-position":"center center","background-size":"auto","background-attachment":"scroll","background-type":"","background-media":"","overlay-type":"","overlay-color":"","overlay-opacity":"","overlay-gradient":""}},"ast-content-background-meta":{"desktop":{"background-color":"var(--ast-global-color-5)","background-image":"","background-repeat":"repeat","background-position":"center center","background-size":"auto","background-attachment":"scroll","background-type":"","background-media":"","overlay-type":"","overlay-color":"","overlay-opacity":"","overlay-gradient":""},"tablet":{"background-color":"var(--ast-global-color-5)","background-image":"","background-repeat":"repeat","background-position":"center center","background-size":"auto","background-attachment":"scroll","background-type":"","background-media":"","overlay-type":"","overlay-color":"","overlay-opacity":"","overlay-gradient":""},"mobile":{"background-color":"var(--ast-global-color-5)","background-image":"","background-repeat":"repeat","background-position":"center center","background-size":"auto","background-attachment":"scroll","background-type":"","background-media":"","overlay-type":"","overlay-color":"","overlay-opacity":"","overlay-gradient":""}},"_jf_save_progress":""},"product_brand":[],"product_cat":[570,111,506],"product_tag":[],"class_list":{"0":"post-129353","1":"product","2":"type-product","3":"status-publish","4":"has-post-thumbnail","6":"product_cat-e-foil-ersatzteile-de","7":"product_cat-verkauf","8":"product_cat-ersatzteile-de","9":"product_shipping_class-m-de","10":"desktop-align-center","11":"tablet-align-center","12":"mobile-align-center","13":"ast-product-gallery-layout-horizontal","14":"ast-magnify-disabled","15":"ast-product-single-variable","16":"ast-product-tabs-layout-horizontal","18":"first","19":"instock","20":"taxable","21":"shipping-taxable","22":"purchasable","23":"product-type-variable"},"acf":[],"brizy_media":[],"_links":{"self":[{"href":"https:\/\/wave-lovers.com\/de\/wp-json\/wp\/v2\/product\/129353","targetHints":{"allow":["GET"]}}],"collection":[{"href":"https:\/\/wave-lovers.com\/de\/wp-json\/wp\/v2\/product"}],"about":[{"href":"https:\/\/wave-lovers.com\/de\/wp-json\/wp\/v2\/types\/product"}],"replies":[{"embeddable":true,"href":"https:\/\/wave-lovers.com\/de\/wp-json\/wp\/v2\/comments?post=129353"}],"wp:featuredmedia":[{"embeddable":true,"href":"https:\/\/wave-lovers.com\/de\/wp-json\/wp\/v2\/media\/129343"}],"wp:attachment":[{"href":"https:\/\/wave-lovers.com\/de\/wp-json\/wp\/v2\/media?parent=129353"}],"wp:term":[{"taxonomy":"product_brand","embeddable":true,"href":"https:\/\/wave-lovers.com\/de\/wp-json\/wp\/v2\/product_brand?post=129353"},{"taxonomy":"product_cat","embeddable":true,"href":"https:\/\/wave-lovers.com\/de\/wp-json\/wp\/v2\/product_cat?post=129353"},{"taxonomy":"product_tag","embeddable":true,"href":"https:\/\/wave-lovers.com\/de\/wp-json\/wp\/v2\/product_tag?post=129353"}],"curies":[{"name":"wp","href":"https:\/\/api.w.org\/{rel}","templated":true}]}}