{"id":129333,"date":"2022-06-03T15:44:43","date_gmt":"2022-06-03T13:44:43","guid":{"rendered":"https:\/\/wave-lovers.com\/audi-e-tron-foil-battery\/"},"modified":"2024-03-11T15:31:39","modified_gmt":"2024-03-11T14:31:39","slug":"audi-e-tron-foil-akku","status":"publish","type":"product","link":"https:\/\/wave-lovers.com\/de\/audi-e-tron-foil-akku\/","title":{"rendered":"Audi E-Tron Foil Akku"},"content":{"rendered":"<h2>Audi E-Tron Foil Akku - INFORMATION<\/h2>\n<p>Das Herzst\u00fcck des Audi e-tron foil ist ein Lithium-Ionen-Akku mit 44,25 Ah (2,23 kWh). Er liefert Strom f\u00fcr bis zu 120 Minuten, was einer Reichweite von bis zu 40 km entspricht. Das Schnellladeger\u00e4t l\u00e4dt den Akku in 120 Minuten auf seine volle Kapazit\u00e4t. Dar\u00fcber hinaus kann der Akku in 5 Stunden und 30 Minuten \u00fcber mobile Steckdosen in Fahrzeugen oder mehrere Ladeger\u00e4te am selben Stromkreis voll aufgeladen werden. In diesem Fall wird der Strom gedrosselt, um das Netz nicht zu \u00fcberlasten.<\/p>\n<h2>Audi E-Tron Foil Akku - HIGHLIGHTS<\/h2>\n<p>- Laufzeiten bis zu 2 Stunden (ca. 40 km Reichweite)<br \/>\n- schnellladef\u00e4hig<br \/>\n- intelligente Modi zur Reduzierung der Stromst\u00e4rke<\/p>\n","protected":false},"excerpt":{"rendered":"<p>Audi E-Tron Foil Akku (2,23 kWh), der Strom f\u00fcr bis zu 120 Minuten liefert, was einer Reichweite von bis zu 40 km entspricht.<\/p>\n","protected":false},"featured_media":95425,"comment_status":"open","ping_status":"closed","template":"","meta":{"_acf_changed":false,"_editorskit_title_hidden":false,"_editorskit_reading_time":0,"_editorskit_is_block_options_detached":false,"_editorskit_block_options_position":"{}","site-sidebar-layout":"default","site-content-layout":"","ast-site-content-layout":"default","site-content-style":"default","site-sidebar-style":"default","ast-global-header-display":"","ast-banner-title-visibility":"","ast-main-header-display":"","ast-hfb-above-header-display":"","ast-hfb-below-header-display":"","ast-hfb-mobile-header-display":"","site-post-title":"","ast-breadcrumbs-content":"","ast-featured-img":"","footer-sml-layout":"","ast-disable-related-posts":"","theme-transparent-header-meta":"default","adv-header-id-meta":"","stick-header-meta":"","header-above-stick-meta":"","header-main-stick-meta":"","header-below-stick-meta":"","astra-migrate-meta-layouts":"set","ast-page-background-enabled":"default","ast-page-background-meta":{"desktop":{"background-color":"","background-image":"","background-repeat":"repeat","background-position":"center center","background-size":"auto","background-attachment":"scroll","background-type":"","background-media":"","overlay-type":"","overlay-color":"","overlay-opacity":"","overlay-gradient":""},"tablet":{"background-color":"","background-image":"","background-repeat":"repeat","background-position":"center center","background-size":"auto","background-attachment":"scroll","background-type":"","background-media":"","overlay-type":"","overlay-color":"","overlay-opacity":"","overlay-gradient":""},"mobile":{"background-color":"","background-image":"","background-repeat":"repeat","background-position":"center center","background-size":"auto","background-attachment":"scroll","background-type":"","background-media":"","overlay-type":"","overlay-color":"","overlay-opacity":"","overlay-gradient":""}},"ast-content-background-meta":{"desktop":{"background-color":"var(--ast-global-color-5)","background-image":"","background-repeat":"repeat","background-position":"center center","background-size":"auto","background-attachment":"scroll","background-type":"","background-media":"","overlay-type":"","overlay-color":"","overlay-opacity":"","overlay-gradient":""},"tablet":{"background-color":"var(--ast-global-color-5)","background-image":"","background-repeat":"repeat","background-position":"center center","background-size":"auto","background-attachment":"scroll","background-type":"","background-media":"","overlay-type":"","overlay-color":"","overlay-opacity":"","overlay-gradient":""},"mobile":{"background-color":"var(--ast-global-color-5)","background-image":"","background-repeat":"repeat","background-position":"center center","background-size":"auto","background-attachment":"scroll","background-type":"","background-media":"","overlay-type":"","overlay-color":"","overlay-opacity":"","overlay-gradient":""}},"_jf_save_progress":""},"product_brand":[],"product_cat":[60,111,570,536,506,24],"product_tag":[],"class_list":{"0":"post-129333","1":"product","2":"type-product","3":"status-publish","4":"has-post-thumbnail","6":"product_cat-buy","7":"product_cat-verkauf","8":"product_cat-e-foil-ersatzteile-de","9":"product_cat-e-foil-spare-parts","10":"product_cat-ersatzteile-de","11":"product_cat-spare-parts","12":"product_shipping_class-mg-de","13":"desktop-align-center","14":"tablet-align-center","15":"mobile-align-center","16":"ast-product-gallery-layout-horizontal","17":"ast-magnify-disabled","18":"ast-product-tabs-layout-horizontal","20":"first","21":"instock","22":"taxable","23":"shipping-taxable","24":"purchasable","25":"product-type-simple"},"acf":[],"brizy_media":[],"_links":{"self":[{"href":"https:\/\/wave-lovers.com\/de\/wp-json\/wp\/v2\/product\/129333","targetHints":{"allow":["GET"]}}],"collection":[{"href":"https:\/\/wave-lovers.com\/de\/wp-json\/wp\/v2\/product"}],"about":[{"href":"https:\/\/wave-lovers.com\/de\/wp-json\/wp\/v2\/types\/product"}],"replies":[{"embeddable":true,"href":"https:\/\/wave-lovers.com\/de\/wp-json\/wp\/v2\/comments?post=129333"}],"wp:featuredmedia":[{"embeddable":true,"href":"https:\/\/wave-lovers.com\/de\/wp-json\/wp\/v2\/media\/95425"}],"wp:attachment":[{"href":"https:\/\/wave-lovers.com\/de\/wp-json\/wp\/v2\/media?parent=129333"}],"wp:term":[{"taxonomy":"product_brand","embeddable":true,"href":"https:\/\/wave-lovers.com\/de\/wp-json\/wp\/v2\/product_brand?post=129333"},{"taxonomy":"product_cat","embeddable":true,"href":"https:\/\/wave-lovers.com\/de\/wp-json\/wp\/v2\/product_cat?post=129333"},{"taxonomy":"product_tag","embeddable":true,"href":"https:\/\/wave-lovers.com\/de\/wp-json\/wp\/v2\/product_tag?post=129333"}],"curies":[{"name":"wp","href":"https:\/\/api.w.org\/{rel}","templated":true}]}}