{"id":129292,"date":"2022-08-29T12:51:39","date_gmt":"2022-08-29T10:51:39","guid":{"rendered":"https:\/\/wave-lovers.com\/audi-e-tron-wings\/"},"modified":"2024-03-11T15:31:39","modified_gmt":"2024-03-11T14:31:39","slug":"audi-e-tron-wings","status":"publish","type":"product","link":"https:\/\/wave-lovers.com\/de\/audi-e-tron-wings\/","title":{"rendered":"Audi e-tron Wings (Vorne)"},"content":{"rendered":"<h2>AUDI E-Tron Foil vordere Wings - INFORMATION<img fetchpriority=\"high\" decoding=\"async\" class=\"alignright wp-image-96282 size-medium\" src=\"https:\/\/wave-lovers.com\/wp-content\/uploads\/2023\/06\/Audi-e-tron-Wings-Set-300x200.jpg\" alt=\"\" width=\"300\" height=\"200\" srcset=\"https:\/\/wave-lovers.com\/wp-content\/uploads\/2023\/06\/Audi-e-tron-Wings-Set-300x200.jpg 300w, https:\/\/wave-lovers.com\/wp-content\/uploads\/2023\/06\/Audi-e-tron-Wings-Set-1024x683.jpg 1024w, https:\/\/wave-lovers.com\/wp-content\/uploads\/2023\/06\/Audi-e-tron-Wings-Set-768x512.jpg 768w, https:\/\/wave-lovers.com\/wp-content\/uploads\/2023\/06\/Audi-e-tron-Wings-Set-500x333.jpg 500w, https:\/\/wave-lovers.com\/wp-content\/uploads\/2023\/06\/Audi-e-tron-Wings-Set-600x400.jpg 600w, https:\/\/wave-lovers.com\/wp-content\/uploads\/2023\/06\/Audi-e-tron-Wings-Set.jpg 1200w\" sizes=\"(max-width: 300px) 100vw, 300px\" \/><\/h2>\n<p>Sie wollen den Fahrspa\u00df mit Ihrem E-Foil auf ein neues Kapitel heben oder haben Schwierigkeiten, die richtige Balance zu finden? Keine Sorge, mit den neuen e-tron Zubeh\u00f6rfl\u00fcgeln sind all Ihre Schwierigkeiten im Handumdrehen gel\u00f6st.<\/p>\n<p>In den Audi e-tron Wings steckt mehr Ingenieurskunst, als man erwarten w\u00fcrde. Inspiriert von den aerodynamischen Aspekten des Flugzeugmodellbaus hat das Gr\u00fcnderteam ein hochmodernes Flossenmodell aus Carbon geschaffen, das seinesgleichen sucht. Experten werden den Unterschied sofort bemerken, denn das Design setzt neue Ma\u00dfst\u00e4be in Bezug auf Beschleunigung, Bewegungsfreiheit und Stabilit\u00e4t.<\/p>\n<p>Es stehen 6 verschiedene Gr\u00f6\u00dfen zur Verf\u00fcgung, die je nach Fahrstil und Erfahrung angepasst werden k\u00f6nnen. Hier empfiehlt es sich vor allem f\u00fcr Anf\u00e4nger, ein gr\u00f6\u00dferes Modell zu w\u00e4hlen, um die gr\u00f6\u00dftm\u00f6gliche Stabilit\u00e4t zu erreichen. Echte Profis sehnen sich nat\u00fcrlich nach einem wendigen Board, das ihren aufregenden Surfstil unterst\u00fctzt. Sie sollten einen Blick auf die kleineren Gr\u00f6\u00dfen werfen, um die n\u00e4chste Leistungsstufe zu finden.<\/p>\n<h3>Easyride 1750<\/h3>\n<p>Der gr\u00f6\u00dfte Fl\u00fcgel aus der Charge f\u00fcr ein Maximum an Ebenheit. Diese Auswahl ist die sicherste Option f\u00fcr einen leichten Einstieg. Verbesserte Stabilit\u00e4t und langsamere Geschwindigkeiten erm\u00f6glichen es jedem, die Kontrolle \u00fcber sein Brett zu haben, was letztendlich zu weniger ungeplanten Situationen f\u00fchrt.<\/p>\n<p>Jeder, der das Surfen lernen m\u00f6chte, wird diese Option als die bequemste empfinden, da sie nicht allzu viele F\u00e4higkeiten zum Halten des Gleichgewichts erfordert. Dennoch reichen die Beschleunigung und Wendigkeit f\u00fcr viele Stunden reinen Fahrspa\u00df, wobei der Einstieg sofort gelingt und sich jeder gut aufgehoben f\u00fchlt.<\/p>\n<h3>Freeride 1350<\/h3>\n<p>Der Standardfl\u00fcgel f\u00fcr den perfekten Ausgleich zwischen Fahrspa\u00df und Stabilit\u00e4t. Er sorgt f\u00fcr eine schnelle Lernkurve und ist daher ideal f\u00fcr Einsteiger geeignet.<\/p>\n<p>Er sollte in keiner Ausr\u00fcstung fehlen, denn er sorgt f\u00fcr ein aufregendes Erlebnis und hohe Geschwindigkeiten trotz eines hohen Gleichgewichtsgrades. Au\u00dferdem kann man begeisterte Zuschauer, wie Freunde oder Familie, einen Selbstversuch starten lassen, bei dem der schnelle Erfolg garantiert ist.<\/p>\n<p>Bei erreichbaren Geschwindigkeiten von bis zu 46 km\/h wird niemandem schnell langweilig. Und dank der unterst\u00fctzenden Balance sind auch rauere Zeiten zu bew\u00e4ltigen.<\/p>\n<h3>Freeride 1100<\/h3>\n<p>Entwickelt, um dem fortgeschrittenen Surfer ein individuelles Erlebnis zu bieten, das im Vergleich zum Standardmodell h\u00f6here Geschwindigkeiten bei \u00e4hnlicher Balance bietet. Der Fl\u00fcgel erm\u00f6glicht es somit jedem, den n\u00e4chsten Schritt zu machen und er\u00f6ffnet somit neue M\u00f6glichkeiten, sein bestm\u00f6gliches Fahrgef\u00fchl zu finden.<\/p>\n<p>Da sich die Balance bei h\u00f6heren Geschwindigkeiten leicht verschiebt, werden reaktionsfreudige Turns besser wahrgenommen und befreien so jeden, der sich auf gr\u00f6\u00dferen Boards eingeschr\u00e4nkt f\u00fchlt.<\/p>\n<h3>Freerace 900<\/h3>\n<p>Die un\u00fcbertroffene Option f\u00fcr alle professionellen Surfer, die auf der Suche nach neuen Abenteuern sind. Mit au\u00dfergew\u00f6hnlichen Geschwindigkeiten, un\u00fcbertroffener Man\u00f6vrierbarkeit und hervorragender Leistung l\u00e4sst dieses Fl\u00fcgelset alle Herzen h\u00f6her schlagen.<\/p>\n<p>Bei Geschwindigkeiten von bis zu 50 km\/h erleben nur die Unerschrockenen einen Moment des Gl\u00fccks, w\u00e4hrend es Anf\u00e4ngern schwer fallen kann, das Gleichgewicht zu halten. Der Fl\u00fcgel bietet jedoch ein H\u00f6chstma\u00df an Pr\u00e4zision und Agilit\u00e4t und hebt den Spa\u00df auf die n\u00e4chste Stufe.<\/p>\n<h3>Freecarve 1250<\/h3>\n<p>Ein mittelgro\u00dfer Fl\u00fcgel, der ein fr\u00fches Abheben f\u00f6rdert und in Verbindung mit einem 270er Stabilisator viel Stabilit\u00e4t beim Fahren bietet.<\/p>\n<p>Perfekt f\u00fcr Anf\u00e4nger und Aufsteiger, die noch agilere Man\u00f6ver \u00fcben wollen.<\/p>\n<h3>Freecarve 1000<\/h3>\n<p>Ein Fl\u00fcgel mit kleiner bis mittlerer Streckung, der ein besonders agiles Fahrgef\u00fchl bietet und dennoch eine gute Balance gew\u00e4hrleistet.<\/p>\n<p>Perfekt f\u00fcr fortgeschrittene Fahrer, die das letzte Qu\u00e4ntchen an Aerodynamik herauskitzeln wollen.<\/p>\n<h2>AUDI e-tron Wings Set - DETAILS<\/h2>\n<table width=\"471\">\n<tbody>\n<tr>\n<td><strong>#WINGS<\/strong><\/td>\n<td><strong>WING GR\u00d6SSE<\/strong><\/td>\n<td><strong>ERFAHRUNG<br \/>\n<\/strong><\/td>\n<td><strong>CHARAKTERISTIKA<\/strong><\/td>\n<\/tr>\n<tr>\n<td>EASYRIDE 1750<\/td>\n<td>1750 cm\u00b2<\/td>\n<td>Beginner<\/td>\n<td>Speed: 5 \/ 10<br \/>\nCarve: 5 \/ 10<br \/>\nStability: 9 \/ 10<br \/>\nFly &amp; Glide: 9 \/ 10<br \/>\nSkill Level: 2 \/ 10<\/td>\n<\/tr>\n<tr>\n<td>FREERIDE 1350<\/td>\n<td>1350 cm\u00b2<\/td>\n<td>Beginner \/ Advanced<\/td>\n<td>Speed: 6 \/ 10<br \/>\nCarve: 6 \/ 10<br \/>\nStability: 7 \/ 10<br \/>\nFly &amp; Glide: 9 \/ 10<br \/>\nSkill Level: 4 \/ 10<\/td>\n<\/tr>\n<tr>\n<td>FREERIDE 1100<\/td>\n<td>1100 cm\u00b2<\/td>\n<td>Advanced \/ Expert<\/td>\n<td>Speed: 7 \/ 10<br \/>\nCarve: 7 \/ 10<br \/>\nStability: 6 \/ 10<br \/>\nFly &amp; Glide: 8 \/ 10<br \/>\nSkill Level: 7 \/ 10<\/td>\n<\/tr>\n<tr>\n<td>FREERACE 900<\/td>\n<td>900 cm\u00b2<\/td>\n<td>Professional<\/td>\n<td>Speed: 8 \/ 10<br \/>\nCarve: 8 \/ 10<br \/>\nStability: 5 \/ 10<br \/>\nFly &amp; Glide: 7 \/ 10<br \/>\nSkill Level: 8 \/ 10<\/td>\n<\/tr>\n<tr>\n<td>FREECARVE 1250<\/td>\n<td>1250 cm\u00b2<\/td>\n<td>Expert \/ Professional<\/td>\n<td>Speed: 6 \/ 10<br \/>\nCarve: 8 \/ 10<br \/>\nStability: 7 \/ 10<br \/>\nFly &amp; Glide: 8 \/ 10<br \/>\nSkill Level: 5 \/ 10<\/td>\n<\/tr>\n<tr>\n<td>FREECARVE 1000<\/td>\n<td>1000 cm\u00b2<\/td>\n<td>Professional<\/td>\n<td>Speed: 7 \/ 10<br \/>\nCarve: 9 \/ 10<br \/>\nStability: 7 \/ 10<br \/>\nFly &amp; Glide: 8 \/ 10<br \/>\nSkill Level: 7 \/ 10<\/td>\n<\/tr>\n<\/tbody>\n<\/table>\n","protected":false},"excerpt":{"rendered":"<p>Frontfl\u00fcgel f\u00fcr verschiedene Fahrstile, entwickelt von Profis im Flugzeugmodellbau. Von gr\u00f6\u00dferen Modellen f\u00fcr Anf\u00e4nger bis hin zu kleineren, wendigeren Fl\u00fcgeln, die schnelle und dynamische Reaktionen unterst\u00fctzen.<\/p>\n","protected":false},"featured_media":95602,"comment_status":"open","ping_status":"closed","template":"","meta":{"_acf_changed":false,"_editorskit_title_hidden":false,"_editorskit_reading_time":0,"_editorskit_is_block_options_detached":false,"_editorskit_block_options_position":"{}","site-sidebar-layout":"default","site-content-layout":"","ast-site-content-layout":"default","site-content-style":"default","site-sidebar-style":"default","ast-global-header-display":"","ast-banner-title-visibility":"","ast-main-header-display":"","ast-hfb-above-header-display":"","ast-hfb-below-header-display":"","ast-hfb-mobile-header-display":"","site-post-title":"","ast-breadcrumbs-content":"","ast-featured-img":"","footer-sml-layout":"","ast-disable-related-posts":"","theme-transparent-header-meta":"default","adv-header-id-meta":"","stick-header-meta":"","header-above-stick-meta":"","header-main-stick-meta":"","header-below-stick-meta":"","astra-migrate-meta-layouts":"set","ast-page-background-enabled":"default","ast-page-background-meta":{"desktop":{"background-color":"","background-image":"","background-repeat":"repeat","background-position":"center center","background-size":"auto","background-attachment":"scroll","background-type":"","background-media":"","overlay-type":"","overlay-color":"","overlay-opacity":"","overlay-gradient":""},"tablet":{"background-color":"","background-image":"","background-repeat":"repeat","background-position":"center center","background-size":"auto","background-attachment":"scroll","background-type":"","background-media":"","overlay-type":"","overlay-color":"","overlay-opacity":"","overlay-gradient":""},"mobile":{"background-color":"","background-image":"","background-repeat":"repeat","background-position":"center center","background-size":"auto","background-attachment":"scroll","background-type":"","background-media":"","overlay-type":"","overlay-color":"","overlay-opacity":"","overlay-gradient":""}},"ast-content-background-meta":{"desktop":{"background-color":"var(--ast-global-color-5)","background-image":"","background-repeat":"repeat","background-position":"center center","background-size":"auto","background-attachment":"scroll","background-type":"","background-media":"","overlay-type":"","overlay-color":"","overlay-opacity":"","overlay-gradient":""},"tablet":{"background-color":"var(--ast-global-color-5)","background-image":"","background-repeat":"repeat","background-position":"center center","background-size":"auto","background-attachment":"scroll","background-type":"","background-media":"","overlay-type":"","overlay-color":"","overlay-opacity":"","overlay-gradient":""},"mobile":{"background-color":"var(--ast-global-color-5)","background-image":"","background-repeat":"repeat","background-position":"center center","background-size":"auto","background-attachment":"scroll","background-type":"","background-media":"","overlay-type":"","overlay-color":"","overlay-opacity":"","overlay-gradient":""}},"_jf_save_progress":""},"product_brand":[],"product_cat":[570,506],"product_tag":[],"class_list":{"0":"post-129292","1":"product","2":"type-product","3":"status-publish","4":"has-post-thumbnail","6":"product_cat-e-foil-ersatzteile-de","7":"product_cat-ersatzteile-de","8":"product_shipping_class-m-de","9":"desktop-align-center","10":"tablet-align-center","11":"mobile-align-center","12":"ast-product-gallery-layout-horizontal","13":"ast-product-gallery-with-no-image","14":"ast-magnify-disabled","15":"ast-product-single-variable","16":"ast-product-tabs-layout-horizontal","18":"first","19":"instock","20":"taxable","21":"shipping-taxable","22":"purchasable","23":"product-type-variable"},"acf":[],"brizy_media":[],"_links":{"self":[{"href":"https:\/\/wave-lovers.com\/de\/wp-json\/wp\/v2\/product\/129292","targetHints":{"allow":["GET"]}}],"collection":[{"href":"https:\/\/wave-lovers.com\/de\/wp-json\/wp\/v2\/product"}],"about":[{"href":"https:\/\/wave-lovers.com\/de\/wp-json\/wp\/v2\/types\/product"}],"replies":[{"embeddable":true,"href":"https:\/\/wave-lovers.com\/de\/wp-json\/wp\/v2\/comments?post=129292"}],"wp:featuredmedia":[{"embeddable":true,"href":"https:\/\/wave-lovers.com\/de\/wp-json\/wp\/v2\/media\/95602"}],"wp:attachment":[{"href":"https:\/\/wave-lovers.com\/de\/wp-json\/wp\/v2\/media?parent=129292"}],"wp:term":[{"taxonomy":"product_brand","embeddable":true,"href":"https:\/\/wave-lovers.com\/de\/wp-json\/wp\/v2\/product_brand?post=129292"},{"taxonomy":"product_cat","embeddable":true,"href":"https:\/\/wave-lovers.com\/de\/wp-json\/wp\/v2\/product_cat?post=129292"},{"taxonomy":"product_tag","embeddable":true,"href":"https:\/\/wave-lovers.com\/de\/wp-json\/wp\/v2\/product_tag?post=129292"}],"curies":[{"name":"wp","href":"https:\/\/api.w.org\/{rel}","templated":true}]}}