{"id":129227,"date":"2022-10-25T19:06:19","date_gmt":"2022-10-25T17:06:19","guid":{"rendered":"https:\/\/wave-lovers.com\/iaqua-aquadart-pro-720-max\/"},"modified":"2024-03-11T15:31:39","modified_gmt":"2024-03-11T14:31:39","slug":"iaqua-aquadart-pro-720-max","status":"publish","type":"product","link":"https:\/\/wave-lovers.com\/de\/iaqua-aquadart-pro-720-max\/","title":{"rendered":"iAQUA AquaDart Pro 720 Max"},"content":{"rendered":"<h2><strong>iAQUA AquaDart Pro 720 Max- Der ultimative Unterwasser-Power-Scooter<\/strong><\/h2>\n<p>Sind Sie bereit f\u00fcr ein Abenteuer?<br \/>\nTauchen hat noch nie so viel Spa\u00df gemacht! Mit dem iAQUA AquaDart Pro 720 MAX erhalten Sie einen leistungsstarken Unterwasserscooter f\u00fcr verschiedenste Aktivit\u00e4ten unter Wasser. Das von den meisten Nutzern bevorzugte Modell AquaDart Pro 720 MAX 2022\/23 erweitert sein Vorg\u00e4ngermodell, das 2021 zum besten Luxus-Wasserspielzeug der Welt gek\u00fcrt wurde, um neue Funktionen. Ausgestattet mit den leistungsstarken 1700 Lumen Doppel-LED-Lichtern, f\u00fcgt es den Unterwassertauchg\u00e4ngen eine neue Dimension hinzu, indem es die M\u00f6glichkeit bietet, die Unterwasserwelt in echten Farben zu erkunden. Machen Sie sich bereit, in die Tiefen des Meeres einzutauchen und die faszinierende Unterwasserwelt zu entdecken.<\/p>\n<p>\u00dcbersetzt mit DeepL.com (kostenlose Version)<\/p>\n<h2><strong>iAQUA AquaDart Pro 720 Max | Erh\u00e4ltliche Farben:<\/strong><\/h2>\n<p><img fetchpriority=\"high\" decoding=\"async\" class=\"alignnone wp-image-76479 size-full\" src=\"https:\/\/wave-lovers.com\/wp-content\/uploads\/2022\/10\/iaqua-aquadart-720-max-colors-all-models.png\" alt=\"iAQUA AquaDart 720 Max available colors of all models\" width=\"427\" height=\"132\" srcset=\"https:\/\/wave-lovers.com\/wp-content\/uploads\/2022\/10\/iaqua-aquadart-720-max-colors-all-models.png 427w, https:\/\/wave-lovers.com\/wp-content\/uploads\/2022\/10\/iaqua-aquadart-720-max-colors-all-models-300x93.png 300w\" sizes=\"(max-width: 427px) 100vw, 427px\" \/><\/p>\n<p>&nbsp;<\/p>\n<h2><strong>iAQUA AquaDart Pro 720 Max | Features<\/strong>:<\/h2>\n<p>Leistungsstufen: 6 G\u00e4nge<br \/>\nMaximale Geschwindigkeit: bis zu 21km\/h<br \/>\nBetriebszeit (min - max): 80-130 Min<br \/>\nMaximale Tauchtiefe: 45m<br \/>\nGewicht: 42kg<br \/>\nLeistung: 4,5 kW<br \/>\nSchubkraft: 720N<br \/>\nLadezeit: 2h mit Schnellladeger\u00e4t, 7h mit Standardladeger\u00e4t<br \/>\nBedienung mit der linken\/rechten Hand: \u2713<br \/>\nLeistungsstarke Unterwasserscheinwerfer: \u2713<br \/>\nAbmessungen: 115 x 60 x 40 cm<\/p>\n<p><img decoding=\"async\" class=\"alignnone wp-image-84656 size-full\" src=\"https:\/\/wave-lovers.com\/wp-content\/uploads\/2023\/03\/iaqua-seadart-comparison-specifications-2.png\" alt=\"\" width=\"5254\" height=\"3346\" srcset=\"https:\/\/wave-lovers.com\/wp-content\/uploads\/2023\/03\/iaqua-seadart-comparison-specifications-2.png 5254w, https:\/\/wave-lovers.com\/wp-content\/uploads\/2023\/03\/iaqua-seadart-comparison-specifications-2-300x191.png 300w, https:\/\/wave-lovers.com\/wp-content\/uploads\/2023\/03\/iaqua-seadart-comparison-specifications-2-1024x652.png 1024w, https:\/\/wave-lovers.com\/wp-content\/uploads\/2023\/03\/iaqua-seadart-comparison-specifications-2-768x489.png 768w, https:\/\/wave-lovers.com\/wp-content\/uploads\/2023\/03\/iaqua-seadart-comparison-specifications-2-1536x978.png 1536w, https:\/\/wave-lovers.com\/wp-content\/uploads\/2023\/03\/iaqua-seadart-comparison-specifications-2-2048x1304.png 2048w, https:\/\/wave-lovers.com\/wp-content\/uploads\/2023\/03\/iaqua-seadart-comparison-specifications-2-600x382.png 600w\" sizes=\"(max-width: 5254px) 100vw, 5254px\" \/><\/p>\n<p>&nbsp;<\/p>\n<h2><strong>F\u00fcnf Gr\u00fcnde, warum Sie den iAQUA AquaDart Pro 720 Max kaufen sollten:<\/strong><\/h2>\n<p>&nbsp;<\/p>\n<h3><strong>1) Sechs verschiedene Leistungsstufen f\u00fcr unterschiedliche Aktivit\u00e4ten<\/strong><\/h3>\n<p>Der AquaDart Pro 720 Max hat eine enorme Schubkraft von 720 Newton. Die 4.500 Watt Spitzenleistung entsprechen der Leistung von 18 E-Bike-Motoren. Die ultrastarke Motorisierung ist unter Wasser aufgrund des h\u00f6heren Drucks und Wasserwiderstands ein gro\u00dfer Vorteil. Dies gibt Ihnen die M\u00f6glichkeit, eine Vielzahl von Aktivit\u00e4ten auszuprobieren - Rennen unter Wasser zu fahren, Schleifen unter Wasser zu drehen oder gro\u00dfe Unterwassergebiete zu erkunden.<\/p>\n<h3><strong>2) Umweltfreundlich<\/strong><\/h3>\n<p>Mit dem iAQUA AquaDart Pro 720 Max haben Sie die M\u00f6glichkeit, neue faszinierende Welten zu erkunden, ohne die Umwelt zu belasten, solange Sie das Ger\u00e4t mit erneuerbarer Energie aufladen. Au\u00dferdem verwendet iAQUA recycelbare Verpackungen und beteiligt sich an Strands\u00e4uberungskampagnen.<\/p>\n<h3><strong>3) Einzigartige Produktion von Farben<\/strong><\/h3>\n<p>Die iAQUA AquaDart-Modelle werden mit einem speziellen Metallic-Glanz hergestellt. Dies erm\u00f6glicht es Ihnen, Ihren Unterwasser-Power-Scooter \u00fcber Wasser schon aus der Ferne zu erkennen.<\/p>\n<h3><strong>4) Extra lange Haltbarkeit - iAQUA AQUADART 720 MAX mit Carbon-Elementen<\/strong><\/h3>\n<p>Sowohl das LCD-Display als auch der Antrieb sind aus T-3000 Carbon gefertigt. Dadurch, dass diese beiden empfindlichen Bereiche noch besser gesch\u00fctzt sind, ist der Power Scooter sehr widerstandsf\u00e4hig. Diese Eigenschaft macht den Underwater Power Scooter zur besten Wahl f\u00fcr Sie. Eine h\u00e4ufige Nutzung und lange Haltbarkeit ist das, was Sie vom iAQUA AquaDart Pro 720 Max erwarten k\u00f6nnen.<\/p>\n<h3><strong>5) Akkus von Samsung<\/strong><\/h3>\n<p>Viel Leistung braucht einen starken Akku. Der Motor wird von einem Lithium-Ionen-Akku von Samsung mit 2.000 Wattstunden gespeist. Der iAQUA AquaDart Pro 720 Max bietet eine Laufzeit von 90 Minuten bei gemischten Geschwindigkeiten. Die individuelle Reichweite kann jedoch je nach Wassertemperatur, Gewicht, Wasserwiderstand und Fahrstil variieren.<\/p>\n<p>&nbsp;<\/p>\n<div class=\"ast-oembed-container \" style=\"height: 100%;\"><iframe title=\"AquaDart_720_Max_Arctic_White\" src=\"https:\/\/player.vimeo.com\/video\/745283537?dnt=1&amp;app_id=122963\" width=\"500\" height=\"281\" frameborder=\"0\" allow=\"autoplay; fullscreen; picture-in-picture; clipboard-write\"><\/iframe><\/div>\n<p>&nbsp;<\/p>\n<p><img decoding=\"async\" class=\"alignleft wp-image-76473 size-large\" src=\"https:\/\/wave-lovers.com\/wp-content\/uploads\/2022\/10\/iaqua-vs-seabob-best-underwater-scooter-iaqua-453x1024.png\" alt=\"iAQUA versus Seabob - why iaqua is the best underwater scooter choice\" width=\"453\" height=\"1024\" srcset=\"https:\/\/wave-lovers.com\/wp-content\/uploads\/2022\/10\/iaqua-vs-seabob-best-underwater-scooter-iaqua-453x1024.png 453w, https:\/\/wave-lovers.com\/wp-content\/uploads\/2022\/10\/iaqua-vs-seabob-best-underwater-scooter-iaqua-133x300.png 133w, https:\/\/wave-lovers.com\/wp-content\/uploads\/2022\/10\/iaqua-vs-seabob-best-underwater-scooter-iaqua-768x1737.png 768w, https:\/\/wave-lovers.com\/wp-content\/uploads\/2022\/10\/iaqua-vs-seabob-best-underwater-scooter-iaqua-679x1536.png 679w, https:\/\/wave-lovers.com\/wp-content\/uploads\/2022\/10\/iaqua-vs-seabob-best-underwater-scooter-iaqua-906x2048.png 906w, https:\/\/wave-lovers.com\/wp-content\/uploads\/2022\/10\/iaqua-vs-seabob-best-underwater-scooter-iaqua-600x1357.png 600w, https:\/\/wave-lovers.com\/wp-content\/uploads\/2022\/10\/iaqua-vs-seabob-best-underwater-scooter-iaqua.png 976w\" sizes=\"(max-width: 453px) 100vw, 453px\" \/><\/p>\n","protected":false},"excerpt":{"rendered":"<p>Der Kundenfavorit unter den Unterwasserscootern von iAQUA. Als Bestseller geh\u00f6rt der AquaDart Pro 720 MAX zu den besten Luxus-Wasserspielzeugen der Welt.<\/p>\n","protected":false},"featured_media":95632,"comment_status":"open","ping_status":"closed","template":"","meta":{"_acf_changed":false,"_editorskit_title_hidden":false,"_editorskit_reading_time":0,"_editorskit_is_block_options_detached":false,"_editorskit_block_options_position":"{}","site-sidebar-layout":"default","site-content-layout":"default","ast-site-content-layout":"default","site-content-style":"default","site-sidebar-style":"default","ast-global-header-display":"","ast-banner-title-visibility":"","ast-main-header-display":"","ast-hfb-above-header-display":"","ast-hfb-below-header-display":"","ast-hfb-mobile-header-display":"","site-post-title":"","ast-breadcrumbs-content":"","ast-featured-img":"","footer-sml-layout":"","ast-disable-related-posts":"","theme-transparent-header-meta":"default","adv-header-id-meta":"","stick-header-meta":"","header-above-stick-meta":"","header-main-stick-meta":"","header-below-stick-meta":"","astra-migrate-meta-layouts":"set","ast-page-background-enabled":"default","ast-page-background-meta":{"desktop":{"background-color":"","background-image":"","background-repeat":"repeat","background-position":"center center","background-size":"auto","background-attachment":"scroll","background-type":"","background-media":"","overlay-type":"","overlay-color":"","overlay-opacity":"","overlay-gradient":""},"tablet":{"background-color":"","background-image":"","background-repeat":"repeat","background-position":"center center","background-size":"auto","background-attachment":"scroll","background-type":"","background-media":"","overlay-type":"","overlay-color":"","overlay-opacity":"","overlay-gradient":""},"mobile":{"background-color":"","background-image":"","background-repeat":"repeat","background-position":"center center","background-size":"auto","background-attachment":"scroll","background-type":"","background-media":"","overlay-type":"","overlay-color":"","overlay-opacity":"","overlay-gradient":""}},"ast-content-background-meta":{"desktop":{"background-color":"var(--ast-global-color-5)","background-image":"","background-repeat":"repeat","background-position":"center center","background-size":"auto","background-attachment":"scroll","background-type":"","background-media":"","overlay-type":"","overlay-color":"","overlay-opacity":"","overlay-gradient":""},"tablet":{"background-color":"var(--ast-global-color-5)","background-image":"","background-repeat":"repeat","background-position":"center center","background-size":"auto","background-attachment":"scroll","background-type":"","background-media":"","overlay-type":"","overlay-color":"","overlay-opacity":"","overlay-gradient":""},"mobile":{"background-color":"var(--ast-global-color-5)","background-image":"","background-repeat":"repeat","background-position":"center center","background-size":"auto","background-attachment":"scroll","background-type":"","background-media":"","overlay-type":"","overlay-color":"","overlay-opacity":"","overlay-gradient":""}},"_jf_save_progress":""},"product_brand":[],"product_cat":[121,60,111,19,40,112],"product_tag":[],"class_list":{"0":"post-129227","1":"product","2":"type-product","3":"status-publish","4":"has-post-thumbnail","6":"product_cat-unterwasser-scooter-de","7":"product_cat-buy","8":"product_cat-verkauf","9":"product_cat-underwater-scooter","10":"product_cat-try-and-buy","11":"product_cat-try-and-buy-de","12":"product_shipping_class-mg-de","13":"desktop-align-center","14":"tablet-align-center","15":"mobile-align-center","16":"ast-product-gallery-layout-horizontal","17":"ast-magnify-disabled","18":"ast-product-single-variable","19":"ast-product-tabs-layout-horizontal","21":"first","22":"instock","23":"taxable","24":"shipping-taxable","25":"purchasable","26":"product-type-variable"},"acf":[],"brizy_media":[],"_links":{"self":[{"href":"https:\/\/wave-lovers.com\/de\/wp-json\/wp\/v2\/product\/129227","targetHints":{"allow":["GET"]}}],"collection":[{"href":"https:\/\/wave-lovers.com\/de\/wp-json\/wp\/v2\/product"}],"about":[{"href":"https:\/\/wave-lovers.com\/de\/wp-json\/wp\/v2\/types\/product"}],"replies":[{"embeddable":true,"href":"https:\/\/wave-lovers.com\/de\/wp-json\/wp\/v2\/comments?post=129227"}],"wp:featuredmedia":[{"embeddable":true,"href":"https:\/\/wave-lovers.com\/de\/wp-json\/wp\/v2\/media\/95632"}],"wp:attachment":[{"href":"https:\/\/wave-lovers.com\/de\/wp-json\/wp\/v2\/media?parent=129227"}],"wp:term":[{"taxonomy":"product_brand","embeddable":true,"href":"https:\/\/wave-lovers.com\/de\/wp-json\/wp\/v2\/product_brand?post=129227"},{"taxonomy":"product_cat","embeddable":true,"href":"https:\/\/wave-lovers.com\/de\/wp-json\/wp\/v2\/product_cat?post=129227"},{"taxonomy":"product_tag","embeddable":true,"href":"https:\/\/wave-lovers.com\/de\/wp-json\/wp\/v2\/product_tag?post=129227"}],"curies":[{"name":"wp","href":"https:\/\/api.w.org\/{rel}","templated":true}]}}