{"id":128788,"date":"2022-06-24T14:15:38","date_gmt":"2022-06-24T12:15:38","guid":{"rendered":"https:\/\/wave-lovers.com\/verleih-zusatzakkus\/"},"modified":"2024-03-11T15:31:35","modified_gmt":"2024-03-11T14:31:35","slug":"verleih-zusatzakkus","status":"publish","type":"product","link":"https:\/\/wave-lovers.com\/de\/verleih-zusatzakkus\/","title":{"rendered":"Verleih Zusatzakkus"},"content":{"rendered":"<h2>Extra Batterievermietung | Mieten Sie zus\u00e4tzliche Wassersportger\u00e4te-Akkus!<\/h2>\n<p>Vergessen Sie nicht, zus\u00e4tzliche Akkus f\u00fcr Ihre Wasserspielzeuge zu mieten. Lassen Sie Ihre Charterg\u00e4ste ohne Ladeunterbrechung genie\u00dfen! W\u00e4hrend ein Akku in Betrieb ist und Ihre G\u00e4ste sich auf dem Meer vergn\u00fcgen, wird gleichzeitig ein anderer Akku am Ladeger\u00e4t aufgeladen. Das garantiert ununterbrochenen Spa\u00df mit Ihrem gemieteten elektrischen Wassersportger\u00e4t.<\/p>\n","protected":false},"excerpt":{"rendered":"<p>Extra Batterievermietung | Mieten Sie zus\u00e4tzliche Wassersportger\u00e4te-Akkus! Vergessen Sie nicht, zus\u00e4tzliche Akkus f\u00fcr Ihre Wasserspielzeuge zu mieten. Lassen Sie Ihre Charterg\u00e4ste ohne Ladeunterbrechung genie\u00dfen! W\u00e4hrend ein Akku in Betrieb ist und Ihre G\u00e4ste sich auf dem Meer vergn\u00fcgen, wird gleichzeitig ein anderer Akku am Ladeger\u00e4t aufgeladen. Das garantiert ununterbrochenen Spa\u00df mit Ihrem gemieteten elektrischen Wassersportger\u00e4t.<\/p>\n","protected":false},"featured_media":95551,"comment_status":"open","ping_status":"closed","template":"","meta":{"_acf_changed":false,"_editorskit_title_hidden":false,"_editorskit_reading_time":0,"_editorskit_is_block_options_detached":false,"_editorskit_block_options_position":"{}","site-sidebar-layout":"default","site-content-layout":"default","ast-site-content-layout":"default","site-content-style":"default","site-sidebar-style":"default","ast-global-header-display":"","ast-banner-title-visibility":"","ast-main-header-display":"","ast-hfb-above-header-display":"","ast-hfb-below-header-display":"","ast-hfb-mobile-header-display":"","site-post-title":"","ast-breadcrumbs-content":"","ast-featured-img":"","footer-sml-layout":"","ast-disable-related-posts":"","theme-transparent-header-meta":"default","adv-header-id-meta":"","stick-header-meta":"","header-above-stick-meta":"","header-main-stick-meta":"","header-below-stick-meta":"","astra-migrate-meta-layouts":"set","ast-page-background-enabled":"default","ast-page-background-meta":{"desktop":{"background-color":"","background-image":"","background-repeat":"repeat","background-position":"center center","background-size":"auto","background-attachment":"scroll","background-type":"","background-media":"","overlay-type":"","overlay-color":"","overlay-opacity":"","overlay-gradient":""},"tablet":{"background-color":"","background-image":"","background-repeat":"repeat","background-position":"center center","background-size":"auto","background-attachment":"scroll","background-type":"","background-media":"","overlay-type":"","overlay-color":"","overlay-opacity":"","overlay-gradient":""},"mobile":{"background-color":"","background-image":"","background-repeat":"repeat","background-position":"center center","background-size":"auto","background-attachment":"scroll","background-type":"","background-media":"","overlay-type":"","overlay-color":"","overlay-opacity":"","overlay-gradient":""}},"ast-content-background-meta":{"desktop":{"background-color":"var(--ast-global-color-5)","background-image":"","background-repeat":"repeat","background-position":"center center","background-size":"auto","background-attachment":"scroll","background-type":"","background-media":"","overlay-type":"","overlay-color":"","overlay-opacity":"","overlay-gradient":""},"tablet":{"background-color":"var(--ast-global-color-5)","background-image":"","background-repeat":"repeat","background-position":"center center","background-size":"auto","background-attachment":"scroll","background-type":"","background-media":"","overlay-type":"","overlay-color":"","overlay-opacity":"","overlay-gradient":""},"mobile":{"background-color":"var(--ast-global-color-5)","background-image":"","background-repeat":"repeat","background-position":"center center","background-size":"auto","background-attachment":"scroll","background-type":"","background-media":"","overlay-type":"","overlay-color":"","overlay-opacity":"","overlay-gradient":""}},"_jf_save_progress":""},"product_brand":[],"product_cat":[293],"product_tag":[],"class_list":{"0":"post-128788","1":"product","2":"type-product","3":"status-publish","4":"has-post-thumbnail","6":"product_cat-vermietung-de","7":"desktop-align-center","8":"tablet-align-center","9":"mobile-align-center","10":"ast-product-gallery-layout-horizontal","11":"ast-product-gallery-with-no-image","12":"ast-magnify-disabled","13":"ast-product-single-variable","14":"ast-product-tabs-layout-horizontal","16":"first","17":"instock","18":"taxable","19":"shipping-taxable","20":"purchasable","21":"product-type-variable"},"acf":[],"brizy_media":[],"_links":{"self":[{"href":"https:\/\/wave-lovers.com\/de\/wp-json\/wp\/v2\/product\/128788","targetHints":{"allow":["GET"]}}],"collection":[{"href":"https:\/\/wave-lovers.com\/de\/wp-json\/wp\/v2\/product"}],"about":[{"href":"https:\/\/wave-lovers.com\/de\/wp-json\/wp\/v2\/types\/product"}],"replies":[{"embeddable":true,"href":"https:\/\/wave-lovers.com\/de\/wp-json\/wp\/v2\/comments?post=128788"}],"wp:featuredmedia":[{"embeddable":true,"href":"https:\/\/wave-lovers.com\/de\/wp-json\/wp\/v2\/media\/95551"}],"wp:attachment":[{"href":"https:\/\/wave-lovers.com\/de\/wp-json\/wp\/v2\/media?parent=128788"}],"wp:term":[{"taxonomy":"product_brand","embeddable":true,"href":"https:\/\/wave-lovers.com\/de\/wp-json\/wp\/v2\/product_brand?post=128788"},{"taxonomy":"product_cat","embeddable":true,"href":"https:\/\/wave-lovers.com\/de\/wp-json\/wp\/v2\/product_cat?post=128788"},{"taxonomy":"product_tag","embeddable":true,"href":"https:\/\/wave-lovers.com\/de\/wp-json\/wp\/v2\/product_tag?post=128788"}],"curies":[{"name":"wp","href":"https:\/\/api.w.org\/{rel}","templated":true}]}}