{"id":128764,"date":"2022-04-21T16:26:11","date_gmt":"2022-04-21T14:26:11","guid":{"rendered":"https:\/\/wave-lovers.com\/rent-e-foil-electric-hydrofoil\/"},"modified":"2024-03-12T12:40:11","modified_gmt":"2024-03-12T11:40:11","slug":"verleih-e-foil-elektisches-hydrofoil","status":"publish","type":"product","link":"https:\/\/wave-lovers.com\/de\/verleih-e-foil-elektisches-hydrofoil\/","title":{"rendered":"Verleih e-Foil Elektisches Hydrofoil"},"content":{"rendered":"<h2>Elektrische Hydrofoils (E-Foils) mieten<\/h2>\n<p>Mit unseren E-Foils zum Mieten werden Sie eine neue Freiheit entdecken: Fliegen Sie \u00fcber das Wasser. Schnell, leise und emissionsfrei. Und wer das E-Foil-Surfen zum ersten Mal ausprobiert, dem empfehlen wir ein zus\u00e4tzliches Training in unserer E-Foil-Academy zu buchen. Wir freuen uns sehr darauf, Ihnen das Fliegen beizubringen. E-Foil-Surfen ist ein Wassersport f\u00fcr jedermann von jung bis alt. Es ist ausdr\u00fccklich auch f\u00fcr Kinder geeignet und bis ins hohe Alter zu empfehlen.<\/p>\n","protected":false},"excerpt":{"rendered":"<div><a class=\"button\" style=\"margin-bottom: 15px;\" href=\"https:\/\/wave-lovers.com\/de\/verleih-audi-e-foil-elektrisches-hydrofoil\/\" aria-label=\"Rent Audi e-Foil\">Verleih von AUDI e-Foils<\/a><\/div>\n<div><\/div>\n<div>\n<p><strong>RABATTE (inkl. MwSt)<\/strong><br \/>\n1 e-Foil - 1 Tag - 450\u20ac<br \/>\n1 e-Foil - ab 2 Tage - 425\u20ac\/Tag<br \/>\n1 e-Foil - &gt;7 Tage - 400\u20ac\/Tag<\/p>\n<p><strong>ZUS\u00c4TZLICHE BATTERIEN (inkl. MwSt)<\/strong><br \/>\n100\u20ac pro Akku\/Tag<\/p>\n<\/div>\n","protected":false},"featured_media":157154,"comment_status":"open","ping_status":"closed","template":"","meta":{"_acf_changed":false,"_editorskit_title_hidden":false,"_editorskit_reading_time":0,"_editorskit_is_block_options_detached":false,"_editorskit_block_options_position":"{}","site-sidebar-layout":"default","site-content-layout":"default","ast-site-content-layout":"default","site-content-style":"default","site-sidebar-style":"default","ast-global-header-display":"","ast-banner-title-visibility":"","ast-main-header-display":"","ast-hfb-above-header-display":"","ast-hfb-below-header-display":"","ast-hfb-mobile-header-display":"","site-post-title":"","ast-breadcrumbs-content":"","ast-featured-img":"","footer-sml-layout":"","ast-disable-related-posts":"","theme-transparent-header-meta":"default","adv-header-id-meta":"","stick-header-meta":"","header-above-stick-meta":"","header-main-stick-meta":"","header-below-stick-meta":"","astra-migrate-meta-layouts":"set","ast-page-background-enabled":"default","ast-page-background-meta":{"desktop":{"background-color":"","background-image":"","background-repeat":"repeat","background-position":"center center","background-size":"auto","background-attachment":"scroll","background-type":"","background-media":"","overlay-type":"","overlay-color":"","overlay-opacity":"","overlay-gradient":""},"tablet":{"background-color":"","background-image":"","background-repeat":"repeat","background-position":"center center","background-size":"auto","background-attachment":"scroll","background-type":"","background-media":"","overlay-type":"","overlay-color":"","overlay-opacity":"","overlay-gradient":""},"mobile":{"background-color":"","background-image":"","background-repeat":"repeat","background-position":"center center","background-size":"auto","background-attachment":"scroll","background-type":"","background-media":"","overlay-type":"","overlay-color":"","overlay-opacity":"","overlay-gradient":""}},"ast-content-background-meta":{"desktop":{"background-color":"var(--ast-global-color-5)","background-image":"","background-repeat":"repeat","background-position":"center center","background-size":"auto","background-attachment":"scroll","background-type":"","background-media":"","overlay-type":"","overlay-color":"","overlay-opacity":"","overlay-gradient":""},"tablet":{"background-color":"var(--ast-global-color-5)","background-image":"","background-repeat":"repeat","background-position":"center center","background-size":"auto","background-attachment":"scroll","background-type":"","background-media":"","overlay-type":"","overlay-color":"","overlay-opacity":"","overlay-gradient":""},"mobile":{"background-color":"var(--ast-global-color-5)","background-image":"","background-repeat":"repeat","background-position":"center center","background-size":"auto","background-attachment":"scroll","background-type":"","background-media":"","overlay-type":"","overlay-color":"","overlay-opacity":"","overlay-gradient":""}},"_jf_save_progress":""},"product_brand":[],"product_cat":[293,61],"product_tag":[],"class_list":{"0":"post-128764","1":"product","2":"type-product","3":"status-publish","4":"has-post-thumbnail","6":"product_cat-vermietung-de","7":"product_cat-rent","8":"desktop-align-center","9":"tablet-align-center","10":"mobile-align-center","11":"ast-product-gallery-layout-horizontal","12":"ast-product-gallery-with-no-image","13":"ast-magnify-disabled","14":"ast-product-tabs-layout-horizontal","16":"first","17":"instock","18":"taxable","19":"shipping-taxable","20":"purchasable","21":"product-type-simple"},"acf":[],"brizy_media":[],"_links":{"self":[{"href":"https:\/\/wave-lovers.com\/de\/wp-json\/wp\/v2\/product\/128764","targetHints":{"allow":["GET"]}}],"collection":[{"href":"https:\/\/wave-lovers.com\/de\/wp-json\/wp\/v2\/product"}],"about":[{"href":"https:\/\/wave-lovers.com\/de\/wp-json\/wp\/v2\/types\/product"}],"replies":[{"embeddable":true,"href":"https:\/\/wave-lovers.com\/de\/wp-json\/wp\/v2\/comments?post=128764"}],"wp:featuredmedia":[{"embeddable":true,"href":"https:\/\/wave-lovers.com\/de\/wp-json\/wp\/v2\/media\/157154"}],"wp:attachment":[{"href":"https:\/\/wave-lovers.com\/de\/wp-json\/wp\/v2\/media?parent=128764"}],"wp:term":[{"taxonomy":"product_brand","embeddable":true,"href":"https:\/\/wave-lovers.com\/de\/wp-json\/wp\/v2\/product_brand?post=128764"},{"taxonomy":"product_cat","embeddable":true,"href":"https:\/\/wave-lovers.com\/de\/wp-json\/wp\/v2\/product_cat?post=128764"},{"taxonomy":"product_tag","embeddable":true,"href":"https:\/\/wave-lovers.com\/de\/wp-json\/wp\/v2\/product_tag?post=128764"}],"curies":[{"name":"wp","href":"https:\/\/api.w.org\/{rel}","templated":true}]}}