{"id":128740,"date":"2022-04-21T16:54:18","date_gmt":"2022-04-21T14:54:18","guid":{"rendered":"https:\/\/wave-lovers.com\/rent-e-jet-surfboard\/"},"modified":"2024-03-12T12:49:12","modified_gmt":"2024-03-12T11:49:12","slug":"verleih-e-jet-surfboard","status":"publish","type":"product","link":"https:\/\/wave-lovers.com\/de\/verleih-e-jet-surfboard\/","title":{"rendered":"Verleih e-Jet Surfboard"},"content":{"rendered":"<h2>Vermietung von elektrischen Jet-Surfbrettern (Jetboards)<\/h2>\n<p>Sind Sie auf der Suche nach einem aufregenden Wassersportabenteuer f\u00fcr Sie und Ihre Yachtg\u00e4ste? Mit unseren elektrischen Jet-Surfbrettern zum Mieten werden Sie vom ersten Moment an Spa\u00df haben. Und warum? Weil sie extrem leistungsstark und gleichzeitig einfach zu fahren sind! Fahren Sie bis zu 50 km\/h und spielen Sie mit den Wellen! Oder schalten Sie Ihren Fahrmodus auf \"Anf\u00e4nger\" und selbst Kinder werden ruhig und gelassen cruisen. Bringen Sie Action in Ihren Segelt\u00f6rn und mieten Sie ein Jetboard!<\/p>\n","protected":false},"excerpt":{"rendered":"<p><strong>ERM\u00c4SSIGUNGEN (inkl. MwSt)<\/strong><br \/>\n1 e-Jet - 1 Tag - 400\u20ac<br \/>\n1 e-Jet - ab 2 Tage - 375\u20ac\/Tag<br \/>\n1 e-Jet - &gt;7 Tage - 350\u20ac\/Tag<\/p>\n<p><strong>INBEGRIFFEN<\/strong><br \/>\nStandard-Ladeger\u00e4t<\/p>\n<p><strong>ZUS\u00c4TZLICHE AKKUS (inkl. MwSt)<\/strong><br \/>\n150\u20ac pro Akku\/Tag<\/p>\n","protected":false},"featured_media":157157,"comment_status":"open","ping_status":"closed","template":"","meta":{"_acf_changed":false,"_editorskit_title_hidden":false,"_editorskit_reading_time":0,"_editorskit_is_block_options_detached":false,"_editorskit_block_options_position":"{}","site-sidebar-layout":"default","site-content-layout":"default","ast-site-content-layout":"default","site-content-style":"default","site-sidebar-style":"default","ast-global-header-display":"","ast-banner-title-visibility":"","ast-main-header-display":"","ast-hfb-above-header-display":"","ast-hfb-below-header-display":"","ast-hfb-mobile-header-display":"","site-post-title":"","ast-breadcrumbs-content":"","ast-featured-img":"","footer-sml-layout":"","ast-disable-related-posts":"","theme-transparent-header-meta":"default","adv-header-id-meta":"","stick-header-meta":"","header-above-stick-meta":"","header-main-stick-meta":"","header-below-stick-meta":"","astra-migrate-meta-layouts":"set","ast-page-background-enabled":"default","ast-page-background-meta":{"desktop":{"background-color":"","background-image":"","background-repeat":"repeat","background-position":"center center","background-size":"auto","background-attachment":"scroll","background-type":"","background-media":"","overlay-type":"","overlay-color":"","overlay-opacity":"","overlay-gradient":""},"tablet":{"background-color":"","background-image":"","background-repeat":"repeat","background-position":"center center","background-size":"auto","background-attachment":"scroll","background-type":"","background-media":"","overlay-type":"","overlay-color":"","overlay-opacity":"","overlay-gradient":""},"mobile":{"background-color":"","background-image":"","background-repeat":"repeat","background-position":"center center","background-size":"auto","background-attachment":"scroll","background-type":"","background-media":"","overlay-type":"","overlay-color":"","overlay-opacity":"","overlay-gradient":""}},"ast-content-background-meta":{"desktop":{"background-color":"var(--ast-global-color-5)","background-image":"","background-repeat":"repeat","background-position":"center center","background-size":"auto","background-attachment":"scroll","background-type":"","background-media":"","overlay-type":"","overlay-color":"","overlay-opacity":"","overlay-gradient":""},"tablet":{"background-color":"var(--ast-global-color-5)","background-image":"","background-repeat":"repeat","background-position":"center center","background-size":"auto","background-attachment":"scroll","background-type":"","background-media":"","overlay-type":"","overlay-color":"","overlay-opacity":"","overlay-gradient":""},"mobile":{"background-color":"var(--ast-global-color-5)","background-image":"","background-repeat":"repeat","background-position":"center center","background-size":"auto","background-attachment":"scroll","background-type":"","background-media":"","overlay-type":"","overlay-color":"","overlay-opacity":"","overlay-gradient":""}},"_jf_save_progress":""},"product_brand":[],"product_cat":[293,61],"product_tag":[],"class_list":{"0":"post-128740","1":"product","2":"type-product","3":"status-publish","4":"has-post-thumbnail","6":"product_cat-vermietung-de","7":"product_cat-rent","8":"desktop-align-center","9":"tablet-align-center","10":"mobile-align-center","11":"ast-product-gallery-layout-horizontal","12":"ast-product-gallery-with-no-image","13":"ast-magnify-disabled","14":"ast-product-tabs-layout-horizontal","16":"first","17":"instock","18":"taxable","19":"shipping-taxable","20":"purchasable","21":"product-type-simple"},"acf":[],"brizy_media":[],"_links":{"self":[{"href":"https:\/\/wave-lovers.com\/de\/wp-json\/wp\/v2\/product\/128740","targetHints":{"allow":["GET"]}}],"collection":[{"href":"https:\/\/wave-lovers.com\/de\/wp-json\/wp\/v2\/product"}],"about":[{"href":"https:\/\/wave-lovers.com\/de\/wp-json\/wp\/v2\/types\/product"}],"replies":[{"embeddable":true,"href":"https:\/\/wave-lovers.com\/de\/wp-json\/wp\/v2\/comments?post=128740"}],"wp:featuredmedia":[{"embeddable":true,"href":"https:\/\/wave-lovers.com\/de\/wp-json\/wp\/v2\/media\/157157"}],"wp:attachment":[{"href":"https:\/\/wave-lovers.com\/de\/wp-json\/wp\/v2\/media?parent=128740"}],"wp:term":[{"taxonomy":"product_brand","embeddable":true,"href":"https:\/\/wave-lovers.com\/de\/wp-json\/wp\/v2\/product_brand?post=128740"},{"taxonomy":"product_cat","embeddable":true,"href":"https:\/\/wave-lovers.com\/de\/wp-json\/wp\/v2\/product_cat?post=128740"},{"taxonomy":"product_tag","embeddable":true,"href":"https:\/\/wave-lovers.com\/de\/wp-json\/wp\/v2\/product_tag?post=128740"}],"curies":[{"name":"wp","href":"https:\/\/api.w.org\/{rel}","templated":true}]}}