{"id":128717,"date":"2022-04-21T23:24:07","date_gmt":"2022-04-21T21:24:07","guid":{"rendered":"https:\/\/wave-lovers.com\/rent-underwater-scooter\/"},"modified":"2024-03-12T12:56:49","modified_gmt":"2024-03-12T11:56:49","slug":"verleih-unterwasserscooter","status":"publish","type":"product","link":"https:\/\/wave-lovers.com\/de\/verleih-unterwasserscooter\/","title":{"rendered":"Verleih Unterwasserscooter"},"content":{"rendered":"<h2>Elektrische Unterwasserscooter von Seabob mieten (oder \u00e4hnliche wie iAQUA)<\/h2>\n<p>Die Entdeckung der besonderen Unterwasserwelt war noch nie so einfach. Mit unseren leistungsstarken Elektro-Wasserscootern zum Mieten tauchen Sie m\u00fchelos \u00fcber und unter Wasser mit einer erstaunlichen Beschleunigung. Haben Sie Spa\u00df mit Ihren G\u00e4sten auf dem Yachtausflug und genie\u00dfen Sie das pure James-Bond-Feeling. Ein professioneller Unterwasserscooter (z.B. Seabob) ist die richtige Wahl f\u00fcr alle G\u00e4ste - von jung bis alt, denn er ist super einfach zu fahren und sehr handlich. Tauchen Sie wie ein Delfin!<\/p>\n","protected":false},"excerpt":{"rendered":"<p><strong>ERM\u00c4SSIGUNGEN (inkl. MwSt)<\/strong><br \/>\n1 Seabob - 1 Tag - 350\u20ac<br \/>\n1 Seabob - ab 2 Tage - 325\u20ac\/Tag<br \/>\n1 Seabob - &gt;7 Tage - 300\u20ac\/Tag<\/p>\n<p><strong>INBEGRIFFEN<\/strong><br \/>\n- Marke &amp; Modell: Seabob F5 S oder \u00e4hnliche leistungsstarke Profi-Tauchscooter (z.B. iAQUA Aquadart 720Q)<br \/>\n- Standard-Ladeger\u00e4t<\/p>\n","protected":false},"featured_media":157190,"comment_status":"open","ping_status":"closed","template":"","meta":{"_acf_changed":false,"_editorskit_title_hidden":false,"_editorskit_reading_time":0,"_editorskit_is_block_options_detached":false,"_editorskit_block_options_position":"{}","site-sidebar-layout":"default","site-content-layout":"default","ast-site-content-layout":"default","site-content-style":"default","site-sidebar-style":"default","ast-global-header-display":"","ast-banner-title-visibility":"","ast-main-header-display":"","ast-hfb-above-header-display":"","ast-hfb-below-header-display":"","ast-hfb-mobile-header-display":"","site-post-title":"","ast-breadcrumbs-content":"","ast-featured-img":"","footer-sml-layout":"","ast-disable-related-posts":"","theme-transparent-header-meta":"default","adv-header-id-meta":"","stick-header-meta":"","header-above-stick-meta":"","header-main-stick-meta":"","header-below-stick-meta":"","astra-migrate-meta-layouts":"set","ast-page-background-enabled":"default","ast-page-background-meta":{"desktop":{"background-color":"","background-image":"","background-repeat":"repeat","background-position":"center center","background-size":"auto","background-attachment":"scroll","background-type":"","background-media":"","overlay-type":"","overlay-color":"","overlay-opacity":"","overlay-gradient":""},"tablet":{"background-color":"","background-image":"","background-repeat":"repeat","background-position":"center center","background-size":"auto","background-attachment":"scroll","background-type":"","background-media":"","overlay-type":"","overlay-color":"","overlay-opacity":"","overlay-gradient":""},"mobile":{"background-color":"","background-image":"","background-repeat":"repeat","background-position":"center center","background-size":"auto","background-attachment":"scroll","background-type":"","background-media":"","overlay-type":"","overlay-color":"","overlay-opacity":"","overlay-gradient":""}},"ast-content-background-meta":{"desktop":{"background-color":"var(--ast-global-color-5)","background-image":"","background-repeat":"repeat","background-position":"center center","background-size":"auto","background-attachment":"scroll","background-type":"","background-media":"","overlay-type":"","overlay-color":"","overlay-opacity":"","overlay-gradient":""},"tablet":{"background-color":"var(--ast-global-color-5)","background-image":"","background-repeat":"repeat","background-position":"center center","background-size":"auto","background-attachment":"scroll","background-type":"","background-media":"","overlay-type":"","overlay-color":"","overlay-opacity":"","overlay-gradient":""},"mobile":{"background-color":"var(--ast-global-color-5)","background-image":"","background-repeat":"repeat","background-position":"center center","background-size":"auto","background-attachment":"scroll","background-type":"","background-media":"","overlay-type":"","overlay-color":"","overlay-opacity":"","overlay-gradient":""}},"_jf_save_progress":""},"product_brand":[],"product_cat":[293,61],"product_tag":[],"class_list":{"0":"post-128717","1":"product","2":"type-product","3":"status-publish","4":"has-post-thumbnail","6":"product_cat-vermietung-de","7":"product_cat-rent","8":"desktop-align-center","9":"tablet-align-center","10":"mobile-align-center","11":"ast-product-gallery-layout-horizontal","12":"ast-magnify-disabled","13":"ast-product-tabs-layout-horizontal","15":"first","16":"instock","17":"taxable","18":"shipping-taxable","19":"purchasable","20":"product-type-simple"},"acf":[],"brizy_media":[],"_links":{"self":[{"href":"https:\/\/wave-lovers.com\/de\/wp-json\/wp\/v2\/product\/128717","targetHints":{"allow":["GET"]}}],"collection":[{"href":"https:\/\/wave-lovers.com\/de\/wp-json\/wp\/v2\/product"}],"about":[{"href":"https:\/\/wave-lovers.com\/de\/wp-json\/wp\/v2\/types\/product"}],"replies":[{"embeddable":true,"href":"https:\/\/wave-lovers.com\/de\/wp-json\/wp\/v2\/comments?post=128717"}],"wp:featuredmedia":[{"embeddable":true,"href":"https:\/\/wave-lovers.com\/de\/wp-json\/wp\/v2\/media\/157190"}],"wp:attachment":[{"href":"https:\/\/wave-lovers.com\/de\/wp-json\/wp\/v2\/media?parent=128717"}],"wp:term":[{"taxonomy":"product_brand","embeddable":true,"href":"https:\/\/wave-lovers.com\/de\/wp-json\/wp\/v2\/product_brand?post=128717"},{"taxonomy":"product_cat","embeddable":true,"href":"https:\/\/wave-lovers.com\/de\/wp-json\/wp\/v2\/product_cat?post=128717"},{"taxonomy":"product_tag","embeddable":true,"href":"https:\/\/wave-lovers.com\/de\/wp-json\/wp\/v2\/product_tag?post=128717"}],"curies":[{"name":"wp","href":"https:\/\/api.w.org\/{rel}","templated":true}]}}