{"id":128573,"date":"2022-04-22T13:55:35","date_gmt":"2022-04-22T11:55:35","guid":{"rendered":"https:\/\/wave-lovers.com\/rent-anti-jellyfish-pool\/"},"modified":"2024-03-12T12:30:41","modified_gmt":"2024-03-12T11:30:41","slug":"verleih-anti-quallen-pool","status":"publish","type":"product","link":"https:\/\/wave-lovers.com\/de\/verleih-anti-quallen-pool\/","title":{"rendered":"Verleih Anti Quallen Pool"},"content":{"rendered":"<h1>Mieten Sie einen Anti Quallen Pool | Eine gute L\u00f6sung gegen Quallen<\/h1>\n<p>Das Mieten eines aufblasbaren Quallenschutz-Pools ist eine gute Investition f\u00fcr eine stressfreie Zeit mit Ihren G\u00e4sten auf Ihrer Yacht, ohne dass Sie sich Sorgen um Quallen machen m\u00fcssen! Es wird mit einer elektrischen Pumpe geliefert, die das Aufblasen erleichtert. Das schwimmende Netz verhindert, dass Quallen oder andere Meerestiere in den Au\u00dfenpool gelangen. Dieser aufblasbare Pool ist auch als Spielplatz im Wasser f\u00fcr kleinere Kinder interessant. Auch wenn es eine Meeresstr\u00f6mung um die Yacht herum gibt - die Kinder k\u00f6nnen immer sicher im Pool bleiben. Die Gr\u00f6\u00dfe des Pools betr\u00e4gt 3 x 4 Meter. Und wenn Sie einen unserer aufblasbaren Anti-Quallen-Pools kaufen m\u00f6chten - fragen Sie uns einfach!<\/p>\n","protected":false},"excerpt":{"rendered":"<p><strong>ERM\u00c4SSIGUNGEN (inkl. MwSt)<\/strong><br \/>\n1 Anti Quallen Pool - 1 Tag - 150\u20ac<br \/>\n1 Anti Quallen Pool - ab 2 Tage - 140\u20ac\/Tag<br \/>\n1 Anti-Quallen-Pool - &gt;7 Tage - 125\u20ac\/Tag<\/p>\n<p><strong>INBEGRIFFEN<\/strong><br \/>\nElektrische Luftpumpe (230V)<br \/>\nTasche<\/p>\n","protected":false},"featured_media":157145,"comment_status":"open","ping_status":"closed","template":"","meta":{"_acf_changed":false,"_editorskit_title_hidden":false,"_editorskit_reading_time":0,"_editorskit_is_block_options_detached":false,"_editorskit_block_options_position":"{}","site-sidebar-layout":"default","site-content-layout":"default","ast-site-content-layout":"default","site-content-style":"default","site-sidebar-style":"default","ast-global-header-display":"","ast-banner-title-visibility":"","ast-main-header-display":"","ast-hfb-above-header-display":"","ast-hfb-below-header-display":"","ast-hfb-mobile-header-display":"","site-post-title":"","ast-breadcrumbs-content":"","ast-featured-img":"","footer-sml-layout":"","ast-disable-related-posts":"","theme-transparent-header-meta":"default","adv-header-id-meta":"","stick-header-meta":"","header-above-stick-meta":"","header-main-stick-meta":"","header-below-stick-meta":"","astra-migrate-meta-layouts":"set","ast-page-background-enabled":"default","ast-page-background-meta":{"desktop":{"background-color":"","background-image":"","background-repeat":"repeat","background-position":"center center","background-size":"auto","background-attachment":"scroll","background-type":"","background-media":"","overlay-type":"","overlay-color":"","overlay-opacity":"","overlay-gradient":""},"tablet":{"background-color":"","background-image":"","background-repeat":"repeat","background-position":"center center","background-size":"auto","background-attachment":"scroll","background-type":"","background-media":"","overlay-type":"","overlay-color":"","overlay-opacity":"","overlay-gradient":""},"mobile":{"background-color":"","background-image":"","background-repeat":"repeat","background-position":"center center","background-size":"auto","background-attachment":"scroll","background-type":"","background-media":"","overlay-type":"","overlay-color":"","overlay-opacity":"","overlay-gradient":""}},"ast-content-background-meta":{"desktop":{"background-color":"var(--ast-global-color-5)","background-image":"","background-repeat":"repeat","background-position":"center center","background-size":"auto","background-attachment":"scroll","background-type":"","background-media":"","overlay-type":"","overlay-color":"","overlay-opacity":"","overlay-gradient":""},"tablet":{"background-color":"var(--ast-global-color-5)","background-image":"","background-repeat":"repeat","background-position":"center center","background-size":"auto","background-attachment":"scroll","background-type":"","background-media":"","overlay-type":"","overlay-color":"","overlay-opacity":"","overlay-gradient":""},"mobile":{"background-color":"var(--ast-global-color-5)","background-image":"","background-repeat":"repeat","background-position":"center center","background-size":"auto","background-attachment":"scroll","background-type":"","background-media":"","overlay-type":"","overlay-color":"","overlay-opacity":"","overlay-gradient":""}},"_jf_save_progress":""},"product_brand":[],"product_cat":[293,61],"product_tag":[],"class_list":{"0":"post-128573","1":"product","2":"type-product","3":"status-publish","4":"has-post-thumbnail","6":"product_cat-vermietung-de","7":"product_cat-rent","8":"desktop-align-center","9":"tablet-align-center","10":"mobile-align-center","11":"ast-product-gallery-layout-horizontal","12":"ast-magnify-disabled","13":"ast-product-tabs-layout-horizontal","15":"first","16":"instock","17":"taxable","18":"shipping-taxable","19":"purchasable","20":"product-type-simple"},"acf":[],"brizy_media":[],"_links":{"self":[{"href":"https:\/\/wave-lovers.com\/de\/wp-json\/wp\/v2\/product\/128573","targetHints":{"allow":["GET"]}}],"collection":[{"href":"https:\/\/wave-lovers.com\/de\/wp-json\/wp\/v2\/product"}],"about":[{"href":"https:\/\/wave-lovers.com\/de\/wp-json\/wp\/v2\/types\/product"}],"replies":[{"embeddable":true,"href":"https:\/\/wave-lovers.com\/de\/wp-json\/wp\/v2\/comments?post=128573"}],"wp:featuredmedia":[{"embeddable":true,"href":"https:\/\/wave-lovers.com\/de\/wp-json\/wp\/v2\/media\/157145"}],"wp:attachment":[{"href":"https:\/\/wave-lovers.com\/de\/wp-json\/wp\/v2\/media?parent=128573"}],"wp:term":[{"taxonomy":"product_brand","embeddable":true,"href":"https:\/\/wave-lovers.com\/de\/wp-json\/wp\/v2\/product_brand?post=128573"},{"taxonomy":"product_cat","embeddable":true,"href":"https:\/\/wave-lovers.com\/de\/wp-json\/wp\/v2\/product_cat?post=128573"},{"taxonomy":"product_tag","embeddable":true,"href":"https:\/\/wave-lovers.com\/de\/wp-json\/wp\/v2\/product_tag?post=128573"}],"curies":[{"name":"wp","href":"https:\/\/api.w.org\/{rel}","templated":true}]}}