{"id":128504,"date":"2022-04-22T13:59:18","date_gmt":"2022-04-22T11:59:18","guid":{"rendered":"https:\/\/wave-lovers.com\/rent-inflatable-sea-water-platforms\/"},"modified":"2024-03-12T13:07:58","modified_gmt":"2024-03-12T12:07:58","slug":"verleih-aufblasbare-wasserplattform","status":"publish","type":"product","link":"https:\/\/wave-lovers.com\/de\/verleih-aufblasbare-wasserplattform\/","title":{"rendered":"Verleih Aufblasbare Wasserplattform"},"content":{"rendered":"<h2>Aufblasbare Wasserplattformen mieten | Mehr Platz auf See!<\/h2>\n<p>Aufblasbare Wasserplattformen zum Mieten auf Mallorca gesucht? Der Platz auf dem Boot ist meistens begrenzt. Mit stabilen schwimmenden Plattformen haben Sie mehr Platz f\u00fcr alle Arten von Wasserspielzeug auf See! Diese Premium-Plattformen sind sehr robust und die Tragf\u00e4higkeit ist erstaunlich. Ohne Probleme k\u00f6nnen auf einer schwimmenden Insel 8 erwachsene Personen stehen. Sie m\u00fcssen Ihr Wasserspielzeug nicht mehr nach jedem Gebrauch zur\u00fcck zum Boot tragen. Lassen Sie sie einfach sicher und bereit f\u00fcr den Einsatz den ganzen Tag auf der aufblasbaren schwimmenden Insel. Und wenn Sie eine unserer Plattformen kaufen m\u00f6chten - fragen Sie uns einfach!<\/p>\n","protected":false},"excerpt":{"rendered":"<p><strong>PREISE (inkl. MwSt.).<\/strong><br \/>\nAufblasbare Plattform 4x2m - 350\u20ac\/Tag<br \/>\nHex-Plattform - 250\u20ac\/Tag<br \/>\nAufblasbares Sofa - 150\u20ac\/Tag<\/p>\n<p><strong>ERM\u00c4SSIGUNGEN<\/strong><br \/>\n1 Plattform - 1 Tag - Normaler Preis<br \/>\n1 Plattform - ab 2 Tage - 5% Rabatt<br \/>\n1 Plattform - &gt;7 Tage - 15% Rabatt<\/p>\n<p><strong>INBEGRIFFEN<\/strong><br \/>\nElektrische Luftpumpe (230V)<\/p>\n","protected":false},"featured_media":157169,"comment_status":"open","ping_status":"closed","template":"","meta":{"_acf_changed":false,"_editorskit_title_hidden":false,"_editorskit_reading_time":0,"_editorskit_is_block_options_detached":false,"_editorskit_block_options_position":"{}","site-sidebar-layout":"default","site-content-layout":"default","ast-site-content-layout":"default","site-content-style":"default","site-sidebar-style":"default","ast-global-header-display":"","ast-banner-title-visibility":"","ast-main-header-display":"","ast-hfb-above-header-display":"","ast-hfb-below-header-display":"","ast-hfb-mobile-header-display":"","site-post-title":"","ast-breadcrumbs-content":"","ast-featured-img":"","footer-sml-layout":"","ast-disable-related-posts":"","theme-transparent-header-meta":"default","adv-header-id-meta":"","stick-header-meta":"","header-above-stick-meta":"","header-main-stick-meta":"","header-below-stick-meta":"","astra-migrate-meta-layouts":"set","ast-page-background-enabled":"default","ast-page-background-meta":{"desktop":{"background-color":"","background-image":"","background-repeat":"repeat","background-position":"center center","background-size":"auto","background-attachment":"scroll","background-type":"","background-media":"","overlay-type":"","overlay-color":"","overlay-opacity":"","overlay-gradient":""},"tablet":{"background-color":"","background-image":"","background-repeat":"repeat","background-position":"center center","background-size":"auto","background-attachment":"scroll","background-type":"","background-media":"","overlay-type":"","overlay-color":"","overlay-opacity":"","overlay-gradient":""},"mobile":{"background-color":"","background-image":"","background-repeat":"repeat","background-position":"center center","background-size":"auto","background-attachment":"scroll","background-type":"","background-media":"","overlay-type":"","overlay-color":"","overlay-opacity":"","overlay-gradient":""}},"ast-content-background-meta":{"desktop":{"background-color":"var(--ast-global-color-5)","background-image":"","background-repeat":"repeat","background-position":"center center","background-size":"auto","background-attachment":"scroll","background-type":"","background-media":"","overlay-type":"","overlay-color":"","overlay-opacity":"","overlay-gradient":""},"tablet":{"background-color":"var(--ast-global-color-5)","background-image":"","background-repeat":"repeat","background-position":"center center","background-size":"auto","background-attachment":"scroll","background-type":"","background-media":"","overlay-type":"","overlay-color":"","overlay-opacity":"","overlay-gradient":""},"mobile":{"background-color":"var(--ast-global-color-5)","background-image":"","background-repeat":"repeat","background-position":"center center","background-size":"auto","background-attachment":"scroll","background-type":"","background-media":"","overlay-type":"","overlay-color":"","overlay-opacity":"","overlay-gradient":""}},"_jf_save_progress":""},"product_brand":[],"product_cat":[293,61],"product_tag":[],"class_list":{"0":"post-128504","1":"product","2":"type-product","3":"status-publish","4":"has-post-thumbnail","6":"product_cat-vermietung-de","7":"product_cat-rent","8":"desktop-align-center","9":"tablet-align-center","10":"mobile-align-center","11":"ast-product-gallery-layout-horizontal","12":"ast-magnify-disabled","13":"ast-product-single-variable","14":"ast-product-tabs-layout-horizontal","16":"first","17":"instock","18":"taxable","19":"shipping-taxable","20":"purchasable","21":"product-type-variable"},"acf":[],"brizy_media":[],"_links":{"self":[{"href":"https:\/\/wave-lovers.com\/de\/wp-json\/wp\/v2\/product\/128504","targetHints":{"allow":["GET"]}}],"collection":[{"href":"https:\/\/wave-lovers.com\/de\/wp-json\/wp\/v2\/product"}],"about":[{"href":"https:\/\/wave-lovers.com\/de\/wp-json\/wp\/v2\/types\/product"}],"replies":[{"embeddable":true,"href":"https:\/\/wave-lovers.com\/de\/wp-json\/wp\/v2\/comments?post=128504"}],"wp:featuredmedia":[{"embeddable":true,"href":"https:\/\/wave-lovers.com\/de\/wp-json\/wp\/v2\/media\/157169"}],"wp:attachment":[{"href":"https:\/\/wave-lovers.com\/de\/wp-json\/wp\/v2\/media?parent=128504"}],"wp:term":[{"taxonomy":"product_brand","embeddable":true,"href":"https:\/\/wave-lovers.com\/de\/wp-json\/wp\/v2\/product_brand?post=128504"},{"taxonomy":"product_cat","embeddable":true,"href":"https:\/\/wave-lovers.com\/de\/wp-json\/wp\/v2\/product_cat?post=128504"},{"taxonomy":"product_tag","embeddable":true,"href":"https:\/\/wave-lovers.com\/de\/wp-json\/wp\/v2\/product_tag?post=128504"}],"curies":[{"name":"wp","href":"https:\/\/api.w.org\/{rel}","templated":true}]}}