{"id":128388,"date":"2023-01-14T22:57:28","date_gmt":"2023-01-14T21:57:28","guid":{"rendered":"https:\/\/wave-lovers.com\/rent-a-mobile-floating-dock\/"},"modified":"2024-03-13T17:37:12","modified_gmt":"2024-03-13T16:37:12","slug":"verleih-eines-mobilen-schwimmdocks","status":"publish","type":"product","link":"https:\/\/wave-lovers.com\/de\/verleih-eines-mobilen-schwimmdocks\/","title":{"rendered":"Verleih eines mobilen Schwimmdocks"},"content":{"rendered":"<h2>Verleih eines mobilen Schwimmdocks - INFORMATION<\/h2>\n<p><img decoding=\"async\" class=\"wp-image-151263 size-thumbnail alignright\" src=\"https:\/\/wave-lovers.com\/wp-content\/uploads\/2023\/01\/floating-dock-cube-150x150.webp\" alt=\"\" width=\"150\" height=\"150\" srcset=\"https:\/\/wave-lovers.com\/wp-content\/uploads\/2023\/01\/floating-dock-cube-150x150.webp 150w, https:\/\/wave-lovers.com\/wp-content\/uploads\/2023\/01\/floating-dock-cube-300x300.webp 300w, https:\/\/wave-lovers.com\/wp-content\/uploads\/2023\/01\/floating-dock-cube-768x768.webp 768w, https:\/\/wave-lovers.com\/wp-content\/uploads\/2023\/01\/floating-dock-cube-600x600.webp 600w, https:\/\/wave-lovers.com\/wp-content\/uploads\/2023\/01\/floating-dock-cube-100x100.webp 100w, https:\/\/wave-lovers.com\/wp-content\/uploads\/2023\/01\/floating-dock-cube-32x32.webp 32w, https:\/\/wave-lovers.com\/wp-content\/uploads\/2023\/01\/floating-dock-cube.webp 850w\" sizes=\"(max-width: 150px) 100vw, 150px\" \/>Mieten Sie eine schwimmende Plattform f\u00fcr Ihre n\u00e4chste Veranstaltung. Ben\u00f6tigen Sie einen professionellen Zugang auf See, um Ihre G\u00e4ste an Bord Ihrer Yacht zu f\u00fchren? Oder planen Sie eine Veranstaltung und m\u00f6chten eine stabile schwimmende Plattform auf See errichten? Mit unserem mobilen Schwimmdock k\u00f6nnen wir Ihnen das erm\u00f6glichen.<\/p>\n<p>Der Steg besteht aus einzelnen W\u00fcrfeln mit den Ma\u00dfen 50 x 50 cm. Das bedeutet, dass verschiedene Formen nach Belieben aufgestellt werden k\u00f6nnen. Die maximale Gr\u00f6\u00dfe betr\u00e4gt 25m\u00b2 (= 100 W\u00fcrfel) und bietet somit auch f\u00fcr gr\u00f6\u00dfere Veranstaltungen ausreichend Platz.<\/p>\n<p><strong>Bitte beachten Sie, dass Transport und Aufbau nicht kostenlos sind.<\/strong> Je nach Entfernung und ben\u00f6tigter Menge erheben wir einen Aufpreis, den Sie gerne vorab erfragen k\u00f6nnen. Bitte nutzen Sie unser Kontaktformular oder kontaktieren Sie uns telefonisch. Danke!<\/p>\n<h3>Beispiel f\u00fcr die Berechnung der Quadratmeter<\/h3>\n<p><img fetchpriority=\"high\" decoding=\"async\" class=\"alignnone size-full wp-image-151254\" src=\"https:\/\/wave-lovers.com\/wp-content\/uploads\/2023\/01\/floating-dock-calculation.gif\" alt=\"\" width=\"580\" height=\"300\" \/><\/p>\n<h2>Verleih eines mobilen Schwimmdocks - DETAILS<\/h2>\n<p>Gr\u00f6\u00dfe der einzelnen Bl\u00f6cke: 50 x 50 x 40 cm<br \/>\nVerf\u00fcgbare Gr\u00f6\u00dfe: 25m\u00b2<br \/>\nPreis pro Tag (1m\u00b2): 84\u20ac<\/p>\n","protected":false},"excerpt":{"rendered":"<p><strong>Bitte beachten Sie, dass Transport und Montage nicht kostenlos sind.<\/strong><\/p>\n<p>Je nach Entfernung und ben\u00f6tigter Menge berechnen wir einen Aufpreis, den Sie gerne vorab erfragen k\u00f6nnen.<\/p>\n","protected":false},"featured_media":157178,"comment_status":"open","ping_status":"closed","template":"","meta":{"_acf_changed":false,"_editorskit_title_hidden":false,"_editorskit_reading_time":0,"_editorskit_is_block_options_detached":false,"_editorskit_block_options_position":"{}","site-sidebar-layout":"default","site-content-layout":"default","ast-site-content-layout":"default","site-content-style":"default","site-sidebar-style":"default","ast-global-header-display":"","ast-banner-title-visibility":"","ast-main-header-display":"","ast-hfb-above-header-display":"","ast-hfb-below-header-display":"","ast-hfb-mobile-header-display":"","site-post-title":"","ast-breadcrumbs-content":"","ast-featured-img":"","footer-sml-layout":"","ast-disable-related-posts":"","theme-transparent-header-meta":"default","adv-header-id-meta":"","stick-header-meta":"","header-above-stick-meta":"","header-main-stick-meta":"","header-below-stick-meta":"","astra-migrate-meta-layouts":"set","ast-page-background-enabled":"default","ast-page-background-meta":{"desktop":{"background-color":"","background-image":"","background-repeat":"repeat","background-position":"center center","background-size":"auto","background-attachment":"scroll","background-type":"","background-media":"","overlay-type":"","overlay-color":"","overlay-opacity":"","overlay-gradient":""},"tablet":{"background-color":"","background-image":"","background-repeat":"repeat","background-position":"center center","background-size":"auto","background-attachment":"scroll","background-type":"","background-media":"","overlay-type":"","overlay-color":"","overlay-opacity":"","overlay-gradient":""},"mobile":{"background-color":"","background-image":"","background-repeat":"repeat","background-position":"center center","background-size":"auto","background-attachment":"scroll","background-type":"","background-media":"","overlay-type":"","overlay-color":"","overlay-opacity":"","overlay-gradient":""}},"ast-content-background-meta":{"desktop":{"background-color":"var(--ast-global-color-5)","background-image":"","background-repeat":"repeat","background-position":"center center","background-size":"auto","background-attachment":"scroll","background-type":"","background-media":"","overlay-type":"","overlay-color":"","overlay-opacity":"","overlay-gradient":""},"tablet":{"background-color":"var(--ast-global-color-5)","background-image":"","background-repeat":"repeat","background-position":"center center","background-size":"auto","background-attachment":"scroll","background-type":"","background-media":"","overlay-type":"","overlay-color":"","overlay-opacity":"","overlay-gradient":""},"mobile":{"background-color":"var(--ast-global-color-5)","background-image":"","background-repeat":"repeat","background-position":"center center","background-size":"auto","background-attachment":"scroll","background-type":"","background-media":"","overlay-type":"","overlay-color":"","overlay-opacity":"","overlay-gradient":""}},"_jf_save_progress":""},"product_brand":[],"product_cat":[293,61],"product_tag":[],"class_list":{"0":"post-128388","1":"product","2":"type-product","3":"status-publish","4":"has-post-thumbnail","6":"product_cat-vermietung-de","7":"product_cat-rent","8":"desktop-align-center","9":"tablet-align-center","10":"mobile-align-center","11":"ast-product-gallery-layout-horizontal","12":"ast-product-gallery-with-no-image","13":"ast-magnify-disabled","14":"ast-product-tabs-layout-horizontal","16":"first","17":"instock","18":"taxable","19":"shipping-taxable","20":"purchasable","21":"product-type-simple"},"acf":[],"brizy_media":[],"_links":{"self":[{"href":"https:\/\/wave-lovers.com\/de\/wp-json\/wp\/v2\/product\/128388","targetHints":{"allow":["GET"]}}],"collection":[{"href":"https:\/\/wave-lovers.com\/de\/wp-json\/wp\/v2\/product"}],"about":[{"href":"https:\/\/wave-lovers.com\/de\/wp-json\/wp\/v2\/types\/product"}],"replies":[{"embeddable":true,"href":"https:\/\/wave-lovers.com\/de\/wp-json\/wp\/v2\/comments?post=128388"}],"wp:featuredmedia":[{"embeddable":true,"href":"https:\/\/wave-lovers.com\/de\/wp-json\/wp\/v2\/media\/157178"}],"wp:attachment":[{"href":"https:\/\/wave-lovers.com\/de\/wp-json\/wp\/v2\/media?parent=128388"}],"wp:term":[{"taxonomy":"product_brand","embeddable":true,"href":"https:\/\/wave-lovers.com\/de\/wp-json\/wp\/v2\/product_brand?post=128388"},{"taxonomy":"product_cat","embeddable":true,"href":"https:\/\/wave-lovers.com\/de\/wp-json\/wp\/v2\/product_cat?post=128388"},{"taxonomy":"product_tag","embeddable":true,"href":"https:\/\/wave-lovers.com\/de\/wp-json\/wp\/v2\/product_tag?post=128388"}],"curies":[{"name":"wp","href":"https:\/\/api.w.org\/{rel}","templated":true}]}}