{"id":128313,"date":"2023-01-23T14:20:41","date_gmt":"2023-01-23T13:20:41","guid":{"rendered":"https:\/\/wave-lovers.com\/iaqua-aquadart-nano-620-max\/"},"modified":"2025-04-09T19:09:52","modified_gmt":"2025-04-09T17:09:52","slug":"iaqua-aquadart-nano-720-xtreme","status":"publish","type":"product","link":"https:\/\/wave-lovers.com\/de\/iaqua-aquadart-nano-720-xtreme\/","title":{"rendered":"iAqua AquaDart Nano 720 Xtreme"},"content":{"rendered":"<h2>iAQUA AquaDart Nano 620 MAX - Entwickelt f\u00fcr die Revolution des Unterwasser-Scooters<\/h2>\n<p>Der AquaDart Nano mit seiner einzigartigen, patentierten Dual-Jet\u2122-Technologie hat den Markt f\u00fcr professionelle Tauchscooter revolutioniert und bietet ein nie zuvor f\u00fcr m\u00f6glich gehaltenes Verh\u00e4ltnis von Leistung und Gewicht.<\/p>\n<h3>Das patentierte Dual-Jet-Antriebssystem von iAQUA<\/h3>\n<p>Das patentierte Dual-Jet-Antriebssystem von iAqua liefert bis zu 60 % mehr Schub als herk\u00f6mmliche Jet-Antriebssysteme \u00fcber den gesamten Leistungsbereich. Herk\u00f6mmliche Systeme vergeuden etwa 50 % des erzeugten Schubs durch Tunnelturbulenzen, was bedeutet, dass Sie bis zu 50 % der erzeugten Leistung und des Schubs verlieren und bis zu 50 % Ihrer Batterieleistung f\u00fcr die Erzeugung des ungenutzten Schubs verschwenden. Die Dual-Jet-Technologie funktioniert \u00e4hnlich wie ein Flugzeugd\u00fcsentriebwerk und nutzt 100 % des Schubs, um Ihnen eine starke Leistung und Beschleunigung bei niedrigeren Drehzahlen zu bieten, was zu einem geringeren Batterieverbrauch f\u00fchrt. Mit iAquas patentierter Dual-Jet-Technologie wurde die Leistung &amp; Schubkraft revolutioniert.<\/p>\n<h3>Klassenbeste Leistung<\/h3>\n<p>Die Leistung des Nano stellt die Physik infrage. Mit einer Beschleunigung des 620 Max von 0 auf 20 km\/h in nur drei Sekunden, k\u00f6nnen Sie mit Delfinen und Mantas schwimmen, deren Unterwasserakrobatik nachahmen oder einfach nur Spa\u00df beim Erkunden des Ozeans haben. Der Nano hat die M\u00f6glichkeiten auf dem heutigen Markt f\u00fcr Wasserscooter neu definiert und ist eine Klasse f\u00fcr sich, was Design, geringes Gewicht und Leistung angeht.<\/p>\n<h3>iAQUA Nano 620 Max - Die perfekte Wahl<\/h3>\n<p>Wenn Sie auf der Suche nach ultimativer Leistung und Geschwindigkeit sind, dann sollte der Nano 620 Max Ihre Wahl sein. Dank der branchenf\u00fchrenden Akku-Management-Technologie von AQUA werden Sie nie leer laufen. Das System steuert die Leistung auf intelligente Weise, so dass Sie immer in der Lage sind, zur\u00fcck zu kommen und Ihren Tauchgang sicher zu beenden. Mit einer einzigen Ladung k\u00f6nnen Sie in der Regel 100 Minuten lang tauchen und haben immer noch genug Energie, um es wieder zur\u00fcck zu schaffen.<\/p>\n<p>Der 620 Max verf\u00fcgt \u00fcber ein Schnellladeger\u00e4t und ist nach dem Aufladen in nur 60 Minuten wieder einsatzbereit f\u00fcr ein neues Abenteuer. Das Modell verf\u00fcgt zudem \u00fcber leistungsstarke Front- und R\u00fccklichter. Diese sind f\u00fcr Nachttaucher und Taucher, die tiefer als 15 m tauchen, unverzichtbar, da sie die Umgebung erhellen und die Farben der Korallen und des Meereslebens voll zur Geltung bringen.<\/p>\n<h3>Einfache Bedienung<\/h3>\n<p>Die patentierte Steuerungseinheit des Nano sorgt f\u00fcr eine extrem einfache und sichere Bedienung. Der Nano kann sowohl mit dem linken als auch mit dem rechten Ausl\u00f6ser gesteuert werden oder zur Sicherheit auch auf Doppelausl\u00f6serbetrieb eingestellt werden. Alle Benutzerinformationen sind dank des superhellen 5-Zoll-Displays des Nano auch bei starkem Sonnenlicht sichtbar. Der Bildschirm zeigt Batteriestand, Geschwindigkeit und Tiefe an und enth\u00e4lt einen digitalen Kompass und Onboard-Diagnoseinformationen.<\/p>\n<h3>Fortgeschrittene Funktionen, die kein anderer Sea Scooter besitzt<\/h3>\n<p>Der Nano ist einzigartig, weil er mit einem eingebauten Beschleunigungsmesser ausgestattet ist. Dieses Messger\u00e4t liefert Ihnen einen \"Lageindikator\", der auch als Kreiselhorizontmesser bezeichnet wird. Dieses n\u00fctzliche Ger\u00e4t zeigt einen k\u00fcnstlichen Horizont an, sowie Neigung und Drehung, die den Grad des Steigens\/Sinkens und der seitlichen Neigung angeben.<\/p>\n<p>iAQUA f\u00fchrt au\u00dferdem eine weitere Weltneuheit ein. Die iAQUA-App wird auf den Markt kommen, mit der Sie Ihren Nano aus der Ferne steuern und Einstellungen wie Geschwindigkeit, Tiefe und Beleuchtung vornehmen k\u00f6nnen. Sie werden in der Lage sein, die Handwerkssysteme zu \u00fcberwachen, Ferndiagnosen zu stellen und das Datum und die Dauer jeder Fahrt aufzuzeichnen. Ihr Nano verf\u00fcgt au\u00dferdem \u00fcber einen GPS-Tracker, der es Ihnen in Verbindung mit der App erm\u00f6glicht, alle Ihre Abenteuer mit Hilfe der Routenaufzeichnungsfunktion nachzuverfolgen.<\/p>\n<h3>Technische Daten iAQUA AquaDart Nano 620 Max<\/h3>\n<h4>Leistung<\/h4>\n<p>Geschwindigkeit \u00fcber Wasser (kmh): 20<br \/>\nGeschwindigkeit unter Wasser (kmh): 21<br \/>\nLeistung (kW): 4.2<br \/>\nSchubkraft (Newton): 620<br \/>\nLeistungsstufen (G\u00e4nge): 6<br \/>\nMaximale Tiefe (M): 45<br \/>\nProgrammierbare Sicherheitstiefen (M): 2, 5, 10, 15, 20, 30, 40, 45<br \/>\nBetriebszeit<br \/>\nStandardeinsatz (Min.): 55<br \/>\nScubadive-Modus (Minuten): 75<br \/>\nR\u00fcckkehr zur Basis (Min.): 100<\/p>\n<p>Bitte beachten Sie: Typische Nutzungsdauer in Minuten. Standardnutzung ist Stufe 3 und 4 mit kurzen Energiesch\u00fcben bei 5 und 6. Tauchmodus ist Stufe 2 mit kurzen Energiesch\u00fcben bei 3 und 4. Der Modus \"R\u00fcckkehr zur Basis\" umfasst die Stufen 1 und 2.<\/p>\n<h4>Akku-Management<\/h4>\n<p>Volle Standard-Ladung (Stunden): 3.2<br \/>\nSchnelles vollst\u00e4ndiges Aufladen (Min.): 60<br \/>\n3-stufiges System zur Optimierung der Akkuleistung: Ja<br \/>\nBatteriereserve-System oder \"Retum Home\"-Modus: Ja<br \/>\nRedundantes Batteriesicherheitssystem: Ja<\/p>\n<h4>Bedienelemente<\/h4>\n<p>Bildschirmgr\u00f6\u00dfe in Zoll: 5\"<br \/>\nBildschirmhelligkeit (Nits): 60<br \/>\nBeschleunigungssensor mit k\u00fcnstlichem Horizont und Steig-\/Sinkwerten: Ja<br \/>\nRemote 10S\/Android App-verf\u00fcgbar ab Fr\u00fchjahr 2023: Ja<br \/>\nBeidh\u00e4ndiges Sicherheitsantriebssystem: Ja<br \/>\nKann entweder von links oder rechts oder von beiden Ausl\u00f6sern aus bedient werden: Ja<br \/>\nPatentierte fortschrittliche Steuerungstasten: Ja<\/p>\n<p>Bitte beachten Sie: Dank der patentierten Druckausgleichstasten von AQUA sind nur zwei Tasten erforderlich, um alle Funktionen auf intuitive Weise zu bedienen.<\/p>\n<h4>Sicherheit, Tiefe und Nachttauchen<\/h4>\n<p>Zwei leistungsstarke Lichter: Enthalten<br \/>\nSystem-Merkmale<br \/>\nOptimierter Impeller f\u00fcr hohe Schubkraft bei niedriger Drehzahl: Ja<br \/>\nOn-Board-Diagnose-System (zuk\u00fcnftig): Ja<br \/>\nModulares Plug-and-Play-Systemdesign: Ja<br \/>\nZweistrahltechnik: Ja<br \/>\nAbmessungen und Gewicht<br \/>\niAQUA AquaDart Nano Gewicht (kg): 22<br \/>\nAbmessungen LxBxH (cm): 100 x 50 x 24<\/p>\n<h3>iAQUA Nano 620 Max Vergleich - Welches iAQUA Nano Modell ist das beste?<\/h3>\n<p>Der Nano 620 Max hat das weltweit beste Leistungsgewicht aller Tauchscooter - um mehr als 20%, und der zweitbeste ist der Nano 520 Explorer! Er gibt Ihnen unglaubliche 28 Newton Schubkraft pro kg! Selbst der AquaDart Pro 770 Extreme - der schnellste Tauchscooter der Welt - bringt es im Verh\u00e4ltnis von Leistung zu Gewicht nur auf 21 Newton Schub pro kg. Ein wahrer Beweis f\u00fcr die F\u00e4higkeiten der iAQUA-Ingenieure und ihre einzigartige Dual-Jet-Technologie. Diese unglaubliche Schubkraft kann Sie mit einer Geschwindigkeit von bis zu 21 km\/h durch das Wasser treiben und bringt Sie in weniger als 3 Sekunden an die H\u00f6chstgeschwindigkeit.<\/p>\n","protected":false},"excerpt":{"rendered":"<p>Der AquaDart Nano mit seiner einzigartigen, patentierten Dual-Jet\u2122 Technologie hat den Markt f\u00fcr professionelle Tauchscooter revolutioniert und bietet ein nie zuvor f\u00fcr m\u00f6glich gehaltenes Verh\u00e4ltnis von Leistung und Gewicht.<\/p>\n","protected":false},"featured_media":95728,"comment_status":"open","ping_status":"closed","template":"","meta":{"_acf_changed":false,"_editorskit_title_hidden":false,"_editorskit_reading_time":0,"_editorskit_is_block_options_detached":false,"_editorskit_block_options_position":"{}","site-sidebar-layout":"default","site-content-layout":"default","ast-site-content-layout":"default","site-content-style":"default","site-sidebar-style":"default","ast-global-header-display":"","ast-banner-title-visibility":"","ast-main-header-display":"","ast-hfb-above-header-display":"","ast-hfb-below-header-display":"","ast-hfb-mobile-header-display":"","site-post-title":"","ast-breadcrumbs-content":"","ast-featured-img":"","footer-sml-layout":"","ast-disable-related-posts":"","theme-transparent-header-meta":"default","adv-header-id-meta":"","stick-header-meta":"","header-above-stick-meta":"","header-main-stick-meta":"","header-below-stick-meta":"","astra-migrate-meta-layouts":"set","ast-page-background-enabled":"default","ast-page-background-meta":{"desktop":{"background-color":"","background-image":"","background-repeat":"repeat","background-position":"center center","background-size":"auto","background-attachment":"scroll","background-type":"","background-media":"","overlay-type":"","overlay-color":"","overlay-opacity":"","overlay-gradient":""},"tablet":{"background-color":"","background-image":"","background-repeat":"repeat","background-position":"center center","background-size":"auto","background-attachment":"scroll","background-type":"","background-media":"","overlay-type":"","overlay-color":"","overlay-opacity":"","overlay-gradient":""},"mobile":{"background-color":"","background-image":"","background-repeat":"repeat","background-position":"center center","background-size":"auto","background-attachment":"scroll","background-type":"","background-media":"","overlay-type":"","overlay-color":"","overlay-opacity":"","overlay-gradient":""}},"ast-content-background-meta":{"desktop":{"background-color":"var(--ast-global-color-5)","background-image":"","background-repeat":"repeat","background-position":"center center","background-size":"auto","background-attachment":"scroll","background-type":"","background-media":"","overlay-type":"","overlay-color":"","overlay-opacity":"","overlay-gradient":""},"tablet":{"background-color":"var(--ast-global-color-5)","background-image":"","background-repeat":"repeat","background-position":"center center","background-size":"auto","background-attachment":"scroll","background-type":"","background-media":"","overlay-type":"","overlay-color":"","overlay-opacity":"","overlay-gradient":""},"mobile":{"background-color":"var(--ast-global-color-5)","background-image":"","background-repeat":"repeat","background-position":"center center","background-size":"auto","background-attachment":"scroll","background-type":"","background-media":"","overlay-type":"","overlay-color":"","overlay-opacity":"","overlay-gradient":""}},"_jf_save_progress":""},"product_brand":[],"product_cat":[121,60,111,19],"product_tag":[],"class_list":{"0":"post-128313","1":"product","2":"type-product","3":"status-publish","4":"has-post-thumbnail","6":"product_cat-unterwasser-scooter-de","7":"product_cat-buy","8":"product_cat-verkauf","9":"product_cat-underwater-scooter","10":"product_shipping_class-mg-de","11":"desktop-align-center","12":"tablet-align-center","13":"mobile-align-center","14":"ast-product-gallery-layout-horizontal","15":"ast-magnify-disabled","16":"ast-product-tabs-layout-horizontal","18":"first","19":"outofstock","20":"taxable","21":"shipping-taxable","22":"purchasable","23":"product-type-simple"},"acf":[],"brizy_media":[],"_links":{"self":[{"href":"https:\/\/wave-lovers.com\/de\/wp-json\/wp\/v2\/product\/128313","targetHints":{"allow":["GET"]}}],"collection":[{"href":"https:\/\/wave-lovers.com\/de\/wp-json\/wp\/v2\/product"}],"about":[{"href":"https:\/\/wave-lovers.com\/de\/wp-json\/wp\/v2\/types\/product"}],"replies":[{"embeddable":true,"href":"https:\/\/wave-lovers.com\/de\/wp-json\/wp\/v2\/comments?post=128313"}],"wp:featuredmedia":[{"embeddable":true,"href":"https:\/\/wave-lovers.com\/de\/wp-json\/wp\/v2\/media\/95728"}],"wp:attachment":[{"href":"https:\/\/wave-lovers.com\/de\/wp-json\/wp\/v2\/media?parent=128313"}],"wp:term":[{"taxonomy":"product_brand","embeddable":true,"href":"https:\/\/wave-lovers.com\/de\/wp-json\/wp\/v2\/product_brand?post=128313"},{"taxonomy":"product_cat","embeddable":true,"href":"https:\/\/wave-lovers.com\/de\/wp-json\/wp\/v2\/product_cat?post=128313"},{"taxonomy":"product_tag","embeddable":true,"href":"https:\/\/wave-lovers.com\/de\/wp-json\/wp\/v2\/product_tag?post=128313"}],"curies":[{"name":"wp","href":"https:\/\/api.w.org\/{rel}","templated":true}]}}