{"id":128224,"date":"2023-02-14T18:57:12","date_gmt":"2023-02-14T17:57:12","guid":{"rendered":"https:\/\/wave-lovers.com\/awake-raevik-3-electric-surfboard\/"},"modified":"2024-03-11T15:31:33","modified_gmt":"2024-03-11T14:31:33","slug":"awake-raevik-3-elektrisches-surfboard","status":"publish","type":"product","link":"https:\/\/wave-lovers.com\/de\/awake-raevik-3-elektrisches-surfboard\/","title":{"rendered":"Awake R\u00c4VIK 3 Elektrisches Surfboard"},"content":{"rendered":"<h2>Awake R\u00c4VIK 3 \u2013 INFORMATION<\/h2>\n<p><img decoding=\"async\" class=\"alignright wp-image-96875 size-thumbnail\" src=\"https:\/\/wave-lovers.com\/wp-content\/uploads\/2023\/02\/awake-raevik-3-11-e1687551802694.jpg\" alt=\"\" width=\"150\" height=\"150\" srcset=\"https:\/\/wave-lovers.com\/wp-content\/uploads\/2023\/02\/awake-raevik-3-11-e1687551802694.jpg 634w, https:\/\/wave-lovers.com\/wp-content\/uploads\/2023\/02\/awake-raevik-3-11-e1687551802694-300x300.jpg 300w, https:\/\/wave-lovers.com\/wp-content\/uploads\/2023\/02\/awake-raevik-3-11-e1687551802694-150x150.jpg 150w, https:\/\/wave-lovers.com\/wp-content\/uploads\/2023\/02\/awake-raevik-3-11-e1687551802694-600x600.jpg 600w, https:\/\/wave-lovers.com\/wp-content\/uploads\/2023\/02\/awake-raevik-3-11-e1687551802694-100x100.jpg 100w, https:\/\/wave-lovers.com\/wp-content\/uploads\/2023\/02\/awake-raevik-3-11-e1687551802694-32x32.jpg 32w\" sizes=\"(max-width: 150px) 100vw, 150px\" \/>Die Firma Awake steht nach eigenen Angaben f\u00fcr hohe Leistung und Qualit\u00e4t in allem, was sie tut.<\/p>\n<p>Gegr\u00fcndet mit der Absicht, den Markt f\u00fcr elektrische Surfbretter zu revolutionieren, haben sie ein Konzept entwickelt, das die Ausr\u00fcstung von begeisterten Surfern auf ein Minimum reduziert, aber dennoch Freiraum f\u00fcr Wahlm\u00f6glichkeiten l\u00e4sst. Aus diesem Grund haben sie die Ausr\u00fcstung so konzipiert, dass es jederzeit m\u00f6glich ist, zwischen elektrischem Surfbrett und E-Foil (Awake VINGA) zu wechseln. Dank des einzigartigen Flexsystems kann man sich ein komplettes Set an Zusatzausr\u00fcstung sparen, wenn man sowohl auf als auch \u00fcber den Wellen reiten m\u00f6chte.<\/p>\n<p>Das elektrische Surfbrett, das sich direkt auf der Wasseroberfl\u00e4che bewegt, eignet sich besonders f\u00fcr aufregende Erlebnisse mit den Wellen. Wer l\u00e4ngere Strecken auf ruhigem Gew\u00e4sser fahren m\u00f6chte, f\u00fcr den lohnt sich ein Blick auf das E-Foil Awake VINGA.<\/p>\n<p>Neben den beiden Boardvarianten gibt es jeweils zwei Versionen, die sich auf unterschiedliche Erfahrungsstufen und den damit verbundenen Fahrstil beziehen. Einsteiger und Fahrsch\u00fcler sollten zur gr\u00f6\u00dferen Version (R\u00c4VIK 3) greifen, w\u00e4hrend Fortgeschrittene und Profis, die eine Herausforderung suchen, mit dem R\u00c4VIK S gl\u00fccklich werden.<\/p>\n<hr \/>\n<p><img decoding=\"async\" class=\"alignleft wp-image-96872 size-thumbnail\" src=\"https:\/\/wave-lovers.com\/wp-content\/uploads\/2023\/02\/awake-raevik-3-10-e1687551831520.jpg\" alt=\"\" width=\"150\" height=\"150\" srcset=\"https:\/\/wave-lovers.com\/wp-content\/uploads\/2023\/02\/awake-raevik-3-10-e1687551831520.jpg 699w, https:\/\/wave-lovers.com\/wp-content\/uploads\/2023\/02\/awake-raevik-3-10-e1687551831520-300x300.jpg 300w, https:\/\/wave-lovers.com\/wp-content\/uploads\/2023\/02\/awake-raevik-3-10-e1687551831520-150x150.jpg 150w, https:\/\/wave-lovers.com\/wp-content\/uploads\/2023\/02\/awake-raevik-3-10-e1687551831520-600x600.jpg 600w, https:\/\/wave-lovers.com\/wp-content\/uploads\/2023\/02\/awake-raevik-3-10-e1687551831520-100x100.jpg 100w, https:\/\/wave-lovers.com\/wp-content\/uploads\/2023\/02\/awake-raevik-3-10-e1687551831520-32x32.jpg 32w\" sizes=\"(max-width: 150px) 100vw, 150px\" \/><\/p>\n<p>Dieses gr\u00f6\u00dfere Board wurde entwickelt, um eine kontrollierte Fahrt mit ausreichender Balance zu erm\u00f6glichen. Das Awake R\u00c4VIK 3 ist ein vielseitiges und einsteigerfreundliches elektrisches Surfbrett, das dich auf deinem Weg zum Profi begleiten wird.<\/p>\n<p>Das stabile Design hilft dem Fahrer, weniger unvorhergesehene Situationen zu erleben, da das Board so fehlerverzeihend wie m\u00f6glich gestaltet ist. Trotzdem ist es wendig genug, damit Anf\u00e4nger bis erfahrene Surfer viel Spa\u00df haben und auch schnelle Lernerfolge erzielen. Auch wenn Bekannte das Ger\u00e4t testen wollen, ist es ideal geeignet, um die ersten Gl\u00fccksgef\u00fchle auszul\u00f6sen.<\/p>\n<p>Der R\u00c4VIK 3 bietet die perfekte Balance zwischen einfachem und gleichzeitig spannendem Fahrgef\u00fchl. Dazu tr\u00e4gt auch das lineare Antriebssystem bei, das f\u00fcr konstanten Schub sorgt und so dem Surfer maximalen Komfort und Vertrauen erm\u00f6glicht.<\/p>\n<p>Das umfangreiche Zubeh\u00f6r mit verschiedenen Anpassungsm\u00f6glichkeiten hilft, auch den letzten Unannehmlichkeiten entgegenzuwirken und erm\u00f6glicht es dem Fahrer, sich auf seine eigene Weise zu entwickeln und seinen pers\u00f6nlichen Stil zu finden.<\/p>\n<hr \/>\n<h2>Awake R\u00c4VIK 3 \u2013 DETAILS<\/h2>\n<p>Gr\u00f6\u00dfe: 177x62x26cm<br \/>\nVolumen: 71l<br \/>\nH\u00f6chstgeschwindigkeit: bis zu 55 km\/h (Beschleunigung in ca. 4 Sekunden)<br \/>\nGewicht: 23kg<br \/>\nAntrieb: lineares D\u00fcsensystem<\/p>\n<h2>Awake R\u00c4VIK 3 \u2013 HIGHLIGHTS<\/h2>\n<p>- sanfter und fehlerverzeihender Einstieg<br \/>\n- optimierte Bedienbarkeit mit maximaler Kontrolle<br \/>\n- fortschrittliches und sicherheitsgerechtes Design<br \/>\n- effizienter Antrieb und leistungsstarker Akku f\u00fcr eine Mindestbetriebszeit von 40 Minuten<br \/>\n- schnelle Ladezeiten<br \/>\n- hochwertige Ausstattung mit vielen Individualisierungsm\u00f6glichkeiten<\/p>\n","protected":false},"excerpt":{"rendered":"<p>Dieses gr\u00f6\u00dfere Board wurde entwickelt, um ein kontrolliertes Fahren mit ausreichender Balance zu erm\u00f6glichen. Es ist ein vielseitiges, anf\u00e4ngerfreundliches Board, das jeden auf dem Weg zum Profi begleitet.<\/p>\n","protected":false},"featured_media":96846,"comment_status":"open","ping_status":"closed","template":"","meta":{"_acf_changed":false,"_editorskit_title_hidden":false,"_editorskit_reading_time":0,"_editorskit_is_block_options_detached":false,"_editorskit_block_options_position":"{}","site-sidebar-layout":"default","site-content-layout":"default","ast-site-content-layout":"default","site-content-style":"default","site-sidebar-style":"default","ast-global-header-display":"","ast-banner-title-visibility":"","ast-main-header-display":"","ast-hfb-above-header-display":"","ast-hfb-below-header-display":"","ast-hfb-mobile-header-display":"","site-post-title":"","ast-breadcrumbs-content":"","ast-featured-img":"","footer-sml-layout":"","ast-disable-related-posts":"","theme-transparent-header-meta":"default","adv-header-id-meta":"","stick-header-meta":"","header-above-stick-meta":"","header-main-stick-meta":"","header-below-stick-meta":"","astra-migrate-meta-layouts":"set","ast-page-background-enabled":"default","ast-page-background-meta":{"desktop":{"background-color":"","background-image":"","background-repeat":"repeat","background-position":"center center","background-size":"auto","background-attachment":"scroll","background-type":"","background-media":"","overlay-type":"","overlay-color":"","overlay-opacity":"","overlay-gradient":""},"tablet":{"background-color":"","background-image":"","background-repeat":"repeat","background-position":"center center","background-size":"auto","background-attachment":"scroll","background-type":"","background-media":"","overlay-type":"","overlay-color":"","overlay-opacity":"","overlay-gradient":""},"mobile":{"background-color":"","background-image":"","background-repeat":"repeat","background-position":"center center","background-size":"auto","background-attachment":"scroll","background-type":"","background-media":"","overlay-type":"","overlay-color":"","overlay-opacity":"","overlay-gradient":""}},"ast-content-background-meta":{"desktop":{"background-color":"var(--ast-global-color-5)","background-image":"","background-repeat":"repeat","background-position":"center center","background-size":"auto","background-attachment":"scroll","background-type":"","background-media":"","overlay-type":"","overlay-color":"","overlay-opacity":"","overlay-gradient":""},"tablet":{"background-color":"var(--ast-global-color-5)","background-image":"","background-repeat":"repeat","background-position":"center center","background-size":"auto","background-attachment":"scroll","background-type":"","background-media":"","overlay-type":"","overlay-color":"","overlay-opacity":"","overlay-gradient":""},"mobile":{"background-color":"var(--ast-global-color-5)","background-image":"","background-repeat":"repeat","background-position":"center center","background-size":"auto","background-attachment":"scroll","background-type":"","background-media":"","overlay-type":"","overlay-color":"","overlay-opacity":"","overlay-gradient":""}},"_jf_save_progress":""},"product_brand":[],"product_cat":[60,111,22,559],"product_tag":[],"class_list":{"0":"post-128224","1":"product","2":"type-product","3":"status-publish","4":"has-post-thumbnail","6":"product_cat-buy","7":"product_cat-verkauf","8":"product_cat-electric-jet-surfboard","9":"product_cat-e-jet-de","10":"product_shipping_class-lg-de","11":"desktop-align-center","12":"tablet-align-center","13":"mobile-align-center","14":"ast-product-gallery-layout-horizontal","15":"ast-magnify-disabled","16":"ast-product-single-variable","17":"ast-product-tabs-layout-horizontal","19":"first","20":"instock","21":"taxable","22":"shipping-taxable","23":"purchasable","24":"product-type-variable"},"acf":[],"brizy_media":[],"_links":{"self":[{"href":"https:\/\/wave-lovers.com\/de\/wp-json\/wp\/v2\/product\/128224","targetHints":{"allow":["GET"]}}],"collection":[{"href":"https:\/\/wave-lovers.com\/de\/wp-json\/wp\/v2\/product"}],"about":[{"href":"https:\/\/wave-lovers.com\/de\/wp-json\/wp\/v2\/types\/product"}],"replies":[{"embeddable":true,"href":"https:\/\/wave-lovers.com\/de\/wp-json\/wp\/v2\/comments?post=128224"}],"wp:featuredmedia":[{"embeddable":true,"href":"https:\/\/wave-lovers.com\/de\/wp-json\/wp\/v2\/media\/96846"}],"wp:attachment":[{"href":"https:\/\/wave-lovers.com\/de\/wp-json\/wp\/v2\/media?parent=128224"}],"wp:term":[{"taxonomy":"product_brand","embeddable":true,"href":"https:\/\/wave-lovers.com\/de\/wp-json\/wp\/v2\/product_brand?post=128224"},{"taxonomy":"product_cat","embeddable":true,"href":"https:\/\/wave-lovers.com\/de\/wp-json\/wp\/v2\/product_cat?post=128224"},{"taxonomy":"product_tag","embeddable":true,"href":"https:\/\/wave-lovers.com\/de\/wp-json\/wp\/v2\/product_tag?post=128224"}],"curies":[{"name":"wp","href":"https:\/\/api.w.org\/{rel}","templated":true}]}}