{"id":128202,"date":"2023-03-02T20:29:38","date_gmt":"2023-03-02T19:29:38","guid":{"rendered":"https:\/\/wave-lovers.com\/asap-wave-jam-rescue-156-electric-jetboard\/"},"modified":"2024-03-11T15:31:33","modified_gmt":"2024-03-11T14:31:33","slug":"asap-wave-jam-rescue-156-elektrisches-jetboard","status":"publish","type":"product","link":"https:\/\/wave-lovers.com\/de\/asap-wave-jam-rescue-156-elektrisches-jetboard\/","title":{"rendered":"ASAP Wave Jam rescue 156 Elektrisches Jetboard"},"content":{"rendered":"<h2><strong>ASAP Wave Jam rescue 156 Elektrisches Jetboard<\/strong><\/h2>\n<p>Das Wave Jam rescue 156 electric jetboard von ASAP Water Crafts wurde urspr\u00fcnglich f\u00fcr Profis entwickelt. Das Rescue 156 ist ein Schnellstart-Jetboard f\u00fcr die Rettung in Ufern\u00e4he und im Binnenland. Der drehmomentstarke Elektroantrieb ist so konzipiert, dass er den Retter durch das Wasser treibt und Personen oder Ausr\u00fcstung mit Leichtigkeit zur\u00fcckzieht. Rettungsprofis sind begeistert, dass unsere Boards auf dem R\u00fccken getragen und von einer Person fast \u00fcberall gestartet werden k\u00f6nnen.<\/p>\n<p><strong>EINE NEUE ART ZU ENTDECKEN<\/strong><\/p>\n<p>Elektrisch! Vergessen Sie Fahrten zur Tankstelle, Umweltverschmutzung oder stinkende Abgase.<br \/>\nLeistungsstark! Klein und doch m\u00e4chtig. Unsere Boards sind dank ihres beeindruckenden Verh\u00e4ltnisses von Drehmoment und Leistung hervorragend zum Schleppen geeignet.<br \/>\n\u00dcberall starten! Dank des geringen Gewichts k\u00f6nnen Sie fast \u00fcberall starten und das Board einfach auf dem R\u00fccken zum Wasser tragen.<br \/>\nHochwertige Batterie! Wir verwenden die neuesten Akkuzellen, um dir die beste Laufzeit zu bieten. Das effiziente elektronische Design sorgt daf\u00fcr, dass Ihr Akku gesund bleibt und lange h\u00e4lt.<br \/>\nLeise! Genie\u00dfen Sie das Ger\u00e4usch des Wassers und der Natur, nicht das eines lauten Motors.<br \/>\nFamilienfreundlich: Aufspringen, Gas geben und losfahren. Intuitiv zu fahren, so dass keine Fahrstunden erforderlich sind und das Boot f\u00fcr die ganze Familie geeignet ist.<br \/>\nKeine Wartung! Verbringen Sie mehr Zeit auf dem Wasser und weniger Zeit damit, Dinge zu reparieren. Mit nur einem beweglichen Teil ist unser elektrischer Antrieb nahezu wartungsfrei. Einfach mit frischem Wasser absp\u00fclen und entspannen.<br \/>\nZubeh\u00f6r! Von Transportkoffern \u00fcber superschnelle Ladeger\u00e4te bis hin zu R\u00e4dern - wir haben eine Reihe von Zubeh\u00f6rteilen, mit denen Sie das Beste aus Ihrem Jetboard herausholen k\u00f6nnen.<\/p>\n<p><strong>WAS IST IM LIEFERUMFANG ENTHALTEN?<\/strong><\/p>\n<ul>\n<li>Bodyboard<\/li>\n<li>9 A Standard Ladeger\u00e4t<\/li>\n<li>Produktgarantie 12 Monate \/ Option auf Verl\u00e4ngerung auf Anfrage<\/li>\n<\/ul>\n<p><strong>TECHNISCHE SPEZIFIKATIONEN<\/strong><\/p>\n<p>Gewicht: 30kgs<br \/>\nH\u00f6chstgeschwindigkeit: 16km\/h*<br \/>\nLeistung: 5kW Spitze**<br \/>\nLaufzeit: 50-60 Minuten***<br \/>\nSchnellladung (0-100%): 90Minuten<br \/>\nStandard-Ladung (0-100%): 7Std.<br \/>\nAbmessungen: 145x60x28cm<br \/>\nBatterie: 50V Lithium-Ion, 1,46kWh, 31,2 Ah<br \/>\nFarben: Rot\/gelb<br \/>\nAnzahl der G\u00e4nge: 3<br \/>\nMotorleistung: 5kW\/5000U\/min<br \/>\nRumpf\/K\u00f6rper: Dichter Formschaum<br \/>\nLenkung: Schr\u00e4glage mit dem K\u00f6rpergewicht<br \/>\nAnhalten: Wasserwiderstand<br \/>\nLED-Anzeige: Gew\u00e4hlte Geschwindigkeit &amp; verbleibende Batterie<\/p>\n<p>*Spitzengeschwindigkeit und Laufzeit sind abh\u00e4ngig von: Fahrposition, Gewicht des Fahrers, gew\u00e4hlter Geschwindigkeit und Wasserbedingungen.<br \/>\n***Die angegebene Zeit ist die durchschnittliche Laufzeit bei einer Auswahl von Geschwindigkeiten und beinhaltet den \"Heimkehrmodus\".<\/p>\n<p><strong>FRAGEN &amp; ANTWORTEN<\/strong><\/p>\n<p><strong>Was sind die Hauptunterschiede zwischen den Wave Jam- und Rescue-Modellen?<\/strong><\/p>\n<p>Die Wave Jam-Modelle sind f\u00fcr den Freizeit-\/Familiengebrauch konzipiert. Die Geschwindigkeiten werden durch Dr\u00fccken beider Gashebel und Bet\u00e4tigung des rechten Hebels zum Erh\u00f6hen der Geschwindigkeit und des linken Hebels zum Verringern der Geschwindigkeit gew\u00e4hlt. Die Rescue-Modelle sind f\u00fcr den professionellen Einsatz konzipiert und k\u00f6nnen daher mit einer Hand gefahren werden. Dr\u00fccken Sie den linken Hebel f\u00fcr Geschwindigkeit 1, den rechten Hebel f\u00fcr Geschwindigkeit 2 und beide zusammen f\u00fcr Geschwindigkeit 3. Weitere Unterschiede sind, dass das Rescue-Modell mit einem Rescue-Schwimmer, einer Schleppleine und Rescue-Farben\/Grafiken ausgestattet ist.<\/p>\n<p><strong>Werden Wave Jam Jet Boards mit einem Ladeger\u00e4t geliefert?<\/strong><\/p>\n<p>Ja, alle unsere Jet-Boards werden mit einem Standard-Ladeger\u00e4t geliefert. Sie k\u00f6nnen dieses auf das Super Fast Ladeger\u00e4t aufr\u00fcsten.<\/p>\n<p><strong>Kann ich mein Wave Jam Jet Board auf meinem Boot aufladen?<\/strong><\/p>\n<p>Unsere Ladeger\u00e4te ben\u00f6tigen Netzstrom (220-240V). Abh\u00e4ngig von Ihrem Boot kann dies mit einem Wechselrichter, einem Generator oder mit Strom aus dem Motor erreicht werden. F\u00fcr Kunden in den USA k\u00f6nnen wir auf Anfrage auch 110V-120V-Ladeger\u00e4te liefern.<\/p>\n<p><strong>Was sollte ich bei der Wartung und Instandhaltung meines Wave Jam Bodyboards beachten?<\/strong><\/p>\n<p>Da es elektrisch betrieben wird, gibt es nur sehr wenig zu warten und zu pflegen. Wir empfehlen Ihnen, Ihr Jetboard nach jedem Gebrauch mit S\u00fc\u00dfwasser abzusp\u00fclen. Dadurch wird die Lebensdauer der Teile verl\u00e4ngert. Wenn Sie Ihr Jetboard \u00fcber einen l\u00e4ngeren Zeitraum einlagern (z. B. \u00fcber den Winter), laden Sie es auf 40-50 % auf und schalten Sie den Batterietrennschalter aus, bevor Sie es einlagern.<br \/>\nSchwerere Benutzer (Verleih und Profis) wenden sich bitte an uns, um spezielle Ratschl\u00e4ge f\u00fcr ihre Verwendung zu erhalten.<\/p>\n","protected":false},"excerpt":{"rendered":"<p>Das Wave Jam rescue 156 ist ein schnellstartf\u00e4higes elektrisches Jetboard f\u00fcr die Rettung in K\u00fcstenn\u00e4he und im Binnenland.<\/p>\n","protected":false},"featured_media":95905,"comment_status":"open","ping_status":"closed","template":"","meta":{"_acf_changed":false,"_editorskit_title_hidden":false,"_editorskit_reading_time":0,"_editorskit_is_block_options_detached":false,"_editorskit_block_options_position":"{}","site-sidebar-layout":"default","site-content-layout":"default","ast-site-content-layout":"default","site-content-style":"default","site-sidebar-style":"default","ast-global-header-display":"","ast-banner-title-visibility":"","ast-main-header-display":"","ast-hfb-above-header-display":"","ast-hfb-below-header-display":"","ast-hfb-mobile-header-display":"","site-post-title":"disabled","ast-breadcrumbs-content":"","ast-featured-img":"","footer-sml-layout":"","ast-disable-related-posts":"","theme-transparent-header-meta":"default","adv-header-id-meta":"","stick-header-meta":"","header-above-stick-meta":"","header-main-stick-meta":"","header-below-stick-meta":"","astra-migrate-meta-layouts":"set","ast-page-background-enabled":"default","ast-page-background-meta":{"desktop":{"background-color":"","background-image":"","background-repeat":"repeat","background-position":"center center","background-size":"auto","background-attachment":"scroll","background-type":"","background-media":"","overlay-type":"","overlay-color":"","overlay-opacity":"","overlay-gradient":""},"tablet":{"background-color":"","background-image":"","background-repeat":"repeat","background-position":"center center","background-size":"auto","background-attachment":"scroll","background-type":"","background-media":"","overlay-type":"","overlay-color":"","overlay-opacity":"","overlay-gradient":""},"mobile":{"background-color":"","background-image":"","background-repeat":"repeat","background-position":"center center","background-size":"auto","background-attachment":"scroll","background-type":"","background-media":"","overlay-type":"","overlay-color":"","overlay-opacity":"","overlay-gradient":""}},"ast-content-background-meta":{"desktop":{"background-color":"var(--ast-global-color-5)","background-image":"","background-repeat":"repeat","background-position":"center center","background-size":"auto","background-attachment":"scroll","background-type":"","background-media":"","overlay-type":"","overlay-color":"","overlay-opacity":"","overlay-gradient":""},"tablet":{"background-color":"var(--ast-global-color-5)","background-image":"","background-repeat":"repeat","background-position":"center center","background-size":"auto","background-attachment":"scroll","background-type":"","background-media":"","overlay-type":"","overlay-color":"","overlay-opacity":"","overlay-gradient":""},"mobile":{"background-color":"var(--ast-global-color-5)","background-image":"","background-repeat":"repeat","background-position":"center center","background-size":"auto","background-attachment":"scroll","background-type":"","background-media":"","overlay-type":"","overlay-color":"","overlay-opacity":"","overlay-gradient":""}},"_jf_save_progress":""},"product_brand":[],"product_cat":[559,60,111,22],"product_tag":[],"class_list":{"0":"post-128202","1":"product","2":"type-product","3":"status-publish","4":"has-post-thumbnail","6":"product_cat-e-jet-de","7":"product_cat-buy","8":"product_cat-verkauf","9":"product_cat-electric-jet-surfboard","10":"product_shipping_class-lg-de","11":"desktop-align-center","12":"tablet-align-center","13":"mobile-align-center","14":"ast-product-gallery-layout-horizontal","15":"ast-magnify-disabled","16":"ast-product-tabs-layout-horizontal","18":"first","19":"instock","20":"taxable","21":"shipping-taxable","22":"purchasable","23":"product-type-simple"},"acf":[],"brizy_media":[],"_links":{"self":[{"href":"https:\/\/wave-lovers.com\/de\/wp-json\/wp\/v2\/product\/128202","targetHints":{"allow":["GET"]}}],"collection":[{"href":"https:\/\/wave-lovers.com\/de\/wp-json\/wp\/v2\/product"}],"about":[{"href":"https:\/\/wave-lovers.com\/de\/wp-json\/wp\/v2\/types\/product"}],"replies":[{"embeddable":true,"href":"https:\/\/wave-lovers.com\/de\/wp-json\/wp\/v2\/comments?post=128202"}],"wp:featuredmedia":[{"embeddable":true,"href":"https:\/\/wave-lovers.com\/de\/wp-json\/wp\/v2\/media\/95905"}],"wp:attachment":[{"href":"https:\/\/wave-lovers.com\/de\/wp-json\/wp\/v2\/media?parent=128202"}],"wp:term":[{"taxonomy":"product_brand","embeddable":true,"href":"https:\/\/wave-lovers.com\/de\/wp-json\/wp\/v2\/product_brand?post=128202"},{"taxonomy":"product_cat","embeddable":true,"href":"https:\/\/wave-lovers.com\/de\/wp-json\/wp\/v2\/product_cat?post=128202"},{"taxonomy":"product_tag","embeddable":true,"href":"https:\/\/wave-lovers.com\/de\/wp-json\/wp\/v2\/product_tag?post=128202"}],"curies":[{"name":"wp","href":"https:\/\/api.w.org\/{rel}","templated":true}]}}