{"id":128189,"date":"2023-03-03T10:48:55","date_gmt":"2023-03-03T09:48:55","guid":{"rendered":"https:\/\/wave-lovers.com\/iaqua-aquadart-pro-720-quest\/"},"modified":"2024-03-11T15:31:33","modified_gmt":"2024-03-11T14:31:33","slug":"iaqua-aquadart-pro-720-quest","status":"publish","type":"product","link":"https:\/\/wave-lovers.com\/de\/iaqua-aquadart-pro-720-quest\/","title":{"rendered":"iAQUA AquaDart Pro 720 Quest"},"content":{"rendered":"<h2><strong>iAQUA AquaDart Pro 720 Quest - Der Ultimative Professionelle Tauchscooter<\/strong><\/h2>\n<p>Der AquaDart 720 Quest ist ein gro\u00dfer Schritt in Richtung der AquaDart Pro 680-Serie. Er hat eine Leistung von 4,5 kW und erreicht damit eine Spitzengeschwindigkeit von 21 km\/h - und das in sechs Leistungsstufen unter Wasser.<\/p>\n<p>Jede Komponente des iAQUA AquaDart Pro 720 Quest wurde sorgf\u00e4ltig entwickelt, um Spitzenleistung zu einem moderaten Preis zu liefern. Mit einer H\u00f6chstgeschwindigkeit von 21 km\/h und einer Tauchtiefe von 40 m ist der iAQUA AquaDart Pro 720 Quest die perfekte Einf\u00fchrung in die M\u00f6glichkeiten von iAQUA und der neue Standard f\u00fcr Unterwasserscooter.<\/p>\n<h2><strong>iAQUA <\/strong><strong>AquaDart Pro 720 Quest <\/strong><strong>| Erh\u00e4ltliche Farben:<\/strong><\/h2>\n<p><img decoding=\"async\" class=\"alignnone size-medium wp-image-84650\" src=\"https:\/\/wave-lovers.com\/wp-content\/uploads\/2023\/03\/iaqua-aquadart-pro-720-quest-colors-all-models-300x93.jpg\" alt=\"\" width=\"300\" height=\"93\" srcset=\"https:\/\/wave-lovers.com\/wp-content\/uploads\/2023\/03\/iaqua-aquadart-pro-720-quest-colors-all-models-300x93.jpg 300w, https:\/\/wave-lovers.com\/wp-content\/uploads\/2023\/03\/iaqua-aquadart-pro-720-quest-colors-all-models.jpg 427w\" sizes=\"(max-width: 300px) 100vw, 300px\" \/><\/p>\n<h2><strong>iAQUA AquaDart Pro 720 Quest | Features<\/strong>:<\/h2>\n<ul>\n<li>Betriebsdauer (min - max): 80-130 Min.<\/li>\n<li>Leistungsstufen: 6 G\u00e4nge<\/li>\n<li>Maximale Geschwindigkeit: bis zu 21km\/h<\/li>\n<li>Maximale Tauchtiefe: 40m<\/li>\n<li>Gewicht: 39kg<\/li>\n<li>Leistung: 4,5 kW<\/li>\n<li>Schubkraft: 720N<\/li>\n<li>Ladezeit: 2h mit Schnellladeger\u00e4t, 7h mit Standardladeger\u00e4t<\/li>\n<li>Bedienung mit der linken\/rechten Hand: \u2713<\/li>\n<li>Leistungsstarke Unterwasserscheinwerfer: Nein<\/li>\n<li>Abmessungen: 115 x 60 x 40 cm<\/li>\n<\/ul>\n<p><img fetchpriority=\"high\" decoding=\"async\" class=\"alignnone wp-image-84656 size-full\" src=\"https:\/\/wave-lovers.com\/wp-content\/uploads\/2023\/03\/iaqua-seadart-comparison-specifications-2.png\" alt=\"\" width=\"5254\" height=\"3346\" srcset=\"https:\/\/wave-lovers.com\/wp-content\/uploads\/2023\/03\/iaqua-seadart-comparison-specifications-2.png 5254w, https:\/\/wave-lovers.com\/wp-content\/uploads\/2023\/03\/iaqua-seadart-comparison-specifications-2-300x191.png 300w, https:\/\/wave-lovers.com\/wp-content\/uploads\/2023\/03\/iaqua-seadart-comparison-specifications-2-1024x652.png 1024w, https:\/\/wave-lovers.com\/wp-content\/uploads\/2023\/03\/iaqua-seadart-comparison-specifications-2-768x489.png 768w, https:\/\/wave-lovers.com\/wp-content\/uploads\/2023\/03\/iaqua-seadart-comparison-specifications-2-1536x978.png 1536w, https:\/\/wave-lovers.com\/wp-content\/uploads\/2023\/03\/iaqua-seadart-comparison-specifications-2-2048x1304.png 2048w, https:\/\/wave-lovers.com\/wp-content\/uploads\/2023\/03\/iaqua-seadart-comparison-specifications-2-600x382.png 600w\" sizes=\"(max-width: 5254px) 100vw, 5254px\" \/><\/p>\n<p>&nbsp;<\/p>\n<h2>Der iAQUA Aquadart Pro in Aktion:<\/h2>\n<p>&nbsp;<\/p>\n<div class=\"ast-oembed-container \" style=\"height: 100%;\"><iframe title=\"AquaDart_720_Max_Arctic_White\" src=\"https:\/\/player.vimeo.com\/video\/745283537?dnt=1&amp;app_id=122963\" width=\"500\" height=\"281\" frameborder=\"0\" allow=\"autoplay; fullscreen; picture-in-picture; clipboard-write\"><\/iframe><\/div>\n<p>&nbsp;<\/p>\n<p><img decoding=\"async\" class=\"alignleft wp-image-76473 size-large\" src=\"https:\/\/wave-lovers.com\/wp-content\/uploads\/2022\/10\/iaqua-vs-seabob-best-underwater-scooter-iaqua-453x1024.png\" alt=\"iAQUA versus Seabob - why iaqua is the best underwater scooter choice\" width=\"453\" height=\"1024\" srcset=\"https:\/\/wave-lovers.com\/wp-content\/uploads\/2022\/10\/iaqua-vs-seabob-best-underwater-scooter-iaqua-453x1024.png 453w, https:\/\/wave-lovers.com\/wp-content\/uploads\/2022\/10\/iaqua-vs-seabob-best-underwater-scooter-iaqua-133x300.png 133w, https:\/\/wave-lovers.com\/wp-content\/uploads\/2022\/10\/iaqua-vs-seabob-best-underwater-scooter-iaqua-768x1737.png 768w, https:\/\/wave-lovers.com\/wp-content\/uploads\/2022\/10\/iaqua-vs-seabob-best-underwater-scooter-iaqua-679x1536.png 679w, https:\/\/wave-lovers.com\/wp-content\/uploads\/2022\/10\/iaqua-vs-seabob-best-underwater-scooter-iaqua-906x2048.png 906w, https:\/\/wave-lovers.com\/wp-content\/uploads\/2022\/10\/iaqua-vs-seabob-best-underwater-scooter-iaqua-600x1357.png 600w, https:\/\/wave-lovers.com\/wp-content\/uploads\/2022\/10\/iaqua-vs-seabob-best-underwater-scooter-iaqua.png 976w\" sizes=\"(max-width: 453px) 100vw, 453px\" \/><\/p>\n<p>&nbsp;<\/p>\n","protected":false},"excerpt":{"rendered":"<p>Der AquaDart 720 Quest ist ein gro\u00dfer Schritt nach vorn in der AquaDart Pro 680-Serie. Er hat eine Leistung von 4,5 kW und bringt Sie in sechs Leistungsstufen auf eine H\u00f6chstgeschwindigkeit von 21 km\/h - auch unter Wasser.<\/p>\n","protected":false},"featured_media":95953,"comment_status":"open","ping_status":"closed","template":"","meta":{"_acf_changed":false,"_editorskit_title_hidden":false,"_editorskit_reading_time":0,"_editorskit_is_block_options_detached":false,"_editorskit_block_options_position":"{}","site-sidebar-layout":"default","site-content-layout":"default","ast-site-content-layout":"default","site-content-style":"default","site-sidebar-style":"default","ast-global-header-display":"","ast-banner-title-visibility":"","ast-main-header-display":"","ast-hfb-above-header-display":"","ast-hfb-below-header-display":"","ast-hfb-mobile-header-display":"","site-post-title":"","ast-breadcrumbs-content":"","ast-featured-img":"","footer-sml-layout":"","ast-disable-related-posts":"","theme-transparent-header-meta":"default","adv-header-id-meta":"","stick-header-meta":"","header-above-stick-meta":"","header-main-stick-meta":"","header-below-stick-meta":"","astra-migrate-meta-layouts":"set","ast-page-background-enabled":"default","ast-page-background-meta":{"desktop":{"background-color":"","background-image":"","background-repeat":"repeat","background-position":"center center","background-size":"auto","background-attachment":"scroll","background-type":"","background-media":"","overlay-type":"","overlay-color":"","overlay-opacity":"","overlay-gradient":""},"tablet":{"background-color":"","background-image":"","background-repeat":"repeat","background-position":"center center","background-size":"auto","background-attachment":"scroll","background-type":"","background-media":"","overlay-type":"","overlay-color":"","overlay-opacity":"","overlay-gradient":""},"mobile":{"background-color":"","background-image":"","background-repeat":"repeat","background-position":"center center","background-size":"auto","background-attachment":"scroll","background-type":"","background-media":"","overlay-type":"","overlay-color":"","overlay-opacity":"","overlay-gradient":""}},"ast-content-background-meta":{"desktop":{"background-color":"var(--ast-global-color-5)","background-image":"","background-repeat":"repeat","background-position":"center center","background-size":"auto","background-attachment":"scroll","background-type":"","background-media":"","overlay-type":"","overlay-color":"","overlay-opacity":"","overlay-gradient":""},"tablet":{"background-color":"var(--ast-global-color-5)","background-image":"","background-repeat":"repeat","background-position":"center center","background-size":"auto","background-attachment":"scroll","background-type":"","background-media":"","overlay-type":"","overlay-color":"","overlay-opacity":"","overlay-gradient":""},"mobile":{"background-color":"var(--ast-global-color-5)","background-image":"","background-repeat":"repeat","background-position":"center center","background-size":"auto","background-attachment":"scroll","background-type":"","background-media":"","overlay-type":"","overlay-color":"","overlay-opacity":"","overlay-gradient":""}},"_jf_save_progress":""},"product_brand":[],"product_cat":[121,60,111,19,40,112],"product_tag":[],"class_list":{"0":"post-128189","1":"product","2":"type-product","3":"status-publish","4":"has-post-thumbnail","6":"product_cat-unterwasser-scooter-de","7":"product_cat-buy","8":"product_cat-verkauf","9":"product_cat-underwater-scooter","10":"product_cat-try-and-buy","11":"product_cat-try-and-buy-de","12":"product_shipping_class-mg-de","13":"desktop-align-center","14":"tablet-align-center","15":"mobile-align-center","16":"ast-product-gallery-layout-horizontal","17":"ast-magnify-disabled","18":"ast-product-single-variable","19":"ast-product-tabs-layout-horizontal","21":"first","22":"outofstock","23":"taxable","24":"shipping-taxable","25":"purchasable","26":"product-type-variable"},"acf":[],"brizy_media":[],"_links":{"self":[{"href":"https:\/\/wave-lovers.com\/de\/wp-json\/wp\/v2\/product\/128189","targetHints":{"allow":["GET"]}}],"collection":[{"href":"https:\/\/wave-lovers.com\/de\/wp-json\/wp\/v2\/product"}],"about":[{"href":"https:\/\/wave-lovers.com\/de\/wp-json\/wp\/v2\/types\/product"}],"replies":[{"embeddable":true,"href":"https:\/\/wave-lovers.com\/de\/wp-json\/wp\/v2\/comments?post=128189"}],"wp:featuredmedia":[{"embeddable":true,"href":"https:\/\/wave-lovers.com\/de\/wp-json\/wp\/v2\/media\/95953"}],"wp:attachment":[{"href":"https:\/\/wave-lovers.com\/de\/wp-json\/wp\/v2\/media?parent=128189"}],"wp:term":[{"taxonomy":"product_brand","embeddable":true,"href":"https:\/\/wave-lovers.com\/de\/wp-json\/wp\/v2\/product_brand?post=128189"},{"taxonomy":"product_cat","embeddable":true,"href":"https:\/\/wave-lovers.com\/de\/wp-json\/wp\/v2\/product_cat?post=128189"},{"taxonomy":"product_tag","embeddable":true,"href":"https:\/\/wave-lovers.com\/de\/wp-json\/wp\/v2\/product_tag?post=128189"}],"curies":[{"name":"wp","href":"https:\/\/api.w.org\/{rel}","templated":true}]}}