{"id":118080,"date":"2023-04-20T00:29:27","date_gmt":"2023-04-19T22:29:27","guid":{"rendered":"https:\/\/wave-lovers.com\/imatjet-inflatable-electric-sofa-standard\/"},"modified":"2024-12-09T00:50:56","modified_gmt":"2024-12-08T23:50:56","slug":"imatjet-inflatable-electric-sofa-standard","status":"publish","type":"product","link":"https:\/\/wave-lovers.com\/de\/imatjet-inflatable-electric-sofa-standard\/","title":{"rendered":"iMatJet\u00ae Aufblasbares Elektrisches Sofa"},"content":{"rendered":"<h2 style=\"text-align: center;\">iMatJet\u00ae Aufblasbares Elektrisches Sofa | A Smarter Way To Chill<\/h2>\n<p>Der iMatJet\u00ae ist das weltweit erste elektrisch betriebene und patentierte aufblasbare Wassersofa mit R\u00fcckenlehne und zwei Elektromotoren, die eine Reisegeschwindigkeit von bis zu 3 Knoten erm\u00f6glichen. 2 leistungsstarke 20.000-mAh-Batterien garantieren eine Mindestfahrzeit von 1 Stunde unter Dauerlast. Ausgestattet mit einer schwimmf\u00e4higen, wiederaufladbaren Fernbedienung, bietet der iMatJet\u00ae eine sanfte Fahrt und endlose Stunden Spa\u00df auf dem Wasser.<\/p>\n<p><strong>Zum einfachen Transport und zur Aufbewahrung wird jeder iMatJet\u00ae standardm\u00e4\u00dfig in einem gro\u00dfen Trolley oder einem kleinen Trolley mit Rucksack geliefert. Bitte w\u00e4hlen Sie Ihre Option vor dem Kauf.<\/strong><\/p>\n<h3>iMatJet\u00ae - Was Ist Dabei?<\/h3>\n<p>Das iMatJet\u00ae Paket enth\u00e4lt:<\/p>\n<p>1x Akku Set (insgesamt 2x 20.00 mAh)<br \/>\n2 leistungsstarke 24-Volt-Motoren in wasserdichtem Motorgeh\u00e4use<br \/>\nwasserdichte Kunststoffgeh\u00e4use mit 2 leistungsstarken 20-Ampere-Stunden-Batterien im herausnehmbaren Batteriefach inklusive 2 Ladeger\u00e4ten<br \/>\niMatJet\u00ae mit 3-Kammer-System mit SUP-Ventilen, 3 Haltegriffen und 2 Flaschenhaltern<br \/>\nSUP-Kompressorpumpe mit Aufblas- und Abpumpfunktion<br \/>\nwasserdichte Fernbedienung mit USB-Ladekabel<br \/>\nintegrierte programmierbare Platine mit Antenne<br \/>\niMatJet\u00ae Spezialtrolley mit 2 R\u00e4dern<br \/>\nZusatzakku f\u00fcr den Betrieb der Hochdruckpumpe. Der Akku ist vielseitig einsetzbar und kann z.B. f\u00fcr K\u00fchlboxen mit 12 Volt verwendet werden.<br \/>\n\u00dcbersichtliche Bedienungsanleitung in 11 Sprachen<br \/>\n2 Schutzgitter vor dem Propeller<br \/>\n4 Sekund\u00e4rdichtungen f\u00fcr das Batteriefach (es wird empfohlen, die Dichtungen zu<br \/>\nzu Beginn eines jeden Sommers zu ersetzen)<\/p>\n<h3>iMatJet\u00ae - Technische Daten<\/h3>\n<p>Wasserdichte, schwimmf\u00e4hige und wiederaufladbare Fernsteuerung<br \/>\n1 Stunde Mindestbatterielaufzeit mit bis zu 3 Stunden Betriebsdauer je nach Nutzung<br \/>\n3 Knoten H\u00f6chstgeschwindigkeit (5,5 km\/h)<br \/>\nSalzwasserbest\u00e4ndige, leise Elektromotoren<br \/>\nGewichtskapazit\u00e4t bis zu 180 kg (angegeben bis 100kg ohne Performance-Einschr\u00e4nkung)<br \/>\nPlug-n-Play-Austausch der Batterie<\/p>\n<h3>iMatJet\u00ae Aufblasbares Elektrisches Sofa<\/h3>\n<p>Lernen Sie das erste Wassersofa der Welt kennen, das von Elektromotoren mit einer Geschwindigkeit von bis zu 4 Knoten angetrieben wird. Der iMatJet wurde f\u00fcr Vergn\u00fcgen, Entspannung und Spa\u00df entwickelt und revolutioniert die Art und Weise, wie Sie den n\u00e4chsten Strandurlaub oder Seebesuch wahrnehmen. Er erm\u00f6glicht es Ihnen, sich in jede Richtung zu bewegen \u2013 und das alles auf Knopfdruck! Fahren Sie mit diesem innovativen motorisierten Wassersessel mit Stil durch die Landschaft.<\/p>\n","protected":false},"excerpt":{"rendered":"<p>Die erste elektrisch betriebene Wasserliege der Welt. Entworfen f\u00fcr Vergn\u00fcgen, Entspannung und Spa\u00df.<\/p>\n","protected":false},"featured_media":96079,"comment_status":"open","ping_status":"closed","template":"","meta":{"_acf_changed":false,"_editorskit_title_hidden":false,"_editorskit_reading_time":0,"_editorskit_is_block_options_detached":false,"_editorskit_block_options_position":"{}","site-sidebar-layout":"default","site-content-layout":"default","ast-site-content-layout":"default","site-content-style":"default","site-sidebar-style":"default","ast-global-header-display":"","ast-banner-title-visibility":"","ast-main-header-display":"","ast-hfb-above-header-display":"","ast-hfb-below-header-display":"","ast-hfb-mobile-header-display":"","site-post-title":"disabled","ast-breadcrumbs-content":"","ast-featured-img":"","footer-sml-layout":"","ast-disable-related-posts":"","theme-transparent-header-meta":"default","adv-header-id-meta":"","stick-header-meta":"","header-above-stick-meta":"","header-main-stick-meta":"","header-below-stick-meta":"","astra-migrate-meta-layouts":"set","ast-page-background-enabled":"default","ast-page-background-meta":{"desktop":{"background-color":"","background-image":"","background-repeat":"repeat","background-position":"center center","background-size":"auto","background-attachment":"scroll","background-type":"","background-media":"","overlay-type":"","overlay-color":"","overlay-opacity":"","overlay-gradient":""},"tablet":{"background-color":"","background-image":"","background-repeat":"repeat","background-position":"center center","background-size":"auto","background-attachment":"scroll","background-type":"","background-media":"","overlay-type":"","overlay-color":"","overlay-opacity":"","overlay-gradient":""},"mobile":{"background-color":"","background-image":"","background-repeat":"repeat","background-position":"center center","background-size":"auto","background-attachment":"scroll","background-type":"","background-media":"","overlay-type":"","overlay-color":"","overlay-opacity":"","overlay-gradient":""}},"ast-content-background-meta":{"desktop":{"background-color":"var(--ast-global-color-5)","background-image":"","background-repeat":"repeat","background-position":"center center","background-size":"auto","background-attachment":"scroll","background-type":"","background-media":"","overlay-type":"","overlay-color":"","overlay-opacity":"","overlay-gradient":""},"tablet":{"background-color":"var(--ast-global-color-5)","background-image":"","background-repeat":"repeat","background-position":"center center","background-size":"auto","background-attachment":"scroll","background-type":"","background-media":"","overlay-type":"","overlay-color":"","overlay-opacity":"","overlay-gradient":""},"mobile":{"background-color":"var(--ast-global-color-5)","background-image":"","background-repeat":"repeat","background-position":"center center","background-size":"auto","background-attachment":"scroll","background-type":"","background-media":"","overlay-type":"","overlay-color":"","overlay-opacity":"","overlay-gradient":""}},"_jf_save_progress":""},"product_brand":[],"product_cat":[111,562,128,60,40,112],"product_tag":[],"class_list":{"0":"post-118080","1":"product","2":"type-product","3":"status-publish","4":"has-post-thumbnail","6":"product_cat-verkauf","7":"product_cat-aufblasbar-de","8":"product_cat-inflatable","9":"product_cat-buy","10":"product_cat-try-and-buy","11":"product_cat-try-and-buy-de","12":"product_shipping_class-lg-de","13":"desktop-align-center","14":"tablet-align-center","15":"mobile-align-center","16":"ast-product-gallery-layout-horizontal","17":"ast-magnify-disabled","18":"ast-product-single-variable","19":"ast-product-tabs-layout-horizontal","21":"first","22":"instock","23":"taxable","24":"shipping-taxable","25":"purchasable","26":"product-type-variable"},"acf":[],"brizy_media":[{"id":394,"url":"https:\/\/wave-lovers.com\/wp-content\/uploads\/2021\/01\/E-Foil-Surf-in-Fuerteventura.png","name":"E-Foil-Surf-in-Fuerteventura.png","meta":{"brizy_attachment_uid":"wp-94c9cce8d679a7c3867d56ce02984e39.png","brizy_post_uid":["036f3c858f7493a96f1ecf6bf97c3739","a9cb51fc18b3a0e5c20b367b123782f1","4d07bf27702d9e74ca4c3511c74110e4","57a9f74eb861a76ebdbcd0ca0523c138"]}}],"_links":{"self":[{"href":"https:\/\/wave-lovers.com\/de\/wp-json\/wp\/v2\/product\/118080","targetHints":{"allow":["GET"]}}],"collection":[{"href":"https:\/\/wave-lovers.com\/de\/wp-json\/wp\/v2\/product"}],"about":[{"href":"https:\/\/wave-lovers.com\/de\/wp-json\/wp\/v2\/types\/product"}],"replies":[{"embeddable":true,"href":"https:\/\/wave-lovers.com\/de\/wp-json\/wp\/v2\/comments?post=118080"}],"wp:featuredmedia":[{"embeddable":true,"href":"https:\/\/wave-lovers.com\/de\/wp-json\/wp\/v2\/media\/96079"}],"wp:attachment":[{"href":"https:\/\/wave-lovers.com\/de\/wp-json\/wp\/v2\/media?parent=118080"}],"wp:term":[{"taxonomy":"product_brand","embeddable":true,"href":"https:\/\/wave-lovers.com\/de\/wp-json\/wp\/v2\/product_brand?post=118080"},{"taxonomy":"product_cat","embeddable":true,"href":"https:\/\/wave-lovers.com\/de\/wp-json\/wp\/v2\/product_cat?post=118080"},{"taxonomy":"product_tag","embeddable":true,"href":"https:\/\/wave-lovers.com\/de\/wp-json\/wp\/v2\/product_tag?post=118080"}],"curies":[{"name":"wp","href":"https:\/\/api.w.org\/{rel}","templated":true}]}}