{"id":118069,"date":"2023-04-23T19:53:01","date_gmt":"2023-04-23T17:53:01","guid":{"rendered":"https:\/\/wave-lovers.com\/yachtbeach-hex-platform-sport-zone-2-50m\/"},"modified":"2024-03-11T15:31:32","modified_gmt":"2024-03-11T14:31:32","slug":"yachtbeach-hex-plattform-sport-zone-2-50m","status":"publish","type":"product","link":"https:\/\/wave-lovers.com\/de\/yachtbeach-hex-plattform-sport-zone-2-50m\/","title":{"rendered":"Yachtbeach HEX Plattform Sport Zone 2.50"},"content":{"rendered":"<h2>Yachtbeach HEX Plattform Sport Zone 2.50m - INFORMATION<\/h2>\n<p>Bauen Sie Ihren eigenen schwimmenden Privatbereich mit diesen sechseckigen Modulen von YACHTBEACH! Perfekt, um gleichzeitig die Sonne und das Wasser zu genie\u00dfen.<br \/>\nDiese Plattform ist das Basismodul, das Ihnen zus\u00e4tzlichen Raum hinter Ihrer Yacht oder in Kombination mit anderen schwimmenden Ger\u00e4ten verschafft.<\/p>\n<p>Die HEX Plattform l\u00e4sst sich durch die 12 Verbindungsgriffe oder die 2 D-Ringe an der Unterseite der Plattform leicht kombinieren. Hier k\u00f6nnen Sie auch Gewichte anbringen, um die Stabilit\u00e4t zu erh\u00f6hen.<\/p>\n<p>Das strapazierf\u00e4hige und praktische Material wird Sie m\u00fchelos \u00fcber viele Jahre hinweg begleiten! Die Oberfl\u00e4che ist mit einer Anti-Rutsch-Beschichtung versehen, um Unf\u00e4lle zu vermeiden, und eignet sich umso besser f\u00fcr sportliche Aktivit\u00e4ten.<br \/>\nWas auch immer Sie vorhaben. Die Module von YACHTBEACH sind da, um Ihre Tr\u00e4ume zu erf\u00fcllen.<\/p>\n<h2>Yachtbeach HEX Plattform Sport Zone 2.50m - DETAILS<\/h2>\n<p>Gr\u00f6\u00dfe: 250x290cm (8,2'x9,5')<br \/>\nH\u00f6he Fallstich: 20cm (7,8'')<br \/>\nGewicht: 28kg (61lbs)<br \/>\nVerpackte Gr\u00f6\u00dfe: 90x55x55cm (35 \"x21 \"x21\")<\/p>\n<h2>Yachtbeach HEX Plattform Sport Zone 2.50m - HIGHLIGHTS<\/h2>\n<p>- 6-seitiges Sechseck-Design f\u00fcr ideale Anordnung und Stabilit\u00e4t<br \/>\n- 12 Yachtbeach Verbindungsgriffe<br \/>\n- 2 D-Ringe am Boden zur Verankerung oder Verbindung mit anderen aufblasbaren Strukturen<br \/>\n- Ballastsack f\u00fcr maximale Stabilit\u00e4t auf dem Wasser<br \/>\n- Lieferung mit Tragetasche und Reparaturset (ohne Kleber)<\/p>\n","protected":false},"excerpt":{"rendered":"<p>Luxuri\u00f6se Plattform zum Entspannen oder Sport treiben. Noch besser in Kombination mit weiteren Modulen von YACHTBEACH.<\/p>\n","protected":false},"featured_media":96154,"comment_status":"open","ping_status":"closed","template":"","meta":{"_acf_changed":false,"_editorskit_title_hidden":false,"_editorskit_reading_time":0,"_editorskit_is_block_options_detached":false,"_editorskit_block_options_position":"{}","site-sidebar-layout":"default","site-content-layout":"default","ast-site-content-layout":"default","site-content-style":"default","site-sidebar-style":"default","ast-global-header-display":"","ast-banner-title-visibility":"","ast-main-header-display":"","ast-hfb-above-header-display":"","ast-hfb-below-header-display":"","ast-hfb-mobile-header-display":"","site-post-title":"","ast-breadcrumbs-content":"","ast-featured-img":"","footer-sml-layout":"","ast-disable-related-posts":"","theme-transparent-header-meta":"default","adv-header-id-meta":"","stick-header-meta":"","header-above-stick-meta":"","header-main-stick-meta":"","header-below-stick-meta":"","astra-migrate-meta-layouts":"set","ast-page-background-enabled":"default","ast-page-background-meta":{"desktop":{"background-color":"","background-image":"","background-repeat":"repeat","background-position":"center center","background-size":"auto","background-attachment":"scroll","background-type":"","background-media":"","overlay-type":"","overlay-color":"","overlay-opacity":"","overlay-gradient":""},"tablet":{"background-color":"","background-image":"","background-repeat":"repeat","background-position":"center center","background-size":"auto","background-attachment":"scroll","background-type":"","background-media":"","overlay-type":"","overlay-color":"","overlay-opacity":"","overlay-gradient":""},"mobile":{"background-color":"","background-image":"","background-repeat":"repeat","background-position":"center center","background-size":"auto","background-attachment":"scroll","background-type":"","background-media":"","overlay-type":"","overlay-color":"","overlay-opacity":"","overlay-gradient":""}},"ast-content-background-meta":{"desktop":{"background-color":"var(--ast-global-color-5)","background-image":"","background-repeat":"repeat","background-position":"center center","background-size":"auto","background-attachment":"scroll","background-type":"","background-media":"","overlay-type":"","overlay-color":"","overlay-opacity":"","overlay-gradient":""},"tablet":{"background-color":"var(--ast-global-color-5)","background-image":"","background-repeat":"repeat","background-position":"center center","background-size":"auto","background-attachment":"scroll","background-type":"","background-media":"","overlay-type":"","overlay-color":"","overlay-opacity":"","overlay-gradient":""},"mobile":{"background-color":"var(--ast-global-color-5)","background-image":"","background-repeat":"repeat","background-position":"center center","background-size":"auto","background-attachment":"scroll","background-type":"","background-media":"","overlay-type":"","overlay-color":"","overlay-opacity":"","overlay-gradient":""}},"_jf_save_progress":""},"product_brand":[],"product_cat":[1967,1968,562,128,60,111],"product_tag":[],"class_list":{"0":"post-118069","1":"product","2":"type-product","3":"status-publish","4":"has-post-thumbnail","6":"product_cat-inflatable-water-platforms-category","7":"product_cat-plattform-de","8":"product_cat-aufblasbar-de","9":"product_cat-inflatable","10":"product_cat-buy","11":"product_cat-verkauf","12":"product_shipping_class-l-de","13":"desktop-align-center","14":"tablet-align-center","15":"mobile-align-center","16":"ast-product-gallery-layout-horizontal","17":"ast-magnify-disabled","18":"ast-product-tabs-layout-horizontal","20":"first","21":"instock","22":"taxable","23":"shipping-taxable","24":"purchasable","25":"product-type-simple"},"acf":[],"brizy_media":[],"_links":{"self":[{"href":"https:\/\/wave-lovers.com\/de\/wp-json\/wp\/v2\/product\/118069","targetHints":{"allow":["GET"]}}],"collection":[{"href":"https:\/\/wave-lovers.com\/de\/wp-json\/wp\/v2\/product"}],"about":[{"href":"https:\/\/wave-lovers.com\/de\/wp-json\/wp\/v2\/types\/product"}],"replies":[{"embeddable":true,"href":"https:\/\/wave-lovers.com\/de\/wp-json\/wp\/v2\/comments?post=118069"}],"wp:featuredmedia":[{"embeddable":true,"href":"https:\/\/wave-lovers.com\/de\/wp-json\/wp\/v2\/media\/96154"}],"wp:attachment":[{"href":"https:\/\/wave-lovers.com\/de\/wp-json\/wp\/v2\/media?parent=118069"}],"wp:term":[{"taxonomy":"product_brand","embeddable":true,"href":"https:\/\/wave-lovers.com\/de\/wp-json\/wp\/v2\/product_brand?post=118069"},{"taxonomy":"product_cat","embeddable":true,"href":"https:\/\/wave-lovers.com\/de\/wp-json\/wp\/v2\/product_cat?post=118069"},{"taxonomy":"product_tag","embeddable":true,"href":"https:\/\/wave-lovers.com\/de\/wp-json\/wp\/v2\/product_tag?post=118069"}],"curies":[{"name":"wp","href":"https:\/\/api.w.org\/{rel}","templated":true}]}}