{"id":118066,"date":"2023-04-23T20:00:37","date_gmt":"2023-04-23T18:00:37","guid":{"rendered":"https:\/\/wave-lovers.com\/yachtbeach-hex-platform-party-zone-2-50m\/"},"modified":"2024-03-11T15:31:32","modified_gmt":"2024-03-11T14:31:32","slug":"yachtbeach-hex-plattform-party-zone-2-50m","status":"publish","type":"product","link":"https:\/\/wave-lovers.com\/de\/yachtbeach-hex-plattform-party-zone-2-50m\/","title":{"rendered":"Yachtbeach HEX Plattform Party Zone 2.50"},"content":{"rendered":"<h2>Yachtbeach HEX Plattform Party Zone 2.50m - INFORMATION<\/h2>\n<p>Bauen Sie Ihren eigenen schwimmenden Privatbereich mit diesen sechseckigen Modulen von YACHTBEACH! Perfekt, um gleichzeitig die Sonne und das Wasser zu genie\u00dfen.<br \/>\nDiese Plattform verf\u00fcgt \u00fcber eine integriertes Netz in der Mitte, das schnell und einfach abnehmbar ist, um alles nach Ihren Bed\u00fcrfnissen anzupassen.<\/p>\n<p>Au\u00dferdem gibt es auf jeder Seite einen Getr\u00e4nkehalter, um Ihre Getr\u00e4nke sicher und k\u00fchl zu halten. Das ultrastarke Dropstitch-Material wird Sie nicht im Stich lassen und h\u00e4lt allen Bedingungen stand.<\/p>\n<p>Das luxuri\u00f6se Design und die Ausstattung decken alle Bed\u00fcrfnisse ab. So haben Sie 12 robuste Griffe, um die Plattform mit anderen Modulen oder Ihrem Boot zu kombinieren.<br \/>\nDie M\u00f6glichkeiten sind endlos und liegen ganz bei Ihnen! Starten Sie in ein neues Abenteuer!<\/p>\n<h2>Yachtbeach HEX Plattform Party Zone 2.50m - DETAILS<\/h2>\n<p>Gr\u00f6\u00dfe: 250x290cm (8,2'x9,5')<br \/>\nH\u00f6he Fallstich: 20cm (7,8'')<br \/>\nGewicht: 20 kg (44lbs)<br \/>\nVerpackte Gr\u00f6\u00dfe: 70x55x55cm (27''x21 \"x21\")<\/p>\n<h2>Yachtbeach HEX Plattform Party Zone 2.50m - HIGHLIGHTS<\/h2>\n<p>- 6-seitiges Sechseck-Design f\u00fcr ideale Anordnung und Stabilit\u00e4t<br \/>\n- integrierte Getr\u00e4nkehalter<br \/>\n- 12 Yachtbeach Verbindungsgriffe<br \/>\n- schwimmender Netzboden (herausnehmbar)<br \/>\n- 2 D-Ringe an der Unterseite zur Verankerung oder zum Anschluss an andere Ausr\u00fcstung<br \/>\n- Lieferung mit Tragetasche und Reparaturset (ohne Kleber)<\/p>\n","protected":false},"excerpt":{"rendered":"<p>Luxuri\u00f6se Plattform mit herausnehmbaren Netz in der Mitte. Das Highlight auf der n\u00e4chsten Party! Noch besser in Kombination mit weiteren Modulen von YACHTBEACH.<\/p>\n","protected":false},"featured_media":96163,"comment_status":"open","ping_status":"closed","template":"","meta":{"_acf_changed":false,"_editorskit_title_hidden":false,"_editorskit_reading_time":0,"_editorskit_is_block_options_detached":false,"_editorskit_block_options_position":"{}","site-sidebar-layout":"default","site-content-layout":"default","ast-site-content-layout":"default","site-content-style":"default","site-sidebar-style":"default","ast-global-header-display":"","ast-banner-title-visibility":"","ast-main-header-display":"","ast-hfb-above-header-display":"","ast-hfb-below-header-display":"","ast-hfb-mobile-header-display":"","site-post-title":"","ast-breadcrumbs-content":"","ast-featured-img":"","footer-sml-layout":"","ast-disable-related-posts":"","theme-transparent-header-meta":"default","adv-header-id-meta":"","stick-header-meta":"","header-above-stick-meta":"","header-main-stick-meta":"","header-below-stick-meta":"","astra-migrate-meta-layouts":"set","ast-page-background-enabled":"default","ast-page-background-meta":{"desktop":{"background-color":"","background-image":"","background-repeat":"repeat","background-position":"center center","background-size":"auto","background-attachment":"scroll","background-type":"","background-media":"","overlay-type":"","overlay-color":"","overlay-opacity":"","overlay-gradient":""},"tablet":{"background-color":"","background-image":"","background-repeat":"repeat","background-position":"center center","background-size":"auto","background-attachment":"scroll","background-type":"","background-media":"","overlay-type":"","overlay-color":"","overlay-opacity":"","overlay-gradient":""},"mobile":{"background-color":"","background-image":"","background-repeat":"repeat","background-position":"center center","background-size":"auto","background-attachment":"scroll","background-type":"","background-media":"","overlay-type":"","overlay-color":"","overlay-opacity":"","overlay-gradient":""}},"ast-content-background-meta":{"desktop":{"background-color":"var(--ast-global-color-5)","background-image":"","background-repeat":"repeat","background-position":"center center","background-size":"auto","background-attachment":"scroll","background-type":"","background-media":"","overlay-type":"","overlay-color":"","overlay-opacity":"","overlay-gradient":""},"tablet":{"background-color":"var(--ast-global-color-5)","background-image":"","background-repeat":"repeat","background-position":"center center","background-size":"auto","background-attachment":"scroll","background-type":"","background-media":"","overlay-type":"","overlay-color":"","overlay-opacity":"","overlay-gradient":""},"mobile":{"background-color":"var(--ast-global-color-5)","background-image":"","background-repeat":"repeat","background-position":"center center","background-size":"auto","background-attachment":"scroll","background-type":"","background-media":"","overlay-type":"","overlay-color":"","overlay-opacity":"","overlay-gradient":""}},"_jf_save_progress":""},"product_brand":[],"product_cat":[562,128,60,111],"product_tag":[],"class_list":{"0":"post-118066","1":"product","2":"type-product","3":"status-publish","4":"has-post-thumbnail","6":"product_cat-aufblasbar-de","7":"product_cat-inflatable","8":"product_cat-buy","9":"product_cat-verkauf","10":"product_shipping_class-l-de","11":"desktop-align-center","12":"tablet-align-center","13":"mobile-align-center","14":"ast-product-gallery-layout-horizontal","15":"ast-magnify-disabled","16":"ast-product-tabs-layout-horizontal","18":"first","19":"instock","20":"taxable","21":"shipping-taxable","22":"purchasable","23":"product-type-simple"},"acf":[],"brizy_media":[],"_links":{"self":[{"href":"https:\/\/wave-lovers.com\/de\/wp-json\/wp\/v2\/product\/118066","targetHints":{"allow":["GET"]}}],"collection":[{"href":"https:\/\/wave-lovers.com\/de\/wp-json\/wp\/v2\/product"}],"about":[{"href":"https:\/\/wave-lovers.com\/de\/wp-json\/wp\/v2\/types\/product"}],"replies":[{"embeddable":true,"href":"https:\/\/wave-lovers.com\/de\/wp-json\/wp\/v2\/comments?post=118066"}],"wp:featuredmedia":[{"embeddable":true,"href":"https:\/\/wave-lovers.com\/de\/wp-json\/wp\/v2\/media\/96163"}],"wp:attachment":[{"href":"https:\/\/wave-lovers.com\/de\/wp-json\/wp\/v2\/media?parent=118066"}],"wp:term":[{"taxonomy":"product_brand","embeddable":true,"href":"https:\/\/wave-lovers.com\/de\/wp-json\/wp\/v2\/product_brand?post=118066"},{"taxonomy":"product_cat","embeddable":true,"href":"https:\/\/wave-lovers.com\/de\/wp-json\/wp\/v2\/product_cat?post=118066"},{"taxonomy":"product_tag","embeddable":true,"href":"https:\/\/wave-lovers.com\/de\/wp-json\/wp\/v2\/product_tag?post=118066"}],"curies":[{"name":"wp","href":"https:\/\/api.w.org\/{rel}","templated":true}]}}