{"id":118063,"date":"2023-04-23T20:03:12","date_gmt":"2023-04-23T18:03:12","guid":{"rendered":"https:\/\/wave-lovers.com\/yachtbeach-hex-platform-relax-zone-2-50m\/"},"modified":"2024-03-11T15:31:32","modified_gmt":"2024-03-11T14:31:32","slug":"yachtbeach-hex-plattform-relax-zone-2-50m","status":"publish","type":"product","link":"https:\/\/wave-lovers.com\/de\/yachtbeach-hex-plattform-relax-zone-2-50m\/","title":{"rendered":"Yachtbeach HEX Plattform Relax Zone 2.50"},"content":{"rendered":"<h2>Yachtbeach HEX Plattform Relax Zone 2.50m - INFORMATION<\/h2>\n<p>Bauen Sie Ihren eigenen schwimmenden Privatbereich mit diesen sechseckigen Modulen von YACHTBEACH! Perfekt, um gleichzeitig die Sonne und das Wasser zu genie\u00dfen.<br \/>\nDiese Plattform verf\u00fcgt \u00fcber 3 gro\u00dfe, bequeme R\u00fcckenlehnen, 6 Getr\u00e4nkehalter und ein integriertes Netz, um Ihre F\u00fc\u00dfe zu k\u00fchlen.<\/p>\n<p>In Sachen Haltbarkeit \u00fcbertrifft das dicke Dropstitch-Material viele andere L\u00f6sungen und wird Ihnen viele Jahre Freude bereiten.<br \/>\nZu Ihrer Sicherheit gibt es eine rutschfeste Oberfl\u00e4che, die dank der Teak-Optik immer edel &amp; sauber aussieht. Also zumindest wenn Sie nicht vergessen haben, Ihr Getr\u00e4nk in einen der integrierten Getr\u00e4nkehalter zu stellen.<\/p>\n<p>Ausgestattet mit 12 Griffen, 3 separaten aufblasbaren R\u00fcckenlehnen, 2 D-Ringen und dem abnehmbaren Netz in der Mitte k\u00f6nnen Sie Ihren Tag sorgenfrei genie\u00dfen.<\/p>\n<h2>Yachtbeach HEX Plattform Relax Zone 2.50m - DETAILS<\/h2>\n<p>Gr\u00f6\u00dfe: 250x290cm (8,2'x9,5')<br \/>\nH\u00f6he Fallstich: 20cm (7,8'')<br \/>\nGewicht: 32kg (70lbs)<br \/>\nPackma\u00df: 110x90x60cm (43 \"x35 \"x23\")<\/p>\n<h2>Yachtbeach HEX Plattform Relax Zone 2.50m - HIGHLIGHTS<\/h2>\n<p>- 6-seitiges Sechseck-Design f\u00fcr ger\u00e4umigen platz und perfekte Stabilit\u00e4t<br \/>\n- 6 integrierte Getr\u00e4nkehalter<br \/>\n- 3 getrennte aufblasbare R\u00fcckenlehnenschl\u00e4uche<br \/>\n- 12 Yachtbeach Verbindungsgriffe<br \/>\n- schwimmender Netzboden (herausnehmbar)<br \/>\n- 2 D-Ringe am Boden zur Verankerung oder Verbindung mit anderen aufblasbaren Strukturen<\/p>\n","protected":false},"excerpt":{"rendered":"<p>Luxuri\u00f6se Plattform zum Entspannen und Feiern. Noch besser in Kombination mit weiteren Modulen von YACHTBEACH.<\/p>\n","protected":false},"featured_media":96172,"comment_status":"open","ping_status":"closed","template":"","meta":{"_acf_changed":false,"_editorskit_title_hidden":false,"_editorskit_reading_time":0,"_editorskit_is_block_options_detached":false,"_editorskit_block_options_position":"{}","site-sidebar-layout":"default","site-content-layout":"default","ast-site-content-layout":"default","site-content-style":"default","site-sidebar-style":"default","ast-global-header-display":"","ast-banner-title-visibility":"","ast-main-header-display":"","ast-hfb-above-header-display":"","ast-hfb-below-header-display":"","ast-hfb-mobile-header-display":"","site-post-title":"","ast-breadcrumbs-content":"","ast-featured-img":"","footer-sml-layout":"","ast-disable-related-posts":"","theme-transparent-header-meta":"default","adv-header-id-meta":"","stick-header-meta":"","header-above-stick-meta":"","header-main-stick-meta":"","header-below-stick-meta":"","astra-migrate-meta-layouts":"set","ast-page-background-enabled":"default","ast-page-background-meta":{"desktop":{"background-color":"","background-image":"","background-repeat":"repeat","background-position":"center center","background-size":"auto","background-attachment":"scroll","background-type":"","background-media":"","overlay-type":"","overlay-color":"","overlay-opacity":"","overlay-gradient":""},"tablet":{"background-color":"","background-image":"","background-repeat":"repeat","background-position":"center center","background-size":"auto","background-attachment":"scroll","background-type":"","background-media":"","overlay-type":"","overlay-color":"","overlay-opacity":"","overlay-gradient":""},"mobile":{"background-color":"","background-image":"","background-repeat":"repeat","background-position":"center center","background-size":"auto","background-attachment":"scroll","background-type":"","background-media":"","overlay-type":"","overlay-color":"","overlay-opacity":"","overlay-gradient":""}},"ast-content-background-meta":{"desktop":{"background-color":"var(--ast-global-color-5)","background-image":"","background-repeat":"repeat","background-position":"center center","background-size":"auto","background-attachment":"scroll","background-type":"","background-media":"","overlay-type":"","overlay-color":"","overlay-opacity":"","overlay-gradient":""},"tablet":{"background-color":"var(--ast-global-color-5)","background-image":"","background-repeat":"repeat","background-position":"center center","background-size":"auto","background-attachment":"scroll","background-type":"","background-media":"","overlay-type":"","overlay-color":"","overlay-opacity":"","overlay-gradient":""},"mobile":{"background-color":"var(--ast-global-color-5)","background-image":"","background-repeat":"repeat","background-position":"center center","background-size":"auto","background-attachment":"scroll","background-type":"","background-media":"","overlay-type":"","overlay-color":"","overlay-opacity":"","overlay-gradient":""}},"_jf_save_progress":""},"product_brand":[],"product_cat":[1967,1968,562,128,60,111],"product_tag":[],"class_list":{"0":"post-118063","1":"product","2":"type-product","3":"status-publish","4":"has-post-thumbnail","6":"product_cat-inflatable-water-platforms-category","7":"product_cat-plattform-de","8":"product_cat-aufblasbar-de","9":"product_cat-inflatable","10":"product_cat-buy","11":"product_cat-verkauf","12":"product_shipping_class-l-de","13":"desktop-align-center","14":"tablet-align-center","15":"mobile-align-center","16":"ast-product-gallery-layout-horizontal","17":"ast-magnify-disabled","18":"ast-product-tabs-layout-horizontal","20":"first","21":"instock","22":"taxable","23":"shipping-taxable","24":"purchasable","25":"product-type-simple"},"acf":[],"brizy_media":[],"_links":{"self":[{"href":"https:\/\/wave-lovers.com\/de\/wp-json\/wp\/v2\/product\/118063","targetHints":{"allow":["GET"]}}],"collection":[{"href":"https:\/\/wave-lovers.com\/de\/wp-json\/wp\/v2\/product"}],"about":[{"href":"https:\/\/wave-lovers.com\/de\/wp-json\/wp\/v2\/types\/product"}],"replies":[{"embeddable":true,"href":"https:\/\/wave-lovers.com\/de\/wp-json\/wp\/v2\/comments?post=118063"}],"wp:featuredmedia":[{"embeddable":true,"href":"https:\/\/wave-lovers.com\/de\/wp-json\/wp\/v2\/media\/96172"}],"wp:attachment":[{"href":"https:\/\/wave-lovers.com\/de\/wp-json\/wp\/v2\/media?parent=118063"}],"wp:term":[{"taxonomy":"product_brand","embeddable":true,"href":"https:\/\/wave-lovers.com\/de\/wp-json\/wp\/v2\/product_brand?post=118063"},{"taxonomy":"product_cat","embeddable":true,"href":"https:\/\/wave-lovers.com\/de\/wp-json\/wp\/v2\/product_cat?post=118063"},{"taxonomy":"product_tag","embeddable":true,"href":"https:\/\/wave-lovers.com\/de\/wp-json\/wp\/v2\/product_tag?post=118063"}],"curies":[{"name":"wp","href":"https:\/\/api.w.org\/{rel}","templated":true}]}}