{"id":118060,"date":"2023-04-23T20:05:57","date_gmt":"2023-04-23T18:05:57","guid":{"rendered":"https:\/\/wave-lovers.com\/yachtbeach-foil-dock-single\/"},"modified":"2024-03-11T15:31:32","modified_gmt":"2024-03-11T14:31:32","slug":"yachtbeach-foil-dock-single","status":"publish","type":"product","link":"https:\/\/wave-lovers.com\/de\/yachtbeach-foil-dock-single\/","title":{"rendered":"Yachtbeach Foil Dock Single 2.05"},"content":{"rendered":"<h2>Yachtbeach Foil Dock Single 2.05 - INFORMATION<\/h2>\n<p>Sind Sie es leid, auf ihr Foil-Board zu klettern? Keine Sorge, Yachtbeach hat die L\u00f6sung f\u00fcr Sie!<br \/>\nDie einfache Docking-Plattform ist nicht nur f\u00fcr alle Hersteller von E-Foils oder Kitefoils geeignet, sondern erm\u00f6glicht es Ihnen auch, sie mit anderen Modulen kombinieren. So k\u00f6nnen sie eine kleine Landschaft hinter Ihrer Yacht oder Ihrem Boot aufbauen.<\/p>\n<p>Das stabile und robuste Verbindungssystem \u00fcber die vorhandenen Griffe sch\u00fctzt Ihre Ausr\u00fcstung auch bei raueren Wellen und l\u00e4sst sich in wenigen Minuten aufbauen. Zeit, die Sie mit dem Foilen oder dem Genie\u00dfen des Tages verbringen k\u00f6nnen!<br \/>\nDa es keine Metallteile gibt, besteht keine Gefahr sich zu verletzen.<\/p>\n<p>Zus\u00e4tzlich zu Ihrer Sicherheit ist die Anti-Rutsch-Oberfl\u00e4che in sch\u00f6ner Teak-Optik jederzeit hilfreich, solange Sie nicht ins Wasser gesto\u00dfen werden.<br \/>\nDas flexible und langlebige Material h\u00e4lt allen Einfl\u00fcssen wie Salzwasser oder Sonneneinstrahlung stand.<br \/>\nAusgestattet mit robustem Dropstitch-Material, Ballasts\u00e4cken, D-Ringen an Ober- und Unterseite, Hochdruckventilen und einem hochwertigen \u00dcberdruckventil gibt es nichts, auf das man verzichten muss.<\/p>\n<h2>Yachtbeach Foil Dock Single 2.05 - DETAILS<\/h2>\n<p>Gr\u00f6\u00dfe: 205x205cm (6,7'x6,7')<br \/>\nVerpackte Gr\u00f6\u00dfe: 80x40x30cm (31,5''x15,7''x11,8'')<br \/>\nGewicht inkl. Tasche: ca. 18,4 kg (40,5lbs)<\/p>\n<h2>Yachtbeach Foil Dock Single 2.05 - HIGHLIGHTS<\/h2>\n<p>- 2 Rampen mit 8 cm Dicke<br \/>\n- 6 Griffe (kompatibel mit allen Yachtbeach-Plattformen und Luxus-Pools \u00fcber das zus\u00e4tzlich erh\u00e4ltliche Verbindungssystem)<br \/>\n- 4 Hochdruckventile f\u00fcr schnelles und einfaches Aufpumpen<br \/>\n- Druckbegrenzungsventil sorgt f\u00fcr den richtigen Druck<br \/>\n- 4 D-Ringe an der Oberseite und 2 an der Unterseite f\u00fcr zahlreiche Anschlussm\u00f6glichkeiten<br \/>\n- 4 Ballasts\u00e4cke<br \/>\n- Lieferung mit Tragetasche und Reparaturset (ohne Kleber)<\/p>\n","protected":false},"excerpt":{"rendered":"<p>Luxuri\u00f6se Docking-L\u00f6sung f\u00fcr Ihr E-Foil. Noch besser in Kombination mit weiteren Modulen von YACHTBEACH.<\/p>\n","protected":false},"featured_media":96181,"comment_status":"open","ping_status":"closed","template":"","meta":{"_acf_changed":false,"_editorskit_title_hidden":false,"_editorskit_reading_time":0,"_editorskit_is_block_options_detached":false,"_editorskit_block_options_position":"{}","site-sidebar-layout":"default","site-content-layout":"default","ast-site-content-layout":"default","site-content-style":"default","site-sidebar-style":"default","ast-global-header-display":"","ast-banner-title-visibility":"","ast-main-header-display":"","ast-hfb-above-header-display":"","ast-hfb-below-header-display":"","ast-hfb-mobile-header-display":"","site-post-title":"","ast-breadcrumbs-content":"","ast-featured-img":"","footer-sml-layout":"","ast-disable-related-posts":"","theme-transparent-header-meta":"default","adv-header-id-meta":"","stick-header-meta":"","header-above-stick-meta":"","header-main-stick-meta":"","header-below-stick-meta":"","astra-migrate-meta-layouts":"set","ast-page-background-enabled":"default","ast-page-background-meta":{"desktop":{"background-color":"","background-image":"","background-repeat":"repeat","background-position":"center center","background-size":"auto","background-attachment":"scroll","background-type":"","background-media":"","overlay-type":"","overlay-color":"","overlay-opacity":"","overlay-gradient":""},"tablet":{"background-color":"","background-image":"","background-repeat":"repeat","background-position":"center center","background-size":"auto","background-attachment":"scroll","background-type":"","background-media":"","overlay-type":"","overlay-color":"","overlay-opacity":"","overlay-gradient":""},"mobile":{"background-color":"","background-image":"","background-repeat":"repeat","background-position":"center center","background-size":"auto","background-attachment":"scroll","background-type":"","background-media":"","overlay-type":"","overlay-color":"","overlay-opacity":"","overlay-gradient":""}},"ast-content-background-meta":{"desktop":{"background-color":"var(--ast-global-color-5)","background-image":"","background-repeat":"repeat","background-position":"center center","background-size":"auto","background-attachment":"scroll","background-type":"","background-media":"","overlay-type":"","overlay-color":"","overlay-opacity":"","overlay-gradient":""},"tablet":{"background-color":"var(--ast-global-color-5)","background-image":"","background-repeat":"repeat","background-position":"center center","background-size":"auto","background-attachment":"scroll","background-type":"","background-media":"","overlay-type":"","overlay-color":"","overlay-opacity":"","overlay-gradient":""},"mobile":{"background-color":"var(--ast-global-color-5)","background-image":"","background-repeat":"repeat","background-position":"center center","background-size":"auto","background-attachment":"scroll","background-type":"","background-media":"","overlay-type":"","overlay-color":"","overlay-opacity":"","overlay-gradient":""}},"_jf_save_progress":""},"product_brand":[],"product_cat":[1967,1968,562,128,60,111],"product_tag":[],"class_list":{"0":"post-118060","1":"product","2":"type-product","3":"status-publish","4":"has-post-thumbnail","6":"product_cat-inflatable-water-platforms-category","7":"product_cat-plattform-de","8":"product_cat-aufblasbar-de","9":"product_cat-inflatable","10":"product_cat-buy","11":"product_cat-verkauf","12":"product_shipping_class-l-de","13":"desktop-align-center","14":"tablet-align-center","15":"mobile-align-center","16":"ast-product-gallery-layout-horizontal","17":"ast-magnify-disabled","18":"ast-product-tabs-layout-horizontal","20":"first","21":"instock","22":"taxable","23":"shipping-taxable","24":"purchasable","25":"product-type-simple"},"acf":[],"brizy_media":[],"_links":{"self":[{"href":"https:\/\/wave-lovers.com\/de\/wp-json\/wp\/v2\/product\/118060","targetHints":{"allow":["GET"]}}],"collection":[{"href":"https:\/\/wave-lovers.com\/de\/wp-json\/wp\/v2\/product"}],"about":[{"href":"https:\/\/wave-lovers.com\/de\/wp-json\/wp\/v2\/types\/product"}],"replies":[{"embeddable":true,"href":"https:\/\/wave-lovers.com\/de\/wp-json\/wp\/v2\/comments?post=118060"}],"wp:featuredmedia":[{"embeddable":true,"href":"https:\/\/wave-lovers.com\/de\/wp-json\/wp\/v2\/media\/96181"}],"wp:attachment":[{"href":"https:\/\/wave-lovers.com\/de\/wp-json\/wp\/v2\/media?parent=118060"}],"wp:term":[{"taxonomy":"product_brand","embeddable":true,"href":"https:\/\/wave-lovers.com\/de\/wp-json\/wp\/v2\/product_brand?post=118060"},{"taxonomy":"product_cat","embeddable":true,"href":"https:\/\/wave-lovers.com\/de\/wp-json\/wp\/v2\/product_cat?post=118060"},{"taxonomy":"product_tag","embeddable":true,"href":"https:\/\/wave-lovers.com\/de\/wp-json\/wp\/v2\/product_tag?post=118060"}],"curies":[{"name":"wp","href":"https:\/\/api.w.org\/{rel}","templated":true}]}}