{"id":118058,"date":"2023-04-29T22:11:14","date_gmt":"2023-04-29T20:11:14","guid":{"rendered":"https:\/\/wave-lovers.com\/spinera-professional-aquapark-pirates-rock\/"},"modified":"2024-03-11T15:31:31","modified_gmt":"2024-03-11T14:31:31","slug":"spinera-professional-aquapark-pirates-rock","status":"publish","type":"product","link":"https:\/\/wave-lovers.com\/de\/spinera-professional-aquapark-pirates-rock\/","title":{"rendered":"Spinera Professional Aquapark Pirates Rock"},"content":{"rendered":"<h2>Spinera Professional Aquapark Pirates Rock - INFORMATION<\/h2>\n<p>Sie genie\u00dfen Ihren freien Tag mit den Kindern und beginnen sich zu langweilen? Holen Sie sich etwas Action mit diesem lustigen Sprungturm und st\u00fcrzen Sie sich in ein neues Abenteuer!<\/p>\n<p>Der Spinera Professional Aquapark Pirates Rock ist die kompakte Version der Spinera-Sprungt\u00fcrme. Aufgrund seiner Gr\u00f6\u00dfe und der Verstaum\u00f6glichkeiten ist dieser kleinere Turm das ideale Modul f\u00fcr Yachten und Strandclubs.<\/p>\n<p>Durch 2 Griffe und 5 Ringe unten an jeder Seite ist die Verbindung zu anderen Modulen denkbar einfach. Konstruktionsbedingt ist der Turm wasser- und windfest, so dass Sie sich um nichts sorgen m\u00fcssen.<\/p>\n<p>Und was ist das Beste an diesem Produkt? Die Kinder werden es lieben. Soviel steht fest!<\/p>\n<h2>Spinera Professional Aquapark Pirates Rock - DETAILS<\/h2>\n<p>Gr\u00f6\u00dfe: 412x250x259cm<br \/>\nGewicht: ca. 450 kg<br \/>\nNennkapazit\u00e4t: 3 Personen<br \/>\nNominale Wassertiefe: 2,2m (7,2ft)<\/p>\n<h2>Spinera Professional Aquapark Pirates Rock - HIGHLIGHTS<\/h2>\n<p>- starkes PVC-Material<br \/>\n- 3 separat aufblasbare Luftkan\u00e4le (Basis, Turm und Rutsche)<br \/>\n- 8 robuste Griffe und 20 Ringe f\u00fcr eine sichere Verbindung<br \/>\n- windfestes Design<br \/>\n- wird mit Tragetasche geliefert<\/p>\n","protected":false},"excerpt":{"rendered":"<p>Aufblasbare Rutsche &amp; Sprungturm als perfekte Erg\u00e4nzung zu Ihrer Yacht oder Strandausr\u00fcstung. Kinder lieben den Aquapark Pirates Rock!<\/p>\n","protected":false},"featured_media":96199,"comment_status":"open","ping_status":"closed","template":"","meta":{"_acf_changed":false,"_editorskit_title_hidden":false,"_editorskit_reading_time":0,"_editorskit_is_block_options_detached":false,"_editorskit_block_options_position":"{}","site-sidebar-layout":"default","site-content-layout":null,"ast-site-content-layout":"default","site-content-style":"default","site-sidebar-style":"default","ast-global-header-display":"","ast-banner-title-visibility":"","ast-main-header-display":"","ast-hfb-above-header-display":"","ast-hfb-below-header-display":"","ast-hfb-mobile-header-display":"","site-post-title":"","ast-breadcrumbs-content":"","ast-featured-img":"","footer-sml-layout":"","ast-disable-related-posts":"","theme-transparent-header-meta":"default","adv-header-id-meta":null,"stick-header-meta":"","header-above-stick-meta":"","header-main-stick-meta":"","header-below-stick-meta":"","astra-migrate-meta-layouts":"set","ast-page-background-enabled":"default","ast-page-background-meta":{"desktop":{"background-color":"","background-image":"","background-repeat":"repeat","background-position":"center center","background-size":"auto","background-attachment":"scroll","background-type":"","background-media":"","overlay-type":"","overlay-color":"","overlay-opacity":"","overlay-gradient":""},"tablet":{"background-color":"","background-image":"","background-repeat":"repeat","background-position":"center center","background-size":"auto","background-attachment":"scroll","background-type":"","background-media":"","overlay-type":"","overlay-color":"","overlay-opacity":"","overlay-gradient":""},"mobile":{"background-color":"","background-image":"","background-repeat":"repeat","background-position":"center center","background-size":"auto","background-attachment":"scroll","background-type":"","background-media":"","overlay-type":"","overlay-color":"","overlay-opacity":"","overlay-gradient":""}},"ast-content-background-meta":{"desktop":{"background-color":"var(--ast-global-color-5)","background-image":"","background-repeat":"repeat","background-position":"center center","background-size":"auto","background-attachment":"scroll","background-type":"","background-media":"","overlay-type":"","overlay-color":"","overlay-opacity":"","overlay-gradient":""},"tablet":{"background-color":"var(--ast-global-color-5)","background-image":"","background-repeat":"repeat","background-position":"center center","background-size":"auto","background-attachment":"scroll","background-type":"","background-media":"","overlay-type":"","overlay-color":"","overlay-opacity":"","overlay-gradient":""},"mobile":{"background-color":"var(--ast-global-color-5)","background-image":"","background-repeat":"repeat","background-position":"center center","background-size":"auto","background-attachment":"scroll","background-type":"","background-media":"","overlay-type":"","overlay-color":"","overlay-opacity":"","overlay-gradient":""}},"_jf_save_progress":""},"product_brand":[],"product_cat":[1967,1968,562,128,60,111],"product_tag":[],"class_list":{"0":"post-118058","1":"product","2":"type-product","3":"status-publish","4":"has-post-thumbnail","6":"product_cat-inflatable-water-platforms-category","7":"product_cat-plattform-de","8":"product_cat-aufblasbar-de","9":"product_cat-inflatable","10":"product_cat-buy","11":"product_cat-verkauf","12":"product_shipping_class-l-de","13":"desktop-align-center","14":"tablet-align-center","15":"mobile-align-center","16":"ast-product-gallery-layout-horizontal","17":"ast-magnify-disabled","18":"ast-product-tabs-layout-horizontal","20":"first","21":"instock","22":"taxable","23":"shipping-taxable","24":"purchasable","25":"product-type-simple"},"acf":[],"brizy_media":[],"_links":{"self":[{"href":"https:\/\/wave-lovers.com\/de\/wp-json\/wp\/v2\/product\/118058","targetHints":{"allow":["GET"]}}],"collection":[{"href":"https:\/\/wave-lovers.com\/de\/wp-json\/wp\/v2\/product"}],"about":[{"href":"https:\/\/wave-lovers.com\/de\/wp-json\/wp\/v2\/types\/product"}],"replies":[{"embeddable":true,"href":"https:\/\/wave-lovers.com\/de\/wp-json\/wp\/v2\/comments?post=118058"}],"wp:featuredmedia":[{"embeddable":true,"href":"https:\/\/wave-lovers.com\/de\/wp-json\/wp\/v2\/media\/96199"}],"wp:attachment":[{"href":"https:\/\/wave-lovers.com\/de\/wp-json\/wp\/v2\/media?parent=118058"}],"wp:term":[{"taxonomy":"product_brand","embeddable":true,"href":"https:\/\/wave-lovers.com\/de\/wp-json\/wp\/v2\/product_brand?post=118058"},{"taxonomy":"product_cat","embeddable":true,"href":"https:\/\/wave-lovers.com\/de\/wp-json\/wp\/v2\/product_cat?post=118058"},{"taxonomy":"product_tag","embeddable":true,"href":"https:\/\/wave-lovers.com\/de\/wp-json\/wp\/v2\/product_tag?post=118058"}],"curies":[{"name":"wp","href":"https:\/\/api.w.org\/{rel}","templated":true}]}}