{"id":118054,"date":"2023-05-06T22:30:14","date_gmt":"2023-05-06T20:30:14","guid":{"rendered":"https:\/\/wave-lovers.com\/sublue-whiteshark-navbow-plus\/"},"modified":"2024-03-11T15:31:31","modified_gmt":"2024-03-11T14:31:31","slug":"sublue-whiteshark-navbow-plus","status":"publish","type":"product","link":"https:\/\/wave-lovers.com\/de\/sublue-whiteshark-navbow-plus\/","title":{"rendered":"Sublue WhiteShark Navbow Plus"},"content":{"rendered":"<h2>Sublue WaveShark Navbow+ | Die ultimative Erfahrung beim Tauchen<\/h2>\n<p>Sublue stellt den WaveShark Navbow Plus vor, den fortschrittlichsten Unterwasser-Scooter, der Ihnen das ultimative Taucherlebnis bietet. Die hochmoderne Technologie des Navbow+ bietet ein intelligentes und sicheres Taucherlebnis, das in seiner Klasse un\u00fcbertroffen ist. Das macht ihn zur perfekten Wahl f\u00fcr Taucher, die bei ihren Unterwasserabenteuern Kraft, Geschwindigkeit und Sicherheit suchen.<\/p>\n<p><img fetchpriority=\"high\" decoding=\"async\" class=\"aligncenter wp-image-92089 size-full\" src=\"https:\/\/wave-lovers.com\/wp-content\/uploads\/2023\/05\/Sublue-WhiteShark-NavBow-Plus-Highlights.jpg\" alt=\"Sublue WhiteShark NavBow Plus Highlights\" width=\"1200\" height=\"800\" srcset=\"https:\/\/wave-lovers.com\/wp-content\/uploads\/2023\/05\/Sublue-WhiteShark-NavBow-Plus-Highlights.jpg 1200w, https:\/\/wave-lovers.com\/wp-content\/uploads\/2023\/05\/Sublue-WhiteShark-NavBow-Plus-Highlights-300x200.jpg 300w, https:\/\/wave-lovers.com\/wp-content\/uploads\/2023\/05\/Sublue-WhiteShark-NavBow-Plus-Highlights-1024x683.jpg 1024w, https:\/\/wave-lovers.com\/wp-content\/uploads\/2023\/05\/Sublue-WhiteShark-NavBow-Plus-Highlights-768x512.jpg 768w, https:\/\/wave-lovers.com\/wp-content\/uploads\/2023\/05\/Sublue-WhiteShark-NavBow-Plus-Highlights-500x333.jpg 500w, https:\/\/wave-lovers.com\/wp-content\/uploads\/2023\/05\/Sublue-WhiteShark-NavBow-Plus-Highlights-600x400.jpg 600w\" sizes=\"(max-width: 1200px) 100vw, 1200px\" \/><\/p>\n<p>&nbsp;<\/p>\n<h3><img decoding=\"async\" class=\"wp-image-92114 size-full alignleft\" src=\"https:\/\/wave-lovers.com\/wp-content\/uploads\/2023\/05\/woman-diving-with-sublue-whiteshark-navbow-plus.jpg\" alt=\"woman-diving-with-sublue-whiteshark-navbow-plus\" width=\"410\" height=\"200\" srcset=\"https:\/\/wave-lovers.com\/wp-content\/uploads\/2023\/05\/woman-diving-with-sublue-whiteshark-navbow-plus.jpg 410w, https:\/\/wave-lovers.com\/wp-content\/uploads\/2023\/05\/woman-diving-with-sublue-whiteshark-navbow-plus-300x146.jpg 300w\" sizes=\"(max-width: 410px) 100vw, 410px\" \/>Navbow+ Unbestreitbar m\u00e4chtig<\/h3>\n<p>Der Navbow+ ist mit 3 Geschwindigkeitsschaltern, einer intelligenten APP-Steuerung und einem digitalen Kompass ausgestattet, um Ihre Unterwassererkundung auf ein neues Niveau zu heben. Mit der schnellsten Geschwindigkeit aller Sublue Unterwasserscooter k\u00f6nnen Sie sich m\u00fchelos mit bis zu 2m\/s fortbewegen, w\u00e4hrend die fortschrittlichen und patentierten wasserdichten Batterien bis zu 75 Minuten durchhalten, so dass Sie mit Zuversicht bis zu 40m tief tauchen k\u00f6nnen.<\/p>\n<p>&nbsp;<\/p>\n<p>&nbsp;<\/p>\n<h3>Navbow+ Intelligente Sicherheitsmerkmale<img decoding=\"async\" class=\"alignright wp-image-92111\" src=\"https:\/\/wave-lovers.com\/wp-content\/uploads\/2023\/05\/Navbow-Plus-Smart-Safety-Features-300x146.jpg\" alt=\"Navbow Plus Smart Safety Features\" width=\"411\" height=\"200\" srcset=\"https:\/\/wave-lovers.com\/wp-content\/uploads\/2023\/05\/Navbow-Plus-Smart-Safety-Features-300x146.jpg 300w, https:\/\/wave-lovers.com\/wp-content\/uploads\/2023\/05\/Navbow-Plus-Smart-Safety-Features.jpg 410w\" sizes=\"(max-width: 411px) 100vw, 411px\" \/><\/h3>\n<p>Intelligente Sicherheitsfunktionen sind eine Priorit\u00e4t f\u00fcr Sublue, und der Navbow+ ist da keine Ausnahme. Er bietet \u00fcberragende Sicherheitsfunktionen, einschlie\u00dflich eines blinkenden OLED-Bildschirms, eines Summers und einer automatischen Abschaltung, sodass Sie beruhigt tauchen k\u00f6nnen, weil Sie wissen, dass Ihr Unterwasserscooter f\u00fcr Sie da ist. Sie k\u00f6nnen sogar die APP verwenden, um Tiefen- und Batteriealarme einzustellen, was die Sicherheit weiter erh\u00f6ht.<\/p>\n<p>&nbsp;<\/p>\n<p>&nbsp;<\/p>\n<h3 class=\"sc-gWXbKe iZtXJr pf-33_\" data-pf-type=\"Heading\"><span class=\"sc-jHkVzv dyVEVs pf-35_\" data-pf-type=\"Text\"><img loading=\"lazy\" decoding=\"async\" class=\"wp-image-92117 size-full alignleft\" src=\"https:\/\/wave-lovers.com\/wp-content\/uploads\/2023\/05\/Navbow-Plus-Cutting-Edge-Technology.jpg\" alt=\"Navbow Plus Cutting Edge Technology\" width=\"410\" height=\"200\" srcset=\"https:\/\/wave-lovers.com\/wp-content\/uploads\/2023\/05\/Navbow-Plus-Cutting-Edge-Technology.jpg 410w, https:\/\/wave-lovers.com\/wp-content\/uploads\/2023\/05\/Navbow-Plus-Cutting-Edge-Technology-300x146.jpg 300w\" sizes=\"(max-width: 410px) 100vw, 410px\" \/>Navbow+ Modernste Technologie<br \/>\n<\/span><\/h3>\n<p>Erforschen Sie die Unterwasserwelt mit Zuversicht, indem Sie die hochmoderne Technologie des Navbow+ nutzen. Der integrierte digitale Kompass, die Wassertiefe und die Temperatursensoren helfen Ihnen, Ihre Reise unter Wasser mit Leichtigkeit zu navigieren.<\/p>\n<p>&nbsp;<\/p>\n<p>&nbsp;<\/p>\n<p>&nbsp;<\/p>\n<h3 class=\"sc-gWXbKe iZtXJr pf-33_\" data-pf-type=\"Heading\"><span class=\"sc-jHkVzv dyVEVs pf-35_\" data-pf-type=\"Text\"><img loading=\"lazy\" decoding=\"async\" class=\"alignright wp-image-92120 size-full\" src=\"https:\/\/wave-lovers.com\/wp-content\/uploads\/2023\/05\/Navbow-Plus-Durable-And-Reliable.jpg\" alt=\"Navbow Plus Durable And Reliable\" width=\"410\" height=\"200\" srcset=\"https:\/\/wave-lovers.com\/wp-content\/uploads\/2023\/05\/Navbow-Plus-Durable-And-Reliable.jpg 410w, https:\/\/wave-lovers.com\/wp-content\/uploads\/2023\/05\/Navbow-Plus-Durable-And-Reliable-300x146.jpg 300w\" sizes=\"(max-width: 410px) 100vw, 410px\" \/>Navbow+\u00a0<\/span>Langlebig Und Zuverl\u00e4ssig<\/h3>\n<p>Der Navbow+ verwendet die neueste Korrosionsschutztechnologie, die eine besonders lange Lebensdauer und problemlose Wartung gew\u00e4hrleistet. Sein Design zielt darauf ab, Ihnen ein gutes Preis-Leistungs-Verh\u00e4ltnis zu bieten, damit Sie Ihr Taucherlebnis mit dem Navbow+ \u00fcber Jahre hinweg genie\u00dfen k\u00f6nnen.<\/p>\n<p>&nbsp;<\/p>\n<p>&nbsp;<\/p>\n<p>&nbsp;<\/p>\n<h3 class=\"sc-gWXbKe iZtXJr pf-55_\" data-pf-type=\"Heading\"><span class=\"sc-jHkVzv dyVEVs pf-57_\" data-pf-type=\"Text\"><img loading=\"lazy\" decoding=\"async\" class=\"alignleft wp-image-92123 size-full\" src=\"https:\/\/wave-lovers.com\/wp-content\/uploads\/2023\/05\/Navbow-Plus-Stunning-Underwater-Photography.jpg\" alt=\"Navbow Plus Stunning Underwater Photography\" width=\"410\" height=\"200\" srcset=\"https:\/\/wave-lovers.com\/wp-content\/uploads\/2023\/05\/Navbow-Plus-Stunning-Underwater-Photography.jpg 410w, https:\/\/wave-lovers.com\/wp-content\/uploads\/2023\/05\/Navbow-Plus-Stunning-Underwater-Photography-300x146.jpg 300w\" sizes=\"(max-width: 410px) 100vw, 410px\" \/><\/span>Atemberaubende Unterwasserfotografie<\/h3>\n<p>Mit dem Navbow+ k\u00f6nnen Sie m\u00fchelos atemberaubende Unterwasserfotos und -videos aufnehmen. Mit der optionalen Sublue-Fotoplattform k\u00f6nnen Sie Action-Kameras, wasserdichte LED-Leuchten, Schwimmarme und anderes Zubeh\u00f6r anbringen.<\/p>\n<p>* Die Sublue-Fotoplattform ist separat erh\u00e4ltlich.<\/p>\n<p>&nbsp;<\/p>\n<p>&nbsp;<\/p>\n<h3 class=\"LC20lb MBeuO DKV0Md\">Auf die Pl\u00e4tze, fertig, tauchen!<\/h3>\n<p>Der Sublue WhiteShark Navbow+ ist die perfekte Wahl f\u00fcr alle Taucher, die bei ihren Unterwasserabenteuern Leistung, Geschwindigkeit und Sicherheit suchen. Mit einer Reihe von Funktionen und Zubeh\u00f6rteilen, einschlie\u00dflich des Navbow-Zubeh\u00f6rkits, der wasserdichten LED-Leuchte, des Selfie-Verl\u00e4ngerungssticks und des Tini Rapid 2-Stunden-Ladeger\u00e4ts, ist Ihnen ein sorgenfreier Spa\u00df mit dem Navbow+ garantiert.<\/p>\n<p>Sehen Sie sich dieses Video an, um die grundlegenden Anweisungen und einige fortgeschrittene Einstellungen des Navbow+ Water Scooters kennenzulernen.<\/p>\n<style>\r\n.navbow-video {\r\n  width: 100%;\r\n  height: auto;\r\n  border: 6px solid #010101;\r\n}\r\n<\/style>\n<div style=\"width: 1920px;\" class=\"wp-video\"><video class=\"navbow-video\" id=\"video-118054-1\" width=\"1920\" height=\"360\" preload=\"metadata\" controls=\"controls\"><source type=\"video\/mp4\" src=\"https:\/\/wave-lovers.com\/wp-content\/uploads\/2023\/05\/NavBow-Plus-Video.mp4?_=1\" \/><a href=\"https:\/\/wave-lovers.com\/wp-content\/uploads\/2023\/05\/NavBow-Plus-Video.mp4\">https:\/\/wave-lovers.com\/wp-content\/uploads\/2023\/05\/NavBow-Plus-Video.mp4<\/a><\/video><\/div>\n<p>&nbsp;<\/p>\n<h2>SublueGo App<\/h2>\n<p>Mit der \"SublueGo App\" k\u00f6nnen Sie w\u00e4hrend Ihres gesamten Tauchgangs ganz einfach Unterwasserprotokolle erstellen, einschlie\u00dflich Wassertiefe und Temperatur. Teilen Sie dann Ihre Tauchprotokolle mit Ihrer Familie und Ihren Freunden in den sozialen Medien, um sie wissen zu lassen, was Sie erlebt haben.<\/p>\n<h3>Lade die \"SublueGo App\" herunter<\/h3>\n<p>Die \"SublueGo App\" ist eine App f\u00fcr Mobiltelefone, die die Verwendung dieses Produkts unterst\u00fctzt. Sie bietet Funktionen f\u00fcr personalisierte Parametereinstellungen, die Generierung von Unterwasser-Trainingsdaten, die \u00dcberwachung des Produktzustands, die Aktualisierung der Firmware, den Austausch und die Interaktion mit der Community usw. Die Einzelheiten dazu finden Sie im Kapitel \"SublueGo\" des Benutzerhandbuchs.<\/p>\n<p><img loading=\"lazy\" decoding=\"async\" class=\"wp-image-92126 size-full alignleft\" src=\"https:\/\/wave-lovers.com\/wp-content\/uploads\/2023\/05\/Navbow-Plus-SublueGo-App.jpg\" alt=\"Navbow Plus SublueGo App\" width=\"410\" height=\"200\" srcset=\"https:\/\/wave-lovers.com\/wp-content\/uploads\/2023\/05\/Navbow-Plus-SublueGo-App.jpg 410w, https:\/\/wave-lovers.com\/wp-content\/uploads\/2023\/05\/Navbow-Plus-SublueGo-App-300x146.jpg 300w\" sizes=\"(max-width: 410px) 100vw, 410px\" \/><br \/>\n<img loading=\"lazy\" decoding=\"async\" class=\"size-full wp-image-92105 alignleft\" src=\"https:\/\/wave-lovers.com\/wp-content\/uploads\/2023\/05\/Sublue-Go-App-Qr-Code.jpg\" alt=\"Sublue-Go-App-Qr-Code\" width=\"92\" height=\"92\" srcset=\"https:\/\/wave-lovers.com\/wp-content\/uploads\/2023\/05\/Sublue-Go-App-Qr-Code.jpg 92w, https:\/\/wave-lovers.com\/wp-content\/uploads\/2023\/05\/Sublue-Go-App-Qr-Code-32x32.jpg 32w\" sizes=\"(max-width: 92px) 100vw, 92px\" \/>Die \"SublueGo App\" erfordert iOS 12.0 (oder neuer) bzw. mindestens Android 7.0.<br \/>\nDiese App kann ohne Vorank\u00fcndigung ge\u00e4ndert werden. Bitte verfolgen und aktualisieren Sie \"SublueGo App\" rechtzeitig.<\/p>\n<p>&nbsp;<\/p>\n<p>&nbsp;<\/p>\n<h2>WhiteShark Navbow Plus Technische Spezifikationen<\/h2>\n\n<table id=\"tablepress-navbow\" class=\"tablepress tablepress-id-navbow navbow\">\n<tbody class=\"row-striping row-hover\">\n<tr class=\"row-1\">\n\t<td class=\"column-1\"><strong>Dimensions<\/strong><\/td><td class=\"column-2\">L 486 xW 327 xH 177 mm<\/td>\n<\/tr>\n<tr class=\"row-2\">\n\t<td class=\"column-1\"><strong>Color<\/strong><\/td><td class=\"column-2\">Phantom gray \/ Flame orange<\/td>\n<\/tr>\n<tr class=\"row-3\">\n\t<td class=\"column-1\"><strong>Weight<\/strong><\/td><td class=\"column-2\">3400g<\/td>\n<\/tr>\n<tr class=\"row-4\">\n\t<td class=\"column-1\"><strong>Battery weight<\/strong><\/td><td class=\"column-2\">1100g<\/td>\n<\/tr>\n<tr class=\"row-5\">\n\t<td class=\"column-1\"><strong>Depth<\/strong><\/td><td class=\"column-2\">40m (131ft)<\/td>\n<\/tr>\n<tr class=\"row-6\">\n\t<td class=\"column-1\"><strong>Speed<\/strong><\/td><td class=\"column-2\">Free: 1 m\/s (2.24 mph), Sport: 1.5 m\/s (3.36mph), Turbo: 2 m\/s (4.47 mph)<\/td>\n<\/tr>\n<tr class=\"row-7\">\n\t<td class=\"column-1\"><strong>Battery Life<\/strong><\/td><td class=\"column-2\">Up to 75 minutes<\/td>\n<\/tr>\n<tr class=\"row-8\">\n\t<td class=\"column-1\"><strong>Temperature accuracy<\/strong><\/td><td class=\"column-2\">\u00b1 2<\/td>\n<\/tr>\n<tr class=\"row-9\">\n\t<td class=\"column-1\"><strong>Depth accuracy<\/strong><\/td><td class=\"column-2\">\u00b10.5 m<\/td>\n<\/tr>\n<tr class=\"row-10\">\n\t<td class=\"column-1\"><strong>Map<\/strong><\/td><td class=\"column-2\">Global map position and search<\/td>\n<\/tr>\n<tr class=\"row-11\">\n\t<td class=\"column-1\"><strong>Compass<\/strong><\/td><td class=\"column-2\">Digital compass<\/td>\n<\/tr>\n<tr class=\"row-12\">\n\t<td class=\"column-1\"><strong>Maximum storage item<\/strong><\/td><td class=\"column-2\">60 items<\/td>\n<\/tr>\n<tr class=\"row-13\">\n\t<td class=\"column-1\"><strong>Maximum storage duration<\/strong><\/td><td class=\"column-2\">1 hour\/item<\/td>\n<\/tr>\n<tr class=\"row-14\">\n\t<td class=\"column-1\"><strong>Interface<\/strong><\/td><td class=\"column-2\">2 universal mounting points (which can be mounted balance weights, sports cameras, photography platform)<\/td>\n<\/tr>\n<tr class=\"row-15\">\n\t<td class=\"column-1\"><strong>Accessories (Included)<\/strong><\/td><td class=\"column-2\">Balance weight bracket &amp; Balance weights x 3;<br \/>\nD-ring buckle;<br \/>\nSingle hand operation lanyard;<br \/>\nAnti-lost lanyard;<br \/>\nSublue faster charger<br \/>\n<\/td>\n<\/tr>\n<tr class=\"row-16\">\n\t<td class=\"column-1\"><strong>Optional accessories<\/strong><\/td><td class=\"column-2\">Navbow Explore kit (included photography platform, waterproof LED lights, waterproof smartphone case and other connecting components);<br \/>\nPhotography platform Diving cross strap;<br \/>\nWaterproof backpack;<br \/>\nWaterproof LED light;<br \/>\nSelfie extension stick<\/td>\n<\/tr>\n<\/tbody>\n<\/table>\n<!-- #tablepress-navbow from cache -->\n<h2>WhiteShark Navbow+ FAQ<\/h2>\n<h3>Wie schnell kann der Navbow+ werden?<\/h3>\n<p>Der Navbow+ hat drei Geschwindigkeitsstufen: <strong>Free<\/strong> f\u00fcr niedrige Geschwindigkeit bis zu 1,0 m\/s, <strong>Sport<\/strong> f\u00fcr mittlere Geschwindigkeit bis zu 1,5 m\/s und <strong>Turbo<\/strong> f\u00fcr hohe Geschwindigkeit bis zu 2,0 m\/s. Die Navigationsgeschwindigkeit kann durch Faktoren wie Wassertemperatur, Tiefe, Str\u00f6mung und die Einstellung Ihrer Ausr\u00fcstung beeinflusst werden.<\/p>\n<h3>Wie lange h\u00e4lt der Akku des Navbow+?<\/h3>\n<p>Die Lebensdauer des Akkus h\u00e4ngt von der Nutzung, der Umgebung und von Faktoren wie Gr\u00f6\u00dfe und Gewicht des Benutzers ab. Der 158-Wh-Akku kann unter normalen Bedingungen bis zu 75 Minuten erreichen.<\/p>\n<h3>Wie viele G\u00e4nge hat der Navbow+?<\/h3>\n<p>Der Navbow+ Unterwasser-Scooter von Sublue verf\u00fcgt \u00fcber drei Geschwindigkeitsstufen - \"Frei\", \"Sport\" und \"Turbo\". Der \"freie\" Gang ist die Standardeinstellung, aber wenn die Leistung unter 50 % f\u00e4llt, wird empfohlen, zwischen den Modi \"frei\" und \"Sport\" zu wechseln, um Energie zu sparen.<\/p>\n<h3>Wie schaltet man beim Navbow+ die Geschwindigkeit um?<\/h3>\n<p>Sie k\u00f6nnen die Geschwindigkeit auf zwei Arten \u00e4ndern. Erste M\u00f6glichkeit: Dr\u00fccken Sie den Schalter der Multifunktionstaste eine halbe Sekunde lang nach vorne und lassen Sie ihn los. Zweite M\u00f6glichkeit: Dr\u00fccken Sie mit beiden H\u00e4nden auf die Starttaste, um das Ger\u00e4t in Betrieb zu halten. Nachdem Sie die rechte Starttaste losgelassen haben, dr\u00fccken Sie sie zweimal schnell in einem Abstand von etwa 0,45 Sekunden und halten sie dann gedr\u00fcckt. Dies funktioniert nur im beidh\u00e4ndigen Modus.<\/p>\n<h3>Verf\u00fcgt der Navbow+ \u00fcber eine Anzeige f\u00fcr einen niedrigen Akkustand?<\/h3>\n<p>Ja, wenn die Batterieleistung weniger als zwei Netze betr\u00e4gt, blinkt das Batteriesymbol auf dem Display kontinuierlich und schnell und vibriert und erinnert 3 Mal.<br \/>\nWenn die Batterieleistung weniger als ein Grid betr\u00e4gt, blinkt das Batteriesymbol auf dem Display kontinuierlich und schnell und vibriert 6 Mal.<\/p>\n<h3>Was ist der Safety Lock Modus \/ Sicherheitssperrmodus?<\/h3>\n<p>Wenn der Sicherheitssperrmodus aktiviert ist, funktioniert das Ger\u00e4t nicht. Das Symbol f\u00fcr die Sicherheitssperre wird w\u00e4hrend dieses Modus auf dem Bildschirm angezeigt. Um den Betrieb des Ger\u00e4ts wieder aufzunehmen, m\u00fcssen Sie es zun\u00e4chst \u00fcber die Sublue-Go App entsperren.<\/p>\n<h3>Warum f\u00fchlt es sich manchmal so an, als sei der Schub sehr gering?<\/h3>\n<p>Um eine optimale Leistung zu gew\u00e4hrleisten, \u00fcberpr\u00fcfen Sie bitte den Propeller vor der Verwendung auf Fremdk\u00f6rper. Es ist wichtig zu beachten, dass die Schubkraft zwischen den G\u00e4ngen f\u00fcr hohe und niedrige Geschwindigkeit variieren kann. Wir empfehlen, je nach Nutzungsart, Umgebung, Gr\u00f6\u00dfe und Gewicht den passenden Gang zu w\u00e4hlen, um die Effizienz und Erfahrung des Navbow+ zu maximieren.<\/p>\n<h3>Woher wei\u00df man, wie viel Energie der Navbow+ noch hat?<\/h3>\n<p>Wenn Sie den Multifunktionsschalter einschalten, k\u00f6nnen Sie die verbleibende Batterieleistung in Echtzeit auf dem OLED-Display ablesen.<\/p>\n<h3>Wie lange dauert es um den Akku vollst\u00e4ndig aufzuladen?<\/h3>\n<p>Der 98-Wh-Akku kann in etwa 2,5 Stunden vollst\u00e4ndig aufgeladen werden, w\u00e4hrend der 158-Wh-Akku etwa 3,5 Stunden f\u00fcr eine vollst\u00e4ndige Ladung ben\u00f6tigt.<\/p>\n<h3>Was geh\u00f6rt zum Funktionsumfang der App?<\/h3>\n<p>Die \"Sublue-Go App\" bietet dem Benutzer eine Reihe fortschrittlicher Funktionen, darunter die M\u00f6glichkeit, Ger\u00e4teinformationen zu synchronisieren, die Selbstreinigung zu aktivieren, eine Sicherheitssperre einzurichten und in den manuellen Betriebsmodus zu wechseln.<\/p>\n<h3>Wie l\u00e4dt man die \"SublueGo App\" herunter?<\/h3>\n<p>Um die \"SublueGo App\" herunterzuladen, scannen Sie den QR-Code weiter oben (auch im Benutzerhandbuch zu finden). Beachten Sie, dass die App iOS 12.0 \/ Android 7.0 oder h\u00f6her erfordert.<\/p>\n<h3>Wie installiert man ein Gegengewicht, um den Auftrieb zu regulieren?<\/h3>\n<p>Um einen optimalen Auftrieb mit Ihrem WhiteShark Navbow+ Unterwasserscooter zu erreichen, empfehlen wir die folgenden Schritte:<br \/>\n1. Installieren Sie zun\u00e4chst eine einzelnes Gegengewicht in der mittleren Buchse.<br \/>\n2. Tauchen Sie das Ger\u00e4t vollst\u00e4ndig in das Wasser ein und lassen Sie es vollst\u00e4ndig auslaufen.<br \/>\n3. \u00dcberpr\u00fcfen Sie den Auftrieb, um sicherzustellen, dass er den gew\u00fcnschten Erwartungen entspricht.<br \/>\n4. Wenn der Auftrieb nicht Ihren Erwartungen entspricht, erh\u00f6hen Sie das Gegengewicht, um das gew\u00fcnschte Ergebnis zu erzielen.<br \/>\nWenn Sie diese Schritte befolgen, k\u00f6nnen Sie sicherstellen, dass Ihr WhiteShark Navbow+ den idealen Auftrieb f\u00fcr Ihre Unterwasserabenteuer bietet.<\/p>\n<h3>Kann ich Zubeh\u00f6r mitnehmen?<\/h3>\n<p>Der WhiteShark Navbow+ Unterwasser-Scooter verf\u00fcgt \u00fcber eine praktische Standard-GoPro-Kamerahalterung, die sich unterhalb des vorderen Endes des Produkts befindet, sowie \u00fcber eine 1\/4-Zoll-\u00d6ffnung zur Installation von Unterwasserausr\u00fcstung, die sich dar\u00fcber befindet. Dies erm\u00f6glicht eine einfache Erweiterung der Ausr\u00fcstung und bietet Tauchern mehr Vielseitigkeit und Komfort bei ihren Unterwassererkundungen.<\/p>\n<h3>Kann der WhiteShark Navbow+ mit einer Kamera ausger\u00fcstet werden?<\/h3>\n<p>Auch wenn der WhiteShark Navbow+ nicht mit einer eingebauten Kamera ausgestattet ist, k\u00f6nnen Sie die Schnittstelle verwenden um ihre Ausr\u00fcstung zu nutzen. Damit k\u00f6nnen Sie Ihre GoPro oder andere Sportkameras leicht anbringen und verwenden, um atemberaubende Unterwassermomente festzuhalten.<\/p>\n","protected":false},"excerpt":{"rendered":"<p>Leistungsstarker, leichter Unterwasserscooter mit OLED-Display, schnell l\u00f6sbarer Sicherheitsleine und 3 Geschwindigkeitsoptionen (Standard, Sport, Turbo). Inklusive Echolot und digitalem Kompass und bis zu 75 Minuten Akkulaufzeit. Maximale Tiefe: 131 Fu\u00df. Intelligente APP-Steuerung.<\/p>\n","protected":false},"featured_media":96229,"comment_status":"open","ping_status":"closed","template":"","meta":{"_acf_changed":false,"_editorskit_title_hidden":false,"_editorskit_reading_time":0,"_editorskit_is_block_options_detached":false,"_editorskit_block_options_position":"{}","site-sidebar-layout":"default","site-content-layout":"default","ast-site-content-layout":"default","site-content-style":"default","site-sidebar-style":"default","ast-global-header-display":"","ast-banner-title-visibility":"","ast-main-header-display":"","ast-hfb-above-header-display":"","ast-hfb-below-header-display":"","ast-hfb-mobile-header-display":"","site-post-title":"","ast-breadcrumbs-content":"","ast-featured-img":"","footer-sml-layout":"","ast-disable-related-posts":"","theme-transparent-header-meta":"default","adv-header-id-meta":"","stick-header-meta":"","header-above-stick-meta":"","header-main-stick-meta":"","header-below-stick-meta":"","astra-migrate-meta-layouts":"set","ast-page-background-enabled":"default","ast-page-background-meta":{"desktop":{"background-color":"","background-image":"","background-repeat":"repeat","background-position":"center center","background-size":"auto","background-attachment":"scroll","background-type":"","background-media":"","overlay-type":"","overlay-color":"","overlay-opacity":"","overlay-gradient":""},"tablet":{"background-color":"","background-image":"","background-repeat":"repeat","background-position":"center center","background-size":"auto","background-attachment":"scroll","background-type":"","background-media":"","overlay-type":"","overlay-color":"","overlay-opacity":"","overlay-gradient":""},"mobile":{"background-color":"","background-image":"","background-repeat":"repeat","background-position":"center center","background-size":"auto","background-attachment":"scroll","background-type":"","background-media":"","overlay-type":"","overlay-color":"","overlay-opacity":"","overlay-gradient":""}},"ast-content-background-meta":{"desktop":{"background-color":"var(--ast-global-color-5)","background-image":"","background-repeat":"repeat","background-position":"center center","background-size":"auto","background-attachment":"scroll","background-type":"","background-media":"","overlay-type":"","overlay-color":"","overlay-opacity":"","overlay-gradient":""},"tablet":{"background-color":"var(--ast-global-color-5)","background-image":"","background-repeat":"repeat","background-position":"center center","background-size":"auto","background-attachment":"scroll","background-type":"","background-media":"","overlay-type":"","overlay-color":"","overlay-opacity":"","overlay-gradient":""},"mobile":{"background-color":"var(--ast-global-color-5)","background-image":"","background-repeat":"repeat","background-position":"center center","background-size":"auto","background-attachment":"scroll","background-type":"","background-media":"","overlay-type":"","overlay-color":"","overlay-opacity":"","overlay-gradient":""}},"_jf_save_progress":""},"product_brand":[],"product_cat":[121,60,111,19],"product_tag":[],"class_list":{"0":"post-118054","1":"product","2":"type-product","3":"status-publish","4":"has-post-thumbnail","6":"product_cat-unterwasser-scooter-de","7":"product_cat-buy","8":"product_cat-verkauf","9":"product_cat-underwater-scooter","10":"product_shipping_class-sg-de","11":"desktop-align-center","12":"tablet-align-center","13":"mobile-align-center","14":"ast-product-gallery-layout-horizontal","15":"ast-magnify-disabled","16":"ast-product-single-variable","17":"ast-product-tabs-layout-horizontal","19":"first","20":"instock","21":"taxable","22":"shipping-taxable","23":"purchasable","24":"product-type-variable"},"acf":[],"brizy_media":[],"_links":{"self":[{"href":"https:\/\/wave-lovers.com\/de\/wp-json\/wp\/v2\/product\/118054","targetHints":{"allow":["GET"]}}],"collection":[{"href":"https:\/\/wave-lovers.com\/de\/wp-json\/wp\/v2\/product"}],"about":[{"href":"https:\/\/wave-lovers.com\/de\/wp-json\/wp\/v2\/types\/product"}],"replies":[{"embeddable":true,"href":"https:\/\/wave-lovers.com\/de\/wp-json\/wp\/v2\/comments?post=118054"}],"wp:featuredmedia":[{"embeddable":true,"href":"https:\/\/wave-lovers.com\/de\/wp-json\/wp\/v2\/media\/96229"}],"wp:attachment":[{"href":"https:\/\/wave-lovers.com\/de\/wp-json\/wp\/v2\/media?parent=118054"}],"wp:term":[{"taxonomy":"product_brand","embeddable":true,"href":"https:\/\/wave-lovers.com\/de\/wp-json\/wp\/v2\/product_brand?post=118054"},{"taxonomy":"product_cat","embeddable":true,"href":"https:\/\/wave-lovers.com\/de\/wp-json\/wp\/v2\/product_cat?post=118054"},{"taxonomy":"product_tag","embeddable":true,"href":"https:\/\/wave-lovers.com\/de\/wp-json\/wp\/v2\/product_tag?post=118054"}],"curies":[{"name":"wp","href":"https:\/\/api.w.org\/{rel}","templated":true}]}}