{"id":118039,"date":"2023-05-17T21:03:46","date_gmt":"2023-05-17T19:03:46","guid":{"rendered":"https:\/\/wave-lovers.com\/yachtbeach-platform-4-10-premium-teak\/"},"modified":"2024-12-04T23:00:04","modified_gmt":"2024-12-04T22:00:04","slug":"yachtbeach-platform-4-10-premium-teak","status":"publish","type":"product","link":"https:\/\/wave-lovers.com\/de\/yachtbeach-platform-4-10-premium-teak\/","title":{"rendered":"Yachtbeach Platform 4.10 Premium Teak"},"content":{"rendered":"<h2>Yachtbeach Platform 4.10 Premium Teak - INFORMATION<\/h2>\n<p>Bauen Sie sich Ihren eigenen schwimmenden Privatbereich mit diesen wundersch\u00f6nen Modulen von YACHTBEACH! Perfekt, um gleichzeitig die Sonne und das Wasser zu genie\u00dfen.<br \/>\nDiese Plattform ist die Gr\u00f6\u00dfte der Serie und bietet Ihnen jeglichen Platz, den Sie benn\u00f6tigen. Mit 4 Ballasts\u00e4cken und vielen Andockm\u00f6glichkeiten finden Sie zudem immer eine M\u00f6glichkeit, die Platform zu befestigen.<\/p>\n<p>Dank des Dropstitch-Materials sind Umwelteinfl\u00fcsse wie Sonne und Salzwasser kein Thema. Die Oberfl\u00e4che ist beschichtet, um rutschigen Situationen vorzubeugen, und sieht immer ordentlich und sch\u00f6n aus.<\/p>\n<p>Zus\u00e4tzlich sind 12 Griffe und 4 D-Ringe integriert, um das Modul mit einem weiteren Produkt oder Ihrem Boot zu kombinieren. Schauen Sie sich die von YACHTBEACH angebotenen Alternativen an, um herauszufinden, was am besten zu Ihnen passt. Es gibt viele M\u00f6glichkeiten, es sich bequem zu machen. Also probieren Sie es einfach aus!<\/p>\n<h2>Yachtbeach Platform 4.10 Premium Teak - DETAILS<\/h2>\n<p>Gr\u00f6\u00dfe: 410x205cm<br \/>\nH\u00f6he: 20cm<br \/>\nGewicht: 38kg<br \/>\nVerpackte Gr\u00f6\u00dfe: 210x48x38cm<\/p>\n<h2>Yachtbeach Platform 4.10 Premium Teak - HIGHLIGHTS<\/h2>\n<p>- sch\u00f6nes Teakholz-Design<br \/>\n- 12 Yachtbeach Verbindungsgriffe<br \/>\n- 4 Ballasts\u00e4cke<br \/>\n- 4 D-Ringe am Boden zum Ankern oder zur Verbindung mit anderen aufblasbaren Strukturen<br \/>\n- robustes Dropstitch-Material mit Anti-Rutsch-Beschichtung<br \/>\n- wird mit Bedienungsanleitung und Aufbewahrungstasche geliefert<\/p>\n","protected":false},"excerpt":{"rendered":"<p>Die gr\u00f6\u00dfte Luxusplattform aus der YACHTBEACH-Produktlinie f\u00fcr viel zus\u00e4tzlichen Platz auf dem Wasser. Noch besser in Kombination mit weiteren Modulen der Firma.<\/p>\n","protected":false},"featured_media":96286,"comment_status":"open","ping_status":"closed","template":"","meta":{"_acf_changed":false,"_editorskit_title_hidden":false,"_editorskit_reading_time":0,"_editorskit_is_block_options_detached":false,"_editorskit_block_options_position":"{}","site-sidebar-layout":"default","site-content-layout":"default","ast-site-content-layout":"default","site-content-style":"default","site-sidebar-style":"default","ast-global-header-display":"","ast-banner-title-visibility":"","ast-main-header-display":"","ast-hfb-above-header-display":"","ast-hfb-below-header-display":"","ast-hfb-mobile-header-display":"","site-post-title":"","ast-breadcrumbs-content":"","ast-featured-img":"","footer-sml-layout":"","ast-disable-related-posts":"","theme-transparent-header-meta":"default","adv-header-id-meta":"","stick-header-meta":"","header-above-stick-meta":"","header-main-stick-meta":"","header-below-stick-meta":"","astra-migrate-meta-layouts":"set","ast-page-background-enabled":"default","ast-page-background-meta":{"desktop":{"background-color":"","background-image":"","background-repeat":"repeat","background-position":"center center","background-size":"auto","background-attachment":"scroll","background-type":"","background-media":"","overlay-type":"","overlay-color":"","overlay-opacity":"","overlay-gradient":""},"tablet":{"background-color":"","background-image":"","background-repeat":"repeat","background-position":"center center","background-size":"auto","background-attachment":"scroll","background-type":"","background-media":"","overlay-type":"","overlay-color":"","overlay-opacity":"","overlay-gradient":""},"mobile":{"background-color":"","background-image":"","background-repeat":"repeat","background-position":"center center","background-size":"auto","background-attachment":"scroll","background-type":"","background-media":"","overlay-type":"","overlay-color":"","overlay-opacity":"","overlay-gradient":""}},"ast-content-background-meta":{"desktop":{"background-color":"var(--ast-global-color-5)","background-image":"","background-repeat":"repeat","background-position":"center center","background-size":"auto","background-attachment":"scroll","background-type":"","background-media":"","overlay-type":"","overlay-color":"","overlay-opacity":"","overlay-gradient":""},"tablet":{"background-color":"var(--ast-global-color-5)","background-image":"","background-repeat":"repeat","background-position":"center center","background-size":"auto","background-attachment":"scroll","background-type":"","background-media":"","overlay-type":"","overlay-color":"","overlay-opacity":"","overlay-gradient":""},"mobile":{"background-color":"var(--ast-global-color-5)","background-image":"","background-repeat":"repeat","background-position":"center center","background-size":"auto","background-attachment":"scroll","background-type":"","background-media":"","overlay-type":"","overlay-color":"","overlay-opacity":"","overlay-gradient":""}},"_jf_save_progress":""},"product_brand":[],"product_cat":[1967,1968,562,128,60,111],"product_tag":[],"class_list":{"0":"post-118039","1":"product","2":"type-product","3":"status-publish","4":"has-post-thumbnail","6":"product_cat-inflatable-water-platforms-category","7":"product_cat-plattform-de","8":"product_cat-aufblasbar-de","9":"product_cat-inflatable","10":"product_cat-buy","11":"product_cat-verkauf","12":"product_shipping_class-l-de","13":"desktop-align-center","14":"tablet-align-center","15":"mobile-align-center","16":"ast-product-gallery-layout-horizontal","17":"ast-magnify-disabled","18":"ast-product-tabs-layout-horizontal","20":"first","21":"instock","22":"taxable","23":"shipping-taxable","24":"purchasable","25":"product-type-simple"},"acf":[],"brizy_media":[],"_links":{"self":[{"href":"https:\/\/wave-lovers.com\/de\/wp-json\/wp\/v2\/product\/118039","targetHints":{"allow":["GET"]}}],"collection":[{"href":"https:\/\/wave-lovers.com\/de\/wp-json\/wp\/v2\/product"}],"about":[{"href":"https:\/\/wave-lovers.com\/de\/wp-json\/wp\/v2\/types\/product"}],"replies":[{"embeddable":true,"href":"https:\/\/wave-lovers.com\/de\/wp-json\/wp\/v2\/comments?post=118039"}],"wp:featuredmedia":[{"embeddable":true,"href":"https:\/\/wave-lovers.com\/de\/wp-json\/wp\/v2\/media\/96286"}],"wp:attachment":[{"href":"https:\/\/wave-lovers.com\/de\/wp-json\/wp\/v2\/media?parent=118039"}],"wp:term":[{"taxonomy":"product_brand","embeddable":true,"href":"https:\/\/wave-lovers.com\/de\/wp-json\/wp\/v2\/product_brand?post=118039"},{"taxonomy":"product_cat","embeddable":true,"href":"https:\/\/wave-lovers.com\/de\/wp-json\/wp\/v2\/product_cat?post=118039"},{"taxonomy":"product_tag","embeddable":true,"href":"https:\/\/wave-lovers.com\/de\/wp-json\/wp\/v2\/product_tag?post=118039"}],"curies":[{"name":"wp","href":"https:\/\/api.w.org\/{rel}","templated":true}]}}