{"id":118036,"date":"2023-05-17T21:03:59","date_gmt":"2023-05-17T19:03:59","guid":{"rendered":"https:\/\/wave-lovers.com\/yachtbeach-platform-2-05-premium-teak\/"},"modified":"2024-03-11T15:31:31","modified_gmt":"2024-03-11T14:31:31","slug":"yachtbeach-platform-2-05-premium-teak","status":"publish","type":"product","link":"https:\/\/wave-lovers.com\/de\/yachtbeach-platform-2-05-premium-teak\/","title":{"rendered":"Yachtbeach Platform 2.05 Premium Teak"},"content":{"rendered":"<h2>Yachtbeach Platform 2.05 Premium Teak - INFORMATION<\/h2>\n<p>Bauen Sie sich Ihren eigenen schwimmenden Privatbereich mit diesen wundersch\u00f6nen Modulen von YACHTBEACH! Perfekt, um gleichzeitig die Sonne und das Wasser zu genie\u00dfen.<br \/>\nDiese Plattform ist nur halb so gro\u00df wie ihr gr\u00f6\u00dferes Pendant und eignet sich hervorragend, wenn Sie nur ein bisschen zus\u00e4tzlichen Platz ben\u00f6tigen. Durch seine quadratische Form und die vielen Kombinationsm\u00f6glichkeiten l\u00e4sst sich das Modul perfekt zwischen Ihrem Boot und anderen aufblasbaren L\u00f6sungen aufstellen. F\u00fcr zus\u00e4tzliche Stabilit\u00e4t sorgen 2 Ballasts\u00e4cke am Boden und mehrere D-Ringe.<\/p>\n<p>Als Material wurde dickes Dropstitch-PVC gew\u00e4hlt, das leicht, aber dennoch widerstandsf\u00e4hig gegen alle Arten von Zwischenf\u00e4llen ist. Die Anti-Rutsch-Oberfl\u00e4che sch\u00fctzt vor St\u00fcrzen und sieht einfach ph\u00e4nomenal aus. Das Design des teak\u00e4hnlichen PVCs, umgeben von einem wei\u00dfen Rahmen, wird in jeder Situation zum Blickfang. Elegant und sauber wie jede andere Plattform aus der Produktlinie.<\/p>\n<p>Die 8 metallfreien Griffe und die 4 D-Ringe auf beiden Seiten erm\u00f6glichen es Ihnen, das Modul mit jeder gew\u00fcnschten Struktur zu kombinieren. Greifen Sie zu und schauen Sie sich die Alternativen von YACHTBEACH an. Bei den vielen M\u00f6glichkeiten finden Sie sicher das Richtige!<\/p>\n<h2>Yachtbeach Platform 2.05 Premium Teak - DETAILS<\/h2>\n<p>Gr\u00f6\u00dfe: 205x205cm<br \/>\nH\u00f6he: 20cm<br \/>\nGewicht: 28kg<br \/>\nVerpackte Gr\u00f6\u00dfe: 210x20x20cm<\/p>\n<h2>Yachtbeach Platform 2.05 Premium Teak - HIGHLIGHTS<\/h2>\n<p>- wundersch\u00f6nes PVC in Teakholz-Optik<br \/>\n- robustes Dropstitch-Material mit Anti-Rutsch-Beschichtung<br \/>\n- 8 Yachtbeach Verbindungsgriffe<br \/>\n- 2 Ballasts\u00e4cke<br \/>\n- 4 D-Ringe an der Unterseite und 4 an der Oberseite zur Verankerung oder Verbindung mit anderen aufblasbaren Strukturen<br \/>\n- Lieferung mit Anleitung und Aufbewahrungstasche<\/p>\n","protected":false},"excerpt":{"rendered":"<p>Luxuri\u00f6se quadratische Plattform, die zus\u00e4tzlichen Platz bietet. Noch besser in Kombination mit weiteren Modulen von YACHTBEACH.<\/p>\n","protected":false},"featured_media":96310,"comment_status":"open","ping_status":"closed","template":"","meta":{"_acf_changed":false,"_editorskit_title_hidden":false,"_editorskit_reading_time":0,"_editorskit_is_block_options_detached":false,"_editorskit_block_options_position":"{}","site-sidebar-layout":"default","site-content-layout":"","ast-site-content-layout":"default","site-content-style":"default","site-sidebar-style":"default","ast-global-header-display":"","ast-banner-title-visibility":"","ast-main-header-display":"","ast-hfb-above-header-display":"","ast-hfb-below-header-display":"","ast-hfb-mobile-header-display":"","site-post-title":"","ast-breadcrumbs-content":"","ast-featured-img":"","footer-sml-layout":"","ast-disable-related-posts":"","theme-transparent-header-meta":"default","adv-header-id-meta":"","stick-header-meta":"","header-above-stick-meta":"","header-main-stick-meta":"","header-below-stick-meta":"","astra-migrate-meta-layouts":"set","ast-page-background-enabled":"default","ast-page-background-meta":{"desktop":{"background-color":"","background-image":"","background-repeat":"repeat","background-position":"center center","background-size":"auto","background-attachment":"scroll","background-type":"","background-media":"","overlay-type":"","overlay-color":"","overlay-opacity":"","overlay-gradient":""},"tablet":{"background-color":"","background-image":"","background-repeat":"repeat","background-position":"center center","background-size":"auto","background-attachment":"scroll","background-type":"","background-media":"","overlay-type":"","overlay-color":"","overlay-opacity":"","overlay-gradient":""},"mobile":{"background-color":"","background-image":"","background-repeat":"repeat","background-position":"center center","background-size":"auto","background-attachment":"scroll","background-type":"","background-media":"","overlay-type":"","overlay-color":"","overlay-opacity":"","overlay-gradient":""}},"ast-content-background-meta":{"desktop":{"background-color":"var(--ast-global-color-5)","background-image":"","background-repeat":"repeat","background-position":"center center","background-size":"auto","background-attachment":"scroll","background-type":"","background-media":"","overlay-type":"","overlay-color":"","overlay-opacity":"","overlay-gradient":""},"tablet":{"background-color":"var(--ast-global-color-5)","background-image":"","background-repeat":"repeat","background-position":"center center","background-size":"auto","background-attachment":"scroll","background-type":"","background-media":"","overlay-type":"","overlay-color":"","overlay-opacity":"","overlay-gradient":""},"mobile":{"background-color":"var(--ast-global-color-5)","background-image":"","background-repeat":"repeat","background-position":"center center","background-size":"auto","background-attachment":"scroll","background-type":"","background-media":"","overlay-type":"","overlay-color":"","overlay-opacity":"","overlay-gradient":""}},"_jf_save_progress":""},"product_brand":[],"product_cat":[1967,1968,562,128,60,111],"product_tag":[],"class_list":{"0":"post-118036","1":"product","2":"type-product","3":"status-publish","4":"has-post-thumbnail","6":"product_cat-inflatable-water-platforms-category","7":"product_cat-plattform-de","8":"product_cat-aufblasbar-de","9":"product_cat-inflatable","10":"product_cat-buy","11":"product_cat-verkauf","12":"product_shipping_class-l-de","13":"desktop-align-center","14":"tablet-align-center","15":"mobile-align-center","16":"ast-product-gallery-layout-horizontal","17":"ast-magnify-disabled","18":"ast-product-tabs-layout-horizontal","20":"first","21":"instock","22":"taxable","23":"shipping-taxable","24":"purchasable","25":"product-type-simple"},"acf":[],"brizy_media":[],"_links":{"self":[{"href":"https:\/\/wave-lovers.com\/de\/wp-json\/wp\/v2\/product\/118036","targetHints":{"allow":["GET"]}}],"collection":[{"href":"https:\/\/wave-lovers.com\/de\/wp-json\/wp\/v2\/product"}],"about":[{"href":"https:\/\/wave-lovers.com\/de\/wp-json\/wp\/v2\/types\/product"}],"replies":[{"embeddable":true,"href":"https:\/\/wave-lovers.com\/de\/wp-json\/wp\/v2\/comments?post=118036"}],"wp:featuredmedia":[{"embeddable":true,"href":"https:\/\/wave-lovers.com\/de\/wp-json\/wp\/v2\/media\/96310"}],"wp:attachment":[{"href":"https:\/\/wave-lovers.com\/de\/wp-json\/wp\/v2\/media?parent=118036"}],"wp:term":[{"taxonomy":"product_brand","embeddable":true,"href":"https:\/\/wave-lovers.com\/de\/wp-json\/wp\/v2\/product_brand?post=118036"},{"taxonomy":"product_cat","embeddable":true,"href":"https:\/\/wave-lovers.com\/de\/wp-json\/wp\/v2\/product_cat?post=118036"},{"taxonomy":"product_tag","embeddable":true,"href":"https:\/\/wave-lovers.com\/de\/wp-json\/wp\/v2\/product_tag?post=118036"}],"curies":[{"name":"wp","href":"https:\/\/api.w.org\/{rel}","templated":true}]}}