{"id":118014,"date":"2023-06-01T18:52:17","date_gmt":"2023-06-01T16:52:17","guid":{"rendered":"https:\/\/wave-lovers.com\/yachtbeach-luxury-pool-6-2\/"},"modified":"2024-03-11T15:31:30","modified_gmt":"2024-03-11T14:31:30","slug":"yachtbeach-luxury-pool-6-2","status":"publish","type":"product","link":"https:\/\/wave-lovers.com\/de\/yachtbeach-luxury-pool-6-2\/","title":{"rendered":"Yachtbeach Luxury Pool 6.2"},"content":{"rendered":"<h2>Yachtbeach Luxury Pool 6.2 - INFORMATION<\/h2>\n<p>Bauen Sie sich Ihren eigenen schwimmenden Privatbereich mit diesen wundersch\u00f6nen Modulen von YACHTBEACH! Perfekt, um gleichzeitig die Sonne und das Wasser zu genie\u00dfen.<br \/>\nDieser riesige Luxus-Pool ist die perfekte Erg\u00e4nzung f\u00fcr Ihre n\u00e4chste Party, bei der sich Ihre G\u00e4ste entspannen und gesch\u00fctzt vor Quallen oder anderen unerw\u00fcnschten Meeresbewohnern schwimmen k\u00f6nnen. Das gut durchdachte Konzept bietet Ihnen riesigen Platz und sieht immer ordentlich und edel aus. Genau wie bei allen anderen Teakholzimitat-Plattformen aus dem YACHTBEACH-Sortiment.<\/p>\n<p>Zu Ihrer Sicherheit ist die Oberfl\u00e4che der Plattform rutschhemmend beschichtet. Das Material aus dickem Dropstitch-PVC wirkt wahre Wunder gegen alle Arten von Einfl\u00fcssen. Mit dem richtigen Druck, der durch ein \u00dcberdruckventil gew\u00e4hrleistet wird, und den vielen Befestigungsm\u00f6glichkeiten l\u00e4sst sich das Produkt leicht handhaben. Zus\u00e4tzlich gibt es 26 stabile Griffe und insgesamt 14 D-Ringe, die das Befestigen und Transportieren auf jede gew\u00fcnschte Weise erm\u00f6glichen.<\/p>\n<p>Der Pool selbst misst etwa 466x310cm und bietet eine Tiefe von bis zu 240cm. Genug Platz f\u00fcr die ganze Crew. Also ruf alle zusammen, das n\u00e4chste Abenteuer wartet auf euch!<\/p>\n<h2>Yachtbeach Luxury Pool 6.2 - DETAILS<\/h2>\n<p>Gr\u00f6\u00dfe: 620x410cm<br \/>\nPool Gr\u00f6\u00dfe &amp; Tiefe: 466x310cm &amp; 240cm<br \/>\nGr\u00f6\u00dfe der Oberfl\u00e4che: Breite 100cm (50cm an den Seiten)<br \/>\nH\u00f6he: 20cm<br \/>\nGewicht: 85kg<br \/>\nVerpackte Gr\u00f6\u00dfe: 110x76x54cm<\/p>\n<h2>Yachtbeach Luxury Pool 6.2 - HIGHLIGHTS<\/h2>\n<p>- sch\u00f6nes Teak-Design<br \/>\n- 2 Hochdruckventile f\u00fcr schnelles und einfaches Aufpumpen<br \/>\n- \u00dcberdruckventil sorgt f\u00fcr den richtigen Druck<br \/>\n- 24 Yachtbeach-Verbindungsgriffe und 2 zus\u00e4tzliche Tragegriffe<br \/>\n- 4 D-Ringe an der Ober- und Unterseite zur Verankerung oder Verbindung mit anderen aufblasbaren Strukturen<br \/>\n- 20 cm hohe Dropstitch-Luftkan\u00e4le mit Anti-Rutsch-Beschichtung auf der Oberfl\u00e4che<br \/>\n- Lieferung mit Reparaturset (klebstofffrei) und Aufbewahrungstasche<\/p>\n","protected":false},"excerpt":{"rendered":"<p>Riesiger schwimmender Luxus-Pool f\u00fcr entspannte Tage und unbeschwertes Schwimmen im Meer. Noch besser in Kombination mit weiteren Modulen von YACHTBEACH.<\/p>\n","protected":false},"featured_media":96460,"comment_status":"open","ping_status":"closed","template":"","meta":{"_acf_changed":false,"_editorskit_title_hidden":false,"_editorskit_reading_time":0,"_editorskit_is_block_options_detached":false,"_editorskit_block_options_position":"{}","site-sidebar-layout":"default","site-content-layout":"","ast-site-content-layout":"default","site-content-style":"default","site-sidebar-style":"default","ast-global-header-display":"","ast-banner-title-visibility":"","ast-main-header-display":"","ast-hfb-above-header-display":"","ast-hfb-below-header-display":"","ast-hfb-mobile-header-display":"","site-post-title":"","ast-breadcrumbs-content":"","ast-featured-img":"","footer-sml-layout":"","ast-disable-related-posts":"","theme-transparent-header-meta":"default","adv-header-id-meta":"","stick-header-meta":"","header-above-stick-meta":"","header-main-stick-meta":"","header-below-stick-meta":"","astra-migrate-meta-layouts":"set","ast-page-background-enabled":"default","ast-page-background-meta":{"desktop":{"background-color":"","background-image":"","background-repeat":"repeat","background-position":"center center","background-size":"auto","background-attachment":"scroll","background-type":"","background-media":"","overlay-type":"","overlay-color":"","overlay-opacity":"","overlay-gradient":""},"tablet":{"background-color":"","background-image":"","background-repeat":"repeat","background-position":"center center","background-size":"auto","background-attachment":"scroll","background-type":"","background-media":"","overlay-type":"","overlay-color":"","overlay-opacity":"","overlay-gradient":""},"mobile":{"background-color":"","background-image":"","background-repeat":"repeat","background-position":"center center","background-size":"auto","background-attachment":"scroll","background-type":"","background-media":"","overlay-type":"","overlay-color":"","overlay-opacity":"","overlay-gradient":""}},"ast-content-background-meta":{"desktop":{"background-color":"var(--ast-global-color-5)","background-image":"","background-repeat":"repeat","background-position":"center center","background-size":"auto","background-attachment":"scroll","background-type":"","background-media":"","overlay-type":"","overlay-color":"","overlay-opacity":"","overlay-gradient":""},"tablet":{"background-color":"var(--ast-global-color-5)","background-image":"","background-repeat":"repeat","background-position":"center center","background-size":"auto","background-attachment":"scroll","background-type":"","background-media":"","overlay-type":"","overlay-color":"","overlay-opacity":"","overlay-gradient":""},"mobile":{"background-color":"var(--ast-global-color-5)","background-image":"","background-repeat":"repeat","background-position":"center center","background-size":"auto","background-attachment":"scroll","background-type":"","background-media":"","overlay-type":"","overlay-color":"","overlay-opacity":"","overlay-gradient":""}},"_jf_save_progress":""},"product_brand":[],"product_cat":[1967,1968,562,128,60,111],"product_tag":[],"class_list":{"0":"post-118014","1":"product","2":"type-product","3":"status-publish","4":"has-post-thumbnail","6":"product_cat-inflatable-water-platforms-category","7":"product_cat-plattform-de","8":"product_cat-aufblasbar-de","9":"product_cat-inflatable","10":"product_cat-buy","11":"product_cat-verkauf","12":"product_shipping_class-l-de","13":"desktop-align-center","14":"tablet-align-center","15":"mobile-align-center","16":"ast-product-gallery-layout-horizontal","17":"ast-magnify-disabled","18":"ast-product-tabs-layout-horizontal","20":"first","21":"instock","22":"taxable","23":"shipping-taxable","24":"purchasable","25":"product-type-simple"},"acf":[],"brizy_media":[],"_links":{"self":[{"href":"https:\/\/wave-lovers.com\/de\/wp-json\/wp\/v2\/product\/118014","targetHints":{"allow":["GET"]}}],"collection":[{"href":"https:\/\/wave-lovers.com\/de\/wp-json\/wp\/v2\/product"}],"about":[{"href":"https:\/\/wave-lovers.com\/de\/wp-json\/wp\/v2\/types\/product"}],"replies":[{"embeddable":true,"href":"https:\/\/wave-lovers.com\/de\/wp-json\/wp\/v2\/comments?post=118014"}],"wp:featuredmedia":[{"embeddable":true,"href":"https:\/\/wave-lovers.com\/de\/wp-json\/wp\/v2\/media\/96460"}],"wp:attachment":[{"href":"https:\/\/wave-lovers.com\/de\/wp-json\/wp\/v2\/media?parent=118014"}],"wp:term":[{"taxonomy":"product_brand","embeddable":true,"href":"https:\/\/wave-lovers.com\/de\/wp-json\/wp\/v2\/product_brand?post=118014"},{"taxonomy":"product_cat","embeddable":true,"href":"https:\/\/wave-lovers.com\/de\/wp-json\/wp\/v2\/product_cat?post=118014"},{"taxonomy":"product_tag","embeddable":true,"href":"https:\/\/wave-lovers.com\/de\/wp-json\/wp\/v2\/product_tag?post=118014"}],"curies":[{"name":"wp","href":"https:\/\/api.w.org\/{rel}","templated":true}]}}