{"id":118006,"date":"2023-06-02T13:20:15","date_gmt":"2023-06-02T11:20:15","guid":{"rendered":"https:\/\/wave-lovers.com\/imatjet-sup-pump\/"},"modified":"2024-03-11T15:31:30","modified_gmt":"2024-03-11T14:31:30","slug":"imatjet-sup-pumpe","status":"publish","type":"product","link":"https:\/\/wave-lovers.com\/de\/imatjet-sup-pumpe\/","title":{"rendered":"iMatJet\u00ae \/ SUP Pumpe"},"content":{"rendered":"<h2>iMatJet\u00ae Pumpe - INFORMATION<\/h2>\n<p>Die iMatJet\u00ae Pumpe spart Zeit und Energie. Mit der benutzerfreundlichen elektrischen Luftpumpe pumpen Sie Ihren iMatJet\u00ae, Ihr SUP-Board oder Ihr Schlauchboot in wenigen Minuten auf und lassen die Luft auch mindestens genauso schnell wieder ab. Mit der digitalen Hochdruckpumpe k\u00f6nnen Sie den gew\u00fcnschten Luftdruck bis zu 20 PSI oder 1,4 BAR genau einstellen und den Luftdruck in Echtzeit \u00fcber das digitale Display \u00fcberwachen. F\u00fcr ein einfaches und bequemes Bef\u00fcllen und Entleeren stoppt die Pumpe automatisch, sobald der gew\u00fcnschte Luftdruck erreicht ist. Die elektrische Luftpumpe hat ein 275 cm langes Kabel und einen 12-V-Autoadapter f\u00fcr den mobilen Einsatz. Inklusive 3 Adaptern f\u00fcr Schlauchboot, Luftmatratze und Stand Up Paddle.<\/p>\n<h2>iMatJet\u00ae Pumpe - HIGHLIGHTS<\/h2>\n<p>- einfach zu bedienen<br \/>\n- Druck bis zu 20 PSI oder 1,4 BAR<br \/>\n- praktische Digitalanzeige (zeigt den Druck in PSI oder BAR an)<br \/>\n- automatische Stoppfunktion<br \/>\n- 12-V-Autoadapter<br \/>\n- Lieferung mit 3 Adaptern zum Aufpumpen, Hochdruckschlauch und Handbuch<\/p>\n","protected":false},"excerpt":{"rendered":"<p>Elektropumpe f\u00fcr Ihren iMatJet\u00ae, ihr SUP oder Schlauchboot. Inklusive n\u00fctzlichem Zubeh\u00f6r. Schnell und einfach zu bedienen.<\/p>\n","protected":false},"featured_media":96100,"comment_status":"open","ping_status":"closed","template":"","meta":{"_acf_changed":false,"_editorskit_title_hidden":false,"_editorskit_reading_time":0,"_editorskit_is_block_options_detached":false,"_editorskit_block_options_position":"{}","site-sidebar-layout":"default","site-content-layout":"default","ast-site-content-layout":"default","site-content-style":"default","site-sidebar-style":"default","ast-global-header-display":"","ast-banner-title-visibility":"","ast-main-header-display":"","ast-hfb-above-header-display":"","ast-hfb-below-header-display":"","ast-hfb-mobile-header-display":"","site-post-title":"","ast-breadcrumbs-content":"","ast-featured-img":"","footer-sml-layout":"","ast-disable-related-posts":"","theme-transparent-header-meta":"default","adv-header-id-meta":"","stick-header-meta":"","header-above-stick-meta":"","header-main-stick-meta":"","header-below-stick-meta":"","astra-migrate-meta-layouts":"set","ast-page-background-enabled":"default","ast-page-background-meta":{"desktop":{"background-color":"","background-image":"","background-repeat":"repeat","background-position":"center center","background-size":"auto","background-attachment":"scroll","background-type":"","background-media":"","overlay-type":"","overlay-color":"","overlay-opacity":"","overlay-gradient":""},"tablet":{"background-color":"","background-image":"","background-repeat":"repeat","background-position":"center center","background-size":"auto","background-attachment":"scroll","background-type":"","background-media":"","overlay-type":"","overlay-color":"","overlay-opacity":"","overlay-gradient":""},"mobile":{"background-color":"","background-image":"","background-repeat":"repeat","background-position":"center center","background-size":"auto","background-attachment":"scroll","background-type":"","background-media":"","overlay-type":"","overlay-color":"","overlay-opacity":"","overlay-gradient":""}},"ast-content-background-meta":{"desktop":{"background-color":"var(--ast-global-color-5)","background-image":"","background-repeat":"repeat","background-position":"center center","background-size":"auto","background-attachment":"scroll","background-type":"","background-media":"","overlay-type":"","overlay-color":"","overlay-opacity":"","overlay-gradient":""},"tablet":{"background-color":"var(--ast-global-color-5)","background-image":"","background-repeat":"repeat","background-position":"center center","background-size":"auto","background-attachment":"scroll","background-type":"","background-media":"","overlay-type":"","overlay-color":"","overlay-opacity":"","overlay-gradient":""},"mobile":{"background-color":"var(--ast-global-color-5)","background-image":"","background-repeat":"repeat","background-position":"center center","background-size":"auto","background-attachment":"scroll","background-type":"","background-media":"","overlay-type":"","overlay-color":"","overlay-opacity":"","overlay-gradient":""}},"_jf_save_progress":""},"product_brand":[],"product_cat":[111,506],"product_tag":[],"class_list":{"0":"post-118006","1":"product","2":"type-product","3":"status-publish","4":"has-post-thumbnail","6":"product_cat-verkauf","7":"product_cat-ersatzteile-de","8":"product_shipping_class-s-de","9":"desktop-align-center","10":"tablet-align-center","11":"mobile-align-center","12":"ast-product-gallery-layout-horizontal","13":"ast-product-gallery-with-no-image","14":"ast-magnify-disabled","15":"ast-product-tabs-layout-horizontal","17":"first","18":"instock","19":"taxable","20":"shipping-taxable","21":"purchasable","22":"product-type-simple"},"acf":[],"brizy_media":[],"_links":{"self":[{"href":"https:\/\/wave-lovers.com\/de\/wp-json\/wp\/v2\/product\/118006","targetHints":{"allow":["GET"]}}],"collection":[{"href":"https:\/\/wave-lovers.com\/de\/wp-json\/wp\/v2\/product"}],"about":[{"href":"https:\/\/wave-lovers.com\/de\/wp-json\/wp\/v2\/types\/product"}],"replies":[{"embeddable":true,"href":"https:\/\/wave-lovers.com\/de\/wp-json\/wp\/v2\/comments?post=118006"}],"wp:featuredmedia":[{"embeddable":true,"href":"https:\/\/wave-lovers.com\/de\/wp-json\/wp\/v2\/media\/96100"}],"wp:attachment":[{"href":"https:\/\/wave-lovers.com\/de\/wp-json\/wp\/v2\/media?parent=118006"}],"wp:term":[{"taxonomy":"product_brand","embeddable":true,"href":"https:\/\/wave-lovers.com\/de\/wp-json\/wp\/v2\/product_brand?post=118006"},{"taxonomy":"product_cat","embeddable":true,"href":"https:\/\/wave-lovers.com\/de\/wp-json\/wp\/v2\/product_cat?post=118006"},{"taxonomy":"product_tag","embeddable":true,"href":"https:\/\/wave-lovers.com\/de\/wp-json\/wp\/v2\/product_tag?post=118006"}],"curies":[{"name":"wp","href":"https:\/\/api.w.org\/{rel}","templated":true}]}}