{"id":117984,"date":"2023-06-07T22:02:08","date_gmt":"2023-06-07T20:02:08","guid":{"rendered":"https:\/\/wave-lovers.com\/awake-vinga-3-e-foil\/"},"modified":"2024-03-11T15:31:30","modified_gmt":"2024-03-11T14:31:30","slug":"awake-vinga-3-e-foil","status":"publish","type":"product","link":"https:\/\/wave-lovers.com\/de\/awake-vinga-3-e-foil\/","title":{"rendered":"Awake VINGA 3 E-Foil"},"content":{"rendered":"<h2>Awake VINGA 3 - INFORMATION<\/h2>\n<p><img decoding=\"async\" class=\"alignright wp-image-96796 size-thumbnail\" src=\"https:\/\/wave-lovers.com\/wp-content\/uploads\/2023\/06\/awake-vinga-3-06-e1687551625457.jpg\" alt=\"\" width=\"150\" height=\"150\" srcset=\"https:\/\/wave-lovers.com\/wp-content\/uploads\/2023\/06\/awake-vinga-3-06-e1687551625457.jpg 471w, https:\/\/wave-lovers.com\/wp-content\/uploads\/2023\/06\/awake-vinga-3-06-e1687551625457-300x300.jpg 300w, https:\/\/wave-lovers.com\/wp-content\/uploads\/2023\/06\/awake-vinga-3-06-e1687551625457-150x150.jpg 150w, https:\/\/wave-lovers.com\/wp-content\/uploads\/2023\/06\/awake-vinga-3-06-e1687551625457-100x100.jpg 100w, https:\/\/wave-lovers.com\/wp-content\/uploads\/2023\/06\/awake-vinga-3-06-e1687551625457-32x32.jpg 32w\" sizes=\"(max-width: 150px) 100vw, 150px\" \/><\/p>\n<p>Die Firma Awake steht nach eigenen Angaben f\u00fcr hohe Leistung und Qualit\u00e4t bei allem, was sie tun. So sollen sowohl Anf\u00e4nger als auch Profis jede Herausforderung annehmen k\u00f6nnen.<\/p>\n<p>Gegr\u00fcndet mit der Absicht, den Markt f\u00fcr elektrische Surfbretter zu revolutionieren, haben sie ein Konzept entwickelt, das die Ausr\u00fcstung von begeisterten Surfern auf ein Minimum reduziert, aber dennoch Freiraum f\u00fcr Wahlm\u00f6glichkeiten l\u00e4sst. Aus diesem Grund haben sie die Ausr\u00fcstung so konzipiert, dass es jederzeit m\u00f6glich ist, zwischen E-Foil und Elektro-Surfbrett (Awake R\u00c4VIK) zu wechseln. Dank des einzigartigen Flexsystems kann man sich ein komplettes Set an Zusatzausr\u00fcstung sparen, wenn man sowohl auf als auch \u00fcber den Wellen reiten m\u00f6chte.<\/p>\n<p>Das E-Foil, das sich \u00fcber die Wasseroberfl\u00e4che bewegt, eignet sich besonders f\u00fcr kleinere Wellen und l\u00e4ngere Distanzen. Wer auch in rauerer See Spa\u00df mit den Wellen haben will, f\u00fcr den lohnt sich ein Blick auf das Elektro-Surfboard Awake R\u00c4VIK.<\/p>\n<p>Neben den beiden Boardvarianten gibt es jeweils zwei Versionen, die sich auf unterschiedliche Erfahrungsstufen und den damit verbundenen Fahrstil beziehen. Einsteiger und Lernende sollten zur gr\u00f6\u00dferen Version, dem VINGA 3, greifen, w\u00e4hrend Fortgeschrittene und Profis, die eine Herausforderung suchen, mit dem VINGA S gl\u00fccklich werden.<\/p>\n<hr \/>\n<p><img decoding=\"async\" class=\"alignleft wp-image-96793 size-thumbnail\" src=\"https:\/\/wave-lovers.com\/wp-content\/uploads\/2023\/06\/awake-vinga-3-05-e1687551654452.jpg\" alt=\"\" width=\"150\" height=\"150\" srcset=\"https:\/\/wave-lovers.com\/wp-content\/uploads\/2023\/06\/awake-vinga-3-05-e1687551654452.jpg 471w, https:\/\/wave-lovers.com\/wp-content\/uploads\/2023\/06\/awake-vinga-3-05-e1687551654452-300x300.jpg 300w, https:\/\/wave-lovers.com\/wp-content\/uploads\/2023\/06\/awake-vinga-3-05-e1687551654452-150x150.jpg 150w, https:\/\/wave-lovers.com\/wp-content\/uploads\/2023\/06\/awake-vinga-3-05-e1687551654452-100x100.jpg 100w, https:\/\/wave-lovers.com\/wp-content\/uploads\/2023\/06\/awake-vinga-3-05-e1687551654452-32x32.jpg 32w\" sizes=\"(max-width: 150px) 100vw, 150px\" \/><\/p>\n<p>Die Einsteigerversion des Awake VINGA ist ein vielseitiges E-Foil, das auf eine steile Lernkurve abzielt und den Surfer vom ersten Mal bis zum fortgeschrittenen Fahren begleitet.<\/p>\n<p>Dabei ist es dem Unternehmen gelungen, eine neue Stufe der Benutzerfreundlichkeit zu etablieren, die unter anderem auf das Click-to-Ride-System zur\u00fcckzuf\u00fchren ist. Hier wurde ein Mechanismus geschaffen, der eine Montage ohne Schrauben und Kabel innerhalb von 30 Sekunden erm\u00f6glicht.<\/p>\n<p>Das Board hat ein Volumen von 95 Litern und bietet einen konkaven Rumpf, der f\u00fcr eine gute Balance sorgt und trotzdem ein dynamisches Fahrgef\u00fchl vermittelt.<\/p>\n<p>Gro\u00dfer Wert wurde auch auf zus\u00e4tzliche Sicherheitsfeatures gelegt, was sich im abgeschirmten Jet-Antrieb, weichen Rails und abgerundeten Wings widerspiegelt.<\/p>\n<hr \/>\n<h2>Awake VINGA 3 - DETAILS<\/h2>\n<p>Gr\u00f6\u00dfe: 170x70x17cm<br \/>\nMasth\u00f6he: 70cm<br \/>\nVolumen: 95l<br \/>\nH\u00f6chstgeschwindigkeit: bis zu 50 km\/h<br \/>\nGewicht: 20kg<br \/>\nAntrieb: Linearstrahlsystem<\/p>\n<h2>Awake VINGA 3 - HIGHLIGHTS<\/h2>\n<p>- sanfter und fehlerverzeihender Einstieg<br \/>\n- optimierte Bedienbarkeit mit maximaler Kontrolle<br \/>\n- fortschrittliches und sicherheitsgerechtes Design<br \/>\n- effizienter Antrieb und leistungsstarker Akku f\u00fcr eine Mindestbetriebszeit von 120min<br \/>\n- hochwertige Ausstattung mit vielen Individualisierungsm\u00f6glichkeiten<\/p>\n","protected":false},"excerpt":{"rendered":"<p>Die Einsteigerversion Awake VINGA 3 ist ein vielseitiges E-Foil, das auf eine steile Lernkurve abzielt und den Surfer vom ersten Mal bis zum Profi begleitet.<\/p>\n","protected":false},"featured_media":96782,"comment_status":"open","ping_status":"closed","template":"","meta":{"_acf_changed":false,"_editorskit_title_hidden":false,"_editorskit_reading_time":0,"_editorskit_is_block_options_detached":false,"_editorskit_block_options_position":"{}","site-sidebar-layout":"default","site-content-layout":"default","ast-site-content-layout":"default","site-content-style":"default","site-sidebar-style":"default","ast-global-header-display":"","ast-banner-title-visibility":"","ast-main-header-display":"","ast-hfb-above-header-display":"","ast-hfb-below-header-display":"","ast-hfb-mobile-header-display":"","site-post-title":"","ast-breadcrumbs-content":"","ast-featured-img":"","footer-sml-layout":"","ast-disable-related-posts":"","theme-transparent-header-meta":"default","adv-header-id-meta":"","stick-header-meta":"","header-above-stick-meta":"","header-main-stick-meta":"","header-below-stick-meta":"","astra-migrate-meta-layouts":"set","ast-page-background-enabled":"default","ast-page-background-meta":{"desktop":{"background-color":"","background-image":"","background-repeat":"repeat","background-position":"center center","background-size":"auto","background-attachment":"scroll","background-type":"","background-media":"","overlay-type":"","overlay-color":"","overlay-opacity":"","overlay-gradient":""},"tablet":{"background-color":"","background-image":"","background-repeat":"repeat","background-position":"center center","background-size":"auto","background-attachment":"scroll","background-type":"","background-media":"","overlay-type":"","overlay-color":"","overlay-opacity":"","overlay-gradient":""},"mobile":{"background-color":"","background-image":"","background-repeat":"repeat","background-position":"center center","background-size":"auto","background-attachment":"scroll","background-type":"","background-media":"","overlay-type":"","overlay-color":"","overlay-opacity":"","overlay-gradient":""}},"ast-content-background-meta":{"desktop":{"background-color":"var(--ast-global-color-5)","background-image":"","background-repeat":"repeat","background-position":"center center","background-size":"auto","background-attachment":"scroll","background-type":"","background-media":"","overlay-type":"","overlay-color":"","overlay-opacity":"","overlay-gradient":""},"tablet":{"background-color":"var(--ast-global-color-5)","background-image":"","background-repeat":"repeat","background-position":"center center","background-size":"auto","background-attachment":"scroll","background-type":"","background-media":"","overlay-type":"","overlay-color":"","overlay-opacity":"","overlay-gradient":""},"mobile":{"background-color":"var(--ast-global-color-5)","background-image":"","background-repeat":"repeat","background-position":"center center","background-size":"auto","background-attachment":"scroll","background-type":"","background-media":"","overlay-type":"","overlay-color":"","overlay-opacity":"","overlay-gradient":""}},"_jf_save_progress":""},"product_brand":[],"product_cat":[60,111,18,92],"product_tag":[],"class_list":{"0":"post-117984","1":"product","2":"type-product","3":"status-publish","4":"has-post-thumbnail","6":"product_cat-buy","7":"product_cat-verkauf","8":"product_cat-electric-hydrofoil-surfboard","9":"product_cat-e-foil-de","10":"product_shipping_class-lg-de","11":"desktop-align-center","12":"tablet-align-center","13":"mobile-align-center","14":"ast-product-gallery-layout-horizontal","15":"ast-magnify-disabled","16":"ast-product-single-variable","17":"ast-product-tabs-layout-horizontal","19":"first","20":"instock","21":"taxable","22":"shipping-taxable","23":"purchasable","24":"product-type-variable"},"acf":[],"brizy_media":[],"_links":{"self":[{"href":"https:\/\/wave-lovers.com\/de\/wp-json\/wp\/v2\/product\/117984","targetHints":{"allow":["GET"]}}],"collection":[{"href":"https:\/\/wave-lovers.com\/de\/wp-json\/wp\/v2\/product"}],"about":[{"href":"https:\/\/wave-lovers.com\/de\/wp-json\/wp\/v2\/types\/product"}],"replies":[{"embeddable":true,"href":"https:\/\/wave-lovers.com\/de\/wp-json\/wp\/v2\/comments?post=117984"}],"wp:featuredmedia":[{"embeddable":true,"href":"https:\/\/wave-lovers.com\/de\/wp-json\/wp\/v2\/media\/96782"}],"wp:attachment":[{"href":"https:\/\/wave-lovers.com\/de\/wp-json\/wp\/v2\/media?parent=117984"}],"wp:term":[{"taxonomy":"product_brand","embeddable":true,"href":"https:\/\/wave-lovers.com\/de\/wp-json\/wp\/v2\/product_brand?post=117984"},{"taxonomy":"product_cat","embeddable":true,"href":"https:\/\/wave-lovers.com\/de\/wp-json\/wp\/v2\/product_cat?post=117984"},{"taxonomy":"product_tag","embeddable":true,"href":"https:\/\/wave-lovers.com\/de\/wp-json\/wp\/v2\/product_tag?post=117984"}],"curies":[{"name":"wp","href":"https:\/\/api.w.org\/{rel}","templated":true}]}}