{"id":117665,"date":"2023-06-21T10:02:51","date_gmt":"2023-06-21T08:02:51","guid":{"rendered":"https:\/\/wave-lovers.com\/easyfoil-two\/"},"modified":"2024-03-11T15:31:28","modified_gmt":"2024-03-11T14:31:28","slug":"easyfoil-two","status":"publish","type":"product","link":"https:\/\/wave-lovers.com\/de\/easyfoil-two\/","title":{"rendered":"EASYFOIL TWO Aufblasbares E-Foil"},"content":{"rendered":"<h2>EASYFOIL TWO - INFORMATION<\/h2>\n<p>Die Gr\u00fcnder des Unternehmens starteten im Jahr 2017 in Stuttgart, Deutschland. Das Ziel war es, ein kosteng\u00fcnstiges E-Foil zu produzieren, welches den Preis von 15.000\u20ac nicht \u00fcberschreitet. Daraus entstand die EASYFOIL ONE, welches den Einstiegspunkt f\u00fcr das Unternehmen bw electronics im E-Foil Markt repr\u00e4sentiert. Das Unternehmen konzentriert sich jedoch nicht nur auf diesen Bereich, sondern bietet seine erstklassigen Produkte auch f\u00fcr ein breiteres Spektrum an Wassersportanwendungen an.<\/p>\n<p>Das neueste Meisterwerk der deutschen Ingenieurskunst setzt auf Mobilit\u00e4t &amp; Effizienz. Dazu wurde das 27kg schwere aufblasbare Board so konzipiert, dass es m\u00fchelos und platzsparend transportiert werden kann. Zus\u00e4tzlich wurde eine innovative Motorsteuerung verbaut, die direkt in den Mast integriert ist, Platz f\u00fcr zwei Akkus bietet und damit Laufzeiten von insgesamt bis zu 3 Stunden erm\u00f6glicht. Einfach unglaublich!<\/p>\n<h3><img decoding=\"async\" class=\"alignleft wp-image-95021\" src=\"https:\/\/wave-lovers.com\/wp-content\/uploads\/2023\/06\/easyfoil-two-equipment-200x300.png\" alt=\"\" width=\"133\" height=\"200\" srcset=\"https:\/\/wave-lovers.com\/wp-content\/uploads\/2023\/06\/easyfoil-two-equipment-200x300.png 200w, https:\/\/wave-lovers.com\/wp-content\/uploads\/2023\/06\/easyfoil-two-equipment.png 320w\" sizes=\"(max-width: 133px) 100vw, 133px\" \/> Vielseitige Optionen<\/h3>\n<p>Das aufblasbare Board (MSI Fusion Structure) ist optimal f\u00fcr den Transport ausgelegt und mit 4 kg entsprechend leicht. Es ist \u00e4hnlich wie ein Standup-Paddelboard konzipiert und in 3 Versionen erh\u00e4ltlich: Standard, BIG &amp; Carbon Limited Edition.<\/p>\n<p>Die kleineren Modelle (Standard &amp; Carbon) haben die Ma\u00dfe von ca. 160 x 65 x 12cm und eignen sich f\u00fcr den Fahrstil von fortgeschrittenen Fahrern, die schnelle, reaktionsschnelle Man\u00f6ver erleben wollen. Die gr\u00f6\u00dfere Version (200 x 80 x 12cm) wurde speziell f\u00fcr Anf\u00e4nger und Lernende entwickelt.<\/p>\n<p>Das Komplettset enth\u00e4lt alles, was Sie f\u00fcr den Einstieg ben\u00f6tigen. Im Paket sind daher auch eine Luftpumpe und ein Reparaturset enthalten.<\/p>\n<p>&nbsp;<\/p>\n<h3><img decoding=\"async\" class=\"wp-image-95012 alignright\" src=\"https:\/\/wave-lovers.com\/wp-content\/uploads\/2023\/06\/easyfoil-two-battery.png\" alt=\"\" width=\"135\" height=\"200\" \/>Langlebiger Akku<\/h3>\n<p>An das EASYFOIL TWO k\u00f6nnen Sie zwei Akkus f\u00fcr insgesamt bis zu 3 Stunden Laufzeit anschlie\u00dfen. Das mitgelieferte Schnellladeger\u00e4t ben\u00f6tigt nur 2,5 Stunden, um einen Akku aufzuladen. Zus\u00e4tzlich bietet das Unternehmen ein noch st\u00e4rkeres Ladeger\u00e4t an, das die Ladezeit auf eine Stunde pro Akku reduziert. Der Austausch kann in wenigen Schritten und innerhalb k\u00fcrzester Zeit durchgef\u00fchrt werden.<\/p>\n<p>In den Akkupacks werden haupts\u00e4chlich hochwertige Zellen des Herstellers Samsung verwendet, die eine besonders lange Lebensdauer aufweisen.<\/p>\n<p>Bitte beachten: Die Fahrzeit des Akkus ist abh\u00e4ngig vom Gewicht des Fahrers, dem gew\u00e4hlten Frontfl\u00fcgel und der Geschwindigkeit.<\/p>\n<p>&nbsp;<\/p>\n<h3><img decoding=\"async\" class=\"wp-image-95024 alignleft\" src=\"https:\/\/wave-lovers.com\/wp-content\/uploads\/2023\/06\/easyfoil-two-esc.png\" alt=\"\" width=\"133\" height=\"200\" srcset=\"https:\/\/wave-lovers.com\/wp-content\/uploads\/2023\/06\/easyfoil-two-esc.png 320w, https:\/\/wave-lovers.com\/wp-content\/uploads\/2023\/06\/easyfoil-two-esc-200x300.png 200w\" sizes=\"(max-width: 133px) 100vw, 133px\" \/>Effizienter ESC Motor Controller<\/h3>\n<p>F\u00fcr den kraftvollen Antrieb ben\u00f6tigt der Motor sicheren Kontakt zum Steuerger\u00e4t, welcher als Produkt f\u00fchrender deutscher Ingenieurskunst in Bonn gefertigt wurde. Hier wurden neue Ma\u00dfst\u00e4be in Sachen Effizienz und Zuverl\u00e4ssigkeit gesetzt. Die platzsparende und wartungsfreundliche Konstruktion l\u00e4sst das Herz eines jeden Mechanikers h\u00f6her schlagen und sorgt dank ausgefeilter Technik f\u00fcr viele Jahre unbeschwerten Fahrspa\u00df.<\/p>\n<p>Der Controller versorgt den Motor mit der erforderlichen Spannung und ist auch f\u00fcr die Regelung der abgegebenen Leistung zust\u00e4ndig. Er ist direkt im Mast eingebaut, was den gleichzeitigen Einsatz von zwei Batterien erm\u00f6glicht.<\/p>\n<p>&nbsp;<\/p>\n<h3><img loading=\"lazy\" decoding=\"async\" class=\"wp-image-95015 alignright\" src=\"https:\/\/wave-lovers.com\/wp-content\/uploads\/2023\/06\/easyfoil-two-carbon-lid-200x300.png\" alt=\"\" width=\"133\" height=\"200\" srcset=\"https:\/\/wave-lovers.com\/wp-content\/uploads\/2023\/06\/easyfoil-two-carbon-lid-200x300.png 200w, https:\/\/wave-lovers.com\/wp-content\/uploads\/2023\/06\/easyfoil-two-carbon-lid.png 320w\" sizes=\"(max-width: 133px) 100vw, 133px\" \/>Wasserdichtes Geh\u00e4use Mit Carbonabdeckung<\/h3>\n<p>Das Herzst\u00fcck des aufblasbaren Boards ist eine wasserdichte Box, in der die gesamte Technik wie Batterien und Antrieb sicher untergebracht ist. Die Box ist aus CFK und GFK gefertigt und wiegt nur etwa 6,5 kg.<\/p>\n<p>Der neu gestaltete Carbon-Deckel ist jetzt mit 4 Aluminium-Schnellverschl\u00fcssen ausgestattet, die f\u00fcr eine l\u00e4ngere Haltbarkeit sorgen und l\u00e4stiges Schrauben beim Batteriewechsel vermeiden. Die Oberfl\u00e4che ist mit einer Anti-Rutsch-Struktur beschichtet, damit Sie das Beste aus jedem Erlebnis herausholen k\u00f6nnen. Das kosteneffiziente E-Foil ist bis ins letzte Detail durchdacht und bietet Ihnen nichts als die besten Designl\u00f6sungen.<\/p>\n<p>&nbsp;<\/p>\n<h3><img loading=\"lazy\" decoding=\"async\" class=\"wp-image-95033 alignleft\" src=\"https:\/\/wave-lovers.com\/wp-content\/uploads\/2023\/06\/easyfoil-two-gear-200x300.png\" alt=\"\" width=\"133\" height=\"200\" srcset=\"https:\/\/wave-lovers.com\/wp-content\/uploads\/2023\/06\/easyfoil-two-gear-200x300.png 200w, https:\/\/wave-lovers.com\/wp-content\/uploads\/2023\/06\/easyfoil-two-gear.png 320w\" sizes=\"(max-width: 133px) 100vw, 133px\" \/>Leistungsstarkes Equipment mit koordiniertem Zubeh\u00f6r<\/h3>\n<p>Das E-Foil kann nach Ihren W\u00fcnschen angepasst werden und erreicht, je nach montiertem Fl\u00fcgel oder Propeller, Geschwindigkeiten von \u00fcber 40 km\/h. Es stehen 4 verschiedene Optionen zur Verf\u00fcgung, die unterschiedliche Fahrstile erm\u00f6glichen.<\/p>\n<p>Den Propeller gibt es als 5,5\" Version f\u00fcr eine bessere Beschleunigung, oder auch als 6\" Allround-Option bzw. mit einer Gr\u00f6\u00dfe von 7\" f\u00fcr eine h\u00f6here Geschwindigkeit. Au\u00dferdem gibt es einen Faltpropeller f\u00fcr diejenigen, die gerne auch mal auf einer Welle surfen. Die 6\"-Version ist im Lieferumfang enthalten.<\/p>\n<p>Die aus Carbon gefertigten Fl\u00fcgel sind in 3 Optionen von 1150cm\u00b2 \u00fcber 1600cm\u00b2 bis 2000cm\u00b2 Gr\u00f6\u00dfe erh\u00e4ltlich, wobei die kleineren Modelle agilere Fahrten, aber weniger Balance bieten.<\/p>\n<p>&nbsp;<\/p>\n<h2>EASYFOIL TWO - DETAILS<\/h2>\n<p>Gr\u00f6\u00dfe: 160 x 65 x 12cm (Standard\/Carbon) \/ 200 x 80 x 12cm (BIG)<br \/>\nVerpackte Gr\u00f6\u00dfe: ca. 88 x 44 x 42cm<br \/>\nMaximale Leistung: 3.600 W<br \/>\nH\u00f6chstgeschwindigkeit: ca. 40 km\/h<br \/>\nLaufzeit \/ Reichweite: 90min \/ 22km (mit einer Batterie)<br \/>\nGewicht: ca. 27 kg<br \/>\nZul\u00e4ssige Belastung: 90kg (Standard\/Carbon) \/ 110 kg (BIG)<\/p>\n<h2>EASYFOIL TWO - HIGHLIGHTS<\/h2>\n<p>- gleichzeitiger Einsatz von zwei Akkus f\u00fcr bis zu 180min Laufzeit (44km)<br \/>\n- neueste effiziente Motorsteuerungseinheit (ESC)<br \/>\n- Schnellverschl\u00fcsse mit verbesserter Haltbarkeit<br \/>\n- Ersatzteilkompatibilit\u00e4t mit allen anderen Modellen von EASYFOIL<br \/>\n- individuell anpassbare Ausr\u00fcstung f\u00fcr alle Bed\u00fcrfnisse<\/p>\n","protected":false},"excerpt":{"rendered":"<p>Kosteng\u00fcnstig und leicht zu transportieren. Ein wunderbar zuverl\u00e4ssiges E-Foil, in das Sie sich verlieben werden. Entwickelt von deutschen Ingenieuren.<\/p>\n","protected":false},"featured_media":101055,"comment_status":"open","ping_status":"closed","template":"","meta":{"_acf_changed":false,"_editorskit_title_hidden":false,"_editorskit_reading_time":0,"_editorskit_is_block_options_detached":false,"_editorskit_block_options_position":"{}","site-sidebar-layout":"default","site-content-layout":"default","ast-site-content-layout":"default","site-content-style":"default","site-sidebar-style":"default","ast-global-header-display":"","ast-banner-title-visibility":"","ast-main-header-display":"","ast-hfb-above-header-display":"","ast-hfb-below-header-display":"","ast-hfb-mobile-header-display":"","site-post-title":"","ast-breadcrumbs-content":"","ast-featured-img":"","footer-sml-layout":"","ast-disable-related-posts":"","theme-transparent-header-meta":"default","adv-header-id-meta":"","stick-header-meta":"","header-above-stick-meta":"","header-main-stick-meta":"","header-below-stick-meta":"","astra-migrate-meta-layouts":"set","ast-page-background-enabled":"default","ast-page-background-meta":{"desktop":{"background-color":"","background-image":"","background-repeat":"repeat","background-position":"center center","background-size":"auto","background-attachment":"scroll","background-type":"","background-media":"","overlay-type":"","overlay-color":"","overlay-opacity":"","overlay-gradient":""},"tablet":{"background-color":"","background-image":"","background-repeat":"repeat","background-position":"center center","background-size":"auto","background-attachment":"scroll","background-type":"","background-media":"","overlay-type":"","overlay-color":"","overlay-opacity":"","overlay-gradient":""},"mobile":{"background-color":"","background-image":"","background-repeat":"repeat","background-position":"center center","background-size":"auto","background-attachment":"scroll","background-type":"","background-media":"","overlay-type":"","overlay-color":"","overlay-opacity":"","overlay-gradient":""}},"ast-content-background-meta":{"desktop":{"background-color":"var(--ast-global-color-5)","background-image":"","background-repeat":"repeat","background-position":"center center","background-size":"auto","background-attachment":"scroll","background-type":"","background-media":"","overlay-type":"","overlay-color":"","overlay-opacity":"","overlay-gradient":""},"tablet":{"background-color":"var(--ast-global-color-5)","background-image":"","background-repeat":"repeat","background-position":"center center","background-size":"auto","background-attachment":"scroll","background-type":"","background-media":"","overlay-type":"","overlay-color":"","overlay-opacity":"","overlay-gradient":""},"mobile":{"background-color":"var(--ast-global-color-5)","background-image":"","background-repeat":"repeat","background-position":"center center","background-size":"auto","background-attachment":"scroll","background-type":"","background-media":"","overlay-type":"","overlay-color":"","overlay-opacity":"","overlay-gradient":""}},"_jf_save_progress":""},"product_brand":[],"product_cat":[562,128,60,111,18,92],"product_tag":[],"class_list":{"0":"post-117665","1":"product","2":"type-product","3":"status-publish","4":"has-post-thumbnail","6":"product_cat-aufblasbar-de","7":"product_cat-inflatable","8":"product_cat-buy","9":"product_cat-verkauf","10":"product_cat-electric-hydrofoil-surfboard","11":"product_cat-e-foil-de","12":"product_shipping_class-lg-de","13":"desktop-align-center","14":"tablet-align-center","15":"mobile-align-center","16":"ast-product-gallery-layout-horizontal","17":"ast-magnify-disabled","18":"ast-product-single-variable","19":"ast-product-tabs-layout-horizontal","21":"first","22":"instock","23":"taxable","24":"shipping-taxable","25":"purchasable","26":"product-type-variable"},"acf":[],"brizy_media":[],"_links":{"self":[{"href":"https:\/\/wave-lovers.com\/de\/wp-json\/wp\/v2\/product\/117665","targetHints":{"allow":["GET"]}}],"collection":[{"href":"https:\/\/wave-lovers.com\/de\/wp-json\/wp\/v2\/product"}],"about":[{"href":"https:\/\/wave-lovers.com\/de\/wp-json\/wp\/v2\/types\/product"}],"replies":[{"embeddable":true,"href":"https:\/\/wave-lovers.com\/de\/wp-json\/wp\/v2\/comments?post=117665"}],"wp:featuredmedia":[{"embeddable":true,"href":"https:\/\/wave-lovers.com\/de\/wp-json\/wp\/v2\/media\/101055"}],"wp:attachment":[{"href":"https:\/\/wave-lovers.com\/de\/wp-json\/wp\/v2\/media?parent=117665"}],"wp:term":[{"taxonomy":"product_brand","embeddable":true,"href":"https:\/\/wave-lovers.com\/de\/wp-json\/wp\/v2\/product_brand?post=117665"},{"taxonomy":"product_cat","embeddable":true,"href":"https:\/\/wave-lovers.com\/de\/wp-json\/wp\/v2\/product_cat?post=117665"},{"taxonomy":"product_tag","embeddable":true,"href":"https:\/\/wave-lovers.com\/de\/wp-json\/wp\/v2\/product_tag?post=117665"}],"curies":[{"name":"wp","href":"https:\/\/api.w.org\/{rel}","templated":true}]}}