{"id":117655,"date":"2023-06-23T18:41:42","date_gmt":"2023-06-23T16:41:42","guid":{"rendered":"https:\/\/wave-lovers.com\/awake-vinga-s-e-foil\/"},"modified":"2024-03-11T15:31:27","modified_gmt":"2024-03-11T14:31:27","slug":"awake-vinga-s-e-foil","status":"publish","type":"product","link":"https:\/\/wave-lovers.com\/de\/awake-vinga-s-e-foil\/","title":{"rendered":"Awake VINGA S E-Foil"},"content":{"rendered":"<h2>Awake VINGA S - INFORMATION<\/h2>\n<p><img decoding=\"async\" class=\"alignright wp-image-96778\" src=\"https:\/\/wave-lovers.com\/wp-content\/uploads\/2023\/06\/awake-vinga-s-11-261x300.jpg\" alt=\"\" width=\"169\" height=\"194\" srcset=\"https:\/\/wave-lovers.com\/wp-content\/uploads\/2023\/06\/awake-vinga-s-11-261x300.jpg 261w, https:\/\/wave-lovers.com\/wp-content\/uploads\/2023\/06\/awake-vinga-s-11-600x689.jpg 600w, https:\/\/wave-lovers.com\/wp-content\/uploads\/2023\/06\/awake-vinga-s-11.jpg 700w\" sizes=\"(max-width: 169px) 100vw, 169px\" \/><\/p>\n<p>Die Firma Awake steht nach eigenen Angaben f\u00fcr hohe Leistung und Qualit\u00e4t in allem, was sie tun. So sollen sowohl Anf\u00e4nger als auch Profis jede Herausforderung annehmen k\u00f6nnen.<\/p>\n<p>Gegr\u00fcndet mit der Absicht, den Markt f\u00fcr elektrische Surfbretter zu revolutionieren, haben sie ein Konzept entwickelt, das die Ausr\u00fcstung von begeisterten Surfern auf ein Minimum reduziert, aber dennoch Freiraum f\u00fcr Wahlm\u00f6glichkeiten l\u00e4sst. Aus diesem Grund haben sie die Ausr\u00fcstung so konzipiert, dass es jederzeit m\u00f6glich ist, zwischen E-Foil und Elektro-Surfbrett (Awake R\u00c4VIK) zu wechseln. Dank des einzigartigen Flexsystems kann man sich ein komplettes Set an Zusatzausr\u00fcstung sparen, wenn man sowohl auf als auch \u00fcber den Wellen reiten m\u00f6chte.<\/p>\n<p>Das E-Foil, das sich \u00fcber die Wasseroberfl\u00e4che bewegt, eignet sich besonders f\u00fcr kleinere Wellen und l\u00e4ngere Distanzen. Wer Spa\u00df mit den Wellen haben will, f\u00fcr den lohnt sich ein Blick auf das Elektro-Surfboard Awake R\u00c4VIK.<\/p>\n<p>Neben den beiden Boardvarianten gibt es jeweils zwei Versionen, die sich auf unterschiedliche Erfahrungsstufen und den damit verbundenen Fahrstil beziehen. Einsteiger und Lernende sollten zur gr\u00f6\u00dferen Version, dem VINGA 3, greifen. Fortgeschrittene und Profis, die eine Herausforderung suchen, werden mit dem VINGA S gl\u00fccklich.<\/p>\n<hr \/>\n<p><img decoding=\"async\" class=\"alignleft wp-image-96775 \" src=\"https:\/\/wave-lovers.com\/wp-content\/uploads\/2023\/06\/awake-vinga-s-10.jpg\" alt=\"\" width=\"169\" height=\"194\" srcset=\"https:\/\/wave-lovers.com\/wp-content\/uploads\/2023\/06\/awake-vinga-s-10.jpg 700w, https:\/\/wave-lovers.com\/wp-content\/uploads\/2023\/06\/awake-vinga-s-10-261x300.jpg 261w, https:\/\/wave-lovers.com\/wp-content\/uploads\/2023\/06\/awake-vinga-s-10-600x689.jpg 600w\" sizes=\"(max-width: 169px) 100vw, 169px\" \/><\/p>\n<p>Mit dem VINGA S Awake wurde ein E-Foil geschaffen, das den hohen Anspr\u00fcchen professioneller Surfer gerecht wird. Das wendige Board bringt nicht nur Perfektion in Sachen Leistung und Man\u00f6vrierbarkeit, sondern sorgt dank der umfangreichen Features f\u00fcr eine Revolution auf dem E-Foil-Markt.<\/p>\n<p>Fortgeschrittene Surfer werden das Board nicht nur wegen des dynamischen Fahrgef\u00fchls lieben, sondern auch, weil Awake jeden Designfaktor bis ins letzte Detail durchdacht hat. Ob es die verst\u00e4rkten Fu\u00dfschlaufen sind, die neue M\u00f6glichkeiten f\u00fcr Tricks und Stunts er\u00f6ffnen, oder das Click-to-Ride-System, das dem Surfer ein neues Ma\u00df an Flexibilit\u00e4t und Benutzerfreundlichkeit bietet. Das VINGA S l\u00e4sst keine W\u00fcnsche offen.<\/p>\n<p>Zudem wurde bei den Designentscheidungen nicht nur auf die beste Performance geachtet, sondern gleichzeitig auch auf gr\u00f6\u00dftm\u00f6gliche Sicherheit. Ein wahres Meisterwerk, das jeder Sportler schnell wertsch\u00e4tzen wird.<\/p>\n<hr \/>\n<h2>Awake VINGA S - DETAILS<\/h2>\n<p>Gr\u00f6\u00dfe: 140x60x14cm<br \/>\nMast-H\u00f6he: 70cm<br \/>\nVolumen: 60l<br \/>\nH\u00f6chstgeschwindigkeit: bis zu 50 km\/h<br \/>\nGewicht: 19kg<br \/>\nAntrieb: lineares D\u00fcsensystem<\/p>\n<h2>Awake VINGA S - HIGHLIGHTS<\/h2>\n<p>- au\u00dfergew\u00f6hnliche Leistung und Sicherheit in Verbindung mit maximalem Komfort<br \/>\n- fehlerverzeihende Eigenschaften f\u00fcr ein Maximum an Fahrspa\u00df<br \/>\n- ultimativ agiles und inspirierendes Design<br \/>\n- effizienter Antrieb und leistungsstarker Akku f\u00fcr bis zu 120min Betriebszeit<br \/>\n- schnelle Ladezeiten<br \/>\n- hochwertige Ausstattung mit vielen Individualisierungsm\u00f6glichkeiten<\/p>\n","protected":false},"excerpt":{"rendered":"<p>Das E-Foil von AWAKE bringt nicht nur Perfektion in Sachen Performance &amp; Agilit\u00e4t, sondern sorgt dank der umfangreichen Features f\u00fcr eine Revolution.<\/p>\n","protected":false},"featured_media":96716,"comment_status":"open","ping_status":"closed","template":"","meta":{"_acf_changed":false,"_editorskit_title_hidden":false,"_editorskit_reading_time":0,"_editorskit_is_block_options_detached":false,"_editorskit_block_options_position":"{}","site-sidebar-layout":"default","site-content-layout":"default","ast-site-content-layout":"default","site-content-style":"default","site-sidebar-style":"default","ast-global-header-display":"","ast-banner-title-visibility":"","ast-main-header-display":"","ast-hfb-above-header-display":"","ast-hfb-below-header-display":"","ast-hfb-mobile-header-display":"","site-post-title":"","ast-breadcrumbs-content":"","ast-featured-img":"","footer-sml-layout":"","ast-disable-related-posts":"","theme-transparent-header-meta":"default","adv-header-id-meta":"","stick-header-meta":"","header-above-stick-meta":"","header-main-stick-meta":"","header-below-stick-meta":"","astra-migrate-meta-layouts":"set","ast-page-background-enabled":"default","ast-page-background-meta":{"desktop":{"background-color":"","background-image":"","background-repeat":"repeat","background-position":"center center","background-size":"auto","background-attachment":"scroll","background-type":"","background-media":"","overlay-type":"","overlay-color":"","overlay-opacity":"","overlay-gradient":""},"tablet":{"background-color":"","background-image":"","background-repeat":"repeat","background-position":"center center","background-size":"auto","background-attachment":"scroll","background-type":"","background-media":"","overlay-type":"","overlay-color":"","overlay-opacity":"","overlay-gradient":""},"mobile":{"background-color":"","background-image":"","background-repeat":"repeat","background-position":"center center","background-size":"auto","background-attachment":"scroll","background-type":"","background-media":"","overlay-type":"","overlay-color":"","overlay-opacity":"","overlay-gradient":""}},"ast-content-background-meta":{"desktop":{"background-color":"var(--ast-global-color-5)","background-image":"","background-repeat":"repeat","background-position":"center center","background-size":"auto","background-attachment":"scroll","background-type":"","background-media":"","overlay-type":"","overlay-color":"","overlay-opacity":"","overlay-gradient":""},"tablet":{"background-color":"var(--ast-global-color-5)","background-image":"","background-repeat":"repeat","background-position":"center center","background-size":"auto","background-attachment":"scroll","background-type":"","background-media":"","overlay-type":"","overlay-color":"","overlay-opacity":"","overlay-gradient":""},"mobile":{"background-color":"var(--ast-global-color-5)","background-image":"","background-repeat":"repeat","background-position":"center center","background-size":"auto","background-attachment":"scroll","background-type":"","background-media":"","overlay-type":"","overlay-color":"","overlay-opacity":"","overlay-gradient":""}},"_jf_save_progress":""},"product_brand":[],"product_cat":[60,111,18,92],"product_tag":[],"class_list":{"0":"post-117655","1":"product","2":"type-product","3":"status-publish","4":"has-post-thumbnail","6":"product_cat-buy","7":"product_cat-verkauf","8":"product_cat-electric-hydrofoil-surfboard","9":"product_cat-e-foil-de","10":"product_shipping_class-lg-de","11":"desktop-align-center","12":"tablet-align-center","13":"mobile-align-center","14":"ast-product-gallery-layout-horizontal","15":"ast-magnify-disabled","16":"ast-product-single-variable","17":"ast-product-tabs-layout-horizontal","19":"first","20":"instock","21":"taxable","22":"shipping-taxable","23":"purchasable","24":"product-type-variable"},"acf":[],"brizy_media":[],"_links":{"self":[{"href":"https:\/\/wave-lovers.com\/de\/wp-json\/wp\/v2\/product\/117655","targetHints":{"allow":["GET"]}}],"collection":[{"href":"https:\/\/wave-lovers.com\/de\/wp-json\/wp\/v2\/product"}],"about":[{"href":"https:\/\/wave-lovers.com\/de\/wp-json\/wp\/v2\/types\/product"}],"replies":[{"embeddable":true,"href":"https:\/\/wave-lovers.com\/de\/wp-json\/wp\/v2\/comments?post=117655"}],"wp:featuredmedia":[{"embeddable":true,"href":"https:\/\/wave-lovers.com\/de\/wp-json\/wp\/v2\/media\/96716"}],"wp:attachment":[{"href":"https:\/\/wave-lovers.com\/de\/wp-json\/wp\/v2\/media?parent=117655"}],"wp:term":[{"taxonomy":"product_brand","embeddable":true,"href":"https:\/\/wave-lovers.com\/de\/wp-json\/wp\/v2\/product_brand?post=117655"},{"taxonomy":"product_cat","embeddable":true,"href":"https:\/\/wave-lovers.com\/de\/wp-json\/wp\/v2\/product_cat?post=117655"},{"taxonomy":"product_tag","embeddable":true,"href":"https:\/\/wave-lovers.com\/de\/wp-json\/wp\/v2\/product_tag?post=117655"}],"curies":[{"name":"wp","href":"https:\/\/api.w.org\/{rel}","templated":true}]}}