{"id":117651,"date":"2023-06-23T19:47:19","date_gmt":"2023-06-23T17:47:19","guid":{"rendered":"https:\/\/wave-lovers.com\/awake-raevik-s-electric-surfboard\/"},"modified":"2024-03-11T15:31:27","modified_gmt":"2024-03-11T14:31:27","slug":"awake-raevik-s-jetboard","status":"publish","type":"product","link":"https:\/\/wave-lovers.com\/de\/awake-raevik-s-jetboard\/","title":{"rendered":"Awake R\u00c4VIK S Jetboard"},"content":{"rendered":"<h2>Awake R\u00c4VIK S \u2013 INFORMATION<\/h2>\n<p><img decoding=\"async\" class=\"alignright wp-image-96832 size-thumbnail\" src=\"https:\/\/wave-lovers.com\/wp-content\/uploads\/2023\/06\/awake-raevik-s-07-e1687551514373.jpg\" alt=\"\" width=\"150\" height=\"150\" srcset=\"https:\/\/wave-lovers.com\/wp-content\/uploads\/2023\/06\/awake-raevik-s-07-e1687551514373.jpg 787w, https:\/\/wave-lovers.com\/wp-content\/uploads\/2023\/06\/awake-raevik-s-07-e1687551514373-300x300.jpg 300w, https:\/\/wave-lovers.com\/wp-content\/uploads\/2023\/06\/awake-raevik-s-07-e1687551514373-150x150.jpg 150w, https:\/\/wave-lovers.com\/wp-content\/uploads\/2023\/06\/awake-raevik-s-07-e1687551514373-768x768.jpg 768w, https:\/\/wave-lovers.com\/wp-content\/uploads\/2023\/06\/awake-raevik-s-07-e1687551514373-600x600.jpg 600w, https:\/\/wave-lovers.com\/wp-content\/uploads\/2023\/06\/awake-raevik-s-07-e1687551514373-100x100.jpg 100w, https:\/\/wave-lovers.com\/wp-content\/uploads\/2023\/06\/awake-raevik-s-07-e1687551514373-32x32.jpg 32w\" sizes=\"(max-width: 150px) 100vw, 150px\" \/><\/p>\n<p>Die Firma Awake steht nach eigenen Angaben f\u00fcr hohe Leistung und Qualit\u00e4t bei allem, was sie produzieren. So sollen sowohl Anf\u00e4nger als auch Profis jeder Herausforderung gerecht werden.<\/p>\n<p>Gegr\u00fcndet mit der Absicht, den Markt f\u00fcr elektrische Surfbretter zu revolutionieren, haben sie ein Konzept entwickelt, das die Ausr\u00fcstung von begeisterten Surfern auf ein Minimum reduziert, aber dennoch Freiraum f\u00fcr Wahlm\u00f6glichkeiten l\u00e4sst. Aus diesem Grund haben sie die Ausr\u00fcstung so konzipiert, dass es jederzeit m\u00f6glich ist, zwischen elektrischem Surfbrett und E-Foil (Awake VINGA) zu wechseln. Dank des einzigartigen Flexsystems kann man sich ein komplettes Set an Zusatzausr\u00fcstung sparen, wenn man sowohl E-Foilen als auch Jetboarden m\u00f6chte.<\/p>\n<p>Das elektrische Surfbrett, das sich direkt auf der Wasseroberfl\u00e4che bewegt, eignet sich besonders f\u00fcr Wellen und aufregende Erlebnisse. Wer l\u00e4ngere Strecken auf ruhigen Fl\u00e4chen fahren m\u00f6chte, f\u00fcr den lohnt sich ein Blick auf das E-Foil Awake VINGA.<\/p>\n<p>Neben den beiden Boardvarianten gibt es jeweils zwei Versionen, die sich auf unterschiedliche Erfahrungsstufen und den damit verbundenen Fahrstil beziehen. Einsteiger und Anf\u00e4nger sollten zur gr\u00f6\u00dferen Version, dem R\u00c4VIK 3, greifen, w\u00e4hrend Fortgeschrittene und Profis, die eine Herausforderung suchen, mit dem R\u00c4VIK S gl\u00fccklich werden.<\/p>\n<hr \/>\n<p><img decoding=\"async\" class=\"alignleft wp-image-96826 size-thumbnail\" src=\"https:\/\/wave-lovers.com\/wp-content\/uploads\/2023\/06\/awake-raevik-s-05-e1687551555958.jpg\" alt=\"\" width=\"150\" height=\"150\" srcset=\"https:\/\/wave-lovers.com\/wp-content\/uploads\/2023\/06\/awake-raevik-s-05-e1687551555958.jpg 909w, https:\/\/wave-lovers.com\/wp-content\/uploads\/2023\/06\/awake-raevik-s-05-e1687551555958-300x300.jpg 300w, https:\/\/wave-lovers.com\/wp-content\/uploads\/2023\/06\/awake-raevik-s-05-e1687551555958-150x150.jpg 150w, https:\/\/wave-lovers.com\/wp-content\/uploads\/2023\/06\/awake-raevik-s-05-e1687551555958-768x768.jpg 768w, https:\/\/wave-lovers.com\/wp-content\/uploads\/2023\/06\/awake-raevik-s-05-e1687551555958-600x600.jpg 600w, https:\/\/wave-lovers.com\/wp-content\/uploads\/2023\/06\/awake-raevik-s-05-e1687551555958-100x100.jpg 100w, https:\/\/wave-lovers.com\/wp-content\/uploads\/2023\/06\/awake-raevik-s-05-e1687551555958-32x32.jpg 32w\" sizes=\"(max-width: 150px) 100vw, 150px\" \/><\/p>\n<p>Mit dem Awake R\u00c4VIK ist den Ingenieuren ein Meisterwerk gelungen, das in allen Belangen wie Performance, Man\u00f6vrierbarkeit und Effizienz \u00fcberzeugen kann. Es eignet sich ideal f\u00fcr spektakul\u00e4re Tricks und einen aufregenden, reaktionsschnellen Fahrstil und kitzelt auch das letzte Qu\u00e4ntchen aus den Eigenschaften moderner Surfboards heraus.<\/p>\n<p>Awake's leistungsst\u00e4rkstes und fortschrittlichstes Surfboard er\u00f6ffnet nie dagewesene M\u00f6glichkeiten f\u00fcr professionelle Surfer, die eine neue Herausforderung suchen.<\/p>\n<p>Das wunderbar scharfe Design des R\u00c4VIK S, gepaart mit der \u00fcberzeugenden Power und der befl\u00fcgelnden Beschleunigung, gibt den Nutzern ein v\u00f6llig neues Gef\u00fchl und hebt ihre Performance auf die n\u00e4chste Stufe.<\/p>\n<p>Das Board bietet ein schnelles und pr\u00e4zises Ansprechverhalten und sorgt f\u00fcr die n\u00f6tige Kontrolle. Ein hochmodernes Jetboard, das euch den Tag vers\u00fc\u00dfen wird!<\/p>\n<hr \/>\n<h2>Awake R\u00c4VIK S \u2013 DETAILS<\/h2>\n<p>Gr\u00f6\u00dfe: 177x58x15cm<br \/>\nVolumen: 52l<br \/>\nH\u00f6chstgeschwindigkeit: bis zu 57 km\/h (Beschleunigung in ca. 4 Sekunden)<br \/>\nGewicht: 22kg<br \/>\nAntrieb: lineares D\u00fcsensystem<\/p>\n<h2>Awake R\u00c4VIK S \u2013 HIGHLIGHTS<\/h2>\n<p>- au\u00dfergew\u00f6hnliche Leistung und Sicherheit in Verbindung mit maximalem Komfort<br \/>\n- fehlerverzeihende Eigenschaften f\u00fcr ein Maximum an Fahrspa\u00df<br \/>\n- ultimativ agiles und inspirierendes Design<br \/>\n- effizienter Antrieb und leistungsstarker Akku f\u00fcr bis zu 120min Betriebszeit<br \/>\n- schnelle Ladezeiten<br \/>\n- hochwertige Ausstattung mit vielen Individualisierungsm\u00f6glichkeiten<\/p>\n","protected":false},"excerpt":{"rendered":"<p>Mit diesem elektrischen Jetboard, dem AWAKE R\u00c4VIK S, ist es den Ingenieuren gelungen, ein Meisterwerk zu schaffen, das in allen Belangen wie Leistung, Wendigkeit und Effizienz zu \u00fcberzeugen wei\u00df.<\/p>\n","protected":false},"featured_media":96809,"comment_status":"open","ping_status":"closed","template":"","meta":{"_acf_changed":false,"_editorskit_title_hidden":false,"_editorskit_reading_time":0,"_editorskit_is_block_options_detached":false,"_editorskit_block_options_position":"{}","site-sidebar-layout":"default","site-content-layout":"default","ast-site-content-layout":"default","site-content-style":"default","site-sidebar-style":"default","ast-global-header-display":"","ast-banner-title-visibility":"","ast-main-header-display":"","ast-hfb-above-header-display":"","ast-hfb-below-header-display":"","ast-hfb-mobile-header-display":"","site-post-title":"","ast-breadcrumbs-content":"","ast-featured-img":"","footer-sml-layout":"","ast-disable-related-posts":"","theme-transparent-header-meta":"default","adv-header-id-meta":"","stick-header-meta":"","header-above-stick-meta":"","header-main-stick-meta":"","header-below-stick-meta":"","astra-migrate-meta-layouts":"set","ast-page-background-enabled":"default","ast-page-background-meta":{"desktop":{"background-color":"","background-image":"","background-repeat":"repeat","background-position":"center center","background-size":"auto","background-attachment":"scroll","background-type":"","background-media":"","overlay-type":"","overlay-color":"","overlay-opacity":"","overlay-gradient":""},"tablet":{"background-color":"","background-image":"","background-repeat":"repeat","background-position":"center center","background-size":"auto","background-attachment":"scroll","background-type":"","background-media":"","overlay-type":"","overlay-color":"","overlay-opacity":"","overlay-gradient":""},"mobile":{"background-color":"","background-image":"","background-repeat":"repeat","background-position":"center center","background-size":"auto","background-attachment":"scroll","background-type":"","background-media":"","overlay-type":"","overlay-color":"","overlay-opacity":"","overlay-gradient":""}},"ast-content-background-meta":{"desktop":{"background-color":"var(--ast-global-color-5)","background-image":"","background-repeat":"repeat","background-position":"center center","background-size":"auto","background-attachment":"scroll","background-type":"","background-media":"","overlay-type":"","overlay-color":"","overlay-opacity":"","overlay-gradient":""},"tablet":{"background-color":"var(--ast-global-color-5)","background-image":"","background-repeat":"repeat","background-position":"center center","background-size":"auto","background-attachment":"scroll","background-type":"","background-media":"","overlay-type":"","overlay-color":"","overlay-opacity":"","overlay-gradient":""},"mobile":{"background-color":"var(--ast-global-color-5)","background-image":"","background-repeat":"repeat","background-position":"center center","background-size":"auto","background-attachment":"scroll","background-type":"","background-media":"","overlay-type":"","overlay-color":"","overlay-opacity":"","overlay-gradient":""}},"_jf_save_progress":""},"product_brand":[],"product_cat":[60,111,22,559],"product_tag":[],"class_list":{"0":"post-117651","1":"product","2":"type-product","3":"status-publish","4":"has-post-thumbnail","6":"product_cat-buy","7":"product_cat-verkauf","8":"product_cat-electric-jet-surfboard","9":"product_cat-e-jet-de","10":"product_shipping_class-lg-de","11":"desktop-align-center","12":"tablet-align-center","13":"mobile-align-center","14":"ast-product-gallery-layout-horizontal","15":"ast-magnify-disabled","16":"ast-product-single-variable","17":"ast-product-tabs-layout-horizontal","19":"first","20":"instock","21":"taxable","22":"shipping-taxable","23":"purchasable","24":"product-type-variable"},"acf":[],"brizy_media":[],"_links":{"self":[{"href":"https:\/\/wave-lovers.com\/de\/wp-json\/wp\/v2\/product\/117651","targetHints":{"allow":["GET"]}}],"collection":[{"href":"https:\/\/wave-lovers.com\/de\/wp-json\/wp\/v2\/product"}],"about":[{"href":"https:\/\/wave-lovers.com\/de\/wp-json\/wp\/v2\/types\/product"}],"replies":[{"embeddable":true,"href":"https:\/\/wave-lovers.com\/de\/wp-json\/wp\/v2\/comments?post=117651"}],"wp:featuredmedia":[{"embeddable":true,"href":"https:\/\/wave-lovers.com\/de\/wp-json\/wp\/v2\/media\/96809"}],"wp:attachment":[{"href":"https:\/\/wave-lovers.com\/de\/wp-json\/wp\/v2\/media?parent=117651"}],"wp:term":[{"taxonomy":"product_brand","embeddable":true,"href":"https:\/\/wave-lovers.com\/de\/wp-json\/wp\/v2\/product_brand?post=117651"},{"taxonomy":"product_cat","embeddable":true,"href":"https:\/\/wave-lovers.com\/de\/wp-json\/wp\/v2\/product_cat?post=117651"},{"taxonomy":"product_tag","embeddable":true,"href":"https:\/\/wave-lovers.com\/de\/wp-json\/wp\/v2\/product_tag?post=117651"}],"curies":[{"name":"wp","href":"https:\/\/api.w.org\/{rel}","templated":true}]}}